{"id":9655,"date":"2021-11-19T13:33:23","date_gmt":"2021-11-19T13:33:23","guid":{"rendered":"https:\/\/eradsteel.com\/?post_type=product&#038;p=9655"},"modified":"2025-11-24T07:05:21","modified_gmt":"2025-11-24T07:05:21","slug":"h20-beams","status":"publish","type":"product","link":"https:\/\/eradsteel.com\/fr\/produit\/h20-beams\/","title":{"rendered":"Poutres H2O"},"content":{"rendered":"<h3 data-start=\"66\" data-end=\"82\"><strong data-start=\"69\" data-end=\"82\">Poutres H2O<\/strong><\/h3>\n<p data-start=\"84\" data-end=\"120\"><strong data-start=\"84\" data-end=\"118\">Solide. L\u00e9ger. Fiable.<\/strong><\/p>\n<p data-start=\"122\" data-end=\"372\"><strong>Poutre H2O<\/strong>Ces poutres en bois d&#039;ing\u00e9nierie sont con\u00e7ues pour les syst\u00e8mes de coffrage et offrent une r\u00e9sistance \u00e0 la charge exceptionnelle pour un poids minimal. Elles sont id\u00e9ales pour les dalles de b\u00e9ton, les murs et autres applications de coffrage, alliant durabilit\u00e9 et facilit\u00e9 de manipulation.<\/p>\n<h4 data-start=\"379\" data-end=\"398\"><strong data-start=\"382\" data-end=\"398\">Points forts<\/strong><\/h4>\n<ul data-start=\"400\" data-end=\"1022\">\n<li data-start=\"400\" data-end=\"571\">\n<p data-start=\"402\" data-end=\"571\"><strong data-start=\"402\" data-end=\"436\">Construction en bois d&#039;ing\u00e9nierie<\/strong>Fabriqu\u00e9 \u00e0 partir de brides en \u00e9pic\u00e9a massif et d&#039;un noyau lamin\u00e9 \u00e0 3 plis pour une r\u00e9sistance et une stabilit\u00e9 maximales.<\/p>\n<\/li>\n<li data-start=\"572\" data-end=\"717\">\n<p data-start=\"574\" data-end=\"717\"><strong data-start=\"574\" data-end=\"592\">Extr\u00e9mit\u00e9s prot\u00e9g\u00e9es<\/strong>: Comporte des capuchons en plastique ou renforc\u00e9s pour \u00e9viter les \u00e9br\u00e9chures et les dommages lors de la manipulation.<\/p>\n<\/li>\n<li data-start=\"718\" data-end=\"868\">\n<p data-start=\"720\" data-end=\"868\"><strong data-start=\"720\" data-end=\"746\">Finition r\u00e9sistante \u00e0 l&#039;eau<\/strong>Trait\u00e9 avec une r\u00e9sine hydrofuge pour r\u00e9sister \u00e0 l&#039;humidit\u00e9 et \u00e9viter toute d\u00e9formation.<\/p>\n<\/li>\n<li data-start=\"869\" data-end=\"1022\">\n<p data-start=\"871\" data-end=\"1022\"><strong data-start=\"871\" data-end=\"894\">Dimensions standard<\/strong>Le profil courant mesure 200 mm de hauteur, 80 mm de largeur de bride et 28 \u00e0 30 mm d&#039;\u00e9paisseur d&#039;\u00e2me.<\/p>\n<\/li>\n<\/ul>\n<h4 data-start=\"1029\" data-end=\"1061\"><strong data-start=\"1032\" data-end=\"1061\">Tailles et options disponibles<\/strong><\/h4>\n<ul data-start=\"1063\" data-end=\"1574\">\n<li data-start=\"1063\" data-end=\"1179\">\n<p data-start=\"1065\" data-end=\"1179\"><strong data-start=\"1065\" data-end=\"1076\">Longueurs<\/strong>Disponible de ~1,8 m \u00e0 ~5,9 m, selon le fabricant.<\/p>\n<\/li>\n<li data-start=\"1180\" data-end=\"1302\">\n<p data-start=\"1182\" data-end=\"1302\"><strong data-start=\"1182\" data-end=\"1201\">Casquettes de protection<\/strong>Embouts en plastique ou en acier (en option) pour une durabilit\u00e9 accrue.<\/p>\n<\/li>\n<li data-start=\"1303\" data-end=\"1417\">\n<p data-start=\"1305\" data-end=\"1417\"><strong data-start=\"1305\" data-end=\"1317\">Variantes<\/strong>: Versions H20 standard et \u00ab H20+ \u00bb avec r\u00e9sistance am\u00e9lior\u00e9e.<\/p>\n<\/li>\n<li data-start=\"1418\" data-end=\"1574\">\n<p data-start=\"1420\" data-end=\"1574\"><strong data-start=\"1420\" data-end=\"1439\">Finitions personnalis\u00e9es<\/strong>Surfaces trait\u00e9es \u00e0 la r\u00e9sine pour une meilleure r\u00e9sistance aux intemp\u00e9ries, impression personnalis\u00e9e ou extr\u00e9mit\u00e9s \u00e0 code couleur disponibles.<\/p>\n<\/li>\n<\/ul>\n<h4 data-start=\"1581\" data-end=\"1602\"><strong data-start=\"1584\" data-end=\"1602\">Principaux Avantages<\/strong><\/h4>\n<ul data-start=\"1604\" data-end=\"2330\">\n<li data-start=\"1604\" data-end=\"1738\">\n<p data-start=\"1606\" data-end=\"1738\"><strong data-start=\"1606\" data-end=\"1628\">Capacit\u00e9 de charge \u00e9lev\u00e9e<\/strong>Con\u00e7u pour supporter en toute s\u00e9curit\u00e9 de lourdes charges de b\u00e9ton dans les syst\u00e8mes de coffrage.<\/p>\n<\/li>\n<li data-start=\"1739\" data-end=\"1896\">\n<p data-start=\"1741\" data-end=\"1896\"><strong data-start=\"1741\" data-end=\"1765\">Maniabilit\u00e9 l\u00e9g\u00e8re<\/strong>Plus faciles \u00e0 transporter et \u00e0 man\u0153uvrer sur site que les composants traditionnels en bois massif.<\/p>\n<\/li>\n<li data-start=\"1897\" data-end=\"2043\">\n<p data-start=\"1899\" data-end=\"2043\"><strong data-start=\"1899\" data-end=\"1921\">Durable et r\u00e9utilisable<\/strong>Con\u00e7u pour de multiples cycles de r\u00e9utilisation (20 \u00e0 30+ utilisations), r\u00e9duisant ainsi les co\u00fbts \u00e0 long terme.<\/p>\n<\/li>\n<li data-start=\"2044\" data-end=\"2194\">\n<p data-start=\"2046\" data-end=\"2194\"><strong data-start=\"2046\" data-end=\"2070\">Dimensionnellement stable<\/strong>R\u00e9sistant \u00e0 la d\u00e9formation ou \u00e0 la torsion gr\u00e2ce \u00e0 sa construction technique et calibr\u00e9e.<\/p>\n<\/li>\n<li data-start=\"2195\" data-end=\"2330\">\n<p data-start=\"2197\" data-end=\"2330\"><strong data-start=\"2197\" data-end=\"2220\">Facile \u00e0 d\u00e9couper et \u00e0 adapter<\/strong>Peut \u00eatre coup\u00e9 \u00e0 la longueur souhait\u00e9e sur le lieu de travail, offrant ainsi une grande flexibilit\u00e9.<\/p>\n<\/li>\n<\/ul>\n<h4 data-start=\"2337\" data-end=\"2360\"><strong data-start=\"2340\" data-end=\"2360\">Principales Applications<\/strong><\/h4>\n<ul data-start=\"2362\" data-end=\"2798\">\n<li data-start=\"2362\" data-end=\"2426\">\n<p data-start=\"2364\" data-end=\"2426\"><strong data-start=\"2364\" data-end=\"2381\">Coffrage de dalle<\/strong>: Poutres principales de support des panneaux de dalle.<\/p>\n<\/li>\n<li data-start=\"2427\" data-end=\"2491\">\n<p data-start=\"2429\" data-end=\"2491\"><strong data-start=\"2429\" data-end=\"2446\">Coffrage de mur<\/strong>: Support structurel pour coffrage vertical.<\/p>\n<\/li>\n<li data-start=\"2492\" data-end=\"2597\">\n<p data-start=\"2494\" data-end=\"2597\"><strong data-start=\"2494\" data-end=\"2526\">Construction de ponts et de tunnels<\/strong>Leur capacit\u00e9 de charge \u00e9lev\u00e9e les rend adapt\u00e9s aux projets d&#039;infrastructure.<\/p>\n<\/li>\n<li data-start=\"2598\" data-end=\"2686\">\n<p data-start=\"2600\" data-end=\"2686\"><strong data-start=\"2600\" data-end=\"2625\">\u00e9taiement et \u00e9chafaudage<\/strong>: \u00c0 associer \u00e0 des accessoires et des supports temporaires.<\/p>\n<\/li>\n<li data-start=\"2687\" data-end=\"2798\">\n<p data-start=\"2689\" data-end=\"2798\"><strong data-start=\"2689\" data-end=\"2726\">Projets industriels et r\u00e9sidentiels<\/strong>Solution de poutre efficace et r\u00e9utilisable pour les exigences de construction \u00e0 cycle \u00e9lev\u00e9.<\/p>\n<\/li>\n<\/ul>\n<h4 data-start=\"2805\" data-end=\"2837\"><strong data-start=\"2808\" data-end=\"2837\">Pourquoi choisir nos poutres H2O ?<\/strong><\/h4>\n<ul data-start=\"2839\" data-end=\"3275\">\n<li data-start=\"2839\" data-end=\"2937\">\n<p data-start=\"2841\" data-end=\"2937\">Fabriqu\u00e9 selon <strong data-start=\"2857\" data-end=\"2887\">normes de qualit\u00e9 europ\u00e9ennes<\/strong> (par exemple, EN 13377) pour la r\u00e9sistance et la fiabilit\u00e9.<\/p>\n<\/li>\n<li data-start=\"2938\" data-end=\"3021\">\n<p data-start=\"2940\" data-end=\"3021\"><strong data-start=\"2940\" data-end=\"2962\">Bois trait\u00e9 \u00e0 la r\u00e9sine<\/strong> assure une protection contre l&#039;humidit\u00e9, augmentant ainsi la dur\u00e9e de vie.<\/p>\n<\/li>\n<li data-start=\"3022\" data-end=\"3094\">\n<p data-start=\"3024\" data-end=\"3094\"><strong data-start=\"3024\" data-end=\"3042\">rentable<\/strong>Un nombre \u00e9lev\u00e9 de cycles de r\u00e9utilisation r\u00e9duit le co\u00fbt du coffrage par utilisation.<\/p>\n<\/li>\n<li data-start=\"3095\" data-end=\"3194\">\n<p data-start=\"3097\" data-end=\"3194\"><strong data-start=\"3097\" data-end=\"3117\">S\u00fbr et efficace<\/strong> Sur site : L\u00e9ger mais robuste, avec des embouts de protection pour \u00e9viter les dommages.<\/p>\n<\/li>\n<li data-start=\"3195\" data-end=\"3275\">\n<p data-start=\"3197\" data-end=\"3275\"><strong data-start=\"3197\" data-end=\"3221\">Approvisionnement durable<\/strong>Fabriqu\u00e9 \u00e0 partir de bois renouvelable et con\u00e7u pour \u00eatre r\u00e9utilis\u00e9.<\/p>\n<\/li>\n<\/ul>\n<h4><strong>\ud83d\udcf2 Int\u00e9ress\u00e9(e) par notre <\/strong><strong data-start=\"2808\" data-end=\"2837\">Poutres H2O<\/strong><strong>\u00a0<\/strong><strong>?<\/strong><\/h4>\n<p>Discutez directement avec notre \u00e9quipe pour les prix et les d\u00e9tails :<\/p>\n<div class=\"sc_item_button sc_button_wrap\"><a class=\"sc_button sc_button_default sc_button_size_normal sc_button_icon_left\" href=\"#quote\"><span class=\"sc_button_text\"><span class=\"sc_button_title\">Obtenez un devis rapide<\/span><\/span><\/a><\/div>\n<p>&nbsp;<\/p>","protected":false},"excerpt":{"rendered":"<p><strong>Poutres H2O<\/strong> Fabriqu\u00e9s \u00e0 partir de brides en bois massif et d&#039;une \u00e2me renforc\u00e9e, ces coffrages offrent une r\u00e9sistance, une rigidit\u00e9 et une durabilit\u00e9 exceptionnelles sur chantier. Con\u00e7us pour supporter des charges importantes et une utilisation r\u00e9p\u00e9t\u00e9e, ils garantissent une performance fiable dans les syst\u00e8mes de coffrage de dalles et de murs, assurant un alignement pr\u00e9cis et une stabilit\u00e9 \u00e0 long terme m\u00eame dans les environnements de construction les plus exigeants.<\/p>\n<div class=\"elementor-element elementor-element-b057435 sc_fly_static elementor-widget elementor-widget-trx_sc_button trx_addons_parallax_layers_inited trx_addons_parallax_blocks_inited\" data-id=\"b057435\" data-element_type=\"widget\" data-widget_type=\"trx_sc_button.default\">\n<div class=\"elementor-widget-container\">\n<div class=\"sc_item_button sc_button_wrap\"><a class=\"sc_button sc_button_default sc_button_size_normal sc_button_icon_left\" href=\"#quote\"><span class=\"sc_button_text\"><span class=\"sc_button_title\">Demander un devis<\/span><\/span><\/a><\/div>\n<\/div>\n<\/div>","protected":false},"featured_media":9657,"template":"","meta":[],"product_brand":[],"product_cat":[184],"product_tag":[],"class_list":{"0":"post-9655","1":"product","2":"type-product","3":"status-publish","4":"has-post-thumbnail","6":"product_cat-construction","7":"en-US","9":"first","10":"instock","11":"shipping-taxable","12":"product-type-simple"},"_links":{"self":[{"href":"https:\/\/eradsteel.com\/fr\/wp-json\/wp\/v2\/product\/9655","targetHints":{"allow":["GET"]}}],"collection":[{"href":"https:\/\/eradsteel.com\/fr\/wp-json\/wp\/v2\/product"}],"about":[{"href":"https:\/\/eradsteel.com\/fr\/wp-json\/wp\/v2\/types\/product"}],"wp:featuredmedia":[{"embeddable":true,"href":"https:\/\/eradsteel.com\/fr\/wp-json\/wp\/v2\/media\/9657"}],"wp:attachment":[{"href":"https:\/\/eradsteel.com\/fr\/wp-json\/wp\/v2\/media?parent=9655"}],"wp:term":[{"taxonomy":"product_brand","embeddable":true,"href":"https:\/\/eradsteel.com\/fr\/wp-json\/wp\/v2\/product_brand?post=9655"},{"taxonomy":"product_cat","embeddable":true,"href":"https:\/\/eradsteel.com\/fr\/wp-json\/wp\/v2\/product_cat?post=9655"},{"taxonomy":"product_tag","embeddable":true,"href":"https:\/\/eradsteel.com\/fr\/wp-json\/wp\/v2\/product_tag?post=9655"}],"curies":[{"name":"wp","href":"https:\/\/api.w.org\/{rel}","templated":true}]}}