{"id":9590,"date":"2020-11-19T11:36:31","date_gmt":"2020-11-19T11:36:31","guid":{"rendered":"https:\/\/eradsteel.com\/?post_type=product&#038;p=9590"},"modified":"2025-11-19T13:16:42","modified_gmt":"2025-11-19T13:16:42","slug":"props-steel","status":"publish","type":"product","link":"https:\/\/eradsteel.com\/fr\/produit\/props-steel\/","title":{"rendered":"PROPS Acier"},"content":{"rendered":"<div style=\"display: none;\">\n<div class=\"wpcf7 no-js\" id=\"wpcf7-f232-o1\" lang=\"en-US\" dir=\"ltr\" data-wpcf7-id=\"232\">\n<div class=\"screen-reader-response\"><p role=\"status\" aria-live=\"polite\" aria-atomic=\"true\"><\/p> <ul><\/ul><\/div>\n<form action=\"\/fr\/wp-json\/wp\/v2\/product\/9590#wpcf7-f232-o1\" method=\"post\" class=\"wpcf7-form init\" aria-label=\"Formulaire de contact\" novalidate=\"novalidate\" data-status=\"init\" data-trp-original-action=\"\/fr\/wp-json\/wp\/v2\/product\/9590#wpcf7-f232-o1\">\n<fieldset class=\"hidden-fields-container\"><input type=\"hidden\" name=\"_wpcf7\" value=\"232\" \/><input type=\"hidden\" name=\"_wpcf7_version\" value=\"6.1.1\" \/><input type=\"hidden\" name=\"_wpcf7_locale\" value=\"en_US\" \/><input type=\"hidden\" name=\"_wpcf7_unit_tag\" value=\"wpcf7-f232-o1\" \/><input type=\"hidden\" name=\"_wpcf7_container_post\" value=\"0\" \/><input type=\"hidden\" name=\"_wpcf7_posted_data_hash\" value=\"\" \/>\n<\/fieldset>\n<div class=\"form-style-3\">\n\t<div class=\"columns_wrap\">\n\t\t<div class=\"column-1_2\">\n\t\t\t<p><span class=\"style-line icon-name\"><span class=\"wpcf7-form-control-wrap\" data-name=\"your-name\"><input size=\"40\" maxlength=\"400\" class=\"wpcf7-form-control wpcf7-text wpcf7-validates-as-required\" aria-required=\"true\" aria-invalid=\"false\" placeholder=\"Nom\" value=\"\" type=\"text\" name=\"your-name\" \/><\/span><\/span>\n\t\t\t<\/p>\n\t\t<\/div>\n\t\t<div class=\"column-1_2\">\n\t\t\t<p><span class=\"style-line icon-email\"><span class=\"wpcf7-form-control-wrap\" data-name=\"your-email\"><input size=\"40\" maxlength=\"400\" class=\"wpcf7-form-control wpcf7-email wpcf7-validates-as-required wpcf7-text wpcf7-validates-as-email\" aria-required=\"true\" aria-invalid=\"false\" placeholder=\"Adresse email\" value=\"\" type=\"email\" name=\"your-email\" \/><\/span><\/span>\n\t\t\t<\/p>\n\t\t<\/div>\n\t<\/div>\n\t<div class=\"columns_wrap\">\n\t\t<div class=\"column-1_2\">\n\t\t\t<p><span class=\"style-line icon-phone\"><span class=\"wpcf7-form-control-wrap\" data-name=\"phone\"><input size=\"40\" maxlength=\"400\" class=\"wpcf7-form-control wpcf7-tel wpcf7-validates-as-required wpcf7-text wpcf7-validates-as-tel\" aria-required=\"true\" aria-invalid=\"false\" placeholder=\"T\u00e9l\u00e9phone\" value=\"\" type=\"tel\" name=\"phone\" \/><\/span><\/span>\n\t\t\t<\/p>\n\t\t<\/div>\n\t\t<div class=\"column-1_2\">\n\t\t\t<p><span class=\"style-line icon-subject\"><span class=\"wpcf7-form-control-wrap\" data-name=\"subject\"><input size=\"40\" maxlength=\"400\" class=\"wpcf7-form-control wpcf7-text wpcf7-validates-as-required\" aria-required=\"true\" aria-invalid=\"false\" placeholder=\"Sujet\" value=\"\" type=\"text\" name=\"subject\" \/><\/span><\/span>\n\t\t\t<\/p>\n\t\t<\/div>\n\t<\/div>\n\t<div class=\"columns_wrap margin-bottom\">\n\t\t<div class=\"column-1_1\">\n\t\t\t<p><span class=\"style-line icon-textarea\"><span class=\"wpcf7-form-control-wrap\" data-name=\"your-message\"><textarea cols=\"40\" rows=\"10\" maxlength=\"2000\" class=\"wpcf7-form-control wpcf7-textarea wpcf7-validates-as-required\" aria-required=\"true\" aria-invalid=\"false\" placeholder=\"Comment pouvons-nous vous aider ? N&#039;h\u00e9sitez pas \u00e0 nous contacter !\" name=\"your-message\"><\/textarea><\/span><\/span>\n\t\t\t<\/p>\n\t\t<\/div>\n\t<\/div>\n<div class=\"wpcf7-turnstile cf-turnstile\" data-sitekey=\"0x4AAAAAAB0XAVz92lw7mzFA\" data-response-field-name=\"_wpcf7_turnstile_response\"><\/div>\n\t<p><span class=\"wpcf7-form-control-wrap\" data-name=\"acceptance\"><span class=\"wpcf7-form-control wpcf7-acceptance\"><span class=\"wpcf7-list-item\"><label><input type=\"checkbox\" name=\"acceptance\" value=\"1\" aria-invalid=\"false\" \/><span class=\"wpcf7-list-item-label\">Je suis d&#039;accord, mes donn\u00e9es sont <a href=\"\/fr\/privacy-policy\/\">collect\u00e9s et stock\u00e9s<\/a>.<\/span><\/label><\/span><\/span><\/span><br \/>\n<input class=\"wpcf7-form-control wpcf7-submit has-spinner\" type=\"submit\" value=\"Nous contacter\" \/>\n\t<\/p>\n<\/div><input type='hidden' class='wpcf7-pum' value='{\"closepopup\":false,\"closedelay\":0,\"openpopup\":false,\"openpopup_id\":0}' \/><div class=\"wpcf7-response-output\" aria-hidden=\"true\"><\/div>\n<input type=\"hidden\" name=\"trp-form-language\" value=\"fr\"\/><\/form>\n<\/div>\n<\/div>\n<h4 data-start=\"117\" data-end=\"136\"><strong data-start=\"119\" data-end=\"134\">PROPS Acier<\/strong><\/h4>\n<p data-start=\"138\" data-end=\"173\"><strong data-start=\"138\" data-end=\"171\">R\u00e9glable. Robuste. Fiable.<\/strong><\/p>\n<p data-start=\"175\" data-end=\"471\"><strong data-start=\"175\" data-end=\"190\">PROPS Acier<\/strong> Ces \u00e9tais en acier robustes et r\u00e9glables sont con\u00e7us pour assurer un soutien temporaire lors de travaux de construction, de coffrage et de projets de structure. Fabriqu\u00e9s pour garantir r\u00e9sistance, stabilit\u00e9 et s\u00e9curit\u00e9, ces \u00e9tais sont indispensables \u00e0 la construction de planchers, de murs, de plafonds et d&#039;autres structures porteuses.<\/p>\n<h4 data-start=\"478\" data-end=\"497\"><strong data-start=\"481\" data-end=\"497\">Points forts<\/strong><\/h4>\n<ul data-start=\"499\" data-end=\"1062\">\n<li data-start=\"499\" data-end=\"675\">\n<p data-start=\"501\" data-end=\"675\"><strong data-start=\"501\" data-end=\"523\">Hauteur r\u00e9glable :<\/strong> Facilement extensible pour s&#039;adapter \u00e0 un large \u00e9ventail de besoins en mati\u00e8re de construction.<\/p>\n<\/li>\n<li data-start=\"676\" data-end=\"850\">\n<p data-start=\"678\" data-end=\"850\"><strong data-start=\"678\" data-end=\"702\">Acier \u00e0 haute r\u00e9sistance :<\/strong> Fabriqu\u00e9 en acier durable pour une capacit\u00e9 de charge maximale et une performance durable.<\/p>\n<\/li>\n<li data-start=\"851\" data-end=\"954\">\n<p data-start=\"853\" data-end=\"954\"><strong data-start=\"853\" data-end=\"872\">Rapide et s\u00e9curis\u00e9 :<\/strong> Dot\u00e9 de goupilles de verrouillage ou de m\u00e9canismes \u00e0 vis faciles \u00e0 utiliser pour un r\u00e9glage s\u00fbr.<\/p>\n<\/li>\n<li data-start=\"955\" data-end=\"1062\">\n<p data-start=\"957\" data-end=\"1062\"><strong data-start=\"957\" data-end=\"981\">R\u00e9sistant \u00e0 la corrosion :<\/strong> Les finitions galvanis\u00e9es ou peintes prot\u00e8gent contre la rouille et les conditions difficiles des chantiers.<\/p>\n<\/li>\n<\/ul>\n<h4 data-start=\"1069\" data-end=\"1101\"><strong data-start=\"1072\" data-end=\"1101\">Tailles et options disponibles<\/strong><\/h4>\n<ul data-start=\"1103\" data-end=\"1376\">\n<li data-start=\"1103\" data-end=\"1184\">\n<p data-start=\"1105\" data-end=\"1184\"><strong data-start=\"1105\" data-end=\"1126\">Hauteurs standard :<\/strong> Longueur g\u00e9n\u00e9ralement comprise entre 2,4 m et 3,9 m, longueurs r\u00e9glables.<\/p>\n<\/li>\n<li data-start=\"1185\" data-end=\"1265\">\n<p data-start=\"1187\" data-end=\"1265\"><strong data-start=\"1187\" data-end=\"1205\">Capacit\u00e9 de charge :<\/strong> Options disponibles pour les charges l\u00e9g\u00e8res, moyennes ou lourdes.<\/p>\n<\/li>\n<li data-start=\"1266\" data-end=\"1376\">\n<p data-start=\"1268\" data-end=\"1376\"><strong data-start=\"1268\" data-end=\"1284\">Accessoires:<\/strong> Plaques de base, plaques de t\u00eate et rallonges r\u00e9glables disponibles pour r\u00e9pondre aux besoins sp\u00e9cifiques de chaque projet.<\/p>\n<\/li>\n<\/ul>\n<h4 data-start=\"1383\" data-end=\"1404\"><strong data-start=\"1386\" data-end=\"1404\">Principaux Avantages<\/strong><\/h4>\n<ul data-start=\"1406\" data-end=\"1816\">\n<li data-start=\"1406\" data-end=\"1506\">\n<p data-start=\"1408\" data-end=\"1506\"><strong data-start=\"1408\" data-end=\"1433\">Polyvalent et flexible :<\/strong> Id\u00e9al pour le support des coffrages, dalles, poutres et structures temporaires.<\/p>\n<\/li>\n<li data-start=\"1507\" data-end=\"1619\">\n<p data-start=\"1509\" data-end=\"1619\"><strong data-start=\"1509\" data-end=\"1535\">Normes de s\u00e9curit\u00e9 \u00e9lev\u00e9es :<\/strong> Con\u00e7u pour supporter en toute s\u00e9curit\u00e9 des charges lourdes avec un risque minimal de flexion ou de rupture.<\/p>\n<\/li>\n<li data-start=\"1620\" data-end=\"1724\">\n<p data-start=\"1622\" data-end=\"1724\"><strong data-start=\"1622\" data-end=\"1657\">Installation et r\u00e9glage faciles\u00a0:<\/strong> Facile \u00e0 installer et adaptable \u00e0 diff\u00e9rents sc\u00e9narios de construction.<\/p>\n<\/li>\n<li data-start=\"1725\" data-end=\"1816\">\n<p data-start=\"1727\" data-end=\"1816\"><strong data-start=\"1727\" data-end=\"1750\">Durable et r\u00e9utilisable :<\/strong> Longue dur\u00e9e de vie, adapt\u00e9e \u00e0 de multiples projets et environnements.<\/p>\n<\/li>\n<\/ul>\n<h4><strong>Principales Applications<\/strong><\/h4>\n<ul data-start=\"1848\" data-end=\"2189\">\n<li data-start=\"1848\" data-end=\"1924\">\n<p data-start=\"1850\" data-end=\"1924\"><strong data-start=\"1850\" data-end=\"1873\">Chantiers de construction :<\/strong> Dalles de support, plafonds, poutres et coffrages.<\/p>\n<\/li>\n<li data-start=\"1925\" data-end=\"2007\">\n<p data-start=\"1927\" data-end=\"2007\"><strong data-start=\"1927\" data-end=\"1952\">Structures temporaires :<\/strong> \u00c9chafaudages et autres installations porteuses temporaires.<\/p>\n<\/li>\n<li data-start=\"2008\" data-end=\"2107\">\n<p data-start=\"2010\" data-end=\"2107\"><strong data-start=\"2010\" data-end=\"2034\">Projets industriels :<\/strong> Renforcement structurel lors de r\u00e9novations ou de modifications de b\u00e2timents.<\/p>\n<\/li>\n<li data-start=\"2108\" data-end=\"2189\">\n<p data-start=\"2110\" data-end=\"2189\"><strong data-start=\"2110\" data-end=\"2132\">G\u00e9nie civil:<\/strong> Ponts, tunnels et ouvrages de construction lourds.<\/p>\n<\/li>\n<\/ul>\n<h4 data-start=\"2196\" data-end=\"2226\"><strong data-start=\"2199\" data-end=\"2226\">Pourquoi choisir PROPS Steel ?<\/strong><\/h4>\n<ul data-start=\"2228\" data-end=\"2460\">\n<li data-start=\"2228\" data-end=\"2285\">\n<p data-start=\"2230\" data-end=\"2285\">Capacit\u00e9 de charge fiable pour une construction s\u00fbre.<\/p>\n<\/li>\n<li data-start=\"2286\" data-end=\"2340\">\n<p data-start=\"2288\" data-end=\"2340\">Conception ajustable pour une flexibilit\u00e9 maximale sur site.<\/p>\n<\/li>\n<li data-start=\"2341\" data-end=\"2402\">\n<p data-start=\"2343\" data-end=\"2402\">R\u00e9sistant \u00e0 la corrosion pour une durabilit\u00e9 accrue dans les environnements difficiles.<\/p>\n<\/li>\n<li data-start=\"2403\" data-end=\"2460\">\n<p data-start=\"2405\" data-end=\"2460\">\u00c9conomique et r\u00e9utilisable dans de multiples projets.<\/p>\n<\/li>\n<\/ul>\n<h4><strong>\ud83d\udcf2 Int\u00e9ress\u00e9(e) par notre <\/strong><strong data-start=\"2199\" data-end=\"2226\">PROPS Acier<\/strong><strong data-start=\"3153\" data-end=\"3187\">\u00a0<\/strong><strong>?<\/strong><\/h4>\n<p>Discutez directement avec notre \u00e9quipe pour les prix et les d\u00e9tails :<\/p>\n<div class=\"sc_item_button sc_button_wrap\"><a class=\"sc_button sc_button_default sc_button_size_normal sc_button_icon_left\" href=\"#quote\"><span class=\"sc_button_text\"><span class=\"sc_button_title\">Obtenez un devis rapide<\/span><\/span><\/a><\/div>","protected":false},"excerpt":{"rendered":"<p><strong>PROPS Acier<\/strong> Ces supports robustes et r\u00e9glables sont con\u00e7us pour assurer un maintien temporaire s\u00fbr et fiable lors de chantiers de construction, notamment pour les dalles, les poutres et les coffrages. Fabriqu\u00e9s en acier haute r\u00e9sistance avec une finition anticorrosion, ils sont durables, r\u00e9utilisables et faciles \u00e0 installer sur tous types de chantiers.<\/p>\n<div class=\"elementor-element elementor-element-b057435 sc_fly_static elementor-widget elementor-widget-trx_sc_button trx_addons_parallax_layers_inited trx_addons_parallax_blocks_inited\" data-id=\"b057435\" data-element_type=\"widget\" data-widget_type=\"trx_sc_button.default\">\n<div class=\"elementor-widget-container\">\n<div class=\"sc_item_button sc_button_wrap\"><a class=\"sc_button sc_button_default sc_button_size_normal sc_button_icon_left\" href=\"#quote\"><span class=\"sc_button_text\"><span class=\"sc_button_title\">Demander un devis<\/span><\/span><\/a><\/div>\n<\/div>\n<\/div>","protected":false},"featured_media":9601,"template":"","meta":[],"product_brand":[],"product_cat":[184],"product_tag":[],"class_list":{"0":"post-9590","1":"product","2":"type-product","3":"status-publish","4":"has-post-thumbnail","6":"product_cat-construction","7":"en-US","9":"first","10":"instock","11":"shipping-taxable","12":"product-type-simple"},"_links":{"self":[{"href":"https:\/\/eradsteel.com\/fr\/wp-json\/wp\/v2\/product\/9590","targetHints":{"allow":["GET"]}}],"collection":[{"href":"https:\/\/eradsteel.com\/fr\/wp-json\/wp\/v2\/product"}],"about":[{"href":"https:\/\/eradsteel.com\/fr\/wp-json\/wp\/v2\/types\/product"}],"wp:featuredmedia":[{"embeddable":true,"href":"https:\/\/eradsteel.com\/fr\/wp-json\/wp\/v2\/media\/9601"}],"wp:attachment":[{"href":"https:\/\/eradsteel.com\/fr\/wp-json\/wp\/v2\/media?parent=9590"}],"wp:term":[{"taxonomy":"product_brand","embeddable":true,"href":"https:\/\/eradsteel.com\/fr\/wp-json\/wp\/v2\/product_brand?post=9590"},{"taxonomy":"product_cat","embeddable":true,"href":"https:\/\/eradsteel.com\/fr\/wp-json\/wp\/v2\/product_cat?post=9590"},{"taxonomy":"product_tag","embeddable":true,"href":"https:\/\/eradsteel.com\/fr\/wp-json\/wp\/v2\/product_tag?post=9590"}],"curies":[{"name":"wp","href":"https:\/\/api.w.org\/{rel}","templated":true}]}}