{"id":9581,"date":"2020-11-19T10:43:09","date_gmt":"2020-11-19T10:43:09","guid":{"rendered":"https:\/\/eradsteel.com\/?post_type=product&#038;p=9581"},"modified":"2025-11-24T07:07:54","modified_gmt":"2025-11-24T07:07:54","slug":"marine-plywood","status":"publish","type":"product","link":"https:\/\/eradsteel.com\/fr\/produit\/marine-plywood\/","title":{"rendered":"Contreplaqu\u00e9 marin"},"content":{"rendered":"<div style=\"display: none;\">\n<div class=\"wpcf7 no-js\" id=\"wpcf7-f232-o1\" lang=\"en-US\" dir=\"ltr\" data-wpcf7-id=\"232\">\n<div class=\"screen-reader-response\"><p role=\"status\" aria-live=\"polite\" aria-atomic=\"true\"><\/p> <ul><\/ul><\/div>\n<form action=\"\/fr\/wp-json\/wp\/v2\/product\/9581#wpcf7-f232-o1\" method=\"post\" class=\"wpcf7-form init\" aria-label=\"Formulaire de contact\" novalidate=\"novalidate\" data-status=\"init\" data-trp-original-action=\"\/fr\/wp-json\/wp\/v2\/product\/9581#wpcf7-f232-o1\">\n<fieldset class=\"hidden-fields-container\"><input type=\"hidden\" name=\"_wpcf7\" value=\"232\" \/><input type=\"hidden\" name=\"_wpcf7_version\" value=\"6.1.1\" \/><input type=\"hidden\" name=\"_wpcf7_locale\" value=\"en_US\" \/><input type=\"hidden\" name=\"_wpcf7_unit_tag\" value=\"wpcf7-f232-o1\" \/><input type=\"hidden\" name=\"_wpcf7_container_post\" value=\"0\" \/><input type=\"hidden\" name=\"_wpcf7_posted_data_hash\" value=\"\" \/>\n<\/fieldset>\n<div class=\"form-style-3\">\n\t<div class=\"columns_wrap\">\n\t\t<div class=\"column-1_2\">\n\t\t\t<p><span class=\"style-line icon-name\"><span class=\"wpcf7-form-control-wrap\" data-name=\"your-name\"><input size=\"40\" maxlength=\"400\" class=\"wpcf7-form-control wpcf7-text wpcf7-validates-as-required\" aria-required=\"true\" aria-invalid=\"false\" placeholder=\"Nom\" value=\"\" type=\"text\" name=\"your-name\" \/><\/span><\/span>\n\t\t\t<\/p>\n\t\t<\/div>\n\t\t<div class=\"column-1_2\">\n\t\t\t<p><span class=\"style-line icon-email\"><span class=\"wpcf7-form-control-wrap\" data-name=\"your-email\"><input size=\"40\" maxlength=\"400\" class=\"wpcf7-form-control wpcf7-email wpcf7-validates-as-required wpcf7-text wpcf7-validates-as-email\" aria-required=\"true\" aria-invalid=\"false\" placeholder=\"Adresse email\" value=\"\" type=\"email\" name=\"your-email\" \/><\/span><\/span>\n\t\t\t<\/p>\n\t\t<\/div>\n\t<\/div>\n\t<div class=\"columns_wrap\">\n\t\t<div class=\"column-1_2\">\n\t\t\t<p><span class=\"style-line icon-phone\"><span class=\"wpcf7-form-control-wrap\" data-name=\"phone\"><input size=\"40\" maxlength=\"400\" class=\"wpcf7-form-control wpcf7-tel wpcf7-validates-as-required wpcf7-text wpcf7-validates-as-tel\" aria-required=\"true\" aria-invalid=\"false\" placeholder=\"T\u00e9l\u00e9phone\" value=\"\" type=\"tel\" name=\"phone\" \/><\/span><\/span>\n\t\t\t<\/p>\n\t\t<\/div>\n\t\t<div class=\"column-1_2\">\n\t\t\t<p><span class=\"style-line icon-subject\"><span class=\"wpcf7-form-control-wrap\" data-name=\"subject\"><input size=\"40\" maxlength=\"400\" class=\"wpcf7-form-control wpcf7-text wpcf7-validates-as-required\" aria-required=\"true\" aria-invalid=\"false\" placeholder=\"Sujet\" value=\"\" type=\"text\" name=\"subject\" \/><\/span><\/span>\n\t\t\t<\/p>\n\t\t<\/div>\n\t<\/div>\n\t<div class=\"columns_wrap margin-bottom\">\n\t\t<div class=\"column-1_1\">\n\t\t\t<p><span class=\"style-line icon-textarea\"><span class=\"wpcf7-form-control-wrap\" data-name=\"your-message\"><textarea cols=\"40\" rows=\"10\" maxlength=\"2000\" class=\"wpcf7-form-control wpcf7-textarea wpcf7-validates-as-required\" aria-required=\"true\" aria-invalid=\"false\" placeholder=\"Comment pouvons-nous vous aider ? N&#039;h\u00e9sitez pas \u00e0 nous contacter !\" name=\"your-message\"><\/textarea><\/span><\/span>\n\t\t\t<\/p>\n\t\t<\/div>\n\t<\/div>\n<div class=\"wpcf7-turnstile cf-turnstile\" data-sitekey=\"0x4AAAAAAB0XAVz92lw7mzFA\" data-response-field-name=\"_wpcf7_turnstile_response\"><\/div>\n\t<p><span class=\"wpcf7-form-control-wrap\" data-name=\"acceptance\"><span class=\"wpcf7-form-control wpcf7-acceptance\"><span class=\"wpcf7-list-item\"><label><input type=\"checkbox\" name=\"acceptance\" value=\"1\" aria-invalid=\"false\" \/><span class=\"wpcf7-list-item-label\">Je suis d&#039;accord, mes donn\u00e9es sont <a href=\"\/fr\/privacy-policy\/\">collect\u00e9s et stock\u00e9s<\/a>.<\/span><\/label><\/span><\/span><\/span><br \/>\n<input class=\"wpcf7-form-control wpcf7-submit has-spinner\" type=\"submit\" value=\"Nous contacter\" \/>\n\t<\/p>\n<\/div><input type='hidden' class='wpcf7-pum' value='{\"closepopup\":false,\"closedelay\":0,\"openpopup\":false,\"openpopup_id\":0}' \/><div class=\"wpcf7-response-output\" aria-hidden=\"true\"><\/div>\n<input type=\"hidden\" name=\"trp-form-language\" value=\"fr\"\/><\/form>\n<\/div>\n<\/div>\n<h4 data-start=\"66\" data-end=\"99\"><strong>Contreplaqu\u00e9 marin<\/strong><\/h4>\n<p data-start=\"200\" data-end=\"248\"><strong data-start=\"200\" data-end=\"246\">R\u00e9sistant. Imperm\u00e9able. Qualit\u00e9 sup\u00e9rieure.<\/strong><\/p>\n<p data-start=\"250\" data-end=\"616\"><strong>Contreplaqu\u00e9 marin<\/strong> Ce contreplaqu\u00e9 de haute qualit\u00e9 est con\u00e7u pour les environnements les plus exigeants. Fabriqu\u00e9 \u00e0 partir de placages de bois dur r\u00e9sistants et coll\u00e9 avec des adh\u00e9sifs imperm\u00e9ables et r\u00e9sistants \u00e0 l&#039;\u00e9bullition (WBP), ce panneau est con\u00e7u pour r\u00e9sister \u00e0 l&#039;humidit\u00e9, \u00e0 la pourriture et \u00e0 la d\u00e9gradation structurelle, ce qui en fait le choix id\u00e9al pour les applications marines, les projets ext\u00e9rieurs et les constructions en milieu humide.<\/p>\n<h4 data-start=\"100\" data-end=\"117\"><strong data-start=\"100\" data-end=\"117\">Points forts<\/strong><\/h4>\n<ul data-start=\"119\" data-end=\"233\">\n<li data-start=\"644\" data-end=\"810\">\n<p data-start=\"646\" data-end=\"810\"><strong data-start=\"646\" data-end=\"673\">Collage r\u00e9sistant \u00e0 l&#039;eau<\/strong>Utilise une colle WBP ph\u00e9nolique ou m\u00e9lamine pour maintenir l&#039;int\u00e9grit\u00e9 structurelle m\u00eame en cas d&#039;exposition \u00e0 l&#039;eau.<\/p>\n<\/li>\n<li data-start=\"811\" data-end=\"968\">\n<p data-start=\"813\" data-end=\"968\"><strong data-start=\"813\" data-end=\"837\">Placages de haute qualit\u00e9<\/strong>Fabriqu\u00e9 \u00e0 partir d&#039;essences de bois dur comme l&#039;okoum\u00e9, l&#039;eucalyptus ou le peuplier pour plus de solidit\u00e9 et de stabilit\u00e9.<\/p>\n<\/li>\n<li data-start=\"969\" data-end=\"1117\">\n<p data-start=\"971\" data-end=\"1117\"><strong data-start=\"971\" data-end=\"997\">Construction sans vides<\/strong>Soigneusement agenc\u00e9es en couches sans interstices pour garantir la capacit\u00e9 de charge et la durabilit\u00e9<\/p>\n<\/li>\n<li data-start=\"1118\" data-end=\"1249\">\n<p data-start=\"1120\" data-end=\"1249\"><strong data-start=\"1120\" data-end=\"1138\">Finition durable<\/strong>Surface lisse, id\u00e9ale pour la peinture, le laminage ou le laisser au naturel.<\/p>\n<\/li>\n<li data-start=\"1250\" data-end=\"1405\">\n<p data-start=\"1252\" data-end=\"1405\"><strong data-start=\"1252\" data-end=\"1276\">Dimensionnellement stable<\/strong>R\u00e9siste \u00e0 la d\u00e9formation, au d\u00e9laminage et \u00e0 la fissuration m\u00eame en cas de variations de temp\u00e9rature et d&#039;humidit\u00e9.<\/p>\n<\/li>\n<\/ul>\n<h4 data-start=\"235\" data-end=\"250\"><strong data-start=\"235\" data-end=\"250\">Tailles et options disponibles\u00a0:<\/strong><\/h4>\n<ul data-start=\"252\" data-end=\"658\">\n<li data-start=\"1446\" data-end=\"1583\">\n<p data-start=\"1448\" data-end=\"1583\"><strong data-start=\"1448\" data-end=\"1467\">\u00c9paisseur<\/strong>: G\u00e9n\u00e9ralement disponibles de 3 mm \u00e0 18 mm, selon la gamme de produits.<\/p>\n<\/li>\n<li data-start=\"1584\" data-end=\"1696\">\n<p data-start=\"1586\" data-end=\"1696\"><strong data-start=\"1586\" data-end=\"1602\">Types de placage<\/strong>Okoum\u00e9, eucalyptus, peuplier, bouleau, pin et autres.<\/p>\n<\/li>\n<li data-start=\"1697\" data-end=\"1836\">\n<p data-start=\"1699\" data-end=\"1836\"><strong data-start=\"1699\" data-end=\"1725\">Notes et certifications<\/strong>Options conformes \u00e0 <strong data-start=\"1750\" data-end=\"1761\">BS 1088<\/strong> norme pour le contreplaqu\u00e9 de qualit\u00e9 marine.<\/p>\n<\/li>\n<li data-start=\"1837\" data-end=\"1920\">\n<p data-start=\"1839\" data-end=\"1920\"><strong data-start=\"1839\" data-end=\"1861\">Traitements de surface<\/strong>: Variantes non finies, peintes, stratifi\u00e9es ou recouvertes d&#039;un film.<\/p>\n<\/li>\n<\/ul>\n<h4 data-start=\"660\" data-end=\"685\"><strong data-start=\"660\" data-end=\"685\">Processus de fabrication :<\/strong><\/h4>\n<ul data-start=\"687\" data-end=\"1109\">\n<li data-start=\"2735\" data-end=\"2809\">\n<p data-start=\"2737\" data-end=\"2809\"><strong data-start=\"2737\" data-end=\"2760\">Construction navale<\/strong>Coques, planchers, cloisons et int\u00e9rieurs de bateaux.<\/p>\n<\/li>\n<li data-start=\"2810\" data-end=\"2879\">\n<p data-start=\"2812\" data-end=\"2879\"><strong data-start=\"2812\" data-end=\"2834\">Structures ext\u00e9rieures<\/strong>Terrasses, pergolas, quais et promenades en bois.<\/p>\n<\/li>\n<li data-start=\"2880\" data-end=\"2957\">\n<p data-start=\"2882\" data-end=\"2957\"><strong data-start=\"2882\" data-end=\"2895\">Meubles<\/strong>Mobilier d&#039;ext\u00e9rieur, bancs de jardin et meubles pour espaces humides.<\/p>\n<\/li>\n<li data-start=\"2958\" data-end=\"3049\">\n<p data-start=\"2960\" data-end=\"3049\"><strong data-start=\"2960\" data-end=\"2988\">Architecture et int\u00e9rieur<\/strong>: Les zones sujettes \u00e0 l&#039;humidit\u00e9 comme les salles de bains, les cuisines ou les saunas.<\/p>\n<\/li>\n<li data-start=\"3050\" data-end=\"3143\">\n<p data-start=\"3052\" data-end=\"3143\"><strong data-start=\"3052\" data-end=\"3077\">V\u00e9hicules r\u00e9cr\u00e9atifs<\/strong>Rev\u00eatements de sol et panneaux int\u00e9rieurs pour cabines, caravanes et remorques.<\/p>\n<\/li>\n<\/ul>\n<h4 data-start=\"3150\" data-end=\"3187\"><strong data-start=\"3153\" data-end=\"3187\">Pourquoi choisir notre contreplaqu\u00e9 marin ?<\/strong><\/h4>\n<ul data-start=\"3189\" data-end=\"3623\">\n<li data-start=\"3189\" data-end=\"3285\">\n<p data-start=\"3191\" data-end=\"3285\">Con\u00e7u pour r\u00e9pondre <strong data-start=\"3205\" data-end=\"3231\">normes de qualit\u00e9 marine<\/strong> (par exemple BS 1088) pour la durabilit\u00e9 et la r\u00e9sistance \u00e0 l&#039;eau.<\/p>\n<\/li>\n<li data-start=\"3286\" data-end=\"3372\">\n<p data-start=\"3288\" data-end=\"3372\">Fabriqu\u00e9 \u00e0 partir de <strong data-start=\"3306\" data-end=\"3334\">placages de bois dur de qualit\u00e9 sup\u00e9rieure<\/strong> pour sa solidit\u00e9 et sa qualit\u00e9 esth\u00e9tique.<\/p>\n<\/li>\n<li data-start=\"3373\" data-end=\"3458\">\n<p data-start=\"3375\" data-end=\"3458\">Soutenu par <strong data-start=\"3385\" data-end=\"3406\">adh\u00e9sifs de qualit\u00e9<\/strong> qui garantissent une longue dur\u00e9e de vie en milieu humide.<\/p>\n<\/li>\n<li data-start=\"3459\" data-end=\"3568\">\n<p data-start=\"3461\" data-end=\"3568\">Produit polyvalent \u2014 id\u00e9al pour les deux <strong data-start=\"3496\" data-end=\"3515\">projets maritimes<\/strong> et <strong data-start=\"3520\" data-end=\"3565\">constructions architecturales \u00e0 forte humidit\u00e9<\/strong>.<\/p>\n<\/li>\n<li data-start=\"3569\" data-end=\"3623\">\n<p data-start=\"3571\" data-end=\"3623\">Options d&#039;approvisionnement durable disponibles sur demande.<\/p>\n<\/li>\n<\/ul>\n<h4><strong>\ud83d\udcf2 Int\u00e9ress\u00e9(e) par notre <\/strong><strong data-start=\"3153\" data-end=\"3187\">Contreplaqu\u00e9 marin <\/strong><strong>?<\/strong><\/h4>\n<p>Discutez directement avec notre \u00e9quipe pour les prix et les d\u00e9tails :<\/p>\n<div class=\"sc_item_button sc_button_wrap\"><a class=\"sc_button sc_button_default sc_button_size_normal sc_button_icon_left\" href=\"#quote\"><span class=\"sc_button_text\"><span class=\"sc_button_title\">Obtenez un devis rapide<\/span><\/span><\/a><\/div>","protected":false},"excerpt":{"rendered":"<p><strong>Contreplaqu\u00e9 marin<\/strong> Fabriqu\u00e9 \u00e0 partir de placages de bois dur de premi\u00e8re qualit\u00e9 et coll\u00e9 avec des adh\u00e9sifs imperm\u00e9ables, ce mat\u00e9riau garantit une r\u00e9sistance, une durabilit\u00e9 et une imperm\u00e9abilit\u00e9 exceptionnelles, ainsi qu&#039;une excellente r\u00e9sistance \u00e0 l&#039;humidit\u00e9, \u00e0 la pourriture et au d\u00e9laminage. Sa surface lisse et stable le rend id\u00e9al pour les projets de construction en milieu marin, ext\u00e9rieur et en environnements humides.<\/p>\n<div class=\"elementor-element elementor-element-b057435 sc_fly_static elementor-widget elementor-widget-trx_sc_button trx_addons_parallax_layers_inited trx_addons_parallax_blocks_inited\" data-id=\"b057435\" data-element_type=\"widget\" data-widget_type=\"trx_sc_button.default\">\n<div class=\"elementor-widget-container\">\n<div class=\"sc_item_button sc_button_wrap\"><a class=\"sc_button sc_button_default sc_button_size_normal sc_button_icon_left\" href=\"#quote\"><span class=\"sc_button_text\"><span class=\"sc_button_title\">Demander un devis<\/span><\/span><\/a><\/div>\n<\/div>\n<\/div>","protected":false},"featured_media":9589,"template":"","meta":[],"product_brand":[],"product_cat":[184],"product_tag":[],"class_list":{"0":"post-9581","1":"product","2":"type-product","3":"status-publish","4":"has-post-thumbnail","6":"product_cat-construction","7":"en-US","9":"first","10":"instock","11":"shipping-taxable","12":"product-type-simple"},"_links":{"self":[{"href":"https:\/\/eradsteel.com\/fr\/wp-json\/wp\/v2\/product\/9581","targetHints":{"allow":["GET"]}}],"collection":[{"href":"https:\/\/eradsteel.com\/fr\/wp-json\/wp\/v2\/product"}],"about":[{"href":"https:\/\/eradsteel.com\/fr\/wp-json\/wp\/v2\/types\/product"}],"wp:featuredmedia":[{"embeddable":true,"href":"https:\/\/eradsteel.com\/fr\/wp-json\/wp\/v2\/media\/9589"}],"wp:attachment":[{"href":"https:\/\/eradsteel.com\/fr\/wp-json\/wp\/v2\/media?parent=9581"}],"wp:term":[{"taxonomy":"product_brand","embeddable":true,"href":"https:\/\/eradsteel.com\/fr\/wp-json\/wp\/v2\/product_brand?post=9581"},{"taxonomy":"product_cat","embeddable":true,"href":"https:\/\/eradsteel.com\/fr\/wp-json\/wp\/v2\/product_cat?post=9581"},{"taxonomy":"product_tag","embeddable":true,"href":"https:\/\/eradsteel.com\/fr\/wp-json\/wp\/v2\/product_tag?post=9581"}],"curies":[{"name":"wp","href":"https:\/\/api.w.org\/{rel}","templated":true}]}}