{"id":9568,"date":"2020-11-19T10:00:58","date_gmt":"2020-11-19T10:00:58","guid":{"rendered":"https:\/\/eradsteel.com\/?post_type=product&#038;p=9568"},"modified":"2025-11-27T10:13:44","modified_gmt":"2025-11-27T10:13:44","slug":"expanded-house","status":"publish","type":"product","link":"https:\/\/eradsteel.com\/fr\/produit\/expanded-house\/","title":{"rendered":"Maison extensible"},"content":{"rendered":"<div style=\"display: none;\">\n<div class=\"wpcf7 no-js\" id=\"wpcf7-f232-o1\" lang=\"en-US\" dir=\"ltr\" data-wpcf7-id=\"232\">\n<div class=\"screen-reader-response\"><p role=\"status\" aria-live=\"polite\" aria-atomic=\"true\"><\/p> <ul><\/ul><\/div>\n<form action=\"\/fr\/wp-json\/wp\/v2\/product\/9568#wpcf7-f232-o1\" method=\"post\" class=\"wpcf7-form init\" aria-label=\"Formulaire de contact\" novalidate=\"novalidate\" data-status=\"init\" data-trp-original-action=\"\/fr\/wp-json\/wp\/v2\/product\/9568#wpcf7-f232-o1\">\n<fieldset class=\"hidden-fields-container\"><input type=\"hidden\" name=\"_wpcf7\" value=\"232\" \/><input type=\"hidden\" name=\"_wpcf7_version\" value=\"6.1.1\" \/><input type=\"hidden\" name=\"_wpcf7_locale\" value=\"en_US\" \/><input type=\"hidden\" name=\"_wpcf7_unit_tag\" value=\"wpcf7-f232-o1\" \/><input type=\"hidden\" name=\"_wpcf7_container_post\" value=\"0\" \/><input type=\"hidden\" name=\"_wpcf7_posted_data_hash\" value=\"\" \/>\n<\/fieldset>\n<div class=\"form-style-3\">\n\t<div class=\"columns_wrap\">\n\t\t<div class=\"column-1_2\">\n\t\t\t<p><span class=\"style-line icon-name\"><span class=\"wpcf7-form-control-wrap\" data-name=\"your-name\"><input size=\"40\" maxlength=\"400\" class=\"wpcf7-form-control wpcf7-text wpcf7-validates-as-required\" aria-required=\"true\" aria-invalid=\"false\" placeholder=\"Nom\" value=\"\" type=\"text\" name=\"your-name\" \/><\/span><\/span>\n\t\t\t<\/p>\n\t\t<\/div>\n\t\t<div class=\"column-1_2\">\n\t\t\t<p><span class=\"style-line icon-email\"><span class=\"wpcf7-form-control-wrap\" data-name=\"your-email\"><input size=\"40\" maxlength=\"400\" class=\"wpcf7-form-control wpcf7-email wpcf7-validates-as-required wpcf7-text wpcf7-validates-as-email\" aria-required=\"true\" aria-invalid=\"false\" placeholder=\"Adresse email\" value=\"\" type=\"email\" name=\"your-email\" \/><\/span><\/span>\n\t\t\t<\/p>\n\t\t<\/div>\n\t<\/div>\n\t<div class=\"columns_wrap\">\n\t\t<div class=\"column-1_2\">\n\t\t\t<p><span class=\"style-line icon-phone\"><span class=\"wpcf7-form-control-wrap\" data-name=\"phone\"><input size=\"40\" maxlength=\"400\" class=\"wpcf7-form-control wpcf7-tel wpcf7-validates-as-required wpcf7-text wpcf7-validates-as-tel\" aria-required=\"true\" aria-invalid=\"false\" placeholder=\"T\u00e9l\u00e9phone\" value=\"\" type=\"tel\" name=\"phone\" \/><\/span><\/span>\n\t\t\t<\/p>\n\t\t<\/div>\n\t\t<div class=\"column-1_2\">\n\t\t\t<p><span class=\"style-line icon-subject\"><span class=\"wpcf7-form-control-wrap\" data-name=\"subject\"><input size=\"40\" maxlength=\"400\" class=\"wpcf7-form-control wpcf7-text wpcf7-validates-as-required\" aria-required=\"true\" aria-invalid=\"false\" placeholder=\"Sujet\" value=\"\" type=\"text\" name=\"subject\" \/><\/span><\/span>\n\t\t\t<\/p>\n\t\t<\/div>\n\t<\/div>\n\t<div class=\"columns_wrap margin-bottom\">\n\t\t<div class=\"column-1_1\">\n\t\t\t<p><span class=\"style-line icon-textarea\"><span class=\"wpcf7-form-control-wrap\" data-name=\"your-message\"><textarea cols=\"40\" rows=\"10\" maxlength=\"2000\" class=\"wpcf7-form-control wpcf7-textarea wpcf7-validates-as-required\" aria-required=\"true\" aria-invalid=\"false\" placeholder=\"Comment pouvons-nous vous aider ? N&#039;h\u00e9sitez pas \u00e0 nous contacter !\" name=\"your-message\"><\/textarea><\/span><\/span>\n\t\t\t<\/p>\n\t\t<\/div>\n\t<\/div>\n<div class=\"wpcf7-turnstile cf-turnstile\" data-sitekey=\"0x4AAAAAAB0XAVz92lw7mzFA\" data-response-field-name=\"_wpcf7_turnstile_response\"><\/div>\n\t<p><span class=\"wpcf7-form-control-wrap\" data-name=\"acceptance\"><span class=\"wpcf7-form-control wpcf7-acceptance\"><span class=\"wpcf7-list-item\"><label><input type=\"checkbox\" name=\"acceptance\" value=\"1\" aria-invalid=\"false\" \/><span class=\"wpcf7-list-item-label\">Je suis d&#039;accord, mes donn\u00e9es sont <a href=\"\/fr\/privacy-policy\/\">collect\u00e9s et stock\u00e9s<\/a>.<\/span><\/label><\/span><\/span><\/span><br \/>\n<input class=\"wpcf7-form-control wpcf7-submit has-spinner\" type=\"submit\" value=\"Nous contacter\" \/>\n\t<\/p>\n<\/div><input type='hidden' class='wpcf7-pum' value='{\"closepopup\":false,\"closedelay\":0,\"openpopup\":false,\"openpopup_id\":0}' \/><div class=\"wpcf7-response-output\" aria-hidden=\"true\"><\/div>\n<input type=\"hidden\" name=\"trp-form-language\" value=\"fr\"\/><\/form>\n<\/div>\n<\/div>\n<h3 data-start=\"126\" data-end=\"146\"><strong data-start=\"129\" data-end=\"146\">Maison extensible<\/strong><\/h3>\n<p data-start=\"148\" data-end=\"187\"><strong>Flexible. Spacieux. D\u00e9ployable.<\/strong>.<\/p>\n<p data-start=\"189\" data-end=\"422\">Le <strong data-start=\"283\" data-end=\"303\">Maison extensible<\/strong> Il s&#039;agit d&#039;une habitation modulaire en conteneur qui se d\u00e9ploie pour offrir un espace de vie g\u00e9n\u00e9reux sans compromettre sa transportabilit\u00e9. Con\u00e7ue pour le confort et la praticit\u00e9, elle est id\u00e9ale pour les logements isol\u00e9s, les bureaux, les r\u00e9sidences temporaires et les h\u00e9bergements touristiques.<\/p>\n<h4><strong>Points forts<\/strong><\/h4>\n<ul>\n<li data-start=\"576\" data-end=\"680\">\n<p data-start=\"578\" data-end=\"680\"><strong data-start=\"578\" data-end=\"600\">Conception extensible\u00a0:<\/strong> Compact pour le transport, mais facilement extensible sur site pour doubler ou tripler son volume.<\/p>\n<\/li>\n<li data-start=\"681\" data-end=\"780\">\n<p data-start=\"683\" data-end=\"780\"><strong data-start=\"683\" data-end=\"704\">Structure robuste :<\/strong> Fabriqu\u00e9 avec des cadres en acier haute r\u00e9sistance et des panneaux durables con\u00e7us pour durer.<\/p>\n<\/li>\n<li data-start=\"781\" data-end=\"887\">\n<p data-start=\"783\" data-end=\"887\"><strong data-start=\"783\" data-end=\"802\">Enti\u00e8rement \u00e9quip\u00e9 :<\/strong> Cela peut inclure l&#039;isolation, la plomberie, les syst\u00e8mes \u00e9lectriques, la cuisine, la salle de bain, et plus encore.<\/p>\n<\/li>\n<li data-start=\"888\" data-end=\"995\">\n<p data-start=\"890\" data-end=\"995\"><strong data-start=\"890\" data-end=\"909\">Assemblage rapide\u00a0:<\/strong> Les modules pr\u00e9-assembl\u00e9s en usine sont exp\u00e9di\u00e9s et install\u00e9s rapidement, ce qui minimise le travail sur site.<\/p>\n<\/li>\n<\/ul>\n<h4><strong>Tailles et options disponibles<\/strong><\/h4>\n<ul>\n<li data-start=\"1036\" data-end=\"1115\">\n<p data-start=\"1038\" data-end=\"1115\"><strong data-start=\"1038\" data-end=\"1062\">Empreintes standard :<\/strong> Mod\u00e8les courants d&#039;environ 20 et 40 pieds en version ferm\u00e9e.<\/p>\n<\/li>\n<li data-start=\"1116\" data-end=\"1232\">\n<p data-start=\"1118\" data-end=\"1232\"><strong data-start=\"1118\" data-end=\"1145\">Configuration \u00e9tendue\u00a0:<\/strong> Une fois ouverts, l&#039;espace de vie augmente consid\u00e9rablement (par exemple, extensions coulissantes, parois pliantes).<\/p>\n<\/li>\n<li data-start=\"1233\" data-end=\"1322\">\n<p data-start=\"1235\" data-end=\"1322\"><strong data-start=\"1235\" data-end=\"1254\">Agencements personnalis\u00e9s\u00a0:<\/strong> Des options pour 1 \u00e0 3 chambres, des int\u00e9rieurs \u00e9l\u00e9gants et des finitions sur mesure.<\/p>\n<\/li>\n<li data-start=\"1323\" data-end=\"1426\">\n<p data-start=\"1325\" data-end=\"1426\"><strong data-start=\"1325\" data-end=\"1346\">Options suppl\u00e9mentaires\u00a0:<\/strong> Fen\u00eatres, portes, isolation, chauffage, ventilation et climatisation, c\u00e2blage \u00e9lectrique, meubles, panneaux solaires.<\/p>\n<\/li>\n<\/ul>\n<h4><strong>Principaux Avantages<\/strong><\/h4>\n<ul data-start=\"1810\" data-end=\"2298\">\n<li data-start=\"1456\" data-end=\"1558\">\n<p data-start=\"1458\" data-end=\"1558\"><strong data-start=\"1458\" data-end=\"1489\">Optimisation de l&#039;espace :<\/strong> Offre un grand espace de vie tout en restant facile \u00e0 transporter.<\/p>\n<\/li>\n<li data-start=\"1559\" data-end=\"1672\">\n<p data-start=\"1561\" data-end=\"1672\"><strong data-start=\"1561\" data-end=\"1580\">Rentable :<\/strong> Moins co\u00fbteux que la construction traditionnelle, avec des frais de transport et d&#039;installation r\u00e9duits.<\/p>\n<\/li>\n<li data-start=\"1673\" data-end=\"1759\">\n<p data-start=\"1675\" data-end=\"1759\"><strong data-start=\"1675\" data-end=\"1695\">Tr\u00e8s portable :<\/strong> Facile \u00e0 exp\u00e9dier, \u00e0 d\u00e9placer et \u00e0 red\u00e9ployer ; id\u00e9al pour des utilisations dynamiques.<\/p>\n<\/li>\n<li data-start=\"1760\" data-end=\"1862\">\n<p data-start=\"1762\" data-end=\"1862\"><strong data-start=\"1762\" data-end=\"1781\">Durable et s\u00fbr :<\/strong> Construction en acier pour une durabilit\u00e9 \u00e0 long terme ; con\u00e7ue pour r\u00e9sister \u00e0 divers climats.<\/p>\n<\/li>\n<li data-start=\"1863\" data-end=\"1944\">\n<p data-start=\"1865\" data-end=\"1944\"><strong data-start=\"1865\" data-end=\"1881\">Durable:<\/strong> Peut \u00eatre \u00e9quip\u00e9 de syst\u00e8mes d&#039;isolation et d&#039;\u00e9nergie \u00e9cologiques.<\/p>\n<\/li>\n<\/ul>\n<h4><strong>Principales Applications<\/strong><\/h4>\n<ul data-start=\"2318\" data-end=\"2858\">\n<li data-start=\"1976\" data-end=\"2058\">\n<p data-start=\"1978\" data-end=\"2058\"><strong data-start=\"1978\" data-end=\"1994\">R\u00e9sidentiel:<\/strong> Maisons permanentes compactes, mini-maisons ou unit\u00e9s d&#039;habitation isol\u00e9es.<\/p>\n<\/li>\n<li data-start=\"2059\" data-end=\"2137\">\n<p data-start=\"2061\" data-end=\"2137\"><strong data-start=\"2061\" data-end=\"2077\">Hospitalit\u00e9:<\/strong> H\u00e9bergements de vill\u00e9giature, sites de glamping ou h\u00e9bergements pour les visiteurs.<\/p>\n<\/li>\n<li data-start=\"2138\" data-end=\"2220\">\n<p data-start=\"2140\" data-end=\"2220\"><strong data-start=\"2140\" data-end=\"2158\">Travail et bureau :<\/strong> Bureaux sur site, espaces de travail mobiles ou cabines de chantier.<\/p>\n<\/li>\n<li data-start=\"2221\" data-end=\"2310\">\n<p data-start=\"2223\" data-end=\"2310\"><strong data-start=\"2223\" data-end=\"2243\">Secours en cas de catastrophe :<\/strong> Logements \u00e0 d\u00e9ploiement rapide pour les interventions humanitaires ou d&#039;urgence.<\/p>\n<\/li>\n<li data-start=\"2311\" data-end=\"2402\">\n<p data-start=\"2313\" data-end=\"2402\"><strong data-start=\"2313\" data-end=\"2334\">\u00c9v\u00e9nements et boutiques \u00e9ph\u00e9m\u00e8res\u00a0:<\/strong> Structures temporaires pour expositions, \u00e9v\u00e9nements ou projets saisonniers.<\/p>\n<\/li>\n<\/ul>\n<h4><strong>Pourquoi choisir ERAD Steel ?<\/strong><\/h4>\n<ul>\n<li>Qualit\u00e9 fiable et structure en acier robuste.<\/li>\n<li>Livraison rapide et service client professionnel.<\/li>\n<li>Fiabilit\u00e9 reconnue par des clients \u00e0 travers l\u2019Afrique, l\u2019Union europ\u00e9enne et la r\u00e9gion MENA.<\/li>\n<\/ul>\n<h4><strong>\ud83d\udcf2 Int\u00e9ress\u00e9(e) par notre <\/strong><strong data-start=\"129\" data-end=\"146\">Extensible <\/strong><strong>Maison ?<\/strong><\/h4>\n<p>Discutez directement avec notre \u00e9quipe pour les prix et les d\u00e9tails :<\/p>\n<div class=\"sc_item_button sc_button_wrap\"><a class=\"sc_button sc_button_default sc_button_size_normal sc_button_icon_left\" href=\"#quote\"><span class=\"sc_button_text\"><span class=\"sc_button_title\">Obtenez un devis rapide<\/span><\/span><\/a><\/div>\n<div class=\"erad-gallery-header\" style=\"text-align: center;\"><\/div>\n<div class=\"erad-slider-section\"><\/div>","protected":false},"excerpt":{"rendered":"<p data-start=\"300\" data-end=\"684\"><strong>conteneur extensible<\/strong>\u00a0 Maison con\u00e7ue pour un d\u00e9ploiement rapide et un espace maximal.<br data-start=\"203\" data-end=\"206\" \/>Construit avec de l&#039;acier galvanis\u00e9 de haute qualit\u00e9 et une isolation en laine de roche pour un confort optimal et une r\u00e9sistance aux variations climatiques.<br data-start=\"307\" data-end=\"310\" \/>Int\u00e9rieur enti\u00e8rement configurable \u2014 choisissez 1 \u00e0 4 chambres, cuisine, espace de vie.<\/p>\n<div class=\"elementor-element elementor-element-b057435 sc_fly_static elementor-widget elementor-widget-trx_sc_button trx_addons_parallax_layers_inited trx_addons_parallax_blocks_inited\" data-id=\"b057435\" data-element_type=\"widget\" data-widget_type=\"trx_sc_button.default\">\n<div class=\"elementor-widget-container\">\n<div class=\"sc_item_button sc_button_wrap\"><a class=\"sc_button sc_button_default sc_button_size_normal sc_button_icon_left\" href=\"#quote\"><span class=\"sc_button_text\"><span class=\"sc_button_title\">Obtenez un devis rapide<\/span><\/span><\/a><\/div>\n<\/div>\n<\/div>","protected":false},"featured_media":9579,"template":"","meta":[],"product_brand":[],"product_cat":[183],"product_tag":[],"class_list":{"0":"post-9568","1":"product","2":"type-product","3":"status-publish","4":"has-post-thumbnail","6":"product_cat-pref-solution","7":"en-US","9":"first","10":"instock","11":"shipping-taxable","12":"product-type-simple"},"_links":{"self":[{"href":"https:\/\/eradsteel.com\/fr\/wp-json\/wp\/v2\/product\/9568","targetHints":{"allow":["GET"]}}],"collection":[{"href":"https:\/\/eradsteel.com\/fr\/wp-json\/wp\/v2\/product"}],"about":[{"href":"https:\/\/eradsteel.com\/fr\/wp-json\/wp\/v2\/types\/product"}],"wp:featuredmedia":[{"embeddable":true,"href":"https:\/\/eradsteel.com\/fr\/wp-json\/wp\/v2\/media\/9579"}],"wp:attachment":[{"href":"https:\/\/eradsteel.com\/fr\/wp-json\/wp\/v2\/media?parent=9568"}],"wp:term":[{"taxonomy":"product_brand","embeddable":true,"href":"https:\/\/eradsteel.com\/fr\/wp-json\/wp\/v2\/product_brand?post=9568"},{"taxonomy":"product_cat","embeddable":true,"href":"https:\/\/eradsteel.com\/fr\/wp-json\/wp\/v2\/product_cat?post=9568"},{"taxonomy":"product_tag","embeddable":true,"href":"https:\/\/eradsteel.com\/fr\/wp-json\/wp\/v2\/product_tag?post=9568"}],"curies":[{"name":"wp","href":"https:\/\/api.w.org\/{rel}","templated":true}]}}