{"id":9555,"date":"2020-11-19T08:44:02","date_gmt":"2020-11-19T08:44:02","guid":{"rendered":"https:\/\/eradsteel.com\/?post_type=product&#038;p=9555"},"modified":"2025-11-24T08:32:30","modified_gmt":"2025-11-24T08:32:30","slug":"capsule-house","status":"publish","type":"product","link":"https:\/\/eradsteel.com\/fr\/produit\/capsule-house\/","title":{"rendered":"Maison capsule"},"content":{"rendered":"<div style=\"display: none;\">\n<div class=\"wpcf7 no-js\" id=\"wpcf7-f232-o1\" lang=\"en-US\" dir=\"ltr\" data-wpcf7-id=\"232\">\n<div class=\"screen-reader-response\"><p role=\"status\" aria-live=\"polite\" aria-atomic=\"true\"><\/p> <ul><\/ul><\/div>\n<form action=\"\/fr\/wp-json\/wp\/v2\/product\/9555#wpcf7-f232-o1\" method=\"post\" class=\"wpcf7-form init\" aria-label=\"Formulaire de contact\" novalidate=\"novalidate\" data-status=\"init\" data-trp-original-action=\"\/fr\/wp-json\/wp\/v2\/product\/9555#wpcf7-f232-o1\">\n<fieldset class=\"hidden-fields-container\"><input type=\"hidden\" name=\"_wpcf7\" value=\"232\" \/><input type=\"hidden\" name=\"_wpcf7_version\" value=\"6.1.1\" \/><input type=\"hidden\" name=\"_wpcf7_locale\" value=\"en_US\" \/><input type=\"hidden\" name=\"_wpcf7_unit_tag\" value=\"wpcf7-f232-o1\" \/><input type=\"hidden\" name=\"_wpcf7_container_post\" value=\"0\" \/><input type=\"hidden\" name=\"_wpcf7_posted_data_hash\" value=\"\" \/>\n<\/fieldset>\n<div class=\"form-style-3\">\n\t<div class=\"columns_wrap\">\n\t\t<div class=\"column-1_2\">\n\t\t\t<p><span class=\"style-line icon-name\"><span class=\"wpcf7-form-control-wrap\" data-name=\"your-name\"><input size=\"40\" maxlength=\"400\" class=\"wpcf7-form-control wpcf7-text wpcf7-validates-as-required\" aria-required=\"true\" aria-invalid=\"false\" placeholder=\"Nom\" value=\"\" type=\"text\" name=\"your-name\" \/><\/span><\/span>\n\t\t\t<\/p>\n\t\t<\/div>\n\t\t<div class=\"column-1_2\">\n\t\t\t<p><span class=\"style-line icon-email\"><span class=\"wpcf7-form-control-wrap\" data-name=\"your-email\"><input size=\"40\" maxlength=\"400\" class=\"wpcf7-form-control wpcf7-email wpcf7-validates-as-required wpcf7-text wpcf7-validates-as-email\" aria-required=\"true\" aria-invalid=\"false\" placeholder=\"Adresse email\" value=\"\" type=\"email\" name=\"your-email\" \/><\/span><\/span>\n\t\t\t<\/p>\n\t\t<\/div>\n\t<\/div>\n\t<div class=\"columns_wrap\">\n\t\t<div class=\"column-1_2\">\n\t\t\t<p><span class=\"style-line icon-phone\"><span class=\"wpcf7-form-control-wrap\" data-name=\"phone\"><input size=\"40\" maxlength=\"400\" class=\"wpcf7-form-control wpcf7-tel wpcf7-validates-as-required wpcf7-text wpcf7-validates-as-tel\" aria-required=\"true\" aria-invalid=\"false\" placeholder=\"T\u00e9l\u00e9phone\" value=\"\" type=\"tel\" name=\"phone\" \/><\/span><\/span>\n\t\t\t<\/p>\n\t\t<\/div>\n\t\t<div class=\"column-1_2\">\n\t\t\t<p><span class=\"style-line icon-subject\"><span class=\"wpcf7-form-control-wrap\" data-name=\"subject\"><input size=\"40\" maxlength=\"400\" class=\"wpcf7-form-control wpcf7-text wpcf7-validates-as-required\" aria-required=\"true\" aria-invalid=\"false\" placeholder=\"Sujet\" value=\"\" type=\"text\" name=\"subject\" \/><\/span><\/span>\n\t\t\t<\/p>\n\t\t<\/div>\n\t<\/div>\n\t<div class=\"columns_wrap margin-bottom\">\n\t\t<div class=\"column-1_1\">\n\t\t\t<p><span class=\"style-line icon-textarea\"><span class=\"wpcf7-form-control-wrap\" data-name=\"your-message\"><textarea cols=\"40\" rows=\"10\" maxlength=\"2000\" class=\"wpcf7-form-control wpcf7-textarea wpcf7-validates-as-required\" aria-required=\"true\" aria-invalid=\"false\" placeholder=\"Comment pouvons-nous vous aider ? N&#039;h\u00e9sitez pas \u00e0 nous contacter !\" name=\"your-message\"><\/textarea><\/span><\/span>\n\t\t\t<\/p>\n\t\t<\/div>\n\t<\/div>\n<div class=\"wpcf7-turnstile cf-turnstile\" data-sitekey=\"0x4AAAAAAB0XAVz92lw7mzFA\" data-response-field-name=\"_wpcf7_turnstile_response\"><\/div>\n\t<p><span class=\"wpcf7-form-control-wrap\" data-name=\"acceptance\"><span class=\"wpcf7-form-control wpcf7-acceptance\"><span class=\"wpcf7-list-item\"><label><input type=\"checkbox\" name=\"acceptance\" value=\"1\" aria-invalid=\"false\" \/><span class=\"wpcf7-list-item-label\">Je suis d&#039;accord, mes donn\u00e9es sont <a href=\"\/fr\/privacy-policy\/\">collect\u00e9s et stock\u00e9s<\/a>.<\/span><\/label><\/span><\/span><\/span><br \/>\n<input class=\"wpcf7-form-control wpcf7-submit has-spinner\" type=\"submit\" value=\"Nous contacter\" \/>\n\t<\/p>\n<\/div><input type='hidden' class='wpcf7-pum' value='{\"closepopup\":false,\"closedelay\":0,\"openpopup\":false,\"openpopup_id\":0}' \/><div class=\"wpcf7-response-output\" aria-hidden=\"true\"><\/div>\n<input type=\"hidden\" name=\"trp-form-language\" value=\"fr\"\/><\/form>\n<\/div>\n<\/div>\n<h2 data-start=\"126\" data-end=\"146\"><strong data-start=\"129\" data-end=\"146\">Maison capsule<\/strong><\/h2>\n<p data-start=\"148\" data-end=\"187\"><strong data-start=\"148\" data-end=\"185\">Futuriste. Compact. \u00c9co-modulaire.<\/strong><\/p>\n<p data-start=\"189\" data-end=\"422\">Le <strong data-start=\"193\" data-end=\"210\">Maison capsule<\/strong> Il s&#039;agit d&#039;une habitation modulaire pr\u00e9fabriqu\u00e9e et \u00e9l\u00e9gante, inspir\u00e9e du design des vaisseaux spatiaux. Con\u00e7ue pour la mobilit\u00e9, l&#039;efficacit\u00e9 et le style, elle est id\u00e9ale comme mini-maison, refuge, unit\u00e9 de glamping, bureau mobile ou chambre d&#039;h\u00f4tel compacte.<\/p>\n<h4><strong>Points forts<\/strong><\/h4>\n<ul>\n<li data-start=\"451\" data-end=\"608\">\n<p data-start=\"453\" data-end=\"608\"><strong data-start=\"453\" data-end=\"475\">Conception innovante\u00a0:<\/strong> Forme de capsule \u00e9l\u00e9gante avec des surfaces lisses et a\u00e9rodynamiques et de grandes fen\u00eatres offrant une vue panoramique.<\/p>\n<\/li>\n<li data-start=\"609\" data-end=\"759\">\n<p data-start=\"611\" data-end=\"759\"><strong data-start=\"611\" data-end=\"637\">Durable et l\u00e9ger :<\/strong> Fabriqu\u00e9 avec un cadre en alliage d&#039;acier ou d&#039;aluminium et une coque r\u00e9sistante \u00e0 la corrosion.<\/p>\n<\/li>\n<li data-start=\"760\" data-end=\"932\">\n<p data-start=\"762\" data-end=\"932\"><strong data-start=\"762\" data-end=\"787\">Isolation efficace :<\/strong> Isolation thermique haute performance adapt\u00e9e aux climats extr\u00eames, de \u201330 \u00b0C \u00e0 +50 \u00b0C sur certains mod\u00e8les.<\/p>\n<\/li>\n<li data-start=\"933\" data-end=\"1080\">\n<p data-start=\"935\" data-end=\"1080\"><strong data-start=\"935\" data-end=\"957\">Installation rapide :<\/strong> Des unit\u00e9s modulaires qui peuvent \u00eatre assembl\u00e9es rapidement sur site, minimisant ainsi le temps de construction.<\/p>\n<\/li>\n<li data-start=\"1081\" data-end=\"1232\">\n<p data-start=\"1083\" data-end=\"1232\"><strong data-start=\"1083\" data-end=\"1107\">Intelligent et durable :<\/strong> Fonctionnalit\u00e9s domotiques optionnelles, syst\u00e8mes \u00e9nerg\u00e9tiques int\u00e9gr\u00e9s et mat\u00e9riaux \u00e9cologiques.<\/p>\n<\/li>\n<\/ul>\n<h4><strong>Tailles et options disponibles<\/strong><\/h4>\n<ul>\n<li data-start=\"1274\" data-end=\"1420\">\n<p data-start=\"1276\" data-end=\"1420\"><strong data-start=\"1276\" data-end=\"1296\">Mod\u00e8les standard :<\/strong> Les dimensions typiques des capsules sont d&#039;environ 28 m\u00b2 (par exemple, 8,5 m \u00d7 3,3 m) pour un habitat ultra-compact.<\/p>\n<\/li>\n<li data-start=\"1421\" data-end=\"1596\">\n<p data-start=\"1423\" data-end=\"1596\"><strong data-start=\"1423\" data-end=\"1442\">Agencements personnalis\u00e9s\u00a0:<\/strong> Possibilit\u00e9s d&#039;am\u00e9nagements \u00e0 une ou deux chambres avec mobilier modulaire, rangements intelligents et design multifonctionnel.<\/p>\n<\/li>\n<li data-start=\"1597\" data-end=\"1749\">\n<p data-start=\"1599\" data-end=\"1749\"><strong data-start=\"1599\" data-end=\"1611\">Modules compl\u00e9mentaires\u00a0:<\/strong> Panneau de commande intelligent, installation de panneaux solaires, am\u00e9liorations de l&#039;isolation, serrures intelligentes, \u00e9clairage LED et bien plus encore.<\/p>\n<\/li>\n<\/ul>\n<h4><strong>Principaux Avantages<\/strong><\/h4>\n<ul data-start=\"1810\" data-end=\"2298\">\n<li data-start=\"1780\" data-end=\"1908\">\n<p data-start=\"1782\" data-end=\"1908\"><strong data-start=\"1782\" data-end=\"1803\">Optimisation de l&#039;espace :<\/strong> Optimise l&#039;espace utilisable gr\u00e2ce \u00e0 des int\u00e9rieurs compacts et multifonctionnels.<\/p>\n<\/li>\n<li data-start=\"1909\" data-end=\"2050\">\n<p data-start=\"1911\" data-end=\"2050\"><strong data-start=\"1911\" data-end=\"1927\">Versatilit\u00e9:<\/strong> Id\u00e9al pour les maisons isol\u00e9es, les cabanes de glamping de vill\u00e9giature, les h\u00f4tels \u00e9ph\u00e9m\u00e8res ou les espaces de travail mobiles.<\/p>\n<\/li>\n<li data-start=\"2051\" data-end=\"2182\">\n<p data-start=\"2053\" data-end=\"2182\"><strong data-start=\"2053\" data-end=\"2073\">Peu d&#039;entretien :<\/strong> Les mat\u00e9riaux r\u00e9sistants aux intemp\u00e9ries et \u00e0 la corrosion augmentent la dur\u00e9e de vie.<\/p>\n<\/li>\n<li data-start=\"2183\" data-end=\"2340\">\n<p data-start=\"2185\" data-end=\"2340\"><strong data-start=\"2185\" data-end=\"2203\">\u00c9conomies d&#039;\u00e9nergie :<\/strong> Une bonne isolation thermique et la possibilit\u00e9 d&#039;utiliser des syst\u00e8mes d&#039;\u00e9nergies renouvelables permettent de r\u00e9duire la consommation d&#039;\u00e9nergie.<\/p>\n<\/li>\n<\/ul>\n<h4><strong>Principales Applications<\/strong><\/h4>\n<ul data-start=\"2318\" data-end=\"2858\">\n<li data-start=\"2373\" data-end=\"2465\">\n<p data-start=\"2375\" data-end=\"2465\"><strong data-start=\"2375\" data-end=\"2398\">Tourisme \/ Glamping :<\/strong> Capsules individuelles pour complexes h\u00f4teliers, \u00e9co-retraites ou destinations de vacances.<\/p>\n<\/li>\n<li data-start=\"2466\" data-end=\"2535\">\n<p data-start=\"2468\" data-end=\"2535\"><strong data-start=\"2468\" data-end=\"2483\">Maisons miniatures :<\/strong> Un mode de vie moderne et compact dans des espaces restreints.<\/p>\n<\/li>\n<li data-start=\"2536\" data-end=\"2612\">\n<p data-start=\"2538\" data-end=\"2612\"><strong data-start=\"2538\" data-end=\"2560\">Espaces de travail mobiles\u00a0:<\/strong> Bureaux \u00e0 distance, studios de jardin ou espaces cr\u00e9atifs modulables.<\/p>\n<\/li>\n<li data-start=\"2613\" data-end=\"2686\">\n<p data-start=\"2615\" data-end=\"2686\"><strong data-start=\"2615\" data-end=\"2640\">H\u00f4tellerie de charme :<\/strong> Chambres d&#039;h\u00f4tel capsules ou cabines d&#039;h\u00f4tes uniques.<\/p>\n<\/li>\n<li data-start=\"2687\" data-end=\"2761\">\n<p data-start=\"2689\" data-end=\"2761\"><strong data-start=\"2689\" data-end=\"2701\">Fen\u00eatres contextuelles :<\/strong> Structures temporaires ou saisonni\u00e8res pour des \u00e9v\u00e9nements ou des expositions.<\/p>\n<\/li>\n<\/ul>\n<h4><strong>Pourquoi choisir ERAD Steel ?<\/strong><\/h4>\n<ul>\n<li>Qualit\u00e9 fiable et structure en acier robuste.<\/li>\n<li>Livraison rapide et service client professionnel.<\/li>\n<li>Fiabilit\u00e9 reconnue par des clients \u00e0 travers l\u2019Afrique, l\u2019Union europ\u00e9enne et la r\u00e9gion MENA.<\/li>\n<\/ul>\n<h4><strong>\ud83d\udcf2 Int\u00e9ress\u00e9(e) par notre <\/strong><strong data-start=\"129\" data-end=\"146\">Capsule <\/strong><strong>\u00a0Maison ?<\/strong><\/h4>\n<p>Discutez directement avec notre \u00e9quipe pour les prix et les d\u00e9tails :<\/p>\n<div class=\"sc_item_button sc_button_wrap\"><a class=\"sc_button sc_button_default sc_button_size_normal sc_button_icon_left\" href=\"#quote\"><span class=\"sc_button_text\"><span class=\"sc_button_title\">Obtenez un devis rapide<\/span><\/span><\/a><\/div>\n<div class=\"erad-gallery-header\" style=\"text-align: center;\"><\/div>\n<div class=\"erad-slider-section\"><\/div>","protected":false},"excerpt":{"rendered":"<p data-start=\"300\" data-end=\"684\"><strong>Maison capsule<\/strong> Une maison moderne et compacte de type capsule, avec une structure \u00e9l\u00e9gante en acier ou en aluminium.<br data-start=\"187\" data-end=\"190\" \/>Con\u00e7u pour un mode de vie efficace et \u00e9cologique, avec une excellente isolation et une faible consommation d&#039;\u00e9nergie.<\/p>\n<div class=\"elementor-element elementor-element-b057435 sc_fly_static elementor-widget elementor-widget-trx_sc_button trx_addons_parallax_layers_inited trx_addons_parallax_blocks_inited\" data-id=\"b057435\" data-element_type=\"widget\" data-widget_type=\"trx_sc_button.default\">\n<div class=\"elementor-widget-container\">\n<div class=\"sc_item_button sc_button_wrap\"><a class=\"sc_button sc_button_default sc_button_size_normal sc_button_icon_left\" href=\"#quote\"><span class=\"sc_button_text\"><span class=\"sc_button_title\">Obtenez un devis rapide<\/span><\/span><\/a><\/div>\n<\/div>\n<\/div>","protected":false},"featured_media":9559,"template":"","meta":[],"product_brand":[],"product_cat":[183],"product_tag":[],"class_list":{"0":"post-9555","1":"product","2":"type-product","3":"status-publish","4":"has-post-thumbnail","6":"product_cat-pref-solution","7":"en-US","9":"first","10":"instock","11":"shipping-taxable","12":"product-type-simple"},"_links":{"self":[{"href":"https:\/\/eradsteel.com\/fr\/wp-json\/wp\/v2\/product\/9555","targetHints":{"allow":["GET"]}}],"collection":[{"href":"https:\/\/eradsteel.com\/fr\/wp-json\/wp\/v2\/product"}],"about":[{"href":"https:\/\/eradsteel.com\/fr\/wp-json\/wp\/v2\/types\/product"}],"wp:featuredmedia":[{"embeddable":true,"href":"https:\/\/eradsteel.com\/fr\/wp-json\/wp\/v2\/media\/9559"}],"wp:attachment":[{"href":"https:\/\/eradsteel.com\/fr\/wp-json\/wp\/v2\/media?parent=9555"}],"wp:term":[{"taxonomy":"product_brand","embeddable":true,"href":"https:\/\/eradsteel.com\/fr\/wp-json\/wp\/v2\/product_brand?post=9555"},{"taxonomy":"product_cat","embeddable":true,"href":"https:\/\/eradsteel.com\/fr\/wp-json\/wp\/v2\/product_cat?post=9555"},{"taxonomy":"product_tag","embeddable":true,"href":"https:\/\/eradsteel.com\/fr\/wp-json\/wp\/v2\/product_tag?post=9555"}],"curies":[{"name":"wp","href":"https:\/\/api.w.org\/{rel}","templated":true}]}}