{"id":9546,"date":"2020-11-19T08:14:20","date_gmt":"2020-11-19T08:14:20","guid":{"rendered":"https:\/\/eradsteel.com\/?post_type=product&#038;p=9546"},"modified":"2025-11-19T13:18:23","modified_gmt":"2025-11-19T13:18:23","slug":"apple-house","status":"publish","type":"product","link":"https:\/\/eradsteel.com\/fr\/produit\/apple-house\/","title":{"rendered":"Maison des pommes"},"content":{"rendered":"<div style=\"display: none;\">\n<div class=\"wpcf7 no-js\" id=\"wpcf7-f232-o1\" lang=\"en-US\" dir=\"ltr\" data-wpcf7-id=\"232\">\n<div class=\"screen-reader-response\"><p role=\"status\" aria-live=\"polite\" aria-atomic=\"true\"><\/p> <ul><\/ul><\/div>\n<form action=\"\/fr\/wp-json\/wp\/v2\/product\/9546#wpcf7-f232-o1\" method=\"post\" class=\"wpcf7-form init\" aria-label=\"Formulaire de contact\" novalidate=\"novalidate\" data-status=\"init\" data-trp-original-action=\"\/fr\/wp-json\/wp\/v2\/product\/9546#wpcf7-f232-o1\">\n<fieldset class=\"hidden-fields-container\"><input type=\"hidden\" name=\"_wpcf7\" value=\"232\" \/><input type=\"hidden\" name=\"_wpcf7_version\" value=\"6.1.1\" \/><input type=\"hidden\" name=\"_wpcf7_locale\" value=\"en_US\" \/><input type=\"hidden\" name=\"_wpcf7_unit_tag\" value=\"wpcf7-f232-o1\" \/><input type=\"hidden\" name=\"_wpcf7_container_post\" value=\"0\" \/><input type=\"hidden\" name=\"_wpcf7_posted_data_hash\" value=\"\" \/>\n<\/fieldset>\n<div class=\"form-style-3\">\n\t<div class=\"columns_wrap\">\n\t\t<div class=\"column-1_2\">\n\t\t\t<p><span class=\"style-line icon-name\"><span class=\"wpcf7-form-control-wrap\" data-name=\"your-name\"><input size=\"40\" maxlength=\"400\" class=\"wpcf7-form-control wpcf7-text wpcf7-validates-as-required\" aria-required=\"true\" aria-invalid=\"false\" placeholder=\"Nom\" value=\"\" type=\"text\" name=\"your-name\" \/><\/span><\/span>\n\t\t\t<\/p>\n\t\t<\/div>\n\t\t<div class=\"column-1_2\">\n\t\t\t<p><span class=\"style-line icon-email\"><span class=\"wpcf7-form-control-wrap\" data-name=\"your-email\"><input size=\"40\" maxlength=\"400\" class=\"wpcf7-form-control wpcf7-email wpcf7-validates-as-required wpcf7-text wpcf7-validates-as-email\" aria-required=\"true\" aria-invalid=\"false\" placeholder=\"Adresse email\" value=\"\" type=\"email\" name=\"your-email\" \/><\/span><\/span>\n\t\t\t<\/p>\n\t\t<\/div>\n\t<\/div>\n\t<div class=\"columns_wrap\">\n\t\t<div class=\"column-1_2\">\n\t\t\t<p><span class=\"style-line icon-phone\"><span class=\"wpcf7-form-control-wrap\" data-name=\"phone\"><input size=\"40\" maxlength=\"400\" class=\"wpcf7-form-control wpcf7-tel wpcf7-validates-as-required wpcf7-text wpcf7-validates-as-tel\" aria-required=\"true\" aria-invalid=\"false\" placeholder=\"T\u00e9l\u00e9phone\" value=\"\" type=\"tel\" name=\"phone\" \/><\/span><\/span>\n\t\t\t<\/p>\n\t\t<\/div>\n\t\t<div class=\"column-1_2\">\n\t\t\t<p><span class=\"style-line icon-subject\"><span class=\"wpcf7-form-control-wrap\" data-name=\"subject\"><input size=\"40\" maxlength=\"400\" class=\"wpcf7-form-control wpcf7-text wpcf7-validates-as-required\" aria-required=\"true\" aria-invalid=\"false\" placeholder=\"Sujet\" value=\"\" type=\"text\" name=\"subject\" \/><\/span><\/span>\n\t\t\t<\/p>\n\t\t<\/div>\n\t<\/div>\n\t<div class=\"columns_wrap margin-bottom\">\n\t\t<div class=\"column-1_1\">\n\t\t\t<p><span class=\"style-line icon-textarea\"><span class=\"wpcf7-form-control-wrap\" data-name=\"your-message\"><textarea cols=\"40\" rows=\"10\" maxlength=\"2000\" class=\"wpcf7-form-control wpcf7-textarea wpcf7-validates-as-required\" aria-required=\"true\" aria-invalid=\"false\" placeholder=\"Comment pouvons-nous vous aider ? N&#039;h\u00e9sitez pas \u00e0 nous contacter !\" name=\"your-message\"><\/textarea><\/span><\/span>\n\t\t\t<\/p>\n\t\t<\/div>\n\t<\/div>\n<div class=\"wpcf7-turnstile cf-turnstile\" data-sitekey=\"0x4AAAAAAB0XAVz92lw7mzFA\" data-response-field-name=\"_wpcf7_turnstile_response\"><\/div>\n\t<p><span class=\"wpcf7-form-control-wrap\" data-name=\"acceptance\"><span class=\"wpcf7-form-control wpcf7-acceptance\"><span class=\"wpcf7-list-item\"><label><input type=\"checkbox\" name=\"acceptance\" value=\"1\" aria-invalid=\"false\" \/><span class=\"wpcf7-list-item-label\">Je suis d&#039;accord, mes donn\u00e9es sont <a href=\"\/fr\/privacy-policy\/\">collect\u00e9s et stock\u00e9s<\/a>.<\/span><\/label><\/span><\/span><\/span><br \/>\n<input class=\"wpcf7-form-control wpcf7-submit has-spinner\" type=\"submit\" value=\"Nous contacter\" \/>\n\t<\/p>\n<\/div><input type='hidden' class='wpcf7-pum' value='{\"closepopup\":false,\"closedelay\":0,\"openpopup\":false,\"openpopup_id\":0}' \/><div class=\"wpcf7-response-output\" aria-hidden=\"true\"><\/div>\n<input type=\"hidden\" name=\"trp-form-language\" value=\"fr\"\/><\/form>\n<\/div>\n<\/div>\n<h3><strong>Maison des pommes \/ Cabane des pommes<\/strong><\/h3>\n<p><strong>Moderne. Mobile. \u00c9l\u00e9gant.<\/strong><\/p>\n<p>Construite avec une structure l\u00e9g\u00e8re en acier et des mat\u00e9riaux ext\u00e9rieurs de haute qualit\u00e9, la cabane Apple Cabin est dot\u00e9e de grandes fen\u00eatres \u00e0 double vitrage qui inondent l&#039;int\u00e9rieur de lumi\u00e8re naturelle et offrent des vues imprenables. Ses panneaux isolants assurent une temp\u00e9rature agr\u00e9able toute l&#039;ann\u00e9e, tandis que sa structure \u00e9tanche et r\u00e9sistante \u00e0 la corrosion garantit sa durabilit\u00e9 et un entretien minimal.<\/p>\n<h4><strong>Points forts<\/strong><\/h4>\n<ul>\n<li><span style=\"font-size: 1rem; letter-spacing: 0px;\"><strong data-start=\"527\" data-end=\"555\">Design \u00e9l\u00e9gant et moderne :<\/strong> Structure \u00e9l\u00e9gante et incurv\u00e9e avec de grandes baies vitr\u00e9es laissant entrer la lumi\u00e8re naturelle et offrant des vues panoramiques. <\/span><\/li>\n<li><span style=\"font-size: 1rem; letter-spacing: 0px;\"><strong data-start=\"644\" data-end=\"665\">Mobile et modulaire :<\/strong> Unit\u00e9s pr\u00e9fabriqu\u00e9es et pr\u00eates \u00e0 \u00eatre d\u00e9ploy\u00e9es, pouvant \u00eatre utilis\u00e9es individuellement ou combin\u00e9es pour des configurations \u00e0 plusieurs \u00e9tages.<\/span><\/li>\n<li><span style=\"font-size: 1rem; letter-spacing: 0px;\"><strong data-start=\"774\" data-end=\"792\">Pr\u00eat \u00e0 l&#039;emploi :<\/strong> Livr\u00e9 enti\u00e8rement assembl\u00e9 et rapidement d\u00e9ployable sur diff\u00e9rents sites.<\/span><\/li>\n<li><span style=\"font-size: 1rem; letter-spacing: 0px;\"><strong data-start=\"870\" data-end=\"887\">\u00c9cologique :<\/strong> Fabriqu\u00e9 \u00e0 partir de mat\u00e9riaux durables et recyclables, avec une isolation \u00e9co\u00e9nerg\u00e9tique.<\/span><\/li>\n<li><strong data-start=\"762\" data-end=\"787\">Isolation efficace :<\/strong> Isolation thermique haute performance adapt\u00e9e aux climats extr\u00eames, de \u201330 \u00b0C \u00e0 +50 \u00b0C sur certains mod\u00e8les.<\/li>\n<\/ul>\n<h4><strong>Tailles et options disponibles<\/strong><\/h4>\n<p>Les Apple Houses se d\u00e9clinent en plusieurs tailles et configurations pour r\u00e9pondre aux diff\u00e9rents besoins des projets, allant des modules individuels compacts aux installations modulaires \u00e0 plusieurs \u00e9tages.<\/p>\n<ul>\n<li data-start=\"1163\" data-end=\"1232\">\n<p data-start=\"1165\" data-end=\"1232\"><strong data-start=\"1165\" data-end=\"1184\">Tailles standard :<\/strong> Modules individuels (dimensions compactes vari\u00e9es)<\/p>\n<\/li>\n<li data-start=\"1233\" data-end=\"1307\">\n<p data-start=\"1235\" data-end=\"1307\"><strong data-start=\"1235\" data-end=\"1257\">Dimensions personnalis\u00e9es\u00a0:<\/strong> Des plans sur mesure pour r\u00e9pondre aux sp\u00e9cifications du projet<\/p>\n<\/li>\n<li data-start=\"1308\" data-end=\"1443\">\n<p data-start=\"1310\" data-end=\"1443\"><strong data-start=\"1310\" data-end=\"1331\">Options flexibles\u00a0:<\/strong> Maison \u00e0 un ou deux \u00e9tages, mobilier int\u00e9rieur, isolation, syst\u00e8mes \u00e9lectriques et \u00e9quipements suppl\u00e9mentaires disponibles<\/p>\n<\/li>\n<\/ul>\n<h4><strong>Principaux Avantages<\/strong><\/h4>\n<ul data-start=\"1810\" data-end=\"2298\">\n<li data-start=\"1810\" data-end=\"1911\">\n<p data-start=\"1812\" data-end=\"1911\"><strong data-start=\"1473\" data-end=\"1494\">\u00c9l\u00e9gant et unique :<\/strong> Un design attrayant, id\u00e9al pour les habitations modernes, l&#039;h\u00f4tellerie ou les espaces commerciaux.<\/p>\n<\/li>\n<li data-start=\"1810\" data-end=\"1911\">\n<p data-start=\"1812\" data-end=\"1911\"><strong data-start=\"1577\" data-end=\"1602\">Construction durable :<\/strong> Sa structure en acier et son ext\u00e9rieur r\u00e9sistant aux intemp\u00e9ries garantissent une performance durable.<\/p>\n<\/li>\n<li data-start=\"1810\" data-end=\"1911\">\n<p data-start=\"1812\" data-end=\"1911\"><strong data-start=\"1678\" data-end=\"1706\">Flexible et personnalisable :<\/strong> Sa conception modulaire facilite le transport, l&#039;installation et la personnalisation int\u00e9rieure.<\/p>\n<\/li>\n<li data-start=\"1810\" data-end=\"1911\">\n<p data-start=\"1812\" data-end=\"1911\"><strong data-start=\"1782\" data-end=\"1803\">D\u00e9ploiement rapide\u00a0:<\/strong> Pr\u00e9fabriqu\u00e9s en usine afin de r\u00e9duire les d\u00e9lais et les co\u00fbts de construction sur site.<\/p>\n<\/li>\n<\/ul>\n<h4><strong>Principales Applications<\/strong><\/h4>\n<ul data-start=\"2318\" data-end=\"2858\">\n<li data-start=\"2318\" data-end=\"2398\">\n<p data-start=\"2320\" data-end=\"2398\"><strong data-start=\"1911\" data-end=\"1934\">Complexes h\u00f4teliers et glamping\u00a0:<\/strong> Des cabanes de luxe pour complexes h\u00f4teliers, locations de vacances ou retraites en pleine nature.<\/p>\n<\/li>\n<li data-start=\"2318\" data-end=\"2398\">\n<p data-start=\"2320\" data-end=\"2398\"><strong data-start=\"2000\" data-end=\"2016\">R\u00e9sidentiel:<\/strong> Mini-maisons, maisons d&#039;h\u00f4tes ou logements compacts.<\/p>\n<\/li>\n<li data-start=\"2318\" data-end=\"2398\">\n<p data-start=\"2320\" data-end=\"2398\"><strong data-start=\"2070\" data-end=\"2092\">Bureaux et studios :<\/strong> Bureaux mobiles, studios de jardin ou espaces de travail modulaires.<\/p>\n<\/li>\n<li data-start=\"2318\" data-end=\"2398\">\n<p data-start=\"2320\" data-end=\"2398\"><strong data-start=\"2146\" data-end=\"2166\">\u00c9v\u00e9nements et vente au d\u00e9tail\u00a0:<\/strong> Boutiques \u00e9ph\u00e9m\u00e8res, stands d&#039;exposition ou structures \u00e9v\u00e9nementielles temporaires.<\/p>\n<\/li>\n<li data-start=\"2318\" data-end=\"2398\">\n<p data-start=\"2320\" data-end=\"2398\"><strong data-start=\"2233\" data-end=\"2249\">Hospitalit\u00e9:<\/strong> H\u00e9bergements de charme, caf\u00e9s ou kiosques de services dans les parcs et les sites pittoresques.<\/p>\n<\/li>\n<\/ul>\n<h4><strong>Pourquoi choisir ERAD Steel ?<\/strong><\/h4>\n<ul>\n<li>Qualit\u00e9 fiable et structure en acier robuste.<\/li>\n<li>Livraison rapide et service client professionnel.<\/li>\n<li>Fiabilit\u00e9 reconnue par des clients \u00e0 travers l\u2019Afrique, l\u2019Union europ\u00e9enne et la r\u00e9gion MENA.<\/li>\n<\/ul>\n<h4><strong>\ud83d\udcf2 Notre Maison des Pommes vous int\u00e9resse ?<\/strong><\/h4>\n<p>Discutez directement avec notre \u00e9quipe pour les prix et les d\u00e9tails :<\/p>\n<div class=\"sc_item_button sc_button_wrap\"><a class=\"sc_button sc_button_default sc_button_size_normal sc_button_icon_left\" href=\"#quote\"><span class=\"sc_button_text\"><span class=\"sc_button_title\">Obtenez un devis rapide<\/span><\/span><\/a><\/div>\n<div class=\"erad-gallery-header\" style=\"text-align: center;\"><\/div>\n<div class=\"erad-slider-section\"><\/div>","protected":false},"excerpt":{"rendered":"<h2 data-start=\"248\" data-end=\"298\"><strong>Maison des pommes \/ Cabane des pommes<\/strong><\/h2>\n<p data-start=\"300\" data-end=\"684\"><br data-start=\"329\" data-end=\"332\" \/>Le <strong data-start=\"336\" data-end=\"351\">Maison des pommes<\/strong>, \u00e9galement connu sous le nom de <strong data-start=\"371\" data-end=\"386\">Cabane aux pommes<\/strong>est un module d&#039;habitation moderne con\u00e7u pour allier mobilit\u00e9, style et confort. Inspir\u00e9e par la forme organique d&#039;une pomme, cette structure pr\u00e9fabriqu\u00e9e combine un design \u00e9l\u00e9gant \u00e0 une fonctionnalit\u00e9 pratique \u2013 id\u00e9ale pour les villas de vill\u00e9giature, le glamping, les h\u00f4tels mobiles, les studios de jardin, les bureaux ou m\u00eame les maisons compactes.<\/p>\n<div class=\"elementor-element elementor-element-b057435 sc_fly_static elementor-widget elementor-widget-trx_sc_button trx_addons_parallax_layers_inited trx_addons_parallax_blocks_inited\" data-id=\"b057435\" data-element_type=\"widget\" data-widget_type=\"trx_sc_button.default\">\n<div class=\"elementor-widget-container\">\n<div class=\"sc_item_button sc_button_wrap\"><a class=\"sc_button sc_button_default sc_button_size_normal sc_button_icon_left\" href=\"#quote\"><span class=\"sc_button_text\"><span class=\"sc_button_title\">Obtenez un devis rapide<\/span><\/span><\/a><\/div>\n<\/div>\n<\/div>","protected":false},"featured_media":9552,"template":"","meta":[],"product_brand":[],"product_cat":[183],"product_tag":[],"class_list":{"0":"post-9546","1":"product","2":"type-product","3":"status-publish","4":"has-post-thumbnail","6":"product_cat-pref-solution","7":"en-US","9":"first","10":"instock","11":"shipping-taxable","12":"product-type-simple"},"_links":{"self":[{"href":"https:\/\/eradsteel.com\/fr\/wp-json\/wp\/v2\/product\/9546","targetHints":{"allow":["GET"]}}],"collection":[{"href":"https:\/\/eradsteel.com\/fr\/wp-json\/wp\/v2\/product"}],"about":[{"href":"https:\/\/eradsteel.com\/fr\/wp-json\/wp\/v2\/types\/product"}],"wp:featuredmedia":[{"embeddable":true,"href":"https:\/\/eradsteel.com\/fr\/wp-json\/wp\/v2\/media\/9552"}],"wp:attachment":[{"href":"https:\/\/eradsteel.com\/fr\/wp-json\/wp\/v2\/media?parent=9546"}],"wp:term":[{"taxonomy":"product_brand","embeddable":true,"href":"https:\/\/eradsteel.com\/fr\/wp-json\/wp\/v2\/product_brand?post=9546"},{"taxonomy":"product_cat","embeddable":true,"href":"https:\/\/eradsteel.com\/fr\/wp-json\/wp\/v2\/product_cat?post=9546"},{"taxonomy":"product_tag","embeddable":true,"href":"https:\/\/eradsteel.com\/fr\/wp-json\/wp\/v2\/product_tag?post=9546"}],"curies":[{"name":"wp","href":"https:\/\/api.w.org\/{rel}","templated":true}]}}