{"id":9511,"date":"2025-11-18T23:04:20","date_gmt":"2025-11-18T23:04:20","guid":{"rendered":"https:\/\/eradsteel.com\/?post_type=product&#038;p=9511"},"modified":"2025-11-19T13:22:29","modified_gmt":"2025-11-19T13:22:29","slug":"galvanized-sheet","status":"publish","type":"product","link":"https:\/\/eradsteel.com\/fr\/produit\/galvanized-sheet\/","title":{"rendered":"T\u00f4le\/Plaque galvanis\u00e9e"},"content":{"rendered":"<div style=\"display: none;\">\n<div class=\"wpcf7 no-js\" id=\"wpcf7-f232-o1\" lang=\"en-US\" dir=\"ltr\" data-wpcf7-id=\"232\">\n<div class=\"screen-reader-response\"><p role=\"status\" aria-live=\"polite\" aria-atomic=\"true\"><\/p> <ul><\/ul><\/div>\n<form action=\"\/fr\/wp-json\/wp\/v2\/product\/9511#wpcf7-f232-o1\" method=\"post\" class=\"wpcf7-form init\" aria-label=\"Formulaire de contact\" novalidate=\"novalidate\" data-status=\"init\" data-trp-original-action=\"\/fr\/wp-json\/wp\/v2\/product\/9511#wpcf7-f232-o1\">\n<fieldset class=\"hidden-fields-container\"><input type=\"hidden\" name=\"_wpcf7\" value=\"232\" \/><input type=\"hidden\" name=\"_wpcf7_version\" value=\"6.1.1\" \/><input type=\"hidden\" name=\"_wpcf7_locale\" value=\"en_US\" \/><input type=\"hidden\" name=\"_wpcf7_unit_tag\" value=\"wpcf7-f232-o1\" \/><input type=\"hidden\" name=\"_wpcf7_container_post\" value=\"0\" \/><input type=\"hidden\" name=\"_wpcf7_posted_data_hash\" value=\"\" \/>\n<\/fieldset>\n<div class=\"form-style-3\">\n\t<div class=\"columns_wrap\">\n\t\t<div class=\"column-1_2\">\n\t\t\t<p><span class=\"style-line icon-name\"><span class=\"wpcf7-form-control-wrap\" data-name=\"your-name\"><input size=\"40\" maxlength=\"400\" class=\"wpcf7-form-control wpcf7-text wpcf7-validates-as-required\" aria-required=\"true\" aria-invalid=\"false\" placeholder=\"Nom\" value=\"\" type=\"text\" name=\"your-name\" \/><\/span><\/span>\n\t\t\t<\/p>\n\t\t<\/div>\n\t\t<div class=\"column-1_2\">\n\t\t\t<p><span class=\"style-line icon-email\"><span class=\"wpcf7-form-control-wrap\" data-name=\"your-email\"><input size=\"40\" maxlength=\"400\" class=\"wpcf7-form-control wpcf7-email wpcf7-validates-as-required wpcf7-text wpcf7-validates-as-email\" aria-required=\"true\" aria-invalid=\"false\" placeholder=\"Adresse email\" value=\"\" type=\"email\" name=\"your-email\" \/><\/span><\/span>\n\t\t\t<\/p>\n\t\t<\/div>\n\t<\/div>\n\t<div class=\"columns_wrap\">\n\t\t<div class=\"column-1_2\">\n\t\t\t<p><span class=\"style-line icon-phone\"><span class=\"wpcf7-form-control-wrap\" data-name=\"phone\"><input size=\"40\" maxlength=\"400\" class=\"wpcf7-form-control wpcf7-tel wpcf7-validates-as-required wpcf7-text wpcf7-validates-as-tel\" aria-required=\"true\" aria-invalid=\"false\" placeholder=\"T\u00e9l\u00e9phone\" value=\"\" type=\"tel\" name=\"phone\" \/><\/span><\/span>\n\t\t\t<\/p>\n\t\t<\/div>\n\t\t<div class=\"column-1_2\">\n\t\t\t<p><span class=\"style-line icon-subject\"><span class=\"wpcf7-form-control-wrap\" data-name=\"subject\"><input size=\"40\" maxlength=\"400\" class=\"wpcf7-form-control wpcf7-text wpcf7-validates-as-required\" aria-required=\"true\" aria-invalid=\"false\" placeholder=\"Sujet\" value=\"\" type=\"text\" name=\"subject\" \/><\/span><\/span>\n\t\t\t<\/p>\n\t\t<\/div>\n\t<\/div>\n\t<div class=\"columns_wrap margin-bottom\">\n\t\t<div class=\"column-1_1\">\n\t\t\t<p><span class=\"style-line icon-textarea\"><span class=\"wpcf7-form-control-wrap\" data-name=\"your-message\"><textarea cols=\"40\" rows=\"10\" maxlength=\"2000\" class=\"wpcf7-form-control wpcf7-textarea wpcf7-validates-as-required\" aria-required=\"true\" aria-invalid=\"false\" placeholder=\"Comment pouvons-nous vous aider ? N&#039;h\u00e9sitez pas \u00e0 nous contacter !\" name=\"your-message\"><\/textarea><\/span><\/span>\n\t\t\t<\/p>\n\t\t<\/div>\n\t<\/div>\n<div class=\"wpcf7-turnstile cf-turnstile\" data-sitekey=\"0x4AAAAAAB0XAVz92lw7mzFA\" data-response-field-name=\"_wpcf7_turnstile_response\"><\/div>\n\t<p><span class=\"wpcf7-form-control-wrap\" data-name=\"acceptance\"><span class=\"wpcf7-form-control wpcf7-acceptance\"><span class=\"wpcf7-list-item\"><label><input type=\"checkbox\" name=\"acceptance\" value=\"1\" aria-invalid=\"false\" \/><span class=\"wpcf7-list-item-label\">Je suis d&#039;accord, mes donn\u00e9es sont <a href=\"\/fr\/privacy-policy\/\">collect\u00e9s et stock\u00e9s<\/a>.<\/span><\/label><\/span><\/span><\/span><br \/>\n<input class=\"wpcf7-form-control wpcf7-submit has-spinner\" type=\"submit\" value=\"Nous contacter\" \/>\n\t<\/p>\n<\/div><input type='hidden' class='wpcf7-pum' value='{\"closepopup\":false,\"closedelay\":0,\"openpopup\":false,\"openpopup_id\":0}' \/><div class=\"wpcf7-response-output\" aria-hidden=\"true\"><\/div>\n<input type=\"hidden\" name=\"trp-form-language\" value=\"fr\"\/><\/form>\n<\/div>\n<\/div>\n<p>&nbsp;<\/p>\n<h3 data-start=\"152\" data-end=\"195\"><strong data-start=\"154\" data-end=\"193\">T\u00f4le galvanis\u00e9e \/ Plaque galvanis\u00e9e<\/strong><\/h3>\n<h4 data-start=\"197\" data-end=\"219\"><strong data-start=\"200\" data-end=\"217\">Mat\u00e9riau principal<\/strong><\/h4>\n<p data-start=\"220\" data-end=\"247\"><strong data-start=\"220\" data-end=\"234\">Substrat:<\/strong> Acier doux<\/p>\n<p data-start=\"249\" data-end=\"305\"><strong data-start=\"249\" data-end=\"264\">Type de plaque:<\/strong> T\u00f4le\/plaque d&#039;acier galvanis\u00e9 \u00e0 chaud<\/p>\n<h4 data-start=\"312\" data-end=\"331\"><strong data-start=\"315\" data-end=\"329\">Propri\u00e9t\u00e9s<\/strong><\/h4>\n<ul>\n<li data-start=\"333\" data-end=\"487\"><strong data-start=\"333\" data-end=\"358\">R\u00e9sistance \u00e0 la corrosion :<\/strong> Le rev\u00eatement en zinc prot\u00e8ge l&#039;acier de la rouille et des intemp\u00e9ries, ce qui le rend id\u00e9al pour les applications ext\u00e9rieures et industrielles.<\/li>\n<li data-start=\"489\" data-end=\"590\"><strong data-start=\"489\" data-end=\"504\">Durabilit\u00e9:<\/strong> R\u00e9sistant \u00e0 l&#039;abrasion, \u00e0 l&#039;usure et aux intemp\u00e9ries, assurant une longue dur\u00e9e de vie.<\/li>\n<li data-start=\"592\" data-end=\"669\"><strong data-start=\"592\" data-end=\"608\">Entretien minimal :<\/strong> Peu d&#039;entretien requis gr\u00e2ce \u00e0 la couche protectrice de zinc.<\/li>\n<li data-start=\"671\" data-end=\"766\"><strong data-start=\"671\" data-end=\"687\">Formabilit\u00e9 :<\/strong> Facile \u00e0 couper, \u00e0 plier et \u00e0 travailler pour diverses utilisations structurelles et industrielles.<\/li>\n<\/ul>\n<h4 data-start=\"773\" data-end=\"803\"><strong data-start=\"776\" data-end=\"801\">Processus de fabrication<\/strong><\/h4>\n<ul>\n<li data-start=\"805\" data-end=\"883\"><strong data-start=\"805\" data-end=\"818\">Nettoyage:<\/strong> L&#039;acier doux est nettoy\u00e9 pour \u00e9liminer l&#039;huile, la rouille et les impuret\u00e9s.<\/li>\n<li data-start=\"885\" data-end=\"977\"><strong data-start=\"885\" data-end=\"901\">Galvanisation :<\/strong> L&#039;acier est immerg\u00e9 dans un bain de zinc fondu, formant ainsi un rev\u00eatement protecteur.<\/li>\n<li data-start=\"979\" data-end=\"1048\"><strong data-start=\"979\" data-end=\"991\">Refroidissement:<\/strong> L&#039;acier rev\u00eatu est refroidi pour solidifier la couche de zinc.<\/li>\n<li data-start=\"1050\" data-end=\"1121\"><strong data-start=\"1050\" data-end=\"1062\">Coupe:<\/strong> Les feuilles ou les plaques sont d\u00e9coup\u00e9es \u00e0 la taille et \u00e0 la longueur souhait\u00e9es.<\/li>\n<li data-start=\"1123\" data-end=\"1216\"><strong data-start=\"1123\" data-end=\"1137\">Finition:<\/strong> Les bords sont \u00e9bavur\u00e9s et la qualit\u00e9 de surface est contr\u00f4l\u00e9e afin de r\u00e9pondre aux sp\u00e9cifications.<\/li>\n<\/ul>\n<h4 data-start=\"1223\" data-end=\"1254\"><strong data-start=\"1226\" data-end=\"1252\">Sp\u00e9cifications typiques<\/strong><\/h4>\n<ul>\n<li data-start=\"1256\" data-end=\"1284\"><strong data-start=\"1256\" data-end=\"1270\">\u00c9paisseur<\/strong> 0,3 \u2013 20 mm<\/li>\n<li data-start=\"1286\" data-end=\"1313\"><strong data-start=\"1286\" data-end=\"1296\">Largeur<\/strong> 1000 \u2013 1500 mm<\/li>\n<li data-start=\"1315\" data-end=\"1368\"><strong data-start=\"1315\" data-end=\"1326\">Longueur:<\/strong> Jusqu&#039;\u00e0 6 m\u00e8tres (tailles personnalis\u00e9es disponibles)<\/li>\n<li data-start=\"1370\" data-end=\"1416\"><strong data-start=\"1370\" data-end=\"1389\">Poids du rev\u00eatement :<\/strong> Z60 \u2013 Z275 (selon les besoins)<\/li>\n<li data-start=\"1418\" data-end=\"1484\"><strong data-start=\"1418\" data-end=\"1435\">Type de surface :<\/strong> Paillette r\u00e9guli\u00e8re, paillette minimale, paillette z\u00e9ro<\/li>\n<\/ul>\n<h4 data-start=\"1491\" data-end=\"1510\"><strong data-start=\"1494\" data-end=\"1508\">Avantages<\/strong><\/h4>\n<ul>\n<li data-start=\"1512\" data-end=\"1605\"><strong data-start=\"1512\" data-end=\"1537\">Protection contre la corrosion :<\/strong> Prolonge la dur\u00e9e de vie de l&#039;acier en milieu ext\u00e9rieur et industriel.<\/li>\n<li data-start=\"1607\" data-end=\"1709\"><strong data-start=\"1607\" data-end=\"1626\">Rentable :<\/strong> Offre une protection durable \u00e0 un co\u00fbt inf\u00e9rieur \u00e0 celui des autres aciers rev\u00eatus.<\/li>\n<li data-start=\"1711\" data-end=\"1784\"><strong data-start=\"1711\" data-end=\"1723\">Durable:<\/strong> R\u00e9sistant \u00e0 l&#039;usure, \u00e0 l&#039;abrasion et aux conditions climatiques extr\u00eames.<\/li>\n<li data-start=\"1786\" data-end=\"1889\"><strong data-start=\"1786\" data-end=\"1800\">Polyvalent:<\/strong> Convient aux applications de construction, de fabrication, de toiture, de ventilation et industrielles.<\/li>\n<\/ul>\n<h4 data-start=\"1896\" data-end=\"1917\"><strong data-start=\"1899\" data-end=\"1915\">Applications<\/strong><\/h4>\n<ul>\n<li data-start=\"1919\" data-end=\"2010\"><strong data-start=\"1919\" data-end=\"1936\">Construction:<\/strong> Toiture, panneaux de bardage, pannes, panneaux de cl\u00f4ture et charpentes.<\/li>\n<li data-start=\"2012\" data-end=\"2097\"><strong data-start=\"2012\" data-end=\"2031\">CVC et conduits :<\/strong> Conduits de climatisation, tuyaux de ventilation et syst\u00e8mes d&#039;\u00e9vacuation.<\/li>\n<li data-start=\"2099\" data-end=\"2189\"><strong data-start=\"2099\" data-end=\"2115\">Fabrication:<\/strong> Chemins de c\u00e2bles, panneaux \u00e9lectriques, bo\u00eetiers m\u00e9talliques et structures l\u00e9g\u00e8res.<\/li>\n<li data-start=\"2191\" data-end=\"2288\"><strong data-start=\"2191\" data-end=\"2221\">Industrie et agriculture :<\/strong> B\u00e2ches pour machines, r\u00e9servoirs de stockage, barri\u00e8res de protection et silos.<\/li>\n<\/ul>\n<h4><strong>Pourquoi choisir ERAD Steel ?<\/strong><\/h4>\n<ul>\n<li>Qualit\u00e9 fiable et structure en acier robuste.<\/li>\n<li>Livraison rapide et service client professionnel.<\/li>\n<li>Fiabilit\u00e9 reconnue par des clients \u00e0 travers l\u2019Afrique, l\u2019Union europ\u00e9enne et la r\u00e9gion MENA.<\/li>\n<\/ul>\n<h4><strong>\ud83d\udcf2 Int\u00e9ress\u00e9(e) par notre <\/strong><strong data-start=\"154\" data-end=\"193\">T\u00f4le galvanis\u00e9e\/<\/strong><strong data-start=\"260\" data-end=\"325\">Plaque<\/strong><strong>?<\/strong><\/h4>\n<p>Discutez directement avec notre \u00e9quipe pour les prix et les d\u00e9tails :<\/p>\n<div class=\"sc_item_button sc_button_wrap\"><a class=\"sc_button sc_button_default sc_button_size_normal sc_button_icon_left\" href=\"#quote\"><span class=\"sc_button_text\"><span class=\"sc_button_title\">Obtenez un devis rapide<\/span><\/span><\/a><\/div>","protected":false},"excerpt":{"rendered":"<p><strong data-start=\"73\" data-end=\"107\">T\u00f4le\/plaque d&#039;acier galvanis\u00e9<\/strong><br data-start=\"107\" data-end=\"110\" \/>Les t\u00f4les d&#039;acier galvanis\u00e9 sont en acier doux recouvert de zinc pour une protection contre la corrosion et une durabilit\u00e9 accrues. Elles sont id\u00e9ales pour la construction, l&#039;industrie et les applications structurelles, notamment la toiture, le bardage, les supports et les structures m\u00e9talliques.<\/p>\n<div class=\"elementor-element elementor-element-b057435 sc_fly_static elementor-widget elementor-widget-trx_sc_button trx_addons_parallax_layers_inited trx_addons_parallax_blocks_inited\" data-id=\"b057435\" data-element_type=\"widget\" data-widget_type=\"trx_sc_button.default\">\n<div class=\"elementor-widget-container\">\n<div class=\"sc_item_button sc_button_wrap\"><a class=\"sc_button sc_button_default sc_button_size_normal sc_button_icon_left\" href=\"#quote\"><span class=\"sc_button_text\"><span class=\"sc_button_title\">Demander un devis<\/span><\/span><\/a><\/div>\n<\/div>\n<\/div>","protected":false},"featured_media":9534,"template":"","meta":[],"product_brand":[],"product_cat":[187],"product_tag":[],"class_list":{"0":"post-9511","1":"product","2":"type-product","3":"status-publish","4":"has-post-thumbnail","6":"product_cat-steel-sheets-plates","7":"en-US","9":"first","10":"instock","11":"shipping-taxable","12":"product-type-simple"},"_links":{"self":[{"href":"https:\/\/eradsteel.com\/fr\/wp-json\/wp\/v2\/product\/9511","targetHints":{"allow":["GET"]}}],"collection":[{"href":"https:\/\/eradsteel.com\/fr\/wp-json\/wp\/v2\/product"}],"about":[{"href":"https:\/\/eradsteel.com\/fr\/wp-json\/wp\/v2\/types\/product"}],"wp:featuredmedia":[{"embeddable":true,"href":"https:\/\/eradsteel.com\/fr\/wp-json\/wp\/v2\/media\/9534"}],"wp:attachment":[{"href":"https:\/\/eradsteel.com\/fr\/wp-json\/wp\/v2\/media?parent=9511"}],"wp:term":[{"taxonomy":"product_brand","embeddable":true,"href":"https:\/\/eradsteel.com\/fr\/wp-json\/wp\/v2\/product_brand?post=9511"},{"taxonomy":"product_cat","embeddable":true,"href":"https:\/\/eradsteel.com\/fr\/wp-json\/wp\/v2\/product_cat?post=9511"},{"taxonomy":"product_tag","embeddable":true,"href":"https:\/\/eradsteel.com\/fr\/wp-json\/wp\/v2\/product_tag?post=9511"}],"curies":[{"name":"wp","href":"https:\/\/api.w.org\/{rel}","templated":true}]}}