{"id":9420,"date":"2025-11-18T12:31:26","date_gmt":"2025-11-18T12:31:26","guid":{"rendered":"https:\/\/eradsteel.com\/?post_type=product&#038;p=9420"},"modified":"2025-11-19T12:17:52","modified_gmt":"2025-11-19T12:17:52","slug":"rectangular-hollow-section","status":"publish","type":"product","link":"https:\/\/eradsteel.com\/fr\/produit\/rectangular-hollow-section\/","title":{"rendered":"Section creuse rectangulaire"},"content":{"rendered":"<h3 data-start=\"257\" data-end=\"325\"><strong data-start=\"260\" data-end=\"325\">Profil\u00e9 creux rectangulaire (RHS)<\/strong><\/h3>\n<p>Acier haute r\u00e9sistance pour la construction moderne<\/p>\n<p data-start=\"4767\" data-end=\"5053\">Profil\u00e9s creux rectangulaires \u2014 connus sous le nom de <strong data-start=\"4804\" data-end=\"4823\">tubes en acier RHS<\/strong>\u2014pr\u00e9sentent un rapport r\u00e9sistance\/poids \u00e9lev\u00e9 et sont largement utilis\u00e9es dans les applications structurelles, m\u00e9caniques et architecturales. Leur forme rectangulaire leur conf\u00e8re une excellente rigidit\u00e9 et une capacit\u00e9 de charge \u00e9lev\u00e9e, notamment en flexion directionnelle.<\/p>\n<p data-start=\"5055\" data-end=\"5202\">ERAD Steel fournit des profil\u00e9s RHS d&#039;une rectitude exceptionnelle, aux tol\u00e9rances pr\u00e9cises et \u00e0 l&#039;\u00e9paisseur de paroi constante, adapt\u00e9s aux structures d&#039;ing\u00e9nierie.<\/p>\n<h4 data-start=\"3186\" data-end=\"3206\"><strong data-start=\"3190\" data-end=\"3206\">Points forts<\/strong><\/h4>\n<ul data-start=\"3208\" data-end=\"3436\">\n<li style=\"list-style-type: none;\" data-start=\"3208\" data-end=\"3244\">\n<ul>\n<li data-start=\"5231\" data-end=\"5304\">\n<p data-start=\"5233\" data-end=\"5304\">Haute r\u00e9sistance structurelle et r\u00e9sistance sup\u00e9rieure \u00e0 la flexion directionnelle<\/p>\n<\/li>\n<li data-start=\"5305\" data-end=\"5353\">\n<p data-start=\"5307\" data-end=\"5353\">Id\u00e9al pour les grandes port\u00e9es et les cadres porteurs<\/p>\n<\/li>\n<li data-start=\"5354\" data-end=\"5396\">\n<p data-start=\"5356\" data-end=\"5396\">bords lisses et dimensions r\u00e9guli\u00e8res<\/p>\n<\/li>\n<li data-start=\"5397\" data-end=\"5449\">\n<p data-start=\"5399\" data-end=\"5449\">Id\u00e9al pour le soudage, la fabrication et l&#039;assemblage<\/p>\n<\/li>\n<li data-start=\"5450\" data-end=\"5504\">\n<p data-start=\"5452\" data-end=\"5504\">Disponible en <strong data-start=\"5465\" data-end=\"5474\">noir<\/strong> et <strong data-start=\"5479\" data-end=\"5493\">galvanis\u00e9<\/strong> finitions<\/p>\n<\/li>\n<\/ul>\n<\/li>\n<\/ul>\n<h4 data-start=\"3443\" data-end=\"3463\"><strong data-start=\"3447\" data-end=\"3463\">Applications<\/strong><\/h4>\n<ul data-start=\"3465\" data-end=\"3689\">\n<li data-start=\"5533\" data-end=\"5563\">\n<p data-start=\"5535\" data-end=\"5563\">Poutres et colonnes de structure<\/p>\n<\/li>\n<li data-start=\"5564\" data-end=\"5585\">\n<p data-start=\"5566\" data-end=\"5585\">Cadres \u00e0 grande port\u00e9e<\/p>\n<\/li>\n<li data-start=\"5586\" data-end=\"5622\">\n<p data-start=\"5588\" data-end=\"5622\">fabrication de machines industrielles<\/p>\n<\/li>\n<li data-start=\"5623\" data-end=\"5659\">\n<p data-start=\"5625\" data-end=\"5659\">structures d&#039;entrep\u00f4ts et d&#039;usines<\/p>\n<\/li>\n<li data-start=\"5660\" data-end=\"5691\">\n<p data-start=\"5662\" data-end=\"5691\">Ch\u00e2ssis de v\u00e9hicule et de remorque<\/p>\n<\/li>\n<li data-start=\"5692\" data-end=\"5734\">\n<p data-start=\"5694\" data-end=\"5734\">Portes, portails et panneaux architecturaux<\/p>\n<\/li>\n<\/ul>\n<h4 data-start=\"941\" data-end=\"974\"><strong data-start=\"948\" data-end=\"974\">Sp\u00e9cifications du produit<\/strong><\/h4>\n<p class=\"\" data-start=\"976\" data-end=\"1139\">Nos sections creuses en acier sont disponibles dans un large \u00e9ventail de dimensions et de finitions.<\/p>\n<table>\n<thead>\n<tr>\n<th>Taille (mm)<\/th>\n<th>\u00c9paisseur (mm)<\/th>\n<th>Longueur (m)<\/th>\n<th>Finition<\/th>\n<\/tr>\n<\/thead>\n<tbody>\n<tr>\n<td>40 \u00d7 20<\/td>\n<td>1.2 \u2013 2.0<\/td>\n<td>6<\/td>\n<td>Noir \/ Galvanis\u00e9<\/td>\n<\/tr>\n<tr>\n<td>50 \u00d7 25<\/td>\n<td>1,5 \u2013 2,5<\/td>\n<td>6<\/td>\n<td>Noir \/ Galvanis\u00e9<\/td>\n<\/tr>\n<tr>\n<td>60 \u00d7 30<\/td>\n<td>1,5 \u2013 3,0<\/td>\n<td>6<\/td>\n<td>Noir \/ Galvanis\u00e9<\/td>\n<\/tr>\n<tr>\n<td>80 \u00d7 40<\/td>\n<td>2,0 \u2013 3,5<\/td>\n<td>6<\/td>\n<td>Noir \/ Galvanis\u00e9<\/td>\n<\/tr>\n<tr>\n<td>100 \u00d7 50<\/td>\n<td>2.0 \u2013 4.0<\/td>\n<td>6<\/td>\n<td>Noir \/ Galvanis\u00e9<\/td>\n<\/tr>\n<tr>\n<td>120 \u00d7 60<\/td>\n<td>3.0 \u2013 4.0<\/td>\n<td>6<\/td>\n<td>Noir \/ Galvanis\u00e9<\/td>\n<\/tr>\n<tr>\n<td>150 \u00d7 75<\/td>\n<td>3.0 \u2013 5.0<\/td>\n<td>6<\/td>\n<td>Noir \/ Galvanis\u00e9<\/td>\n<\/tr>\n<\/tbody>\n<\/table>\n<h4 data-start=\"1197\" data-end=\"1218\"><strong>Pr\u00e9sentation du produit :<\/strong><\/h4>\n<ul>\n<li><strong data-start=\"6448\" data-end=\"6458\">Tailles :<\/strong> 40\u00d720 mm \u00e0 150\u00d775 mm<\/li>\n<li><strong data-start=\"6483\" data-end=\"6497\">\u00c9paisseur<\/strong> 1,2 mm \u2013 5,0 mm<\/li>\n<li><strong data-start=\"6516\" data-end=\"6527\">Longueur:<\/strong> 6 m<\/li>\n<li><strong data-start=\"6533\" data-end=\"6544\">Finition:<\/strong> Noir \/ Galvanis\u00e9 \u00e0 chaud<\/li>\n<li><strong data-start=\"4495\" data-end=\"4514\">Options de finition :<\/strong> Noir \/ Galvanis\u00e9<\/li>\n<\/ul>\n<h4 data-start=\"2368\" data-end=\"2391\"><strong data-start=\"2375\" data-end=\"2391\">Applications :<\/strong><\/h4>\n<ul data-start=\"2392\" data-end=\"2824\">\n<li class=\"\" data-start=\"2392\" data-end=\"2489\"><strong data-start=\"2394\" data-end=\"2415\">Charpentes m\u00e9talliques<\/strong> - Poutres, colonnes et structures porteuses pour b\u00e2timents r\u00e9sidentiels et commerciaux.<\/li>\n<li class=\"translation-block\" data-start=\"2490\" data-end=\"2571\"><strong data-start=\"2492\" data-end=\"2507\">\u00c9chafaudages<\/strong> \u2013Structures solides et faciles \u00e0 assembler pour la s\u00e9curit\u00e9 des chantiers.<\/li>\n<li class=\"\" data-start=\"2572\" data-end=\"2657\"><strong data-start=\"2574\" data-end=\"2593\">Mobilier m\u00e9tallique<\/strong> \u2013 Cadres pour meubles modernes, rayonnages et syst\u00e8mes de stockage.<\/li>\n<li class=\"\" data-start=\"2658\" data-end=\"2748\"><strong data-start=\"2660\" data-end=\"2682\">Cl\u00f4tures &amp; garde-corps<\/strong> \u2013 Robustesse et esth\u00e9tique pour des solutions de protection durables.<\/li>\n<li class=\"\" data-start=\"2749\" data-end=\"2824\"><strong data-start=\"2751\" data-end=\"2775\">Architecture<\/strong> \u2013 Utilis\u00e9es dans les fa\u00e7ades, la signal\u00e9tique et les ouvrages m\u00e9talliques sur mesure.<\/li>\n<\/ul>\n<h4><strong>Pourquoi choisir ERAD Steel ?<\/strong><\/h4>\n<ul>\n<li>Qualit\u00e9 fiable et structure en acier robuste.<\/li>\n<li>Livraison rapide et service client professionnel.<\/li>\n<li>Fiabilit\u00e9 reconnue par des clients \u00e0 travers l\u2019Afrique, l\u2019Union europ\u00e9enne et la r\u00e9gion MENA.<\/li>\n<\/ul>\n<h4><strong>\ud83d\udcf2 Int\u00e9ress\u00e9(e) par notre <\/strong><strong data-start=\"260\" data-end=\"325\">Section creuse rectangulaire<\/strong><strong>?<\/strong><\/h4>\n<p>Discutez directement avec notre \u00e9quipe pour les prix et les d\u00e9tails :<\/p>\n<div class=\"sc_item_button sc_button_wrap\"><a class=\"sc_button sc_button_default sc_button_size_normal sc_button_icon_left\" href=\"#quote\"><span class=\"sc_button_text\"><span class=\"sc_button_title\">Obtenez un devis rapide<\/span><\/span><\/a><\/div>\n<div style=\"display: none;\">\n<div class=\"wpcf7 no-js\" id=\"wpcf7-f232-o1\" lang=\"en-US\" dir=\"ltr\" data-wpcf7-id=\"232\">\n<div class=\"screen-reader-response\"><p role=\"status\" aria-live=\"polite\" aria-atomic=\"true\"><\/p> <ul><\/ul><\/div>\n<form action=\"\/fr\/wp-json\/wp\/v2\/product\/9420#wpcf7-f232-o1\" method=\"post\" class=\"wpcf7-form init\" aria-label=\"Formulaire de contact\" novalidate=\"novalidate\" data-status=\"init\" data-trp-original-action=\"\/fr\/wp-json\/wp\/v2\/product\/9420#wpcf7-f232-o1\">\n<fieldset class=\"hidden-fields-container\"><input type=\"hidden\" name=\"_wpcf7\" value=\"232\" \/><input type=\"hidden\" name=\"_wpcf7_version\" value=\"6.1.1\" \/><input type=\"hidden\" name=\"_wpcf7_locale\" value=\"en_US\" \/><input type=\"hidden\" name=\"_wpcf7_unit_tag\" value=\"wpcf7-f232-o1\" \/><input type=\"hidden\" name=\"_wpcf7_container_post\" value=\"0\" \/><input type=\"hidden\" name=\"_wpcf7_posted_data_hash\" value=\"\" \/>\n<\/fieldset>\n<div class=\"form-style-3\">\n\t<div class=\"columns_wrap\">\n\t\t<div class=\"column-1_2\">\n\t\t\t<p><span class=\"style-line icon-name\"><span class=\"wpcf7-form-control-wrap\" data-name=\"your-name\"><input size=\"40\" maxlength=\"400\" class=\"wpcf7-form-control wpcf7-text wpcf7-validates-as-required\" aria-required=\"true\" aria-invalid=\"false\" placeholder=\"Nom\" value=\"\" type=\"text\" name=\"your-name\" \/><\/span><\/span>\n\t\t\t<\/p>\n\t\t<\/div>\n\t\t<div class=\"column-1_2\">\n\t\t\t<p><span class=\"style-line icon-email\"><span class=\"wpcf7-form-control-wrap\" data-name=\"your-email\"><input size=\"40\" maxlength=\"400\" class=\"wpcf7-form-control wpcf7-email wpcf7-validates-as-required wpcf7-text wpcf7-validates-as-email\" aria-required=\"true\" aria-invalid=\"false\" placeholder=\"Adresse email\" value=\"\" type=\"email\" name=\"your-email\" \/><\/span><\/span>\n\t\t\t<\/p>\n\t\t<\/div>\n\t<\/div>\n\t<div class=\"columns_wrap\">\n\t\t<div class=\"column-1_2\">\n\t\t\t<p><span class=\"style-line icon-phone\"><span class=\"wpcf7-form-control-wrap\" data-name=\"phone\"><input size=\"40\" maxlength=\"400\" class=\"wpcf7-form-control wpcf7-tel wpcf7-validates-as-required wpcf7-text wpcf7-validates-as-tel\" aria-required=\"true\" aria-invalid=\"false\" placeholder=\"T\u00e9l\u00e9phone\" value=\"\" type=\"tel\" name=\"phone\" \/><\/span><\/span>\n\t\t\t<\/p>\n\t\t<\/div>\n\t\t<div class=\"column-1_2\">\n\t\t\t<p><span class=\"style-line icon-subject\"><span class=\"wpcf7-form-control-wrap\" data-name=\"subject\"><input size=\"40\" maxlength=\"400\" class=\"wpcf7-form-control wpcf7-text wpcf7-validates-as-required\" aria-required=\"true\" aria-invalid=\"false\" placeholder=\"Sujet\" value=\"\" type=\"text\" name=\"subject\" \/><\/span><\/span>\n\t\t\t<\/p>\n\t\t<\/div>\n\t<\/div>\n\t<div class=\"columns_wrap margin-bottom\">\n\t\t<div class=\"column-1_1\">\n\t\t\t<p><span class=\"style-line icon-textarea\"><span class=\"wpcf7-form-control-wrap\" data-name=\"your-message\"><textarea cols=\"40\" rows=\"10\" maxlength=\"2000\" class=\"wpcf7-form-control wpcf7-textarea wpcf7-validates-as-required\" aria-required=\"true\" aria-invalid=\"false\" placeholder=\"Comment pouvons-nous vous aider ? N&#039;h\u00e9sitez pas \u00e0 nous contacter !\" name=\"your-message\"><\/textarea><\/span><\/span>\n\t\t\t<\/p>\n\t\t<\/div>\n\t<\/div>\n<div class=\"wpcf7-turnstile cf-turnstile\" data-sitekey=\"0x4AAAAAAB0XAVz92lw7mzFA\" data-response-field-name=\"_wpcf7_turnstile_response\"><\/div>\n\t<p><span class=\"wpcf7-form-control-wrap\" data-name=\"acceptance\"><span class=\"wpcf7-form-control wpcf7-acceptance\"><span class=\"wpcf7-list-item\"><label><input type=\"checkbox\" name=\"acceptance\" value=\"1\" aria-invalid=\"false\" \/><span class=\"wpcf7-list-item-label\">Je suis d&#039;accord, mes donn\u00e9es sont <a href=\"\/fr\/privacy-policy\/\">collect\u00e9s et stock\u00e9s<\/a>.<\/span><\/label><\/span><\/span><\/span><br \/>\n<input class=\"wpcf7-form-control wpcf7-submit has-spinner\" type=\"submit\" value=\"Nous contacter\" \/>\n\t<\/p>\n<\/div><input type='hidden' class='wpcf7-pum' value='{\"closepopup\":false,\"closedelay\":0,\"openpopup\":false,\"openpopup_id\":0}' \/><div class=\"wpcf7-response-output\" aria-hidden=\"true\"><\/div>\n<input type=\"hidden\" name=\"trp-form-language\" value=\"fr\"\/><\/form>\n<\/div>\n<\/div>","protected":false},"excerpt":{"rendered":"<p class=\"\" data-start=\"188\" data-end=\"521\"><strong>ERAD STEEL<\/strong> propose une large gamme de sections creuses de haute qualit\u00e9 \u2013 carr\u00e9es, rectangulaires et circulaires \u2013 con\u00e7ues pour r\u00e9pondre aux exigences des projets de construction et de structures. Fabriqu\u00e9es avec pr\u00e9cision pour offrir solidit\u00e9, durabilit\u00e9 et polyvalence, nos sections creuses sont le choix id\u00e9al pour les applications commerciales, industrielles et architecturales.<\/p>\n<div class=\"elementor-element elementor-element-b057435 sc_fly_static elementor-widget elementor-widget-trx_sc_button trx_addons_parallax_layers_inited trx_addons_parallax_blocks_inited\" data-id=\"b057435\" data-element_type=\"widget\" data-widget_type=\"trx_sc_button.default\">\n<div class=\"elementor-widget-container\">\n<div class=\"sc_item_button sc_button_wrap\"><a class=\"sc_button sc_button_default sc_button_size_normal sc_button_icon_left\" href=\"#quote\"><span class=\"sc_button_text\"><span class=\"sc_button_title\">Demander un devis<\/span><\/span><\/a><\/div>\n<\/div>\n<\/div>","protected":false},"featured_media":9422,"template":"","meta":[],"product_brand":[],"product_cat":[189],"product_tag":[],"class_list":{"0":"post-9420","1":"product","2":"type-product","3":"status-publish","4":"has-post-thumbnail","6":"product_cat-hollow-sections","7":"en-US","9":"first","10":"instock","11":"shipping-taxable","12":"product-type-simple"},"_links":{"self":[{"href":"https:\/\/eradsteel.com\/fr\/wp-json\/wp\/v2\/product\/9420","targetHints":{"allow":["GET"]}}],"collection":[{"href":"https:\/\/eradsteel.com\/fr\/wp-json\/wp\/v2\/product"}],"about":[{"href":"https:\/\/eradsteel.com\/fr\/wp-json\/wp\/v2\/types\/product"}],"wp:featuredmedia":[{"embeddable":true,"href":"https:\/\/eradsteel.com\/fr\/wp-json\/wp\/v2\/media\/9422"}],"wp:attachment":[{"href":"https:\/\/eradsteel.com\/fr\/wp-json\/wp\/v2\/media?parent=9420"}],"wp:term":[{"taxonomy":"product_brand","embeddable":true,"href":"https:\/\/eradsteel.com\/fr\/wp-json\/wp\/v2\/product_brand?post=9420"},{"taxonomy":"product_cat","embeddable":true,"href":"https:\/\/eradsteel.com\/fr\/wp-json\/wp\/v2\/product_cat?post=9420"},{"taxonomy":"product_tag","embeddable":true,"href":"https:\/\/eradsteel.com\/fr\/wp-json\/wp\/v2\/product_tag?post=9420"}],"curies":[{"name":"wp","href":"https:\/\/api.w.org\/{rel}","templated":true}]}}