{"id":8550,"date":"2025-11-18T09:19:17","date_gmt":"2025-11-18T09:19:17","guid":{"rendered":"https:\/\/eradsteel.com\/?post_type=product&#038;p=8550"},"modified":"2025-11-19T13:19:19","modified_gmt":"2025-11-19T13:19:19","slug":"steel-structure-warehouse","status":"publish","type":"product","link":"https:\/\/eradsteel.com\/fr\/produit\/steel-structure-warehouse\/","title":{"rendered":"Entrep\u00f4t en Structure M\u00e9tallique"},"content":{"rendered":"<h3 data-start=\"93\" data-end=\"128\"><strong data-start=\"97\" data-end=\"126\">Entrep\u00f4t en Structure M\u00e9tallique<\/strong><\/h3>\n<h4 data-start=\"129\" data-end=\"146\"><strong>Mat\u00e9riau principal<\/strong><\/h4>\n<ul data-start=\"148\" data-end=\"292\">\n<li data-start=\"148\" data-end=\"241\">\n<p data-start=\"150\" data-end=\"241\"><strong data-start=\"150\" data-end=\"164\">Substrat:<\/strong> Acier lamin\u00e9 \u00e0 chaud ou sections pr\u00e9fabriqu\u00e9es PRS (principalement acier de structure)<\/p>\n<\/li>\n<li data-start=\"242\" data-end=\"292\">\n<p data-start=\"244\" data-end=\"292\"><strong data-start=\"244\" data-end=\"253\">Type:<\/strong> Construction pr\u00e9fabriqu\u00e9e en charpente m\u00e9tallique<\/p>\n<\/li>\n<\/ul>\n<h4 data-start=\"294\" data-end=\"309\"><strong data-start=\"294\" data-end=\"309\">Propri\u00e9t\u00e9s:<\/strong><\/h4>\n<ul data-start=\"311\" data-end=\"965\">\n<li data-start=\"311\" data-end=\"484\">\n<p data-start=\"313\" data-end=\"484\"><strong data-start=\"313\" data-end=\"326\">R\u00e9sistance:<\/strong> Les entrep\u00f4ts m\u00e9talliques offrent une r\u00e9sistance \u00e0 la traction \u00e9lev\u00e9e et une durabilit\u00e9 remarquable, id\u00e9aux pour les b\u00e2timents industriels de grande taille n\u00e9cessitant un soutien structurel durable.<\/p>\n<\/li>\n<li data-start=\"485\" data-end=\"666\">\n<p data-start=\"487\" data-end=\"666\"><strong data-start=\"487\" data-end=\"503\">Flexibilit\u00e9:<\/strong> L&#039;utilisation de sections PRS pr\u00e9fabriqu\u00e9es permet une personnalisation en termes de dimensions et de configuration, ce qui les rend adapt\u00e9es \u00e0 diff\u00e9rents types d&#039;agencements d&#039;entrep\u00f4t.<\/p>\n<\/li>\n<li data-start=\"667\" data-end=\"805\">\n<p data-start=\"669\" data-end=\"805\"><strong data-start=\"669\" data-end=\"684\">Durabilit\u00e9:<\/strong> L\u2019acier est r\u00e9sistant \u00e0 la corrosion, aux conditions climatiques et aux facteurs environnementaux, garantissant la long\u00e9vit\u00e9 de la structure.<\/p>\n<\/li>\n<li data-start=\"806\" data-end=\"965\">\n<p data-start=\"808\" data-end=\"965\"><strong data-start=\"808\" data-end=\"831\">Rentabilit\u00e9:<\/strong> Par rapport \u00e0 la construction traditionnelle, les entrep\u00f4ts m\u00e9talliques sont plus \u00e9conomiques, avec des d\u00e9lais de r\u00e9alisation rapides et des co\u00fbts globaux r\u00e9duits.<\/p>\n<\/li>\n<\/ul>\n<h4 data-start=\"967\" data-end=\"992\"><strong data-start=\"967\" data-end=\"992\">Processus de fabrication :<\/strong><\/h4>\n<ol data-start=\"994\" data-end=\"1777\">\n<li data-start=\"994\" data-end=\"1141\">\n<p data-start=\"997\" data-end=\"1141\"><strong data-start=\"997\" data-end=\"1019\">Conception &amp; planification:<\/strong> L\u2019entrep\u00f4t est con\u00e7u selon les besoins sp\u00e9cifiques du client, en utilisant de l\u2019acier structurel pour garantir solidit\u00e9 et efficacit\u00e9.<\/p>\n<\/li>\n<li data-start=\"1142\" data-end=\"1313\">\n<p data-start=\"1145\" data-end=\"1313\"><strong data-start=\"1145\" data-end=\"1161\">Fabrication:<\/strong> Les composants en acier (poutres, colonnes, fermes de toit, etc.) sont fabriqu\u00e9s en usine, g\u00e9n\u00e9ralement en acier lamin\u00e9 \u00e0 chaud ou en sections PRS pr\u00e9fabriqu\u00e9es.<\/p>\n<\/li>\n<li data-start=\"1314\" data-end=\"1445\">\n<p data-start=\"1317\" data-end=\"1445\"><strong data-start=\"1317\" data-end=\"1330\">Assemblage:<\/strong> Les \u00e9l\u00e9ments en acier sont transport\u00e9s sur site et assembl\u00e9s \u00e0 l\u2019aide de connexions boulonn\u00e9es ou de soudures.<\/p>\n<\/li>\n<li data-start=\"1446\" data-end=\"1601\">\n<p data-start=\"1449\" data-end=\"1601\"><strong data-start=\"1449\" data-end=\"1480\">Installation du toit et des murs:<\/strong> Le toit et les murs peuvent \u00eatre r\u00e9alis\u00e9s en panneaux d\u2019acier, avec ou sans isolation, selon les besoins du projet.<\/p>\n<\/li>\n<li data-start=\"1602\" data-end=\"1777\">\n<p data-start=\"1605\" data-end=\"1777\"><strong data-start=\"1605\" data-end=\"1629\">Finitions &amp; rev\u00eatements:<\/strong> L\u2019acier peut \u00eatre peint, galvanis\u00e9 ou trait\u00e9 pour une protection anticorrosion renforc\u00e9e, notamment dans les environnements expos\u00e9s \u00e0 l\u2019humidit\u00e9 ou aux conditions extr\u00eames.<\/p>\n<\/li>\n<\/ol>\n<h4 data-start=\"1779\" data-end=\"1804\"><strong data-start=\"1779\" data-end=\"1804\">Sp\u00e9cifications courantes<\/strong><\/h4>\n<ul data-start=\"1806\" data-end=\"2251\">\n<li data-start=\"1806\" data-end=\"1875\">\n<p data-start=\"1808\" data-end=\"1875\"><strong data-start=\"1808\" data-end=\"1827\">Mat\u00e9riau de la charpente:<\/strong> Acier lamin\u00e9 \u00e0 chaud ou sections PRS pr\u00e9fabriqu\u00e9es<\/p>\n<\/li>\n<li data-start=\"1876\" data-end=\"2053\">\n<p data-start=\"1878\" data-end=\"2053\"><strong data-start=\"1878\" data-end=\"1896\">Dimensions:<\/strong> Variables selon les besoins du client, g\u00e9n\u00e9ralement \u00e0 partir de 10 m de largeur\/hauteur, pouvant d\u00e9passer 100 m pour les grands entrep\u00f4ts.<\/p>\n<\/li>\n<li data-start=\"2054\" data-end=\"2128\">\n<p data-start=\"2056\" data-end=\"2128\"><strong data-start=\"2056\" data-end=\"2070\">Type de toit:<\/strong> \u00c0 deux pentes (gable) ou monopente, selon les sp\u00e9cifications du projet<\/p>\n<\/li>\n<li data-start=\"2129\" data-end=\"2251\">\n<p data-start=\"2131\" data-end=\"2251\"><strong data-start=\"2131\" data-end=\"2142\">Finition:<\/strong> L&#039;acier peut \u00eatre laiss\u00e9 \u00e0 l&#039;\u00e9tat brut de laminage ou rev\u00eatu pour r\u00e9sister \u00e0 la corrosion (par exemple, galvanis\u00e9 ou peint).<\/p>\n<\/li>\n<\/ul>\n<h4 data-start=\"2253\" data-end=\"2267\"><strong data-start=\"2253\" data-end=\"2267\">Avantages<\/strong><\/h4>\n<ul data-start=\"2269\" data-end=\"3011\">\n<li data-start=\"2269\" data-end=\"2419\">\n<p data-start=\"2271\" data-end=\"2419\"><strong data-start=\"2271\" data-end=\"2302\">Capacit\u00e9 portante \u00e9lev\u00e9e:<\/strong> Con\u00e7us pour supporter des charges lourdes, adapt\u00e9s aux entrep\u00f4ts de grande taille avec stocks importants<\/p>\n<\/li>\n<li data-start=\"2420\" data-end=\"2554\">\n<p data-start=\"2422\" data-end=\"2554\"><strong data-start=\"2422\" data-end=\"2448\">Rapidit\u00e9 de construction:<\/strong> Les b\u00e2timents m\u00e9talliques pr\u00e9fabriqu\u00e9s s\u2019assemblent rapidement, r\u00e9duisant les d\u00e9lais de chantier<\/p>\n<\/li>\n<li data-start=\"2555\" data-end=\"2709\">\n<p data-start=\"2557\" data-end=\"2709\"><strong data-start=\"2557\" data-end=\"2575\">Personnalisation\u00a0:<\/strong> La conception de l&#039;entrep\u00f4t peut \u00eatre personnalis\u00e9e en termes de taille, d&#039;agencement et d&#039;am\u00e9nagements int\u00e9rieurs (par exemple, \u00e9tag\u00e8res, cloisons, mezzanines).<\/p>\n<\/li>\n<li data-start=\"2710\" data-end=\"2876\">\n<p data-start=\"2712\" data-end=\"2876\"><strong data-start=\"2712\" data-end=\"2728\">Entretien minimal :<\/strong> Structures robustes, r\u00e9sistantes \u00e0 l\u2019humidit\u00e9, au feu et aux nuisibles<\/p>\n<\/li>\n<li data-start=\"2877\" data-end=\"3011\">\n<p data-start=\"2879\" data-end=\"3011\"><strong data-start=\"2879\" data-end=\"2901\">Efficacit\u00e9 \u00e9nerg\u00e9tique :<\/strong> Possibilit\u00e9 d\u2019ajouter des panneaux isol\u00e9s pour r\u00e9duire les co\u00fbts de chauffage et de climatisation<\/p>\n<\/li>\n<\/ul>\n<p data-start=\"3013\" data-end=\"3029\"><strong data-start=\"3013\" data-end=\"3029\">Applications<\/strong><\/p>\n<ul data-start=\"3031\" data-end=\"3533\">\n<li data-start=\"3031\" data-end=\"3116\">\n<p data-start=\"3033\" data-end=\"3116\"><strong data-start=\"3033\" data-end=\"3045\">Stockage :<\/strong> Id\u00e9al pour l&#039;entreposage, les centres de distribution et les op\u00e9rations logistiques.<\/p>\n<\/li>\n<li data-start=\"3117\" data-end=\"3217\">\n<p data-start=\"3119\" data-end=\"3217\"><strong data-start=\"3119\" data-end=\"3137\">Industrie:<\/strong> Usines de production, ateliers d\u2019assemblage<\/p>\n<\/li>\n<li data-start=\"3218\" data-end=\"3310\">\n<p data-start=\"3220\" data-end=\"3310\"><strong data-start=\"3220\" data-end=\"3239\">Commercial:<\/strong> Entrep\u00f4ts de vente en gros, showrooms<\/p>\n<\/li>\n<li data-start=\"3311\" data-end=\"3395\">\n<p data-start=\"3313\" data-end=\"3395\" class=\"translation-block\"><strong data-start=\"3313\" data-end=\"3329\">Agriculture:<\/strong> Stockage de produits agricoles, machines et \u00e9quipements.<\/p>\n<\/li>\n<li data-start=\"3396\" data-end=\"3533\">\n<p data-start=\"3398\" data-end=\"3533\"><strong data-start=\"3398\" data-end=\"3415\">Chambres froides :<\/strong> Entrep\u00f4ts r\u00e9frig\u00e9r\u00e9s avec isolation et contr\u00f4le climatique<\/p>\n<\/li>\n<\/ul>\n<h4><strong>Pourquoi choisir ERAD Steel ?<\/strong><\/h4>\n<ul>\n<li>Qualit\u00e9 fiable et structure en acier robuste.<\/li>\n<li>Livraison rapide et service client professionnel.<\/li>\n<li>Fiabilit\u00e9 reconnue par des clients \u00e0 travers l\u2019Afrique, l\u2019Union europ\u00e9enne et la r\u00e9gion MENA.<\/li>\n<\/ul>\n<h4><strong>\ud83d\udcf2 Int\u00e9ress\u00e9(e) par notre <\/strong><strong data-start=\"260\" data-end=\"325\">Entrep\u00f4t en Structure M\u00e9tallique <\/strong><strong>?<\/strong><\/h4>\n<p>Discutez directement avec notre \u00e9quipe pour les prix et les d\u00e9tails :<\/p>\n<div class=\"sc_item_button sc_button_wrap\"><a class=\"sc_button sc_button_default sc_button_size_normal sc_button_icon_left\" href=\"#quote\"><span class=\"sc_button_text\"><span class=\"sc_button_title\">Obtenez un devis rapide<\/span><\/span><\/a><\/div>\n<div style=\"display: none;\">\n<div class=\"wpcf7 no-js\" id=\"wpcf7-f232-o1\" lang=\"en-US\" dir=\"ltr\" data-wpcf7-id=\"232\">\n<div class=\"screen-reader-response\"><p role=\"status\" aria-live=\"polite\" aria-atomic=\"true\"><\/p> <ul><\/ul><\/div>\n<form action=\"\/fr\/wp-json\/wp\/v2\/product\/8550#wpcf7-f232-o1\" method=\"post\" class=\"wpcf7-form init\" aria-label=\"Formulaire de contact\" novalidate=\"novalidate\" data-status=\"init\" data-trp-original-action=\"\/fr\/wp-json\/wp\/v2\/product\/8550#wpcf7-f232-o1\">\n<fieldset class=\"hidden-fields-container\"><input type=\"hidden\" name=\"_wpcf7\" value=\"232\" \/><input type=\"hidden\" name=\"_wpcf7_version\" value=\"6.1.1\" \/><input type=\"hidden\" name=\"_wpcf7_locale\" value=\"en_US\" \/><input type=\"hidden\" name=\"_wpcf7_unit_tag\" value=\"wpcf7-f232-o1\" \/><input type=\"hidden\" name=\"_wpcf7_container_post\" value=\"0\" \/><input type=\"hidden\" name=\"_wpcf7_posted_data_hash\" value=\"\" \/>\n<\/fieldset>\n<div class=\"form-style-3\">\n\t<div class=\"columns_wrap\">\n\t\t<div class=\"column-1_2\">\n\t\t\t<p><span class=\"style-line icon-name\"><span class=\"wpcf7-form-control-wrap\" data-name=\"your-name\"><input size=\"40\" maxlength=\"400\" class=\"wpcf7-form-control wpcf7-text wpcf7-validates-as-required\" aria-required=\"true\" aria-invalid=\"false\" placeholder=\"Nom\" value=\"\" type=\"text\" name=\"your-name\" \/><\/span><\/span>\n\t\t\t<\/p>\n\t\t<\/div>\n\t\t<div class=\"column-1_2\">\n\t\t\t<p><span class=\"style-line icon-email\"><span class=\"wpcf7-form-control-wrap\" data-name=\"your-email\"><input size=\"40\" maxlength=\"400\" class=\"wpcf7-form-control wpcf7-email wpcf7-validates-as-required wpcf7-text wpcf7-validates-as-email\" aria-required=\"true\" aria-invalid=\"false\" placeholder=\"Adresse email\" value=\"\" type=\"email\" name=\"your-email\" \/><\/span><\/span>\n\t\t\t<\/p>\n\t\t<\/div>\n\t<\/div>\n\t<div class=\"columns_wrap\">\n\t\t<div class=\"column-1_2\">\n\t\t\t<p><span class=\"style-line icon-phone\"><span class=\"wpcf7-form-control-wrap\" data-name=\"phone\"><input size=\"40\" maxlength=\"400\" class=\"wpcf7-form-control wpcf7-tel wpcf7-validates-as-required wpcf7-text wpcf7-validates-as-tel\" aria-required=\"true\" aria-invalid=\"false\" placeholder=\"T\u00e9l\u00e9phone\" value=\"\" type=\"tel\" name=\"phone\" \/><\/span><\/span>\n\t\t\t<\/p>\n\t\t<\/div>\n\t\t<div class=\"column-1_2\">\n\t\t\t<p><span class=\"style-line icon-subject\"><span class=\"wpcf7-form-control-wrap\" data-name=\"subject\"><input size=\"40\" maxlength=\"400\" class=\"wpcf7-form-control wpcf7-text wpcf7-validates-as-required\" aria-required=\"true\" aria-invalid=\"false\" placeholder=\"Sujet\" value=\"\" type=\"text\" name=\"subject\" \/><\/span><\/span>\n\t\t\t<\/p>\n\t\t<\/div>\n\t<\/div>\n\t<div class=\"columns_wrap margin-bottom\">\n\t\t<div class=\"column-1_1\">\n\t\t\t<p><span class=\"style-line icon-textarea\"><span class=\"wpcf7-form-control-wrap\" data-name=\"your-message\"><textarea cols=\"40\" rows=\"10\" maxlength=\"2000\" class=\"wpcf7-form-control wpcf7-textarea wpcf7-validates-as-required\" aria-required=\"true\" aria-invalid=\"false\" placeholder=\"Comment pouvons-nous vous aider ? N&#039;h\u00e9sitez pas \u00e0 nous contacter !\" name=\"your-message\"><\/textarea><\/span><\/span>\n\t\t\t<\/p>\n\t\t<\/div>\n\t<\/div>\n<div class=\"wpcf7-turnstile cf-turnstile\" data-sitekey=\"0x4AAAAAAB0XAVz92lw7mzFA\" data-response-field-name=\"_wpcf7_turnstile_response\"><\/div>\n\t<p><span class=\"wpcf7-form-control-wrap\" data-name=\"acceptance\"><span class=\"wpcf7-form-control wpcf7-acceptance\"><span class=\"wpcf7-list-item\"><label><input type=\"checkbox\" name=\"acceptance\" value=\"1\" aria-invalid=\"false\" \/><span class=\"wpcf7-list-item-label\">Je suis d&#039;accord, mes donn\u00e9es sont <a href=\"\/fr\/privacy-policy\/\">collect\u00e9s et stock\u00e9s<\/a>.<\/span><\/label><\/span><\/span><\/span><br \/>\n<input class=\"wpcf7-form-control wpcf7-submit has-spinner\" type=\"submit\" value=\"Nous contacter\" \/>\n\t<\/p>\n<\/div><input type='hidden' class='wpcf7-pum' value='{\"closepopup\":false,\"closedelay\":0,\"openpopup\":false,\"openpopup_id\":0}' \/><div class=\"wpcf7-response-output\" aria-hidden=\"true\"><\/div>\n<input type=\"hidden\" name=\"trp-form-language\" value=\"fr\"\/><\/form>\n<\/div>\n<\/div>","protected":false},"excerpt":{"rendered":"<p><strong>Entrep\u00f4t en Structure M\u00e9tallique<\/strong><br \/>\nAvec une expertise \u00e9prouv\u00e9e dans la conception, la fabrication et l\u2019installation, nous livrons des structures de haute qualit\u00e9 en utilisant de l\u2019acier lamin\u00e9 \u00e0 chaud ou des sections pr\u00e9fabriqu\u00e9es PRS. Faites confiance \u00e0 notre exp\u00e9rience en tant que fabricant de r\u00e9f\u00e9rence de b\u00e2timents m\u00e9talliques.\nFaites confiance \u00e0 notre exp\u00e9rience en tant que fabricant de r\u00e9f\u00e9rence de b\u00e2timents m\u00e9talliques<br \/>\nFaites confiance \u00e0 notre exp\u00e9rience en tant que fabricant de r\u00e9f\u00e9rence de b\u00e2timents m\u00e9talliques<\/p>\n<div class=\"elementor-element elementor-element-b057435 sc_fly_static elementor-widget elementor-widget-trx_sc_button trx_addons_parallax_layers_inited trx_addons_parallax_blocks_inited\" data-id=\"b057435\" data-element_type=\"widget\" data-widget_type=\"trx_sc_button.default\">\n<div class=\"elementor-widget-container\">\n<div class=\"sc_item_button sc_button_wrap\"><a class=\"sc_button sc_button_default sc_button_size_normal sc_button_icon_left\" href=\"#quote\"><span class=\"sc_button_text\"><span class=\"sc_button_title\">Demander un devis<\/span><\/span><\/a><\/div>\n<\/div>\n<\/div>","protected":false},"featured_media":9468,"template":"","meta":[],"product_brand":[],"product_cat":[183],"product_tag":[],"class_list":{"0":"post-8550","1":"product","2":"type-product","3":"status-publish","4":"has-post-thumbnail","6":"product_cat-pref-solution","7":"en-US","9":"first","10":"instock","11":"shipping-taxable","12":"product-type-simple"},"_links":{"self":[{"href":"https:\/\/eradsteel.com\/fr\/wp-json\/wp\/v2\/product\/8550","targetHints":{"allow":["GET"]}}],"collection":[{"href":"https:\/\/eradsteel.com\/fr\/wp-json\/wp\/v2\/product"}],"about":[{"href":"https:\/\/eradsteel.com\/fr\/wp-json\/wp\/v2\/types\/product"}],"wp:featuredmedia":[{"embeddable":true,"href":"https:\/\/eradsteel.com\/fr\/wp-json\/wp\/v2\/media\/9468"}],"wp:attachment":[{"href":"https:\/\/eradsteel.com\/fr\/wp-json\/wp\/v2\/media?parent=8550"}],"wp:term":[{"taxonomy":"product_brand","embeddable":true,"href":"https:\/\/eradsteel.com\/fr\/wp-json\/wp\/v2\/product_brand?post=8550"},{"taxonomy":"product_cat","embeddable":true,"href":"https:\/\/eradsteel.com\/fr\/wp-json\/wp\/v2\/product_cat?post=8550"},{"taxonomy":"product_tag","embeddable":true,"href":"https:\/\/eradsteel.com\/fr\/wp-json\/wp\/v2\/product_tag?post=8550"}],"curies":[{"name":"wp","href":"https:\/\/api.w.org\/{rel}","templated":true}]}}