{"id":8548,"date":"2025-11-18T09:10:16","date_gmt":"2025-11-18T09:10:16","guid":{"rendered":"https:\/\/eradsteel.com\/?post_type=product&#038;p=8548"},"modified":"2025-11-19T13:22:07","modified_gmt":"2025-11-19T13:22:07","slug":"prefabricated-container","status":"publish","type":"product","link":"https:\/\/eradsteel.com\/fr\/produit\/prefabricated-container\/","title":{"rendered":"Conteneur Pr\u00e9fabriqu\u00e9"},"content":{"rendered":"<div style=\"display: none;\">\n<div class=\"wpcf7 no-js\" id=\"wpcf7-f232-o1\" lang=\"en-US\" dir=\"ltr\" data-wpcf7-id=\"232\">\n<div class=\"screen-reader-response\"><p role=\"status\" aria-live=\"polite\" aria-atomic=\"true\"><\/p> <ul><\/ul><\/div>\n<form action=\"\/fr\/wp-json\/wp\/v2\/product\/8548#wpcf7-f232-o1\" method=\"post\" class=\"wpcf7-form init\" aria-label=\"Formulaire de contact\" novalidate=\"novalidate\" data-status=\"init\" data-trp-original-action=\"\/fr\/wp-json\/wp\/v2\/product\/8548#wpcf7-f232-o1\">\n<fieldset class=\"hidden-fields-container\"><input type=\"hidden\" name=\"_wpcf7\" value=\"232\" \/><input type=\"hidden\" name=\"_wpcf7_version\" value=\"6.1.1\" \/><input type=\"hidden\" name=\"_wpcf7_locale\" value=\"en_US\" \/><input type=\"hidden\" name=\"_wpcf7_unit_tag\" value=\"wpcf7-f232-o1\" \/><input type=\"hidden\" name=\"_wpcf7_container_post\" value=\"0\" \/><input type=\"hidden\" name=\"_wpcf7_posted_data_hash\" value=\"\" \/>\n<\/fieldset>\n<div class=\"form-style-3\">\n\t<div class=\"columns_wrap\">\n\t\t<div class=\"column-1_2\">\n\t\t\t<p><span class=\"style-line icon-name\"><span class=\"wpcf7-form-control-wrap\" data-name=\"your-name\"><input size=\"40\" maxlength=\"400\" class=\"wpcf7-form-control wpcf7-text wpcf7-validates-as-required\" aria-required=\"true\" aria-invalid=\"false\" placeholder=\"Nom\" value=\"\" type=\"text\" name=\"your-name\" \/><\/span><\/span>\n\t\t\t<\/p>\n\t\t<\/div>\n\t\t<div class=\"column-1_2\">\n\t\t\t<p><span class=\"style-line icon-email\"><span class=\"wpcf7-form-control-wrap\" data-name=\"your-email\"><input size=\"40\" maxlength=\"400\" class=\"wpcf7-form-control wpcf7-email wpcf7-validates-as-required wpcf7-text wpcf7-validates-as-email\" aria-required=\"true\" aria-invalid=\"false\" placeholder=\"Adresse email\" value=\"\" type=\"email\" name=\"your-email\" \/><\/span><\/span>\n\t\t\t<\/p>\n\t\t<\/div>\n\t<\/div>\n\t<div class=\"columns_wrap\">\n\t\t<div class=\"column-1_2\">\n\t\t\t<p><span class=\"style-line icon-phone\"><span class=\"wpcf7-form-control-wrap\" data-name=\"phone\"><input size=\"40\" maxlength=\"400\" class=\"wpcf7-form-control wpcf7-tel wpcf7-validates-as-required wpcf7-text wpcf7-validates-as-tel\" aria-required=\"true\" aria-invalid=\"false\" placeholder=\"T\u00e9l\u00e9phone\" value=\"\" type=\"tel\" name=\"phone\" \/><\/span><\/span>\n\t\t\t<\/p>\n\t\t<\/div>\n\t\t<div class=\"column-1_2\">\n\t\t\t<p><span class=\"style-line icon-subject\"><span class=\"wpcf7-form-control-wrap\" data-name=\"subject\"><input size=\"40\" maxlength=\"400\" class=\"wpcf7-form-control wpcf7-text wpcf7-validates-as-required\" aria-required=\"true\" aria-invalid=\"false\" placeholder=\"Sujet\" value=\"\" type=\"text\" name=\"subject\" \/><\/span><\/span>\n\t\t\t<\/p>\n\t\t<\/div>\n\t<\/div>\n\t<div class=\"columns_wrap margin-bottom\">\n\t\t<div class=\"column-1_1\">\n\t\t\t<p><span class=\"style-line icon-textarea\"><span class=\"wpcf7-form-control-wrap\" data-name=\"your-message\"><textarea cols=\"40\" rows=\"10\" maxlength=\"2000\" class=\"wpcf7-form-control wpcf7-textarea wpcf7-validates-as-required\" aria-required=\"true\" aria-invalid=\"false\" placeholder=\"Comment pouvons-nous vous aider ? N&#039;h\u00e9sitez pas \u00e0 nous contacter !\" name=\"your-message\"><\/textarea><\/span><\/span>\n\t\t\t<\/p>\n\t\t<\/div>\n\t<\/div>\n<div class=\"wpcf7-turnstile cf-turnstile\" data-sitekey=\"0x4AAAAAAB0XAVz92lw7mzFA\" data-response-field-name=\"_wpcf7_turnstile_response\"><\/div>\n\t<p><span class=\"wpcf7-form-control-wrap\" data-name=\"acceptance\"><span class=\"wpcf7-form-control wpcf7-acceptance\"><span class=\"wpcf7-list-item\"><label><input type=\"checkbox\" name=\"acceptance\" value=\"1\" aria-invalid=\"false\" \/><span class=\"wpcf7-list-item-label\">Je suis d&#039;accord, mes donn\u00e9es sont <a href=\"\/fr\/privacy-policy\/\">collect\u00e9s et stock\u00e9s<\/a>.<\/span><\/label><\/span><\/span><\/span><br \/>\n<input class=\"wpcf7-form-control wpcf7-submit has-spinner\" type=\"submit\" value=\"Nous contacter\" \/>\n\t<\/p>\n<\/div><input type='hidden' class='wpcf7-pum' value='{\"closepopup\":false,\"closedelay\":0,\"openpopup\":false,\"openpopup_id\":0}' \/><div class=\"wpcf7-response-output\" aria-hidden=\"true\"><\/div>\n<input type=\"hidden\" name=\"trp-form-language\" value=\"fr\"\/><\/form>\n<\/div>\n<\/div>\n<h3><strong>Conteneur Pr\u00e9fabriqu\u00e9<\/strong><\/h3>\n<p><strong>Durables. Portables. Pr\u00eats \u00e0 l\u2019emploi.<\/strong><\/p>\n<p>Nos conteneurs pr\u00e9fabriqu\u00e9s sont fabriqu\u00e9s en acier haute r\u00e9sistance, con\u00e7us pour offrir des performances durables et une utilisation polyvalente \u2014 qu\u2019il s\u2019agisse de stockage, de logement, de bureaux sur site ou d\u2019espaces industriels.<\/p>\n<h4><strong>Points forts<\/strong><\/h4>\n<ul>\n<li class=\"translation-block\"><strong>Con\u00e7us pour durer :<\/strong> fabriqu\u00e9s en acier de premi\u00e8re qualit\u00e9 pour une r\u00e9sistance maximale et une protection contre les intemp\u00e9ries.<\/li>\n<li class=\"translation-block\"><strong>Design polyvalent :<\/strong> id\u00e9al pour le logement, les bureaux, le stockage ou les espaces modulaires personnalis\u00e9s.<\/li>\n<li class=\"translation-block\"><strong>Pr\u00eats \u00e0 exp\u00e9dier :<\/strong> disponibles en stock et pr\u00eats pour une livraison imm\u00e9diate \u00e0 travers l\u2019Afrique, l\u2019Union europ\u00e9enne et la r\u00e9gion MENA.<\/li>\n<\/ul>\n<h4><strong>Tailles et options disponibles<\/strong><\/h4>\n<p>Nous proposons des conteneurs pr\u00e9fabriqu\u00e9s de diff\u00e9rentes tailles et configurations pour r\u00e9pondre \u00e0 tous les besoins de projet \u2014 des unit\u00e9s compactes de chantier aux grandes structures modulaires.<\/p>\n<ul>\n<li class=\"translation-block\"><strong>Tailles standard :<\/strong> conteneurs de 10ft, 20ft et 40ft.<\/li>\n<li class=\"translation-block\"><strong>Dimensions personnalis\u00e9es :<\/strong> adapt\u00e9es aux sp\u00e9cifications et \u00e0 la configuration de votre projet.<\/li>\n<li class=\"translation-block\"><strong>Options flexibles :<\/strong> portes simples ou doubles, fen\u00eatres, isolation et installations \u00e9lectriques disponibles.<\/li>\n<\/ul>\n<h4><strong>Principaux Avantages<\/strong><\/h4>\n<ul data-start=\"1810\" data-end=\"2298\">\n<li data-start=\"1810\" data-end=\"1911\">\n<p data-start=\"1812\" data-end=\"1911\" class=\"translation-block\"><strong data-start=\"1812\" data-end=\"1832\">Haute durabilit\u00e9:<\/strong> Structure robuste en acier, con\u00e7ue pour durer m\u00eame dans des conditions extr\u00eames.<\/p>\n<\/li>\n<li data-start=\"1912\" data-end=\"1997\">\n<p data-start=\"1914\" data-end=\"1997\" class=\"translation-block\"><strong data-start=\"1914\" data-end=\"1927\">S\u00e9curit\u00e9:<\/strong> Verrouillable et scellable pour prot\u00e9ger efficacement les biens.<\/p>\n<\/li>\n<li data-start=\"1998\" data-end=\"2167\">\n<p data-start=\"2000\" data-end=\"2167\"><strong data-start=\"2000\" data-end=\"2027\">Modulaire et personnalisable :<\/strong> Les conteneurs pr\u00e9fabriqu\u00e9s sont modulaires, ce qui facilite leur transport et leur personnalisation pour diverses applications (par exemple, bureaux, habitations, stockage).<\/p>\n<\/li>\n<li data-start=\"2168\" data-end=\"2298\">\n<p data-start=\"2170\" data-end=\"2298\" class=\"translation-block\"><strong data-start=\"2170\" data-end=\"2189\">Rentable:<\/strong> Solution \u00e9conomique par rapport \u00e0 d\u2019autres mat\u00e9riaux ou structures, offrant flexibilit\u00e9 et efficacit\u00e9.<\/p>\n<\/li>\n<\/ul>\n<h4><strong>Principales Applications<\/strong><\/h4>\n<ul data-start=\"2318\" data-end=\"2858\">\n<li data-start=\"2318\" data-end=\"2398\">\n<p data-start=\"2320\" data-end=\"2398\" class=\"translation-block\"><strong data-start=\"2320\" data-end=\"2332\">Stockage:<\/strong> Utilis\u00e9 pour entreposer des marchandises sur site ou en transit.<\/p>\n<\/li>\n<li data-start=\"2399\" data-end=\"2508\">\n<p data-start=\"2401\" data-end=\"2508\" class=\"translation-block\"><strong data-start=\"2401\" data-end=\"2415\">Transport:<\/strong> Couramment employ\u00e9s dans la logistique et le shipping pour le transport maritime et terrestre.<\/p>\n<\/li>\n<li data-start=\"2509\" data-end=\"2646\">\n<p data-start=\"2511\" data-end=\"2646\" class=\"translation-block\"><strong data-start=\"2511\" data-end=\"2523\">Habitat:<\/strong> Transformables en maisons, bureaux ou logements d\u2019urgence dans les zones recul\u00e9es.<\/p>\n<\/li>\n<li data-start=\"2647\" data-end=\"2738\">\n<p data-start=\"2649\" data-end=\"2738\" class=\"translation-block\"><strong data-start=\"2649\" data-end=\"2663\">Ateliers:<\/strong> Espaces de travail mobiles pour chantiers, sites miniers ou industriels.<\/p>\n<\/li>\n<li data-start=\"2739\" data-end=\"2858\">\n<p data-start=\"2741\" data-end=\"2858\" class=\"translation-block\"><strong data-start=\"2741\" data-end=\"2752\">\u00c9v\u00e9nements:<\/strong> Utilis\u00e9s comme stands, espaces commerciaux temporaires ou structures modulaires pour salons et festivals.<\/p>\n<\/li>\n<\/ul>\n<h4><strong>Pourquoi choisir ERAD Steel ?<\/strong><\/h4>\n<ul>\n<li>Qualit\u00e9 fiable et structure en acier robuste.<\/li>\n<li>Livraison rapide et service client professionnel.<\/li>\n<li>Fiabilit\u00e9 reconnue par des clients \u00e0 travers l\u2019Afrique, l\u2019Union europ\u00e9enne et la r\u00e9gion MENA.<\/li>\n<\/ul>\n<h4><strong>\ud83d\udcf2 Int\u00e9ress\u00e9 par nos conteneurs pr\u00e9fabriqu\u00e9s ?<\/strong><\/h4>\n<p>Discutez directement avec notre \u00e9quipe pour les prix et les d\u00e9tails :<\/p>\n<div class=\"sc_item_button sc_button_wrap\"><a class=\"sc_button sc_button_default sc_button_size_normal sc_button_icon_left\" href=\"#quote\"><span class=\"sc_button_text\"><span class=\"sc_button_title\">Obtenez un devis rapide<\/span><\/span><\/a><\/div>\n<div class=\"erad-gallery-header\" style=\"text-align: center;\"><\/div>\n<div class=\"erad-slider-section\"><\/div>","protected":false},"excerpt":{"rendered":"<h4><strong>Conteneurs en acier pr\u00eats \u00e0 l\u2019emploi pour tous vos projets<\/strong><\/h4>\n<p>Nos conteneurs pr\u00e9fabriqu\u00e9s sont con\u00e7us pour offrir durabilit\u00e9, mobilit\u00e9 et performance \u2014 id\u00e9als pour le logement, le stockage, les bureaux et les usages industriels.<\/p>\n<p class=\"translation-block\">Disponibles en <strong>tailles standard de 10ft, 20ft et 40ft<\/strong>, avec des <strong>options personnalis\u00e9es sur demande<\/strong> pour r\u00e9pondre aux exigences sp\u00e9cifiques de votre projet.<\/p>\n<div class=\"elementor-element elementor-element-b057435 sc_fly_static elementor-widget elementor-widget-trx_sc_button trx_addons_parallax_layers_inited trx_addons_parallax_blocks_inited\" data-id=\"b057435\" data-element_type=\"widget\" data-widget_type=\"trx_sc_button.default\">\n<div class=\"elementor-widget-container\">\n<div class=\"sc_item_button sc_button_wrap\"><a class=\"sc_button sc_button_default sc_button_size_normal sc_button_icon_left\" href=\"#quote\"><span class=\"sc_button_text\"><span class=\"sc_button_title\">Obtenez un devis rapide<\/span><\/span><\/a><\/div>\n<\/div>\n<\/div>","protected":false},"featured_media":9517,"template":"","meta":[],"product_brand":[],"product_cat":[183],"product_tag":[],"class_list":{"0":"post-8548","1":"product","2":"type-product","3":"status-publish","4":"has-post-thumbnail","6":"product_cat-pref-solution","7":"en-US","9":"first","10":"instock","11":"shipping-taxable","12":"product-type-simple"},"_links":{"self":[{"href":"https:\/\/eradsteel.com\/fr\/wp-json\/wp\/v2\/product\/8548","targetHints":{"allow":["GET"]}}],"collection":[{"href":"https:\/\/eradsteel.com\/fr\/wp-json\/wp\/v2\/product"}],"about":[{"href":"https:\/\/eradsteel.com\/fr\/wp-json\/wp\/v2\/types\/product"}],"wp:featuredmedia":[{"embeddable":true,"href":"https:\/\/eradsteel.com\/fr\/wp-json\/wp\/v2\/media\/9517"}],"wp:attachment":[{"href":"https:\/\/eradsteel.com\/fr\/wp-json\/wp\/v2\/media?parent=8548"}],"wp:term":[{"taxonomy":"product_brand","embeddable":true,"href":"https:\/\/eradsteel.com\/fr\/wp-json\/wp\/v2\/product_brand?post=8548"},{"taxonomy":"product_cat","embeddable":true,"href":"https:\/\/eradsteel.com\/fr\/wp-json\/wp\/v2\/product_cat?post=8548"},{"taxonomy":"product_tag","embeddable":true,"href":"https:\/\/eradsteel.com\/fr\/wp-json\/wp\/v2\/product_tag?post=8548"}],"curies":[{"name":"wp","href":"https:\/\/api.w.org\/{rel}","templated":true}]}}