{"id":8546,"date":"2020-08-26T09:07:56","date_gmt":"2020-08-26T09:07:56","guid":{"rendered":"https:\/\/eradsteel.com\/?post_type=product&#038;p=8546"},"modified":"2025-11-19T13:20:17","modified_gmt":"2025-11-19T13:20:17","slug":"ipe-beams","status":"publish","type":"product","link":"https:\/\/eradsteel.com\/fr\/produit\/ipe-beams\/","title":{"rendered":"Poutres en IPE"},"content":{"rendered":"<div style=\"display: none;\">\n<div class=\"wpcf7 no-js\" id=\"wpcf7-f232-o1\" lang=\"en-US\" dir=\"ltr\" data-wpcf7-id=\"232\">\n<div class=\"screen-reader-response\"><p role=\"status\" aria-live=\"polite\" aria-atomic=\"true\"><\/p> <ul><\/ul><\/div>\n<form action=\"\/fr\/wp-json\/wp\/v2\/product\/8546#wpcf7-f232-o1\" method=\"post\" class=\"wpcf7-form init\" aria-label=\"Formulaire de contact\" novalidate=\"novalidate\" data-status=\"init\" data-trp-original-action=\"\/fr\/wp-json\/wp\/v2\/product\/8546#wpcf7-f232-o1\">\n<fieldset class=\"hidden-fields-container\"><input type=\"hidden\" name=\"_wpcf7\" value=\"232\" \/><input type=\"hidden\" name=\"_wpcf7_version\" value=\"6.1.1\" \/><input type=\"hidden\" name=\"_wpcf7_locale\" value=\"en_US\" \/><input type=\"hidden\" name=\"_wpcf7_unit_tag\" value=\"wpcf7-f232-o1\" \/><input type=\"hidden\" name=\"_wpcf7_container_post\" value=\"0\" \/><input type=\"hidden\" name=\"_wpcf7_posted_data_hash\" value=\"\" \/>\n<\/fieldset>\n<div class=\"form-style-3\">\n\t<div class=\"columns_wrap\">\n\t\t<div class=\"column-1_2\">\n\t\t\t<p><span class=\"style-line icon-name\"><span class=\"wpcf7-form-control-wrap\" data-name=\"your-name\"><input size=\"40\" maxlength=\"400\" class=\"wpcf7-form-control wpcf7-text wpcf7-validates-as-required\" aria-required=\"true\" aria-invalid=\"false\" placeholder=\"Nom\" value=\"\" type=\"text\" name=\"your-name\" \/><\/span><\/span>\n\t\t\t<\/p>\n\t\t<\/div>\n\t\t<div class=\"column-1_2\">\n\t\t\t<p><span class=\"style-line icon-email\"><span class=\"wpcf7-form-control-wrap\" data-name=\"your-email\"><input size=\"40\" maxlength=\"400\" class=\"wpcf7-form-control wpcf7-email wpcf7-validates-as-required wpcf7-text wpcf7-validates-as-email\" aria-required=\"true\" aria-invalid=\"false\" placeholder=\"Adresse email\" value=\"\" type=\"email\" name=\"your-email\" \/><\/span><\/span>\n\t\t\t<\/p>\n\t\t<\/div>\n\t<\/div>\n\t<div class=\"columns_wrap\">\n\t\t<div class=\"column-1_2\">\n\t\t\t<p><span class=\"style-line icon-phone\"><span class=\"wpcf7-form-control-wrap\" data-name=\"phone\"><input size=\"40\" maxlength=\"400\" class=\"wpcf7-form-control wpcf7-tel wpcf7-validates-as-required wpcf7-text wpcf7-validates-as-tel\" aria-required=\"true\" aria-invalid=\"false\" placeholder=\"T\u00e9l\u00e9phone\" value=\"\" type=\"tel\" name=\"phone\" \/><\/span><\/span>\n\t\t\t<\/p>\n\t\t<\/div>\n\t\t<div class=\"column-1_2\">\n\t\t\t<p><span class=\"style-line icon-subject\"><span class=\"wpcf7-form-control-wrap\" data-name=\"subject\"><input size=\"40\" maxlength=\"400\" class=\"wpcf7-form-control wpcf7-text wpcf7-validates-as-required\" aria-required=\"true\" aria-invalid=\"false\" placeholder=\"Sujet\" value=\"\" type=\"text\" name=\"subject\" \/><\/span><\/span>\n\t\t\t<\/p>\n\t\t<\/div>\n\t<\/div>\n\t<div class=\"columns_wrap margin-bottom\">\n\t\t<div class=\"column-1_1\">\n\t\t\t<p><span class=\"style-line icon-textarea\"><span class=\"wpcf7-form-control-wrap\" data-name=\"your-message\"><textarea cols=\"40\" rows=\"10\" maxlength=\"2000\" class=\"wpcf7-form-control wpcf7-textarea wpcf7-validates-as-required\" aria-required=\"true\" aria-invalid=\"false\" placeholder=\"Comment pouvons-nous vous aider ? N&#039;h\u00e9sitez pas \u00e0 nous contacter !\" name=\"your-message\"><\/textarea><\/span><\/span>\n\t\t\t<\/p>\n\t\t<\/div>\n\t<\/div>\n<div class=\"wpcf7-turnstile cf-turnstile\" data-sitekey=\"0x4AAAAAAB0XAVz92lw7mzFA\" data-response-field-name=\"_wpcf7_turnstile_response\"><\/div>\n\t<p><span class=\"wpcf7-form-control-wrap\" data-name=\"acceptance\"><span class=\"wpcf7-form-control wpcf7-acceptance\"><span class=\"wpcf7-list-item\"><label><input type=\"checkbox\" name=\"acceptance\" value=\"1\" aria-invalid=\"false\" \/><span class=\"wpcf7-list-item-label\">Je suis d&#039;accord, mes donn\u00e9es sont <a href=\"\/fr\/privacy-policy\/\">collect\u00e9s et stock\u00e9s<\/a>.<\/span><\/label><\/span><\/span><\/span><br \/>\n<input class=\"wpcf7-form-control wpcf7-submit has-spinner\" type=\"submit\" value=\"Nous contacter\" \/>\n\t<\/p>\n<\/div><input type='hidden' class='wpcf7-pum' value='{\"closepopup\":false,\"closedelay\":0,\"openpopup\":false,\"openpopup_id\":0}' \/><div class=\"wpcf7-response-output\" aria-hidden=\"true\"><\/div>\n<input type=\"hidden\" name=\"trp-form-language\" value=\"fr\"\/><\/form>\n<\/div>\n<\/div>\n<h3 data-start=\"77\" data-end=\"96\"><strong data-start=\"81\" data-end=\"94\">Poutres en IPE<\/strong><\/h3>\n<h4 data-start=\"97\" data-end=\"114\"><strong>Mat\u00e9riau principal<\/strong><\/h4>\n<ul data-start=\"116\" data-end=\"249\">\n<li data-start=\"116\" data-end=\"189\">\n<p data-start=\"118\" data-end=\"189\" class=\"translation-block\"><strong data-start=\"118\" data-end=\"132\">Substrat:<\/strong> Acier au carbone, Acier structurel (peut varier selon l\u2019application)<\/p>\n<\/li>\n<li data-start=\"190\" data-end=\"249\">\n<p data-start=\"192\" data-end=\"249\" class=\"translation-block\"><strong data-start=\"192\" data-end=\"202\">Forme:<\/strong>Section en I (\u00e9galement connue sous le nom de poutre en I)<\/p>\n<\/li>\n<\/ul>\n<h4 data-start=\"251\" data-end=\"266\"><strong data-start=\"251\" data-end=\"266\">Propri\u00e9t\u00e9s:<\/strong><\/h4>\n<ul data-start=\"268\" data-end=\"684\">\n<li data-start=\"268\" data-end=\"390\">\n<p data-start=\"270\" data-end=\"390\" class=\"translation-block\"><strong data-start=\"270\" data-end=\"283\">R\u00e9sistance:<\/strong> Les poutres IPE sont con\u00e7ues pour offrir une excellente r\u00e9sistance et un support optimal.<\/p>\n<\/li>\n<li data-start=\"391\" data-end=\"545\">\n<p data-start=\"393\" data-end=\"545\" class=\"translation-block\"><strong data-start=\"393\" data-end=\"409\">Flexibilit\u00e9:<\/strong>Leur forme en I assure une meilleure r\u00e9partition des charges, ce qui les rend id\u00e9ales pour les structures porteuses et l\u2019ing\u00e9nierie m\u00e9canique.<\/p>\n<\/li>\n<li data-start=\"546\" data-end=\"684\">\n<p data-start=\"548\" data-end=\"684\"><strong data-start=\"548\" data-end=\"563\">Durabilit\u00e9:<\/strong> Fabriqu\u00e9es g\u00e9n\u00e9ralement en acier \u00e0 haute r\u00e9sistance, les poutres IPE offrent une stabilit\u00e9 structurelle \u00e0 long terme et une r\u00e9sistance \u00e0 la d\u00e9formation.<\/p>\n<\/li>\n<\/ul>\n<h4 data-start=\"686\" data-end=\"711\"><strong data-start=\"686\" data-end=\"711\">Processus de fabrication<\/strong><\/h4>\n<ol data-start=\"713\" data-end=\"1311\">\n<li data-start=\"713\" data-end=\"827\">\n<p data-start=\"716\" data-end=\"827\" class=\"translation-block\"><strong data-start=\"716\" data-end=\"736\">Choix de l\u2019acier :<\/strong> S\u00e9lection de la nuance appropri\u00e9e selon les besoins de r\u00e9sistance et d\u2019application.<\/p>\n<\/li>\n<li data-start=\"828\" data-end=\"956\">\n<p data-start=\"831\" data-end=\"956\" class=\"translation-block\"><strong data-start=\"831\" data-end=\"847\">Laminage \u00e0 chaud:<\/strong> Les billettes d\u2019acier sont chauff\u00e9es puis lamin\u00e9es pour former la section IPE, garantissant l\u00e9g\u00e8ret\u00e9 et robustesse.<\/p>\n<\/li>\n<li data-start=\"957\" data-end=\"1041\">\n<p data-start=\"960\" data-end=\"1041\" class=\"translation-block\"><strong data-start=\"960\" data-end=\"972\">D\u00e9coupe:<\/strong> Les poutres sont coup\u00e9es aux longueurs requises selon les projets.<\/p>\n<\/li>\n<li data-start=\"1042\" data-end=\"1183\">\n<p data-start=\"1045\" data-end=\"1183\" class=\"translation-block\"><strong data-start=\"1045\" data-end=\"1078\">Traitement de surface (facultatif):<\/strong> Selon l\u2019environnement, les poutres peuvent \u00eatre rev\u00eatues ou galvanis\u00e9es pour une meilleure protection contre la corrosion.<\/p>\n<\/li>\n<li data-start=\"1184\" data-end=\"1311\">\n<p data-start=\"1187\" data-end=\"1311\" class=\"translation-block\"><strong data-start=\"1187\" data-end=\"1201\">Finition:<\/strong> Possibilit\u00e9 de proc\u00e9d\u00e9s suppl\u00e9mentaires (soudage, d\u00e9coupe, cintrage) selon les besoins sp\u00e9cifiques.<\/p>\n<\/li>\n<\/ol>\n<h4 data-start=\"1313\" data-end=\"1345\"><strong data-start=\"1313\" data-end=\"1343\">Grades d\u2019acier courants pour les poutres IPE<\/strong><\/h4>\n<div class=\"_tableContainer_1rjym_1\">\n<div class=\"_tableWrapper_1rjym_13 group flex w-fit flex-col-reverse\" tabindex=\"-1\">\n<table class=\"w-fit min-w-(--thread-content-width)\" data-start=\"1346\" data-end=\"1883\">\n<thead data-start=\"1346\" data-end=\"1433\">\n<tr data-start=\"1346\" data-end=\"1433\">\n<th data-start=\"1346\" data-end=\"1366\" data-col-size=\"sm\"><strong data-start=\"1348\" data-end=\"1360\">Mat\u00e9riau<\/strong><\/th>\n<th data-start=\"1366\" data-end=\"1414\" data-col-size=\"md\"><strong data-start=\"1368\" data-end=\"1380\">Caract\u00e9ristiques<\/strong><\/th>\n<th data-start=\"1414\" data-end=\"1433\" data-col-size=\"md\"><strong data-start=\"1416\" data-end=\"1431\">Utilisation typique<\/strong><\/th>\n<\/tr>\n<\/thead>\n<tbody data-start=\"1522\" data-end=\"1883\">\n<tr data-start=\"1522\" data-end=\"1638\">\n<td data-start=\"1522\" data-end=\"1542\" data-col-size=\"sm\"><strong data-start=\"1524\" data-end=\"1538\">Acier au carbone<\/strong><\/td>\n<td data-start=\"1542\" data-end=\"1590\" data-col-size=\"md\">\u00c9conomique, facilement soudable et usinable<\/td>\n<td data-start=\"1590\" data-end=\"1638\" data-col-size=\"md\">B\u00e2timents r\u00e9sidentiels, structures commerciales<\/td>\n<\/tr>\n<tr data-start=\"1639\" data-end=\"1761\">\n<td data-start=\"1639\" data-end=\"1662\" data-col-size=\"sm\"><strong data-start=\"1641\" data-end=\"1661\">Acier de construction<\/strong><\/td>\n<td data-start=\"1662\" data-end=\"1710\" data-col-size=\"md\">Haute r\u00e9sistance, con\u00e7u pour charges lourdes<\/td>\n<td data-start=\"1710\" data-end=\"1761\" data-col-size=\"md\">Ponts, b\u00e2timents industriels, ch\u00e2ssis de machines<\/td>\n<\/tr>\n<tr data-start=\"1762\" data-end=\"1883\">\n<td data-start=\"1762\" data-end=\"1782\" data-col-size=\"sm\"><strong data-start=\"1764\" data-end=\"1779\">Acier alli\u00e9<\/strong><\/td>\n<td data-start=\"1782\" data-end=\"1841\" data-col-size=\"md\">R\u00e9sistance \u00e9lev\u00e9e \u00e0 la traction, usage intensif<\/td>\n<td data-start=\"1841\" data-end=\"1883\" data-col-size=\"md\">Machines lourdes, composants m\u00e9caniques<\/td>\n<\/tr>\n<\/tbody>\n<\/table>\n<\/div>\n<\/div>\n<h4 data-start=\"1885\" data-end=\"1911\"><strong data-start=\"1885\" data-end=\"1911\"><br \/>\nSp\u00e9cifications typiques<\/strong><\/h4>\n<ul data-start=\"1913\" data-end=\"2359\">\n<li data-start=\"1913\" data-end=\"2114\">\n<p data-start=\"1915\" data-end=\"2114\" class=\"translation-block\"><strong data-start=\"1915\" data-end=\"1930\">Dimensions:<\/strong> Hauteurs g\u00e9n\u00e9ralement de 80 mm \u00e0 600 mm (largeur et \u00e9paisseur selon les charges).<\/p>\n<\/li>\n<li data-start=\"2115\" data-end=\"2231\">\n<p data-start=\"2117\" data-end=\"2231\" class=\"translation-block\"><strong data-start=\"2117\" data-end=\"2128\">Longueur:<\/strong> Longueurs standards de 6 m \u00e0 12 m (selon le projet et les contraintes de transport).<\/p>\n<\/li>\n<li data-start=\"2232\" data-end=\"2359\">\n<p data-start=\"2234\" data-end=\"2359\" class=\"translation-block\"><strong data-start=\"2234\" data-end=\"2250\">Nuance d\u2019acier:<\/strong> Variable selon les besoins structurels, disponible g\u00e9n\u00e9ralement en S235, S275, S355 ou sup\u00e9rieurs.<\/p>\n<\/li>\n<\/ul>\n<h4 data-start=\"2361\" data-end=\"2375\"><strong data-start=\"2361\" data-end=\"2375\">Avantages<\/strong><\/h4>\n<ul data-start=\"2377\" data-end=\"2955\">\n<li data-start=\"2377\" data-end=\"2550\">\n<p data-start=\"2379\" data-end=\"2550\" class=\"translation-block\"><strong data-start=\"2379\" data-end=\"2412\">Grande capacit\u00e9 de charge:<\/strong> Excellentes performances pour supporter des charges lourdes gr\u00e2ce \u00e0 la section en I.<\/p>\n<\/li>\n<li data-start=\"2551\" data-end=\"2698\">\n<p data-start=\"2553\" data-end=\"2698\" class=\"translation-block\"><strong data-start=\"2553\" data-end=\"2569\">Flexibilit\u00e9:<\/strong> Facilement modifiables (d\u00e9coupe, soudage, cintrage), ce qui les rend polyvalentes.<\/p>\n<\/li>\n<li data-start=\"2699\" data-end=\"2840\">\n<p data-start=\"2701\" data-end=\"2840\" class=\"translation-block\"><strong data-start=\"2701\" data-end=\"2716\">Durabilit\u00e9:<\/strong> Con\u00e7ues en acier haute r\u00e9sistance pour une longue dur\u00e9e de vie, tant en r\u00e9sidentiel qu\u2019en industriel.<\/p>\n<\/li>\n<li data-start=\"2841\" data-end=\"2955\">\n<p data-start=\"2843\" data-end=\"2955\" class=\"translation-block\"><strong data-start=\"2843\" data-end=\"2862\">\u00c9conomiques:<\/strong> Solution abordable pour le support structurel sans compromis sur la performance.<\/p>\n<\/li>\n<\/ul>\n<h4 data-start=\"2957\" data-end=\"2973\"><strong data-start=\"2957\" data-end=\"2973\">Applications<\/strong><\/h4>\n<ul data-start=\"2975\" data-end=\"3514\">\n<li data-start=\"2975\" data-end=\"3075\">\n<p data-start=\"2977\" data-end=\"3075\" class=\"translation-block\"><strong data-start=\"2977\" data-end=\"2994\">Construction:<\/strong> Utilis\u00e9es pour les structures porteuses dans les b\u00e2timents, ponts et constructions industrielles.<\/p>\n<\/li>\n<li data-start=\"3076\" data-end=\"3193\">\n<p data-start=\"3078\" data-end=\"3193\" class=\"translation-block\"><strong data-start=\"3078\" data-end=\"3105\">Ing\u00e9nierie m\u00e9canique:<\/strong> Structures de machines lourdes et composants structurels.<\/p>\n<\/li>\n<li data-start=\"3194\" data-end=\"3321\">\n<p data-start=\"3196\" data-end=\"3321\" class=\"translation-block\"><strong data-start=\"3196\" data-end=\"3231\">Charpente et toitures:<\/strong> Utilis\u00e9es comme solives de plafond, chevrons et autres \u00e9l\u00e9ments porteurs.<\/p>\n<\/li>\n<li data-start=\"3322\" data-end=\"3418\">\n<p data-start=\"3324\" data-end=\"3418\" class=\"translation-block\"><strong data-start=\"3324\" data-end=\"3347\">Stabilisation du sol:<\/strong> Poteaux et \u00e9l\u00e9ments de renforcement du terrain.<\/p>\n<\/li>\n<li data-start=\"3419\" data-end=\"3514\">\n<p data-start=\"3421\" data-end=\"3514\" class=\"translation-block\"><strong data-start=\"3421\" data-end=\"3446\">Transport &amp; v\u00e9hicules:<\/strong> Fabrication de ch\u00e2ssis et de pi\u00e8ces structurelles.<\/p>\n<\/li>\n<\/ul>\n<h4><strong>Pourquoi choisir ERAD Steel ?<\/strong><\/h4>\n<ul>\n<li>Qualit\u00e9 fiable et structure en acier robuste.<\/li>\n<li>Livraison rapide et service client professionnel.<\/li>\n<li>Fiabilit\u00e9 reconnue par des clients \u00e0 travers l\u2019Afrique, l\u2019Union europ\u00e9enne et la r\u00e9gion MENA.<\/li>\n<\/ul>\n<h4><strong>\ud83d\udcf2 Int\u00e9ress\u00e9(e) par notre <\/strong><strong data-start=\"260\" data-end=\"325\">Poutres en IPE<\/strong><strong>?<\/strong><\/h4>\n<p>Discutez directement avec notre \u00e9quipe pour les prix et les d\u00e9tails :<\/p>\n<div class=\"sc_item_button sc_button_wrap\"><a class=\"sc_button sc_button_default sc_button_size_normal sc_button_icon_left\" href=\"#quote\"><span class=\"sc_button_text\"><span class=\"sc_button_title\">Obtenez un devis rapide<\/span><\/span><\/a><\/div>","protected":false},"excerpt":{"rendered":"<p><strong data-start=\"70\" data-end=\"83\">Poutres en IPE<\/strong><br data-start=\"83\" data-end=\"86\" \/>Les poutres IPE sont principalement utilis\u00e9es dans l\u2019industrie du b\u00e2timent, ainsi que dans l\u2019ing\u00e9nierie m\u00e9canique et la construction m\u00e9tallique. Elles peuvent servir de solives de plafond, de poteaux, de chevrons, d\u2019\u00e9l\u00e9ments d\u2019am\u00e9lioration du sol ou encore de ch\u00e2ssis de v\u00e9hicules. Leur adaptabilit\u00e9 aux proc\u00e9d\u00e9s de transformation \u2014 tels que la d\u00e9coupe, le soudage ou le cintrage \u2014 leur permet d\u2019\u00eatre employ\u00e9es dans de nombreux secteurs. Selon l\u2019usage pr\u00e9vu et les exigences structurelles, les poutres IPE peuvent varier en dimensions et en nuance d\u2019acier utilis\u00e9es pour leur fabrication.<\/p>\n<div class=\"elementor-element elementor-element-b057435 sc_fly_static elementor-widget elementor-widget-trx_sc_button trx_addons_parallax_layers_inited trx_addons_parallax_blocks_inited\" data-id=\"b057435\" data-element_type=\"widget\" data-widget_type=\"trx_sc_button.default\">\n<div class=\"elementor-widget-container\">\n<div class=\"sc_item_button sc_button_wrap\"><a class=\"sc_button sc_button_default sc_button_size_normal sc_button_icon_left\" href=\"#quote\"><span class=\"sc_button_text\"><span class=\"sc_button_title\">Demander un devis<\/span><\/span><\/a><\/div>\n<\/div>\n<\/div>","protected":false},"featured_media":8547,"template":"","meta":[],"product_brand":[],"product_cat":[188],"product_tag":[],"class_list":{"0":"post-8546","1":"product","2":"type-product","3":"status-publish","4":"has-post-thumbnail","6":"product_cat-beams-and-channels","7":"en-US","9":"first","10":"instock","11":"shipping-taxable","12":"product-type-simple"},"_links":{"self":[{"href":"https:\/\/eradsteel.com\/fr\/wp-json\/wp\/v2\/product\/8546","targetHints":{"allow":["GET"]}}],"collection":[{"href":"https:\/\/eradsteel.com\/fr\/wp-json\/wp\/v2\/product"}],"about":[{"href":"https:\/\/eradsteel.com\/fr\/wp-json\/wp\/v2\/types\/product"}],"wp:featuredmedia":[{"embeddable":true,"href":"https:\/\/eradsteel.com\/fr\/wp-json\/wp\/v2\/media\/8547"}],"wp:attachment":[{"href":"https:\/\/eradsteel.com\/fr\/wp-json\/wp\/v2\/media?parent=8546"}],"wp:term":[{"taxonomy":"product_brand","embeddable":true,"href":"https:\/\/eradsteel.com\/fr\/wp-json\/wp\/v2\/product_brand?post=8546"},{"taxonomy":"product_cat","embeddable":true,"href":"https:\/\/eradsteel.com\/fr\/wp-json\/wp\/v2\/product_cat?post=8546"},{"taxonomy":"product_tag","embeddable":true,"href":"https:\/\/eradsteel.com\/fr\/wp-json\/wp\/v2\/product_tag?post=8546"}],"curies":[{"name":"wp","href":"https:\/\/api.w.org\/{rel}","templated":true}]}}