{"id":8544,"date":"2020-08-26T09:05:16","date_gmt":"2020-08-26T09:05:16","guid":{"rendered":"https:\/\/eradsteel.com\/?post_type=product&#038;p=8544"},"modified":"2025-11-19T13:20:25","modified_gmt":"2025-11-19T13:20:25","slug":"round-bar","status":"publish","type":"product","link":"https:\/\/eradsteel.com\/fr\/produit\/round-bar\/","title":{"rendered":"Barre Ronde"},"content":{"rendered":"<div style=\"display: none;\">\n<div class=\"wpcf7 no-js\" id=\"wpcf7-f232-o1\" lang=\"en-US\" dir=\"ltr\" data-wpcf7-id=\"232\">\n<div class=\"screen-reader-response\"><p role=\"status\" aria-live=\"polite\" aria-atomic=\"true\"><\/p> <ul><\/ul><\/div>\n<form action=\"\/fr\/wp-json\/wp\/v2\/product\/8544#wpcf7-f232-o1\" method=\"post\" class=\"wpcf7-form init\" aria-label=\"Formulaire de contact\" novalidate=\"novalidate\" data-status=\"init\" data-trp-original-action=\"\/fr\/wp-json\/wp\/v2\/product\/8544#wpcf7-f232-o1\">\n<fieldset class=\"hidden-fields-container\"><input type=\"hidden\" name=\"_wpcf7\" value=\"232\" \/><input type=\"hidden\" name=\"_wpcf7_version\" value=\"6.1.1\" \/><input type=\"hidden\" name=\"_wpcf7_locale\" value=\"en_US\" \/><input type=\"hidden\" name=\"_wpcf7_unit_tag\" value=\"wpcf7-f232-o1\" \/><input type=\"hidden\" name=\"_wpcf7_container_post\" value=\"0\" \/><input type=\"hidden\" name=\"_wpcf7_posted_data_hash\" value=\"\" \/>\n<\/fieldset>\n<div class=\"form-style-3\">\n\t<div class=\"columns_wrap\">\n\t\t<div class=\"column-1_2\">\n\t\t\t<p><span class=\"style-line icon-name\"><span class=\"wpcf7-form-control-wrap\" data-name=\"your-name\"><input size=\"40\" maxlength=\"400\" class=\"wpcf7-form-control wpcf7-text wpcf7-validates-as-required\" aria-required=\"true\" aria-invalid=\"false\" placeholder=\"Nom\" value=\"\" type=\"text\" name=\"your-name\" \/><\/span><\/span>\n\t\t\t<\/p>\n\t\t<\/div>\n\t\t<div class=\"column-1_2\">\n\t\t\t<p><span class=\"style-line icon-email\"><span class=\"wpcf7-form-control-wrap\" data-name=\"your-email\"><input size=\"40\" maxlength=\"400\" class=\"wpcf7-form-control wpcf7-email wpcf7-validates-as-required wpcf7-text wpcf7-validates-as-email\" aria-required=\"true\" aria-invalid=\"false\" placeholder=\"Adresse email\" value=\"\" type=\"email\" name=\"your-email\" \/><\/span><\/span>\n\t\t\t<\/p>\n\t\t<\/div>\n\t<\/div>\n\t<div class=\"columns_wrap\">\n\t\t<div class=\"column-1_2\">\n\t\t\t<p><span class=\"style-line icon-phone\"><span class=\"wpcf7-form-control-wrap\" data-name=\"phone\"><input size=\"40\" maxlength=\"400\" class=\"wpcf7-form-control wpcf7-tel wpcf7-validates-as-required wpcf7-text wpcf7-validates-as-tel\" aria-required=\"true\" aria-invalid=\"false\" placeholder=\"T\u00e9l\u00e9phone\" value=\"\" type=\"tel\" name=\"phone\" \/><\/span><\/span>\n\t\t\t<\/p>\n\t\t<\/div>\n\t\t<div class=\"column-1_2\">\n\t\t\t<p><span class=\"style-line icon-subject\"><span class=\"wpcf7-form-control-wrap\" data-name=\"subject\"><input size=\"40\" maxlength=\"400\" class=\"wpcf7-form-control wpcf7-text wpcf7-validates-as-required\" aria-required=\"true\" aria-invalid=\"false\" placeholder=\"Sujet\" value=\"\" type=\"text\" name=\"subject\" \/><\/span><\/span>\n\t\t\t<\/p>\n\t\t<\/div>\n\t<\/div>\n\t<div class=\"columns_wrap margin-bottom\">\n\t\t<div class=\"column-1_1\">\n\t\t\t<p><span class=\"style-line icon-textarea\"><span class=\"wpcf7-form-control-wrap\" data-name=\"your-message\"><textarea cols=\"40\" rows=\"10\" maxlength=\"2000\" class=\"wpcf7-form-control wpcf7-textarea wpcf7-validates-as-required\" aria-required=\"true\" aria-invalid=\"false\" placeholder=\"Comment pouvons-nous vous aider ? N&#039;h\u00e9sitez pas \u00e0 nous contacter !\" name=\"your-message\"><\/textarea><\/span><\/span>\n\t\t\t<\/p>\n\t\t<\/div>\n\t<\/div>\n<div class=\"wpcf7-turnstile cf-turnstile\" data-sitekey=\"0x4AAAAAAB0XAVz92lw7mzFA\" data-response-field-name=\"_wpcf7_turnstile_response\"><\/div>\n\t<p><span class=\"wpcf7-form-control-wrap\" data-name=\"acceptance\"><span class=\"wpcf7-form-control wpcf7-acceptance\"><span class=\"wpcf7-list-item\"><label><input type=\"checkbox\" name=\"acceptance\" value=\"1\" aria-invalid=\"false\" \/><span class=\"wpcf7-list-item-label\">Je suis d&#039;accord, mes donn\u00e9es sont <a href=\"\/fr\/privacy-policy\/\">collect\u00e9s et stock\u00e9s<\/a>.<\/span><\/label><\/span><\/span><\/span><br \/>\n<input class=\"wpcf7-form-control wpcf7-submit has-spinner\" type=\"submit\" value=\"Nous contacter\" \/>\n\t<\/p>\n<\/div><input type='hidden' class='wpcf7-pum' value='{\"closepopup\":false,\"closedelay\":0,\"openpopup\":false,\"openpopup_id\":0}' \/><div class=\"wpcf7-response-output\" aria-hidden=\"true\"><\/div>\n<input type=\"hidden\" name=\"trp-form-language\" value=\"fr\"\/><\/form>\n<\/div>\n<\/div>\n<h3 data-start=\"77\" data-end=\"96\"><strong data-start=\"81\" data-end=\"94\">Barre Ronde<\/strong><\/h3>\n<h4 data-start=\"97\" data-end=\"114\"><strong data-start=\"97\" data-end=\"114\">Mat\u00e9riau principal<\/strong><\/h4>\n<ul data-start=\"116\" data-end=\"256\">\n<li data-start=\"116\" data-end=\"220\">\n<p data-start=\"118\" data-end=\"220\" class=\"translation-block\"><strong data-start=\"118\" data-end=\"132\">Mat\u00e9riau:<\/strong> Acier au carbone, acier alli\u00e9 ou autres mat\u00e9riaux selon l\u2019application<\/p>\n<\/li>\n<li data-start=\"221\" data-end=\"256\">\n<p data-start=\"223\" data-end=\"256\" class=\"translation-block\"><strong data-start=\"223\" data-end=\"233\">Forme :<\/strong> Section Circulaire<\/p>\n<\/li>\n<\/ul>\n<h4 data-start=\"258\" data-end=\"273\"><strong data-start=\"258\" data-end=\"273\">Propri\u00e9t\u00e9s:<\/strong><\/h4>\n<ul data-start=\"275\" data-end=\"787\">\n<li data-start=\"275\" data-end=\"410\">\n<p data-start=\"277\" data-end=\"410\" class=\"translation-block\"><strong data-start=\"277\" data-end=\"290\">Force:<\/strong> Les barres rondes sont tr\u00e8s durables, offrant un excellent support aux structures en b\u00e9ton et une r\u00e9sistance \u00e0 la traction sup\u00e9rieure.<\/p>\n<\/li>\n<li data-start=\"411\" data-end=\"616\">\n<p data-start=\"413\" data-end=\"616\" class=\"translation-block\"><strong data-start=\"413\" data-end=\"433\">Qualit\u00e9 de surface:<\/strong> Elles poss\u00e8dent une surface lisse et r\u00e9guli\u00e8re, id\u00e9ale pour une application dans une large gamme d'environnements structurels.Elles assurent une excellente adh\u00e9rence au b\u00e9ton et restent stables m\u00eame en cas d\u2019exposition prolong\u00e9e.<\/p>\n<\/li>\n<li data-start=\"617\" data-end=\"787\">\n<p data-start=\"619\" data-end=\"787\" class=\"translation-block\"><strong data-start=\"619\" data-end=\"633\">Long\u00e9vit\u00e9:<\/strong> Le mat\u00e9riau conserve sa forme et sa structure chimique au fil du temps, garantissant un entretien minimal et une longue dur\u00e9e de vie, notamment dans les applications de b\u00e9ton<\/p>\n<\/li>\n<\/ul>\n<h4 data-start=\"789\" data-end=\"814\"><strong data-start=\"789\" data-end=\"814\">Processus de fabrication<\/strong><\/h4>\n<ol data-start=\"816\" data-end=\"1346\">\n<li data-start=\"816\" data-end=\"927\">\n<p data-start=\"819\" data-end=\"927\" class=\"translation-block\"><strong data-start=\"819\" data-end=\"831\">Chauffage:<\/strong> Les billettes d\u2019acier sont chauff\u00e9es \u00e0 haute temp\u00e9rature dans un four pour les rendre mall\u00e9ables.<\/p>\n<\/li>\n<li data-start=\"928\" data-end=\"1035\">\n<p data-start=\"931\" data-end=\"1035\" class=\"translation-block\"><strong data-start=\"931\" data-end=\"947\">Laminage \u00e0 chaud:<\/strong> Les billettes passent \u00e0 travers des rouleaux pour obtenir la forme et le diam\u00e8tre souhait\u00e9s.<\/p>\n<\/li>\n<li data-start=\"1036\" data-end=\"1113\">\n<p data-start=\"1039\" data-end=\"1113\" class=\"translation-block\"><strong data-start=\"1039\" data-end=\"1051\">Refroidissement:<\/strong> Apr\u00e8s laminage, les barres rondes sont refroidies \u00e0 temp\u00e9rature ambiante.<\/p>\n<\/li>\n<li data-start=\"1114\" data-end=\"1212\">\n<p data-start=\"1117\" data-end=\"1212\" class=\"translation-block\"><strong data-start=\"1117\" data-end=\"1129\">D\u00e9coupe:<\/strong> Les barres sont coup\u00e9es aux longueurs requises selon les sp\u00e9cifications du client.<\/p>\n<\/li>\n<li data-start=\"1213\" data-end=\"1346\">\n<p data-start=\"1216\" data-end=\"1346\"><strong data-start=\"1216\" data-end=\"1230\">Finition:<\/strong> Un traitement de surface peut \u00eatre appliqu\u00e9 en fonction de l&#039;utilisation pr\u00e9vue (par exemple, rev\u00eatement ou galvanisation pour la r\u00e9sistance \u00e0 la corrosion).<\/p>\n<\/li>\n<\/ol>\n<h4 data-start=\"1348\" data-end=\"1380\"><strong data-start=\"1348\" data-end=\"1378\">Grades d\u2019acier courants pour les barres rondes<br \/>\n<\/strong><\/h4>\n<table>\n<thead>\n<tr>\n<th>Mat\u00e9riau<\/th>\n<th>Caract\u00e9ristiques<\/th>\n<th>Utilisation typique<\/th>\n<\/tr>\n<\/thead>\n<tbody>\n<tr>\n<td>Acier au carbone<\/td>\n<td>\u00c9conomique, facile \u00e0 souder et usiner<\/td>\n<td>Renforcement du b\u00e9ton, applications structurelles<\/td>\n<\/tr>\n<tr>\n<td>Acier alli\u00e9<\/td>\n<td>Haute r\u00e9sistance, r\u00e9sistant \u00e0 l\u2019usure, adapt\u00e9 aux usages intensifs<\/td>\n<td>\u00c9quipements industriels, pi\u00e8ces m\u00e9caniques<\/td>\n<\/tr>\n<\/tbody>\n<\/table>\n<h4 data-start=\"1922\" data-end=\"1948\"><strong data-start=\"1922\" data-end=\"1948\"><br \/>\nSp\u00e9cifications typiques<\/strong><\/h4>\n<ul data-start=\"1950\" data-end=\"2259\">\n<li data-start=\"1950\" data-end=\"2053\">\n<p data-start=\"1952\" data-end=\"2053\" class=\"translation-block\"><strong data-start=\"1952\" data-end=\"1965\">Diam\u00e8tre:<\/strong> Disponible de 6 mm \u00e0 250 mm ou plus (tailles personnalis\u00e9es sur demande).<\/p>\n<\/li>\n<li data-start=\"2054\" data-end=\"2141\">\n<p data-start=\"2056\" data-end=\"2141\" class=\"translation-block\"><strong data-start=\"2056\" data-end=\"2067\">Longueur:<\/strong> G\u00e9n\u00e9ralement disponible en barres de 6 m\u00e8tres, avec possibilit\u00e9 de longueurs personnalis\u00e9es.<\/p>\n<\/li>\n<li data-start=\"2142\" data-end=\"2259\">\n<p data-start=\"2144\" data-end=\"2259\" class=\"translation-block\"><strong data-start=\"2144\" data-end=\"2163\">Finition de surface:<\/strong> Finition standard de laminoir, avec option de rev\u00eatement (ex. galvanisation) pour une protection anticorrosion renforc\u00e9e.<\/p>\n<\/li>\n<\/ul>\n<h4 data-start=\"2261\" data-end=\"2275\"><strong data-start=\"2261\" data-end=\"2275\">Avantages<\/strong><\/h4>\n<ul data-start=\"2277\" data-end=\"2854\">\n<li data-start=\"2277\" data-end=\"2428\">\n<p data-start=\"2279\" data-end=\"2428\" class=\"translation-block\"><strong data-start=\"2279\" data-end=\"2307\">R\u00e9sistance et durabilit\u00e9:<\/strong> Excellente r\u00e9sistance \u00e0 la traction, assurant la stabilit\u00e9 des structures en b\u00e9ton arm\u00e9.<\/p>\n<\/li>\n<li data-start=\"2429\" data-end=\"2603\">\n<p data-start=\"2431\" data-end=\"2603\" class=\"translation-block\"><strong data-start=\"2431\" data-end=\"2445\">Long\u00e9vit\u00e9:<\/strong> Conserve ses propri\u00e9t\u00e9s chimiques et m\u00e9caniques dans le temps, contribuant \u00e0 la durabilit\u00e9 des structures sans entretien.<\/p>\n<\/li>\n<li data-start=\"2604\" data-end=\"2709\">\n<p data-start=\"2606\" data-end=\"2709\" class=\"translation-block\"><strong data-start=\"2606\" data-end=\"2633\">Polyvalence:<\/strong> Adapt\u00e9e \u00e0 une large gamme d\u2019applications structurelles et industrielles.<\/p>\n<\/li>\n<li data-start=\"2710\" data-end=\"2854\">\n<p data-start=\"2712\" data-end=\"2854\"><strong data-start=\"2712\" data-end=\"2737\">R\u00e9sistance \u00e0 la corrosion :<\/strong> Rev\u00eatues ou galvanis\u00e9es, les barres rondes offrent une protection sup\u00e9rieure contre la corrosion, assurant ainsi une dur\u00e9e de vie plus longue.<\/p>\n<\/li>\n<\/ul>\n<h4 data-start=\"2856\" data-end=\"2872\"><strong data-start=\"2856\" data-end=\"2872\">Applications<\/strong><\/h4>\n<ul data-start=\"2874\" data-end=\"3280\">\n<li data-start=\"2874\" data-end=\"2976\">\n<p data-start=\"2876\" data-end=\"2976\" class=\"translation-block\"><strong data-start=\"2876\" data-end=\"2893\">Construction:<\/strong> Utilis\u00e9es comme armature dans le b\u00e9ton (fondations, poutres, colonnes).<\/p>\n<\/li>\n<li data-start=\"2977\" data-end=\"3076\">\n<p data-start=\"2979\" data-end=\"3076\" class=\"translation-block\"><strong data-start=\"2979\" data-end=\"2994\">Industrie:<\/strong> Fabrication de composants m\u00e9caniques, arbres, axes et autres pi\u00e8ces.<\/p>\n<\/li>\n<li data-start=\"3077\" data-end=\"3195\">\n<p data-start=\"3079\" data-end=\"3195\" class=\"translation-block\"><strong data-start=\"3079\" data-end=\"3101\">Marine &amp; Offshore:<\/strong> Adapt\u00e9es aux environnements expos\u00e9s \u00e0 l\u2019eau sal\u00e9e et aux conditions difficiles.<\/p>\n<\/li>\n<li data-start=\"3196\" data-end=\"3280\">\n<p data-start=\"3198\" data-end=\"3280\" class=\"translation-block\"><strong data-start=\"3198\" data-end=\"3217\">Infrastructures:<\/strong> Ponts, tunnels, autoroutes et autres projets de grande envergure.<\/p>\n<\/li>\n<\/ul>\n<h4><strong>Pourquoi choisir ERAD Steel ?<\/strong><\/h4>\n<ul>\n<li>Qualit\u00e9 fiable et structure en acier robuste.<\/li>\n<li>Livraison rapide et service client professionnel.<\/li>\n<li>Fiabilit\u00e9 reconnue par des clients \u00e0 travers l\u2019Afrique, l\u2019Union europ\u00e9enne et la r\u00e9gion MENA.<\/li>\n<\/ul>\n<h4><strong>\ud83d\udcf2 Int\u00e9ress\u00e9(e) par notre <\/strong><strong data-start=\"260\" data-end=\"325\">Barre Ronde <\/strong><strong>?<\/strong><\/h4>\n<p>Discutez directement avec notre \u00e9quipe pour les prix et les d\u00e9tails :<\/p>\n<div class=\"sc_item_button sc_button_wrap\"><a class=\"sc_button sc_button_default sc_button_size_normal sc_button_icon_left\" href=\"#quote\"><span class=\"sc_button_text\"><span class=\"sc_button_title\">Obtenez un devis rapide<\/span><\/span><\/a><\/div>","protected":false},"excerpt":{"rendered":"<p><strong>Barre ronde<\/strong> Ce produit est fabriqu\u00e9 par laminage \u00e0 chaud. Il offre une excellente adh\u00e9rence et une surface de travail adapt\u00e9e, notamment pour les structures en b\u00e9ton.<br \/>\nCes produits, int\u00e9gr\u00e9s dans le b\u00e9ton, conservent leur forme et leur structure chimique pendant de nombreuses ann\u00e9es, sans n\u00e9cessiter d\u2019entretien ni de r\u00e9paration.<br \/>\nDe cette mani\u00e8re, les structures en b\u00e9ton deviennent plus solides, \u00e9quilibr\u00e9es et durables.<\/p>\n<div class=\"elementor-element elementor-element-b057435 sc_fly_static elementor-widget elementor-widget-trx_sc_button trx_addons_parallax_layers_inited trx_addons_parallax_blocks_inited\" data-id=\"b057435\" data-element_type=\"widget\" data-widget_type=\"trx_sc_button.default\">\n<div class=\"elementor-widget-container\">\n<div class=\"sc_item_button sc_button_wrap\"><a class=\"sc_button sc_button_default sc_button_size_normal sc_button_icon_left\" href=\"#quote\"><span class=\"sc_button_text\"><span class=\"sc_button_title\">Demander un devis<\/span><\/span><\/a><\/div>\n<\/div>\n<\/div>","protected":false},"featured_media":8978,"template":"","meta":[],"product_brand":[],"product_cat":[182],"product_tag":[],"class_list":{"0":"post-8544","1":"product","2":"type-product","3":"status-publish","4":"has-post-thumbnail","6":"product_cat-merchant-bar","7":"en-US","9":"first","10":"instock","11":"shipping-taxable","12":"product-type-simple"},"_links":{"self":[{"href":"https:\/\/eradsteel.com\/fr\/wp-json\/wp\/v2\/product\/8544","targetHints":{"allow":["GET"]}}],"collection":[{"href":"https:\/\/eradsteel.com\/fr\/wp-json\/wp\/v2\/product"}],"about":[{"href":"https:\/\/eradsteel.com\/fr\/wp-json\/wp\/v2\/types\/product"}],"wp:featuredmedia":[{"embeddable":true,"href":"https:\/\/eradsteel.com\/fr\/wp-json\/wp\/v2\/media\/8978"}],"wp:attachment":[{"href":"https:\/\/eradsteel.com\/fr\/wp-json\/wp\/v2\/media?parent=8544"}],"wp:term":[{"taxonomy":"product_brand","embeddable":true,"href":"https:\/\/eradsteel.com\/fr\/wp-json\/wp\/v2\/product_brand?post=8544"},{"taxonomy":"product_cat","embeddable":true,"href":"https:\/\/eradsteel.com\/fr\/wp-json\/wp\/v2\/product_cat?post=8544"},{"taxonomy":"product_tag","embeddable":true,"href":"https:\/\/eradsteel.com\/fr\/wp-json\/wp\/v2\/product_tag?post=8544"}],"curies":[{"name":"wp","href":"https:\/\/api.w.org\/{rel}","templated":true}]}}