{"id":8542,"date":"2020-08-26T09:03:33","date_gmt":"2020-08-26T09:03:33","guid":{"rendered":"https:\/\/eradsteel.com\/?post_type=product&#038;p=8542"},"modified":"2025-11-19T13:20:34","modified_gmt":"2025-11-19T13:20:34","slug":"equal-angle-bar","status":"publish","type":"product","link":"https:\/\/eradsteel.com\/fr\/produit\/equal-angle-bar\/","title":{"rendered":"Barre d\u2019Angle \u00c9gale"},"content":{"rendered":"<div style=\"display: none;\">\n<div class=\"wpcf7 no-js\" id=\"wpcf7-f232-o1\" lang=\"en-US\" dir=\"ltr\" data-wpcf7-id=\"232\">\n<div class=\"screen-reader-response\"><p role=\"status\" aria-live=\"polite\" aria-atomic=\"true\"><\/p> <ul><\/ul><\/div>\n<form action=\"\/fr\/wp-json\/wp\/v2\/product\/8542#wpcf7-f232-o1\" method=\"post\" class=\"wpcf7-form init\" aria-label=\"Formulaire de contact\" novalidate=\"novalidate\" data-status=\"init\" data-trp-original-action=\"\/fr\/wp-json\/wp\/v2\/product\/8542#wpcf7-f232-o1\">\n<fieldset class=\"hidden-fields-container\"><input type=\"hidden\" name=\"_wpcf7\" value=\"232\" \/><input type=\"hidden\" name=\"_wpcf7_version\" value=\"6.1.1\" \/><input type=\"hidden\" name=\"_wpcf7_locale\" value=\"en_US\" \/><input type=\"hidden\" name=\"_wpcf7_unit_tag\" value=\"wpcf7-f232-o1\" \/><input type=\"hidden\" name=\"_wpcf7_container_post\" value=\"0\" \/><input type=\"hidden\" name=\"_wpcf7_posted_data_hash\" value=\"\" \/>\n<\/fieldset>\n<div class=\"form-style-3\">\n\t<div class=\"columns_wrap\">\n\t\t<div class=\"column-1_2\">\n\t\t\t<p><span class=\"style-line icon-name\"><span class=\"wpcf7-form-control-wrap\" data-name=\"your-name\"><input size=\"40\" maxlength=\"400\" class=\"wpcf7-form-control wpcf7-text wpcf7-validates-as-required\" aria-required=\"true\" aria-invalid=\"false\" placeholder=\"Nom\" value=\"\" type=\"text\" name=\"your-name\" \/><\/span><\/span>\n\t\t\t<\/p>\n\t\t<\/div>\n\t\t<div class=\"column-1_2\">\n\t\t\t<p><span class=\"style-line icon-email\"><span class=\"wpcf7-form-control-wrap\" data-name=\"your-email\"><input size=\"40\" maxlength=\"400\" class=\"wpcf7-form-control wpcf7-email wpcf7-validates-as-required wpcf7-text wpcf7-validates-as-email\" aria-required=\"true\" aria-invalid=\"false\" placeholder=\"Adresse email\" value=\"\" type=\"email\" name=\"your-email\" \/><\/span><\/span>\n\t\t\t<\/p>\n\t\t<\/div>\n\t<\/div>\n\t<div class=\"columns_wrap\">\n\t\t<div class=\"column-1_2\">\n\t\t\t<p><span class=\"style-line icon-phone\"><span class=\"wpcf7-form-control-wrap\" data-name=\"phone\"><input size=\"40\" maxlength=\"400\" class=\"wpcf7-form-control wpcf7-tel wpcf7-validates-as-required wpcf7-text wpcf7-validates-as-tel\" aria-required=\"true\" aria-invalid=\"false\" placeholder=\"T\u00e9l\u00e9phone\" value=\"\" type=\"tel\" name=\"phone\" \/><\/span><\/span>\n\t\t\t<\/p>\n\t\t<\/div>\n\t\t<div class=\"column-1_2\">\n\t\t\t<p><span class=\"style-line icon-subject\"><span class=\"wpcf7-form-control-wrap\" data-name=\"subject\"><input size=\"40\" maxlength=\"400\" class=\"wpcf7-form-control wpcf7-text wpcf7-validates-as-required\" aria-required=\"true\" aria-invalid=\"false\" placeholder=\"Sujet\" value=\"\" type=\"text\" name=\"subject\" \/><\/span><\/span>\n\t\t\t<\/p>\n\t\t<\/div>\n\t<\/div>\n\t<div class=\"columns_wrap margin-bottom\">\n\t\t<div class=\"column-1_1\">\n\t\t\t<p><span class=\"style-line icon-textarea\"><span class=\"wpcf7-form-control-wrap\" data-name=\"your-message\"><textarea cols=\"40\" rows=\"10\" maxlength=\"2000\" class=\"wpcf7-form-control wpcf7-textarea wpcf7-validates-as-required\" aria-required=\"true\" aria-invalid=\"false\" placeholder=\"Comment pouvons-nous vous aider ? N&#039;h\u00e9sitez pas \u00e0 nous contacter !\" name=\"your-message\"><\/textarea><\/span><\/span>\n\t\t\t<\/p>\n\t\t<\/div>\n\t<\/div>\n<div class=\"wpcf7-turnstile cf-turnstile\" data-sitekey=\"0x4AAAAAAB0XAVz92lw7mzFA\" data-response-field-name=\"_wpcf7_turnstile_response\"><\/div>\n\t<p><span class=\"wpcf7-form-control-wrap\" data-name=\"acceptance\"><span class=\"wpcf7-form-control wpcf7-acceptance\"><span class=\"wpcf7-list-item\"><label><input type=\"checkbox\" name=\"acceptance\" value=\"1\" aria-invalid=\"false\" \/><span class=\"wpcf7-list-item-label\">Je suis d&#039;accord, mes donn\u00e9es sont <a href=\"\/fr\/privacy-policy\/\">collect\u00e9s et stock\u00e9s<\/a>.<\/span><\/label><\/span><\/span><\/span><br \/>\n<input class=\"wpcf7-form-control wpcf7-submit has-spinner\" type=\"submit\" value=\"Nous contacter\" \/>\n\t<\/p>\n<\/div><input type='hidden' class='wpcf7-pum' value='{\"closepopup\":false,\"closedelay\":0,\"openpopup\":false,\"openpopup_id\":0}' \/><div class=\"wpcf7-response-output\" aria-hidden=\"true\"><\/div>\n<input type=\"hidden\" name=\"trp-form-language\" value=\"fr\"\/><\/form>\n<\/div>\n<\/div>\n<h3 data-start=\"83\" data-end=\"108\"><strong data-start=\"87\" data-end=\"106\">Barre d\u2019Angle \u00c9gale<\/strong><\/h3>\n<h4 data-start=\"109\" data-end=\"126\"><strong data-start=\"109\" data-end=\"126\">Mat\u00e9riau principal<\/strong><\/h4>\n<ul data-start=\"128\" data-end=\"291\">\n<li data-start=\"128\" data-end=\"192\">\n<p data-start=\"130\" data-end=\"192\" class=\"translation-block\"><strong data-start=\"130\" data-end=\"144\">Substrat:<\/strong> Acier au carbone et acier alli\u00e9<\/p>\n<\/li>\n<li data-start=\"193\" data-end=\"291\">\n<p data-start=\"195\" data-end=\"291\" class=\"translation-block\"><strong data-start=\"195\" data-end=\"205\">Forme:<\/strong> Section en L avec ailes \u00e9gales (les deux c\u00f4t\u00e9s de l\u2019angle ont la m\u00eame longueur)<\/p>\n<\/li>\n<\/ul>\n<h4 data-start=\"293\" data-end=\"308\"><strong data-start=\"293\" data-end=\"308\">Propri\u00e9t\u00e9s:<\/strong><\/h4>\n<ul data-start=\"310\" data-end=\"721\">\n<li data-start=\"310\" data-end=\"442\">\n<p data-start=\"312\" data-end=\"442\" class=\"translation-block\"><strong data-start=\"312\" data-end=\"325\">Robustesse:<\/strong> Les barres d\u2019angle \u00e9gales sont tr\u00e8s robustes et offrent une excellente capacit\u00e9 portante, id\u00e9ales pour le renforcement structurel.<\/p>\n<\/li>\n<li data-start=\"443\" data-end=\"603\">\n<p data-start=\"445\" data-end=\"603\" class=\"translation-block\"><strong data-start=\"445\" data-end=\"461\">Adaptabilit\u00e9:<\/strong> Disponibles en diff\u00e9rentes tailles et \u00e9paisseurs, elles offrent une grande flexibilit\u00e9 pour diverses applications de construction et industrielles.<\/p>\n<\/li>\n<li data-start=\"604\" data-end=\"721\">\n<p data-start=\"606\" data-end=\"721\" class=\"translation-block\"><strong data-start=\"606\" data-end=\"625\">Finition de surface:<\/strong> G\u00e9n\u00e9ralement avec une finition brute de laminage, mais pouvant \u00eatre recouvertes ou trait\u00e9es pour une r\u00e9sistance accrue \u00e0 la corrosion.<\/p>\n<\/li>\n<\/ul>\n<h4 data-start=\"723\" data-end=\"748\"><strong data-start=\"723\" data-end=\"748\">Processus de fabrication<\/strong><\/h4>\n<ol data-start=\"750\" data-end=\"1283\">\n<li data-start=\"750\" data-end=\"836\">\n<p data-start=\"753\" data-end=\"836\" class=\"translation-block\"><strong data-start=\"753\" data-end=\"765\">Chauffage:<\/strong> Les billettes d\u2019acier sont chauff\u00e9es \u00e0 haute temp\u00e9rature pour les rendre suffisamment mall\u00e9ables.<\/p>\n<\/li>\n<li data-start=\"837\" data-end=\"946\">\n<p data-start=\"840\" data-end=\"946\" class=\"translation-block\"><strong data-start=\"840\" data-end=\"852\">Laminage:<\/strong> Les billettes sont pass\u00e9es dans des laminoirs pour former la corni\u00e8re \u00e9gale avec des dimensions pr\u00e9cises.<\/p>\n<\/li>\n<li data-start=\"947\" data-end=\"1036\">\n<p data-start=\"950\" data-end=\"1036\" class=\"translation-block\"><strong data-start=\"950\" data-end=\"962\">Refroidissement:<\/strong> Apr\u00e8s laminage, les barres d\u2019angle sont refroidies \u00e0 temp\u00e9rature ambiante.<\/p>\n<\/li>\n<li data-start=\"1037\" data-end=\"1133\">\n<p data-start=\"1040\" data-end=\"1133\" class=\"translation-block\"><strong data-start=\"1040\" data-end=\"1052\">D\u00e9coupe:<\/strong> Les barres sont d\u00e9coup\u00e9es aux longueurs requises selon les sp\u00e9cifications du client.<\/p>\n<\/li>\n<li data-start=\"1134\" data-end=\"1283\">\n<p data-start=\"1137\" data-end=\"1283\" class=\"translation-block\"><strong data-start=\"1137\" data-end=\"1151\">Finition:<\/strong> Le produit final peut subir des traitements suppl\u00e9mentaires (meulage, rev\u00eatement, galvanisation) en fonction des besoins.<\/p>\n<\/li>\n<\/ol>\n<h4 data-start=\"1285\" data-end=\"1323\"><strong data-start=\"1285\" data-end=\"1321\">Grades d\u2019acier courants pour les barres d\u2019angle \u00e9gales<\/strong><\/h4>\n<div class=\"_tableContainer_1rjym_1\">\n<div class=\"_tableWrapper_1rjym_13 group flex w-fit flex-col-reverse\" tabindex=\"-1\">\n<table class=\"w-fit min-w-(--thread-content-width)\" data-start=\"49\" data-end=\"508\" data-is-last-node=\"\" data-is-only-node=\"\">\n<thead data-start=\"49\" data-end=\"161\">\n<tr data-start=\"49\" data-end=\"161\">\n<th data-start=\"49\" data-end=\"64\" data-col-size=\"sm\">Mat\u00e9riau<\/th>\n<th data-start=\"64\" data-end=\"105\" data-col-size=\"md\">Caract\u00e9ristiques<\/th>\n<th data-start=\"105\" data-end=\"161\" data-col-size=\"md\">Utilisation typique<\/th>\n<\/tr>\n<\/thead>\n<tbody data-start=\"275\" data-end=\"508\" data-is-last-node=\"\">\n<tr data-start=\"275\" data-end=\"391\">\n<td data-start=\"275\" data-end=\"290\" data-col-size=\"sm\">Acier au carbone<\/td>\n<td data-start=\"290\" data-end=\"335\" data-col-size=\"md\">\u00c9conomique, facile \u00e0 souder et usiner<\/td>\n<td data-start=\"335\" data-end=\"391\" data-col-size=\"md\">Renforcement structurel, ossatures de b\u00e2timents<\/td>\n<\/tr>\n<tr data-start=\"392\" data-end=\"508\" data-is-last-node=\"\">\n<td data-start=\"392\" data-end=\"407\" data-col-size=\"sm\">Acier alli\u00e9<\/td>\n<td data-start=\"407\" data-end=\"448\" data-col-size=\"md\">Haute r\u00e9sistance, r\u00e9sistant \u00e0 l\u2019usure<\/td>\n<td data-start=\"448\" data-end=\"508\" data-is-last-node=\"\" data-col-size=\"md\">Applications industrielles lourdes, ossatures de machines<\/td>\n<\/tr>\n<\/tbody>\n<\/table>\n<\/div>\n<\/div>\n<h4 data-start=\"1872\" data-end=\"1898\"><strong data-start=\"1872\" data-end=\"1898\"><br \/>\nSp\u00e9cifications typiques<\/strong><\/h4>\n<ul data-start=\"1900\" data-end=\"2344\">\n<li data-start=\"1900\" data-end=\"2051\">\n<p data-start=\"1902\" data-end=\"2051\" class=\"translation-block\"><strong data-start=\"1902\" data-end=\"1917\">Dimensions:<\/strong> Disponibles dans une large gamme, g\u00e9n\u00e9ralement de 20 mm x 20 mm \u00e0 150 mm x 150 mm (tailles personnalis\u00e9es sur demande).<\/p>\n<\/li>\n<li data-start=\"2052\" data-end=\"2113\">\n<p data-start=\"2054\" data-end=\"2113\" class=\"translation-block\"><strong data-start=\"2054\" data-end=\"2068\">\u00c9paisseur:<\/strong> Couramment de 3 mm \u00e0 12 mm.<\/p>\n<\/li>\n<li data-start=\"2114\" data-end=\"2218\">\n<p data-start=\"2116\" data-end=\"2218\" class=\"translation-block\"><strong data-start=\"2116\" data-end=\"2127\">Longueur:<\/strong> De 3 m\u00e8tres \u00e0 6 m\u00e8tres, ou sur mesure selon les besoins sp\u00e9cifiques.<\/p>\n<\/li>\n<li data-start=\"2219\" data-end=\"2344\">\n<p data-start=\"2221\" data-end=\"2344\" class=\"translation-block\"><strong data-start=\"2221\" data-end=\"2240\">Finition de surface:<\/strong> Finition standard de laminoir, avec options de rev\u00eatement ou de galvanisation pour une meilleure protection anticorrosion<\/p>\n<\/li>\n<\/ul>\n<h4 data-start=\"2346\" data-end=\"2360\"><strong data-start=\"2346\" data-end=\"2360\">Avantages<\/strong><\/h4>\n<ul data-start=\"2362\" data-end=\"2876\">\n<li data-start=\"2362\" data-end=\"2506\">\n<p data-start=\"2364\" data-end=\"2506\" class=\"translation-block\"><strong data-start=\"2364\" data-end=\"2392\">R\u00e9sistance et durabilit\u00e9:<\/strong> Excellentes propri\u00e9t\u00e9s m\u00e9caniques, bonne r\u00e9sistance \u00e0 la flexion, \u00e0 la torsion et \u00e0 la traction.<\/p>\n<\/li>\n<li data-start=\"2507\" data-end=\"2624\">\n<p data-start=\"2509\" data-end=\"2624\" class=\"translation-block\"><strong data-start=\"2509\" data-end=\"2525\">Polyvalence:<\/strong> Adapt\u00e9e \u00e0 un large \u00e9ventail d\u2019applications, de la construction aux machines lourdes.<\/p>\n<\/li>\n<li data-start=\"2625\" data-end=\"2744\">\n<p data-start=\"2627\" data-end=\"2744\" class=\"translation-block\"><strong data-start=\"2627\" data-end=\"2651\">Facilit\u00e9 de fabrication:<\/strong> Elles peuvent \u00eatre soud\u00e9es, coup\u00e9es et perc\u00e9es facilement, ce qui les rend adapt\u00e9es aux projets sur mesure.<\/p>\n<\/li>\n<li data-start=\"2745\" data-end=\"2876\">\n<p data-start=\"2747\" data-end=\"2876\" class=\"translation-block\"><strong data-start=\"2747\" data-end=\"2766\">Rentabilit\u00e9:<\/strong> Leur forme simple en fait une solution \u00e9conomique pour renforcer les structures.<\/p>\n<\/li>\n<\/ul>\n<h4 data-start=\"2878\" data-end=\"2894\"><strong data-start=\"2878\" data-end=\"2894\">Applications<\/strong><\/h4>\n<ul data-start=\"2896\" data-end=\"3323\">\n<li data-start=\"2896\" data-end=\"3009\">\n<p data-start=\"2898\" data-end=\"3009\" class=\"translation-block\"><strong data-start=\"2898\" data-end=\"2915\">Construction:<\/strong> Utilis\u00e9es pour les ossatures de b\u00e2timents, les supports et contreventements dans les structures m\u00e9talliques, ponts et tours.<\/p>\n<\/li>\n<li data-start=\"3010\" data-end=\"3102\">\n<p data-start=\"3012\" data-end=\"3102\" class=\"translation-block\"><strong data-start=\"3012\" data-end=\"3027\">Industrie:<\/strong> Employ\u00e9es dans la fabrication de machines, les cadres industriels et les supports d\u2019\u00e9quipements.<\/p>\n<\/li>\n<li data-start=\"3103\" data-end=\"3211\">\n<p data-start=\"3105\" data-end=\"3211\" class=\"translation-block\"><strong data-start=\"3105\" data-end=\"3127\">Marine &amp; Offshore:<\/strong> Composants structurels pour navires, plateformes offshore et autres applications maritimes.<\/p>\n<\/li>\n<li data-start=\"3212\" data-end=\"3323\">\n<p data-start=\"3214\" data-end=\"3323\" class=\"translation-block\"><strong data-start=\"3214\" data-end=\"3231\">Architecture:<\/strong> Int\u00e9gr\u00e9s dans des cadres architecturaux, des \u00e9l\u00e9ments d\u00e9coratifs et pour le renforcement de structures m\u00e9talliques.<\/p>\n<\/li>\n<\/ul>\n<h4><strong>Pourquoi choisir ERAD Steel ?<\/strong><\/h4>\n<ul>\n<li>Qualit\u00e9 fiable et structure en acier robuste.<\/li>\n<li>Livraison rapide et service client professionnel.<\/li>\n<li>Fiabilit\u00e9 reconnue par des clients \u00e0 travers l\u2019Afrique, l\u2019Union europ\u00e9enne et la r\u00e9gion MENA.<\/li>\n<\/ul>\n<h4><strong>\ud83d\udcf2 Int\u00e9ress\u00e9(e) par notre <\/strong><strong data-start=\"260\" data-end=\"325\">Bar Equal Angel <\/strong><strong>?<\/strong><\/h4>\n<p>Discutez directement avec notre \u00e9quipe pour les prix et les d\u00e9tails :<\/p>\n<div class=\"sc_item_button sc_button_wrap\"><a class=\"sc_button sc_button_default sc_button_size_normal sc_button_icon_left\" href=\"#quote\"><span class=\"sc_button_text\"><span class=\"sc_button_title\">Obtenez un devis rapide<\/span><\/span><\/a><\/div>","protected":false},"excerpt":{"rendered":"<p class=\"translation-block\"><strong>Barre d\u2019Angle \u00c9gale<\/strong><br>\nLes barres d\u2019angle \u00e9gales sont utilis\u00e9es pour assurer les connexions et renforcer le support des diff\u00e9rentes parties entre elles.<br>\nElles peuvent \u00eatre fabriqu\u00e9es dans de nombreuses dimensions.<br>\nCes produits remplissent la fonction de liaison des porteurs principaux, g\u00e9n\u00e9ralement r\u00e9alis\u00e9s en construction m\u00e9tallique.<br>\nLa corni\u00e8re \u00e9gale, qui offre de multiples usages, est produite avec ou sans rayon, en 2 formes et dans une large gamme de tailles.<\/p>\n<div class=\"elementor-element elementor-element-b057435 sc_fly_static elementor-widget elementor-widget-trx_sc_button trx_addons_parallax_layers_inited trx_addons_parallax_blocks_inited\" data-id=\"b057435\" data-element_type=\"widget\" data-widget_type=\"trx_sc_button.default\">\n<div class=\"elementor-widget-container\">\n<div class=\"sc_item_button sc_button_wrap\"><a class=\"sc_button sc_button_default sc_button_size_normal sc_button_icon_left\" href=\"#quote\"><span class=\"sc_button_text\"><span class=\"sc_button_title\">Demander un devis<\/span><\/span><\/a><\/div>\n<\/div>\n<\/div>","protected":false},"featured_media":8543,"template":"","meta":[],"product_brand":[],"product_cat":[182],"product_tag":[],"class_list":{"0":"post-8542","1":"product","2":"type-product","3":"status-publish","4":"has-post-thumbnail","6":"product_cat-merchant-bar","7":"en-US","9":"first","10":"instock","11":"shipping-taxable","12":"product-type-simple"},"_links":{"self":[{"href":"https:\/\/eradsteel.com\/fr\/wp-json\/wp\/v2\/product\/8542","targetHints":{"allow":["GET"]}}],"collection":[{"href":"https:\/\/eradsteel.com\/fr\/wp-json\/wp\/v2\/product"}],"about":[{"href":"https:\/\/eradsteel.com\/fr\/wp-json\/wp\/v2\/types\/product"}],"wp:featuredmedia":[{"embeddable":true,"href":"https:\/\/eradsteel.com\/fr\/wp-json\/wp\/v2\/media\/8543"}],"wp:attachment":[{"href":"https:\/\/eradsteel.com\/fr\/wp-json\/wp\/v2\/media?parent=8542"}],"wp:term":[{"taxonomy":"product_brand","embeddable":true,"href":"https:\/\/eradsteel.com\/fr\/wp-json\/wp\/v2\/product_brand?post=8542"},{"taxonomy":"product_cat","embeddable":true,"href":"https:\/\/eradsteel.com\/fr\/wp-json\/wp\/v2\/product_cat?post=8542"},{"taxonomy":"product_tag","embeddable":true,"href":"https:\/\/eradsteel.com\/fr\/wp-json\/wp\/v2\/product_tag?post=8542"}],"curies":[{"name":"wp","href":"https:\/\/api.w.org\/{rel}","templated":true}]}}