{"id":8540,"date":"2025-08-26T09:00:59","date_gmt":"2025-08-26T09:00:59","guid":{"rendered":"https:\/\/eradsteel.com\/?post_type=product&#038;p=8540"},"modified":"2025-11-19T12:54:42","modified_gmt":"2025-11-19T12:54:42","slug":"square-bar","status":"publish","type":"product","link":"https:\/\/eradsteel.com\/fr\/produit\/square-bar\/","title":{"rendered":"Barre Carr\u00e9e"},"content":{"rendered":"<div style=\"display: none;\">\n<div class=\"wpcf7 no-js\" id=\"wpcf7-f232-o1\" lang=\"en-US\" dir=\"ltr\" data-wpcf7-id=\"232\">\n<div class=\"screen-reader-response\"><p role=\"status\" aria-live=\"polite\" aria-atomic=\"true\"><\/p> <ul><\/ul><\/div>\n<form action=\"\/fr\/wp-json\/wp\/v2\/product\/8540#wpcf7-f232-o1\" method=\"post\" class=\"wpcf7-form init\" aria-label=\"Formulaire de contact\" novalidate=\"novalidate\" data-status=\"init\" data-trp-original-action=\"\/fr\/wp-json\/wp\/v2\/product\/8540#wpcf7-f232-o1\">\n<fieldset class=\"hidden-fields-container\"><input type=\"hidden\" name=\"_wpcf7\" value=\"232\" \/><input type=\"hidden\" name=\"_wpcf7_version\" value=\"6.1.1\" \/><input type=\"hidden\" name=\"_wpcf7_locale\" value=\"en_US\" \/><input type=\"hidden\" name=\"_wpcf7_unit_tag\" value=\"wpcf7-f232-o1\" \/><input type=\"hidden\" name=\"_wpcf7_container_post\" value=\"0\" \/><input type=\"hidden\" name=\"_wpcf7_posted_data_hash\" value=\"\" \/>\n<\/fieldset>\n<div class=\"form-style-3\">\n\t<div class=\"columns_wrap\">\n\t\t<div class=\"column-1_2\">\n\t\t\t<p><span class=\"style-line icon-name\"><span class=\"wpcf7-form-control-wrap\" data-name=\"your-name\"><input size=\"40\" maxlength=\"400\" class=\"wpcf7-form-control wpcf7-text wpcf7-validates-as-required\" aria-required=\"true\" aria-invalid=\"false\" placeholder=\"Nom\" value=\"\" type=\"text\" name=\"your-name\" \/><\/span><\/span>\n\t\t\t<\/p>\n\t\t<\/div>\n\t\t<div class=\"column-1_2\">\n\t\t\t<p><span class=\"style-line icon-email\"><span class=\"wpcf7-form-control-wrap\" data-name=\"your-email\"><input size=\"40\" maxlength=\"400\" class=\"wpcf7-form-control wpcf7-email wpcf7-validates-as-required wpcf7-text wpcf7-validates-as-email\" aria-required=\"true\" aria-invalid=\"false\" placeholder=\"Adresse email\" value=\"\" type=\"email\" name=\"your-email\" \/><\/span><\/span>\n\t\t\t<\/p>\n\t\t<\/div>\n\t<\/div>\n\t<div class=\"columns_wrap\">\n\t\t<div class=\"column-1_2\">\n\t\t\t<p><span class=\"style-line icon-phone\"><span class=\"wpcf7-form-control-wrap\" data-name=\"phone\"><input size=\"40\" maxlength=\"400\" class=\"wpcf7-form-control wpcf7-tel wpcf7-validates-as-required wpcf7-text wpcf7-validates-as-tel\" aria-required=\"true\" aria-invalid=\"false\" placeholder=\"T\u00e9l\u00e9phone\" value=\"\" type=\"tel\" name=\"phone\" \/><\/span><\/span>\n\t\t\t<\/p>\n\t\t<\/div>\n\t\t<div class=\"column-1_2\">\n\t\t\t<p><span class=\"style-line icon-subject\"><span class=\"wpcf7-form-control-wrap\" data-name=\"subject\"><input size=\"40\" maxlength=\"400\" class=\"wpcf7-form-control wpcf7-text wpcf7-validates-as-required\" aria-required=\"true\" aria-invalid=\"false\" placeholder=\"Sujet\" value=\"\" type=\"text\" name=\"subject\" \/><\/span><\/span>\n\t\t\t<\/p>\n\t\t<\/div>\n\t<\/div>\n\t<div class=\"columns_wrap margin-bottom\">\n\t\t<div class=\"column-1_1\">\n\t\t\t<p><span class=\"style-line icon-textarea\"><span class=\"wpcf7-form-control-wrap\" data-name=\"your-message\"><textarea cols=\"40\" rows=\"10\" maxlength=\"2000\" class=\"wpcf7-form-control wpcf7-textarea wpcf7-validates-as-required\" aria-required=\"true\" aria-invalid=\"false\" placeholder=\"Comment pouvons-nous vous aider ? N&#039;h\u00e9sitez pas \u00e0 nous contacter !\" name=\"your-message\"><\/textarea><\/span><\/span>\n\t\t\t<\/p>\n\t\t<\/div>\n\t<\/div>\n<div class=\"wpcf7-turnstile cf-turnstile\" data-sitekey=\"0x4AAAAAAB0XAVz92lw7mzFA\" data-response-field-name=\"_wpcf7_turnstile_response\"><\/div>\n\t<p><span class=\"wpcf7-form-control-wrap\" data-name=\"acceptance\"><span class=\"wpcf7-form-control wpcf7-acceptance\"><span class=\"wpcf7-list-item\"><label><input type=\"checkbox\" name=\"acceptance\" value=\"1\" aria-invalid=\"false\" \/><span class=\"wpcf7-list-item-label\">Je suis d&#039;accord, mes donn\u00e9es sont <a href=\"\/fr\/privacy-policy\/\">collect\u00e9s et stock\u00e9s<\/a>.<\/span><\/label><\/span><\/span><\/span><br \/>\n<input class=\"wpcf7-form-control wpcf7-submit has-spinner\" type=\"submit\" value=\"Nous contacter\" \/>\n\t<\/p>\n<\/div><input type='hidden' class='wpcf7-pum' value='{\"closepopup\":false,\"closedelay\":0,\"openpopup\":false,\"openpopup_id\":0}' \/><div class=\"wpcf7-response-output\" aria-hidden=\"true\"><\/div>\n<input type=\"hidden\" name=\"trp-form-language\" value=\"fr\"\/><\/form>\n<\/div>\n<\/div>\n<h3 data-start=\"79\" data-end=\"99\"><strong data-start=\"83\" data-end=\"97\">Barre Carr\u00e9e<\/strong><\/h3>\n<h4 data-start=\"100\" data-end=\"117\"><strong data-start=\"100\" data-end=\"117\">Mat\u00e9riau principal<\/strong><\/h4>\n<ul data-start=\"119\" data-end=\"215\">\n<li data-start=\"119\" data-end=\"181\">\n<p data-start=\"121\" data-end=\"181\"><strong data-start=\"121\" data-end=\"135\">Substrat:<\/strong> Acier au carbone ou acier alli\u00e9<\/p>\n<\/li>\n<li data-start=\"182\" data-end=\"215\">\n<p data-start=\"184\" data-end=\"215\" class=\"translation-block\"><strong data-start=\"184\" data-end=\"194\">Forme:<\/strong> Section transversale carr\u00e9e.<\/p>\n<\/li>\n<\/ul>\n<h4 data-start=\"217\" data-end=\"232\"><strong data-start=\"217\" data-end=\"232\">Propri\u00e9t\u00e9s:<\/strong><\/h4>\n<ul data-start=\"234\" data-end=\"650\">\n<li data-start=\"234\" data-end=\"405\">\n<p data-start=\"236\" data-end=\"405\" class=\"translation-block\"><strong data-start=\"236\" data-end=\"249\">R\u00e9sistance:<\/strong> Les barres carr\u00e9es sont reconnues pour leur grande durabilit\u00e9 et leur capacit\u00e9 \u00e0 r\u00e9sister aux contraintes m\u00e9caniques, ce qui les rend id\u00e9ales pour les applications structurelles et de construction.<\/p>\n<\/li>\n<li data-start=\"406\" data-end=\"550\">\n<p data-start=\"408\" data-end=\"550\" class=\"translation-block\"><strong data-start=\"408\" data-end=\"427\">Finition de surface:<\/strong> G\u00e9n\u00e9ralement produites avec une finition brute de laminage, pouvant \u00eatre retravaill\u00e9es si n\u00e9cessaire (ex. polissage ou rev\u00eatement).<\/p>\n<\/li>\n<li data-start=\"551\" data-end=\"650\">\n<p data-start=\"553\" data-end=\"650\" class=\"translation-block\"><strong data-start=\"553\" data-end=\"579\">Processus de fabrication:<\/strong> Produites par laminage \u00e0 chaud, garantissant une homog\u00e9n\u00e9it\u00e9 de la forme et des dimensions.<\/p>\n<\/li>\n<\/ul>\n<h4 data-start=\"652\" data-end=\"677\"><strong data-start=\"652\" data-end=\"677\">Processus de fabrication :<\/strong><\/h4>\n<ol data-start=\"679\" data-end=\"1211\">\n<li data-start=\"679\" data-end=\"765\">\n<p data-start=\"682\" data-end=\"765\" class=\"translation-block\"><strong data-start=\"753\" data-end=\"765\">Chauffage:<\/strong> Les billettes d\u2019acier sont chauff\u00e9es \u00e0 haute temp\u00e9rature pour les rendre suffisamment mall\u00e9ables.<\/p>\n<\/li>\n<li data-start=\"766\" data-end=\"915\">\n<p data-start=\"769\" data-end=\"915\" class=\"translation-block\"><strong data-start=\"769\" data-end=\"785\">Roulage \u00e0 chaud:<\/strong> Les billettes chauff\u00e9es passent \u00e0 travers des rouleaux afin de cr\u00e9er la forme carr\u00e9e. Ce proc\u00e9d\u00e9 assure une uniformit\u00e9 de taille et de finition.<\/p>\n<\/li>\n<li data-start=\"916\" data-end=\"994\">\n<p data-start=\"919\" data-end=\"994\" class=\"translation-block\"><strong data-start=\"919\" data-end=\"931\">Refroidissement:<\/strong> Apr\u00e8s le laminage, Les barres sont ensuite refroidies \u00e0 temp\u00e9rature ambiante.<\/p>\n<\/li>\n<li data-start=\"995\" data-end=\"1080\">\n<p data-start=\"998\" data-end=\"1080\" class=\"translation-block\"><strong data-start=\"998\" data-end=\"1010\">D\u00e9coupe:<\/strong> Les barres sont coup\u00e9es en longueurs sp\u00e9cifiques selon les besoins du client.<\/p>\n<\/li>\n<li data-start=\"1081\" data-end=\"1211\">\n<p data-start=\"1084\" data-end=\"1211\" class=\"translation-block\"><strong data-start=\"1084\" data-end=\"1098\">Finition:<\/strong> Selon la commande, les barres carr\u00e9es peuvent subir des finitions suppl\u00e9mentaires, telles que le meulage ou le rev\u00eatement.<\/p>\n<\/li>\n<\/ol>\n<h4 data-start=\"1213\" data-end=\"1246\"><strong data-start=\"1213\" data-end=\"1244\">Grades d\u2019acier courants pour les barres carr\u00e9es<\/strong><\/h4>\n<div class=\"_tableContainer_1rjym_1\">\n<div class=\"_tableWrapper_1rjym_13 group flex w-fit flex-col-reverse\" tabindex=\"-1\">\n<table class=\"w-fit min-w-(--thread-content-width)\" data-start=\"1247\" data-end=\"1767\">\n<thead data-start=\"1247\" data-end=\"1331\">\n<tr data-start=\"1247\" data-end=\"1331\">\n<th data-start=\"1247\" data-end=\"1267\" data-col-size=\"sm\"><strong data-start=\"1249\" data-end=\"1261\">Mat\u00e9riau<\/strong><\/th>\n<th data-start=\"1267\" data-end=\"1312\" data-col-size=\"md\"><strong data-start=\"1269\" data-end=\"1281\">Caract\u00e9ristiques<\/strong><\/th>\n<th data-start=\"1312\" data-end=\"1331\" data-col-size=\"md\"><strong data-start=\"1314\" data-end=\"1329\">Utilisation typique<\/strong><\/th>\n<\/tr>\n<\/thead>\n<tbody data-start=\"1417\" data-end=\"1767\">\n<tr data-start=\"1417\" data-end=\"1527\">\n<td data-start=\"1417\" data-end=\"1437\" data-col-size=\"sm\"><strong data-start=\"1419\" data-end=\"1433\">Acier au carbone<\/strong><\/td>\n<td data-start=\"1437\" data-end=\"1482\" data-col-size=\"md\">\u00c9conomique, facile \u00e0 usiner et \u00e0 souder<\/td>\n<td data-start=\"1482\" data-end=\"1527\" data-col-size=\"md\">Construction g\u00e9n\u00e9rale, supports structurels<\/td>\n<\/tr>\n<tr data-start=\"1528\" data-end=\"1652\">\n<td data-start=\"1528\" data-end=\"1550\" data-col-size=\"sm\"><strong data-start=\"1655\" data-end=\"1670\">Acier alli\u00e9<\/strong><\/td>\n<td data-start=\"1550\" data-end=\"1599\" data-col-size=\"md\">Haute r\u00e9sistance, r\u00e9sistant \u00e0 l\u2019usure<\/td>\n<td data-start=\"1599\" data-end=\"1652\" data-col-size=\"md\">Machines lourdes, applications industrielles<\/td>\n<\/tr>\n<\/tbody>\n<\/table>\n<\/div>\n<\/div>\n<h4 data-start=\"1769\" data-end=\"1795\"><strong data-start=\"1769\" data-end=\"1795\"><br \/>\nSp\u00e9cifications typiques<\/strong><\/h4>\n<ul data-start=\"1797\" data-end=\"2143\">\n<li data-start=\"1797\" data-end=\"1931\">\n<p data-start=\"1799\" data-end=\"1931\" class=\"translation-block\"><strong data-start=\"1799\" data-end=\"1808\">Dimensions:<\/strong> Disponibles dans une large gamme, g\u00e9n\u00e9ralement de 10 mm x 10 mm \u00e0 100 mm x 100 mm (tailles personnalis\u00e9es disponibles sur demande).<\/p>\n<\/li>\n<li data-start=\"1932\" data-end=\"2047\">\n<p data-start=\"1934\" data-end=\"2047\" class=\"translation-block\"><strong data-start=\"1934\" data-end=\"1945\">Longueur:<\/strong> G\u00e9n\u00e9ralement disponibles en barres de 3 m\u00e8tres \u00e0 6 m\u00e8tres, selon les besoins du client.<\/p>\n<\/li>\n<li data-start=\"2048\" data-end=\"2143\">\n<p data-start=\"2050\" data-end=\"2143\" class=\"translation-block\"><strong data-start=\"2050\" data-end=\"2069\">Aspect de surface:<\/strong> Finition standard de laminage, avec options polies ou rev\u00eatues sur demande.<\/p>\n<\/li>\n<\/ul>\n<h4 data-start=\"2145\" data-end=\"2159\"><strong data-start=\"2145\" data-end=\"2159\">Avantages<\/strong><\/h4>\n<ul data-start=\"2161\" data-end=\"2551\">\n<li data-start=\"2161\" data-end=\"2298\">\n<p data-start=\"2163\" data-end=\"2298\" class=\"translation-block\"><strong data-start=\"2163\" data-end=\"2183\">Haute durabilit\u00e9:<\/strong> Excellentes propri\u00e9t\u00e9s m\u00e9caniques, telles que la r\u00e9sistance \u00e0 la traction et la r\u00e9sistance au pliage ou \u00e0 la torsion.<\/p>\n<\/li>\n<li data-start=\"2299\" data-end=\"2408\">\n<p data-start=\"2301\" data-end=\"2408\" class=\"translation-block\"><strong data-start=\"2301\" data-end=\"2317\">Polyvalence:<\/strong> Utilisables dans un large \u00e9ventail d\u2019applications, de la construction \u00e0 la fabrication de machines.<\/p>\n<\/li>\n<li data-start=\"2409\" data-end=\"2551\">\n<p data-start=\"2411\" data-end=\"2551\" class=\"translation-block\"><strong data-start=\"2411\" data-end=\"2433\">Facilit\u00e9 de fabrication:<\/strong> Faciles \u00e0 couper, souder et percer, offrant une bonne usinabilit\u00e9 pour de nombreux usages industriels.<\/p>\n<\/li>\n<\/ul>\n<h4 data-start=\"2553\" data-end=\"2569\"><strong data-start=\"2553\" data-end=\"2569\">Applications<\/strong><\/h4>\n<ul data-start=\"2571\" data-end=\"2892\">\n<li data-start=\"2571\" data-end=\"2643\">\n<p data-start=\"2573\" data-end=\"2643\" class=\"translation-block\"><strong data-start=\"2573\" data-end=\"2590\">Construction:<\/strong> Utilis\u00e9es pour les charpentes structurelles, supports et poutres.<\/p>\n<\/li>\n<li data-start=\"2644\" data-end=\"2730\">\n<p data-start=\"2646\" data-end=\"2730\" class=\"translation-block\"><strong data-start=\"2646\" data-end=\"2660\">Machines:<\/strong> Employ\u00e9es dans la fabrication de pi\u00e8ces de machines, arbres et composants.<\/p>\n<\/li>\n<li data-start=\"2731\" data-end=\"2827\">\n<p data-start=\"2733\" data-end=\"2827\"><strong data-start=\"2733\" data-end=\"2748\">Industriel:<\/strong> Utilis\u00e9 dans les \u00e9quipements lourds et dans la fabrication de produits sur mesure.<\/p>\n<\/li>\n<li data-start=\"2828\" data-end=\"2892\">\n<p data-start=\"2830\" data-end=\"2892\" class=\"translation-block\"><strong data-start=\"2830\" data-end=\"2844\">Mobilier:<\/strong> Utilis\u00e9 pour la fabrication de cadres et structures de meubles.<\/p>\n<\/li>\n<\/ul>\n<h4><strong>Pourquoi choisir ERAD Steel ?<\/strong><\/h4>\n<ul>\n<li>Qualit\u00e9 fiable et structure en acier robuste.<\/li>\n<li>Livraison rapide et service client professionnel.<\/li>\n<li>Fiabilit\u00e9 reconnue par des clients \u00e0 travers l\u2019Afrique, l\u2019Union europ\u00e9enne et la r\u00e9gion MENA.<\/li>\n<\/ul>\n<h4><strong>\ud83d\udcf2 Int\u00e9ress\u00e9(e) par notre <\/strong><strong data-start=\"260\" data-end=\"325\">Barre Carr\u00e9e <\/strong><strong>?<\/strong><\/h4>\n<p>Discutez directement avec notre \u00e9quipe pour les prix et les d\u00e9tails :<\/p>\n<div class=\"sc_item_button sc_button_wrap\"><a class=\"sc_button sc_button_default sc_button_size_normal sc_button_icon_left\" href=\"#quote\"><span class=\"sc_button_text\"><span class=\"sc_button_title\">Obtenez un devis rapide<\/span><\/span><\/a><\/div>","protected":false},"excerpt":{"rendered":"<p><strong>Barre Carr\u00e9e<\/strong><br \/>\nLa barre carr\u00e9e est produite par laminage \u00e0 chaud. Bien que les angles de ces produits soient \u00e9gaux entre eux, ils sont plut\u00f4t durables.<br \/>\nUn autre produit que nous fournissons et exportons dans diff\u00e9rentes dimensions est la barre carr\u00e9e.<\/p>\n<div class=\"elementor-element elementor-element-b057435 sc_fly_static elementor-widget elementor-widget-trx_sc_button trx_addons_parallax_layers_inited trx_addons_parallax_blocks_inited\" data-id=\"b057435\" data-element_type=\"widget\" data-widget_type=\"trx_sc_button.default\">\n<div class=\"elementor-widget-container\">\n<div class=\"sc_item_button sc_button_wrap\"><a class=\"sc_button sc_button_default sc_button_size_normal sc_button_icon_left\" href=\"#quote\"><span class=\"sc_button_text\"><span class=\"sc_button_title\">Demander un devis<\/span><\/span><\/a><\/div>\n<\/div>\n<\/div>","protected":false},"featured_media":8541,"template":"","meta":[],"product_brand":[],"product_cat":[182],"product_tag":[],"class_list":{"0":"post-8540","1":"product","2":"type-product","3":"status-publish","4":"has-post-thumbnail","6":"product_cat-merchant-bar","7":"en-US","9":"first","10":"instock","11":"shipping-taxable","12":"product-type-simple"},"_links":{"self":[{"href":"https:\/\/eradsteel.com\/fr\/wp-json\/wp\/v2\/product\/8540","targetHints":{"allow":["GET"]}}],"collection":[{"href":"https:\/\/eradsteel.com\/fr\/wp-json\/wp\/v2\/product"}],"about":[{"href":"https:\/\/eradsteel.com\/fr\/wp-json\/wp\/v2\/types\/product"}],"wp:featuredmedia":[{"embeddable":true,"href":"https:\/\/eradsteel.com\/fr\/wp-json\/wp\/v2\/media\/8541"}],"wp:attachment":[{"href":"https:\/\/eradsteel.com\/fr\/wp-json\/wp\/v2\/media?parent=8540"}],"wp:term":[{"taxonomy":"product_brand","embeddable":true,"href":"https:\/\/eradsteel.com\/fr\/wp-json\/wp\/v2\/product_brand?post=8540"},{"taxonomy":"product_cat","embeddable":true,"href":"https:\/\/eradsteel.com\/fr\/wp-json\/wp\/v2\/product_cat?post=8540"},{"taxonomy":"product_tag","embeddable":true,"href":"https:\/\/eradsteel.com\/fr\/wp-json\/wp\/v2\/product_tag?post=8540"}],"curies":[{"name":"wp","href":"https:\/\/api.w.org\/{rel}","templated":true}]}}