{"id":8538,"date":"2025-08-26T08:59:28","date_gmt":"2025-08-26T08:59:28","guid":{"rendered":"https:\/\/eradsteel.com\/?post_type=product&#038;p=8538"},"modified":"2025-11-19T12:55:32","modified_gmt":"2025-11-19T12:55:32","slug":"wire-rods-6-5mm-8mm","status":"publish","type":"product","link":"https:\/\/eradsteel.com\/fr\/produit\/wire-rods-6-5mm-8mm\/","title":{"rendered":"Fils machine (6,5 mm et 8 mm)"},"content":{"rendered":"<div style=\"display: none;\">\n<div class=\"wpcf7 no-js\" id=\"wpcf7-f232-o1\" lang=\"en-US\" dir=\"ltr\" data-wpcf7-id=\"232\">\n<div class=\"screen-reader-response\"><p role=\"status\" aria-live=\"polite\" aria-atomic=\"true\"><\/p> <ul><\/ul><\/div>\n<form action=\"\/fr\/wp-json\/wp\/v2\/product\/8538#wpcf7-f232-o1\" method=\"post\" class=\"wpcf7-form init\" aria-label=\"Formulaire de contact\" novalidate=\"novalidate\" data-status=\"init\" data-trp-original-action=\"\/fr\/wp-json\/wp\/v2\/product\/8538#wpcf7-f232-o1\">\n<fieldset class=\"hidden-fields-container\"><input type=\"hidden\" name=\"_wpcf7\" value=\"232\" \/><input type=\"hidden\" name=\"_wpcf7_version\" value=\"6.1.1\" \/><input type=\"hidden\" name=\"_wpcf7_locale\" value=\"en_US\" \/><input type=\"hidden\" name=\"_wpcf7_unit_tag\" value=\"wpcf7-f232-o1\" \/><input type=\"hidden\" name=\"_wpcf7_container_post\" value=\"0\" \/><input type=\"hidden\" name=\"_wpcf7_posted_data_hash\" value=\"\" \/>\n<\/fieldset>\n<div class=\"form-style-3\">\n\t<div class=\"columns_wrap\">\n\t\t<div class=\"column-1_2\">\n\t\t\t<p><span class=\"style-line icon-name\"><span class=\"wpcf7-form-control-wrap\" data-name=\"your-name\"><input size=\"40\" maxlength=\"400\" class=\"wpcf7-form-control wpcf7-text wpcf7-validates-as-required\" aria-required=\"true\" aria-invalid=\"false\" placeholder=\"Nom\" value=\"\" type=\"text\" name=\"your-name\" \/><\/span><\/span>\n\t\t\t<\/p>\n\t\t<\/div>\n\t\t<div class=\"column-1_2\">\n\t\t\t<p><span class=\"style-line icon-email\"><span class=\"wpcf7-form-control-wrap\" data-name=\"your-email\"><input size=\"40\" maxlength=\"400\" class=\"wpcf7-form-control wpcf7-email wpcf7-validates-as-required wpcf7-text wpcf7-validates-as-email\" aria-required=\"true\" aria-invalid=\"false\" placeholder=\"Adresse email\" value=\"\" type=\"email\" name=\"your-email\" \/><\/span><\/span>\n\t\t\t<\/p>\n\t\t<\/div>\n\t<\/div>\n\t<div class=\"columns_wrap\">\n\t\t<div class=\"column-1_2\">\n\t\t\t<p><span class=\"style-line icon-phone\"><span class=\"wpcf7-form-control-wrap\" data-name=\"phone\"><input size=\"40\" maxlength=\"400\" class=\"wpcf7-form-control wpcf7-tel wpcf7-validates-as-required wpcf7-text wpcf7-validates-as-tel\" aria-required=\"true\" aria-invalid=\"false\" placeholder=\"T\u00e9l\u00e9phone\" value=\"\" type=\"tel\" name=\"phone\" \/><\/span><\/span>\n\t\t\t<\/p>\n\t\t<\/div>\n\t\t<div class=\"column-1_2\">\n\t\t\t<p><span class=\"style-line icon-subject\"><span class=\"wpcf7-form-control-wrap\" data-name=\"subject\"><input size=\"40\" maxlength=\"400\" class=\"wpcf7-form-control wpcf7-text wpcf7-validates-as-required\" aria-required=\"true\" aria-invalid=\"false\" placeholder=\"Sujet\" value=\"\" type=\"text\" name=\"subject\" \/><\/span><\/span>\n\t\t\t<\/p>\n\t\t<\/div>\n\t<\/div>\n\t<div class=\"columns_wrap margin-bottom\">\n\t\t<div class=\"column-1_1\">\n\t\t\t<p><span class=\"style-line icon-textarea\"><span class=\"wpcf7-form-control-wrap\" data-name=\"your-message\"><textarea cols=\"40\" rows=\"10\" maxlength=\"2000\" class=\"wpcf7-form-control wpcf7-textarea wpcf7-validates-as-required\" aria-required=\"true\" aria-invalid=\"false\" placeholder=\"Comment pouvons-nous vous aider ? N&#039;h\u00e9sitez pas \u00e0 nous contacter !\" name=\"your-message\"><\/textarea><\/span><\/span>\n\t\t\t<\/p>\n\t\t<\/div>\n\t<\/div>\n<div class=\"wpcf7-turnstile cf-turnstile\" data-sitekey=\"0x4AAAAAAB0XAVz92lw7mzFA\" data-response-field-name=\"_wpcf7_turnstile_response\"><\/div>\n\t<p><span class=\"wpcf7-form-control-wrap\" data-name=\"acceptance\"><span class=\"wpcf7-form-control wpcf7-acceptance\"><span class=\"wpcf7-list-item\"><label><input type=\"checkbox\" name=\"acceptance\" value=\"1\" aria-invalid=\"false\" \/><span class=\"wpcf7-list-item-label\">Je suis d&#039;accord, mes donn\u00e9es sont <a href=\"\/fr\/privacy-policy\/\">collect\u00e9s et stock\u00e9s<\/a>.<\/span><\/label><\/span><\/span><\/span><br \/>\n<input class=\"wpcf7-form-control wpcf7-submit has-spinner\" type=\"submit\" value=\"Nous contacter\" \/>\n\t<\/p>\n<\/div><input type='hidden' class='wpcf7-pum' value='{\"closepopup\":false,\"closedelay\":0,\"openpopup\":false,\"openpopup_id\":0}' \/><div class=\"wpcf7-response-output\" aria-hidden=\"true\"><\/div>\n<input type=\"hidden\" name=\"trp-form-language\" value=\"fr\"\/><\/form>\n<\/div>\n<\/div>\n<h3 data-start=\"92\" data-end=\"125\"><strong data-start=\"96\" data-end=\"123\">Fils machine (6,5 mm et 8 mm)<\/strong><\/h3>\n<h4 data-start=\"126\" data-end=\"143\"><strong data-start=\"126\" data-end=\"143\">Mat\u00e9riau principal<\/strong><\/h4>\n<ul data-start=\"145\" data-end=\"241\">\n<li data-start=\"145\" data-end=\"209\">\n<p data-start=\"147\" data-end=\"209\" class=\"translation-block\"><strong data-start=\"147\" data-end=\"161\">Substrat:<\/strong> Acier au carbone (couramment utilis\u00e9)<\/p>\n<\/li>\n<li data-start=\"210\" data-end=\"241\">\n<p data-start=\"212\" data-end=\"241\" class=\"translation-block\"><strong data-start=\"212\" data-end=\"227\">Plage de tailles:<\/strong> 6,5 mm et 8 mm<\/p>\n<\/li>\n<\/ul>\n<h4 data-start=\"243\" data-end=\"258\"><strong data-start=\"243\" data-end=\"258\">Propri\u00e9t\u00e9s:<\/strong><\/h4>\n<ul data-start=\"260\" data-end=\"641\">\n<li data-start=\"260\" data-end=\"424\">\n<p data-start=\"262\" data-end=\"424\" class=\"translation-block\"><strong data-start=\"262\" data-end=\"275\">R\u00e9sistance:<\/strong> Le fil est utilis\u00e9 dans une grande vari\u00e9t\u00e9 d\u2019applications, offrant \u00e0 la fois solidit\u00e9 et flexibilit\u00e9. Il est souvent utilis\u00e9 pour le renforcement, le liage et la production de treillis m\u00e9tallique.<\/p>\n<\/li>\n<li data-start=\"425\" data-end=\"555\">\n<p data-start=\"427\" data-end=\"555\" class=\"translation-block\"><strong data-start=\"427\" data-end=\"446\">Finition de surface:<\/strong> Le fil peut \u00eatre propos\u00e9 avec diff\u00e9rentes finitions : noir, galvanis\u00e9 ou rev\u00eatu, selon les besoins.<\/p>\n<\/li>\n<li data-start=\"556\" data-end=\"641\">\n<p data-start=\"558\" data-end=\"641\" class=\"translation-block\"><strong data-start=\"558\" data-end=\"574\">Flexibilit\u00e9:<\/strong> Peut \u00eatre pli\u00e9 ou fa\u00e7onn\u00e9 pour divers usages dans la construction ou l\u2019industrie.<\/p>\n<\/li>\n<\/ul>\n<h4 data-start=\"643\" data-end=\"668\"><strong data-start=\"643\" data-end=\"668\">Processus de fabrication<\/strong><\/h4>\n<ol data-start=\"670\" data-end=\"1093\">\n<li data-start=\"670\" data-end=\"793\">\n<p data-start=\"673\" data-end=\"793\" class=\"translation-block\"><strong data-start=\"673\" data-end=\"690\">Tr\u00e9filage:<\/strong> La mati\u00e8re premi\u00e8re (acier) est pass\u00e9e \u00e0 travers des fili\u00e8res afin de r\u00e9duire le diam\u00e8tre du fil jusqu\u2019\u00e0 la taille souhait\u00e9e.<\/p>\n<\/li>\n<li data-start=\"794\" data-end=\"907\">\n<p data-start=\"797\" data-end=\"907\" class=\"translation-block\"><strong data-start=\"797\" data-end=\"827\">Traitement thermique (optionnel):<\/strong> Dans certains cas, le fil est trait\u00e9 thermiquement pour am\u00e9liorer sa r\u00e9sistance et sa durabilit\u00e9.<\/p>\n<\/li>\n<li data-start=\"908\" data-end=\"1008\">\n<p data-start=\"911\" data-end=\"1008\" class=\"translation-block\"><strong data-start=\"911\" data-end=\"944\">Traitement de surface (optionnel):<\/strong> Une galvanisation ou un rev\u00eatement peut \u00eatre appliqu\u00e9 pour assurer une r\u00e9sistance \u00e0 la corrosion.<\/p>\n<\/li>\n<li data-start=\"1009\" data-end=\"1093\">\n<p data-start=\"1012\" data-end=\"1093\"><strong data-start=\"1012\" data-end=\"1024\">Enroulement :<\/strong> Le fil est enroul\u00e9 en tiges selon la longueur et le poids requis.<\/p>\n<\/li>\n<\/ol>\n<h4 data-start=\"1095\" data-end=\"1117\"><strong data-start=\"1095\" data-end=\"1115\">Normes courantes<\/strong><\/h4>\n<div class=\"_tableContainer_1rjym_1\">\n<div class=\"_tableWrapper_1rjym_13 group flex w-fit flex-col-reverse\" tabindex=\"-1\">\n<table class=\"w-fit min-w-(--thread-content-width)\" data-start=\"45\" data-end=\"382\" data-is-last-node=\"\" data-is-only-node=\"\">\n<thead data-start=\"45\" data-end=\"127\">\n<tr data-start=\"45\" data-end=\"127\">\n<th data-start=\"45\" data-end=\"65\" data-col-size=\"sm\">Norme<\/th>\n<th data-start=\"65\" data-end=\"127\" data-col-size=\"md\">Sp\u00e9cification<\/th>\n<\/tr>\n<\/thead>\n<tbody data-start=\"211\" data-end=\"382\" data-is-last-node=\"\">\n<tr data-start=\"211\" data-end=\"293\">\n<td data-start=\"211\" data-end=\"231\" data-col-size=\"sm\">SAE 1008<\/td>\n<td data-start=\"231\" data-end=\"293\" data-col-size=\"md\">Norme g\u00e9n\u00e9rale pour les dimensions et la qualit\u00e9 du fil<\/td>\n<\/tr>\n<tr data-start=\"294\" data-end=\"382\" data-is-last-node=\"\">\n<td data-start=\"294\" data-end=\"314\" data-col-size=\"sm\">Norme de qualit\u00e9<\/td>\n<td data-start=\"314\" data-end=\"382\" data-is-last-node=\"\" data-col-size=\"md\">Cela d\u00e9pend de la demande du client (mesures de contr\u00f4le qualit\u00e9 personnalis\u00e9es).<\/td>\n<\/tr>\n<\/tbody>\n<\/table>\n<\/div>\n<\/div>\n<h4 data-start=\"1510\" data-end=\"1536\"><strong data-start=\"1510\" data-end=\"1536\"><br \/>\nSp\u00e9cifications typiques<\/strong><\/h4>\n<ul data-start=\"1538\" data-end=\"1810\">\n<li data-start=\"1538\" data-end=\"1609\">\n<p data-start=\"1540\" data-end=\"1609\" class=\"translation-block\"><strong data-start=\"1540\" data-end=\"1553\">Diam\u00e8tre:<\/strong> 6,5 mm &amp; 8 mm (peut varier en fonction des besoins du client)<\/p>\n<\/li>\n<li data-start=\"1610\" data-end=\"1684\">\n<p data-start=\"1612\" data-end=\"1684\"><strong data-start=\"1612\" data-end=\"1623\">Longueur:<\/strong> Personnalis\u00e9s selon la demande, g\u00e9n\u00e9ralement en barres ou en bobines.<\/p>\n<\/li>\n<\/ul>\n<h4 data-start=\"1812\" data-end=\"1826\"><strong data-start=\"1812\" data-end=\"1826\">Avantages<\/strong><\/h4>\n<ul data-start=\"1828\" data-end=\"2204\">\n<li data-start=\"1828\" data-end=\"1952\">\n<p data-start=\"1830\" data-end=\"1952\" class=\"translation-block\"><strong data-start=\"1830\" data-end=\"1846\">Polyvalence:<\/strong> Convient \u00e0 un large \u00e9ventail d\u2019applications telles que le liage, le renforcement et la fabrication de treillis m\u00e9tallique.<\/p>\n<\/li>\n<li data-start=\"1953\" data-end=\"2081\">\n<p data-start=\"1955\" data-end=\"2081\" class=\"translation-block\"><strong data-start=\"1955\" data-end=\"1973\">Personnalisation:<\/strong>Peut \u00eatre produit selon les exigences sp\u00e9cifiques du client, avec des variations de longueur, de rev\u00eatement et de finition de surface.<\/p>\n<\/li>\n<li data-start=\"2082\" data-end=\"2204\">\n<p data-start=\"2084\" data-end=\"2204\" class=\"translation-block\"><strong data-start=\"2084\" data-end=\"2110\">R\u00e9sistance et durabilit\u00e9:<\/strong> Offre une bonne r\u00e9sistance m\u00e9canique, avec la possibilit\u00e9 d\u2019ajouter une protection anticorrosion gr\u00e2ce aux rev\u00eatements.<\/p>\n<\/li>\n<\/ul>\n<h4 data-start=\"2206\" data-end=\"2222\"><strong data-start=\"2206\" data-end=\"2222\">Applications<\/strong><\/h4>\n<ul data-start=\"2224\" data-end=\"2547\">\n<li data-start=\"2224\" data-end=\"2302\">\n<p data-start=\"2226\" data-end=\"2302\" class=\"translation-block\"><strong data-start=\"2226\" data-end=\"2243\">Construction:<\/strong> Fil de ligature pour les barres d\u2019armature, treillis soud\u00e9s et cl\u00f4tures.<\/p>\n<\/li>\n<li data-start=\"2303\" data-end=\"2387\">\n<p data-start=\"2305\" data-end=\"2387\" class=\"translation-block\"><strong data-start=\"2305\" data-end=\"2320\">Industrie:<\/strong> Utilis\u00e9 dans la production de fils \u00e0 ressorts, fixations et c\u00e2bles m\u00e9talliques.<\/p>\n<\/li>\n<li data-start=\"2461\" data-end=\"2547\">\n<p data-start=\"2463\" data-end=\"2547\" class=\"translation-block\"><strong data-start=\"2463\" data-end=\"2481\">Fabrication:<\/strong> Production de treillis soud\u00e9s, paniers et autres produits en fil m\u00e9tallique.<\/p>\n<\/li>\n<\/ul>\n<h4><strong>Pourquoi choisir ERAD Steel ?<\/strong><\/h4>\n<ul>\n<li>Qualit\u00e9 fiable et structure en acier robuste.<\/li>\n<li>Livraison rapide et service client professionnel.<\/li>\n<li>Fiabilit\u00e9 reconnue par des clients \u00e0 travers l\u2019Afrique, l\u2019Union europ\u00e9enne et la r\u00e9gion MENA.<\/li>\n<\/ul>\n<h4><strong>\ud83d\udcf2 Int\u00e9ress\u00e9(e) par notre <\/strong><strong data-start=\"260\" data-end=\"325\">Fil machine <\/strong><strong>?<\/strong><\/h4>\n<p>Discutez directement avec notre \u00e9quipe pour les prix et les d\u00e9tails :<\/p>\n<div class=\"sc_item_button sc_button_wrap\"><a class=\"sc_button sc_button_default sc_button_size_normal sc_button_icon_left\" href=\"#quote\"><span class=\"sc_button_text\"><span class=\"sc_button_title\">Obtenez un devis rapide<\/span><\/span><\/a><\/div>","protected":false},"excerpt":{"rendered":"<p><strong>Fils machine (6,5 mm et 8 mm)<\/strong><br \/>\nLa taille standard SAE 1008 d\u00e9pend de la demande du client<br \/>\nSelon la demande du client<\/p>\n<div class=\"elementor-element elementor-element-b057435 sc_fly_static elementor-widget elementor-widget-trx_sc_button trx_addons_parallax_layers_inited trx_addons_parallax_blocks_inited\" data-id=\"b057435\" data-element_type=\"widget\" data-widget_type=\"trx_sc_button.default\">\n<div class=\"elementor-widget-container\">\n<div class=\"sc_item_button sc_button_wrap\"><a class=\"sc_button sc_button_default sc_button_size_normal sc_button_icon_left\" href=\"#quote\"><span class=\"sc_button_text\"><span class=\"sc_button_title\">Demander un devis<\/span><\/span><\/a><\/div>\n<\/div>\n<\/div>","protected":false},"featured_media":9391,"template":"","meta":[],"product_brand":[],"product_cat":[190],"product_tag":[],"class_list":{"0":"post-8538","1":"product","2":"type-product","3":"status-publish","4":"has-post-thumbnail","6":"product_cat-wire-products","7":"en-US","9":"first","10":"instock","11":"shipping-taxable","12":"product-type-simple"},"_links":{"self":[{"href":"https:\/\/eradsteel.com\/fr\/wp-json\/wp\/v2\/product\/8538","targetHints":{"allow":["GET"]}}],"collection":[{"href":"https:\/\/eradsteel.com\/fr\/wp-json\/wp\/v2\/product"}],"about":[{"href":"https:\/\/eradsteel.com\/fr\/wp-json\/wp\/v2\/types\/product"}],"wp:featuredmedia":[{"embeddable":true,"href":"https:\/\/eradsteel.com\/fr\/wp-json\/wp\/v2\/media\/9391"}],"wp:attachment":[{"href":"https:\/\/eradsteel.com\/fr\/wp-json\/wp\/v2\/media?parent=8538"}],"wp:term":[{"taxonomy":"product_brand","embeddable":true,"href":"https:\/\/eradsteel.com\/fr\/wp-json\/wp\/v2\/product_brand?post=8538"},{"taxonomy":"product_cat","embeddable":true,"href":"https:\/\/eradsteel.com\/fr\/wp-json\/wp\/v2\/product_cat?post=8538"},{"taxonomy":"product_tag","embeddable":true,"href":"https:\/\/eradsteel.com\/fr\/wp-json\/wp\/v2\/product_tag?post=8538"}],"curies":[{"name":"wp","href":"https:\/\/api.w.org\/{rel}","templated":true}]}}