{"id":8536,"date":"2025-08-26T08:57:11","date_gmt":"2025-08-26T08:57:11","guid":{"rendered":"https:\/\/eradsteel.com\/?post_type=product&#038;p=8536"},"modified":"2025-11-19T12:57:49","modified_gmt":"2025-11-19T12:57:49","slug":"rebar","status":"publish","type":"product","link":"https:\/\/eradsteel.com\/fr\/produit\/rebar\/","title":{"rendered":"Barre d\u2019armature (Rebar)"},"content":{"rendered":"<div style=\"display: none;\">\n<div class=\"wpcf7 no-js\" id=\"wpcf7-f232-o1\" lang=\"en-US\" dir=\"ltr\" data-wpcf7-id=\"232\">\n<div class=\"screen-reader-response\"><p role=\"status\" aria-live=\"polite\" aria-atomic=\"true\"><\/p> <ul><\/ul><\/div>\n<form action=\"\/fr\/wp-json\/wp\/v2\/product\/8536#wpcf7-f232-o1\" method=\"post\" class=\"wpcf7-form init\" aria-label=\"Formulaire de contact\" novalidate=\"novalidate\" data-status=\"init\" data-trp-original-action=\"\/fr\/wp-json\/wp\/v2\/product\/8536#wpcf7-f232-o1\">\n<fieldset class=\"hidden-fields-container\"><input type=\"hidden\" name=\"_wpcf7\" value=\"232\" \/><input type=\"hidden\" name=\"_wpcf7_version\" value=\"6.1.1\" \/><input type=\"hidden\" name=\"_wpcf7_locale\" value=\"en_US\" \/><input type=\"hidden\" name=\"_wpcf7_unit_tag\" value=\"wpcf7-f232-o1\" \/><input type=\"hidden\" name=\"_wpcf7_container_post\" value=\"0\" \/><input type=\"hidden\" name=\"_wpcf7_posted_data_hash\" value=\"\" \/>\n<\/fieldset>\n<div class=\"form-style-3\">\n\t<div class=\"columns_wrap\">\n\t\t<div class=\"column-1_2\">\n\t\t\t<p><span class=\"style-line icon-name\"><span class=\"wpcf7-form-control-wrap\" data-name=\"your-name\"><input size=\"40\" maxlength=\"400\" class=\"wpcf7-form-control wpcf7-text wpcf7-validates-as-required\" aria-required=\"true\" aria-invalid=\"false\" placeholder=\"Nom\" value=\"\" type=\"text\" name=\"your-name\" \/><\/span><\/span>\n\t\t\t<\/p>\n\t\t<\/div>\n\t\t<div class=\"column-1_2\">\n\t\t\t<p><span class=\"style-line icon-email\"><span class=\"wpcf7-form-control-wrap\" data-name=\"your-email\"><input size=\"40\" maxlength=\"400\" class=\"wpcf7-form-control wpcf7-email wpcf7-validates-as-required wpcf7-text wpcf7-validates-as-email\" aria-required=\"true\" aria-invalid=\"false\" placeholder=\"Adresse email\" value=\"\" type=\"email\" name=\"your-email\" \/><\/span><\/span>\n\t\t\t<\/p>\n\t\t<\/div>\n\t<\/div>\n\t<div class=\"columns_wrap\">\n\t\t<div class=\"column-1_2\">\n\t\t\t<p><span class=\"style-line icon-phone\"><span class=\"wpcf7-form-control-wrap\" data-name=\"phone\"><input size=\"40\" maxlength=\"400\" class=\"wpcf7-form-control wpcf7-tel wpcf7-validates-as-required wpcf7-text wpcf7-validates-as-tel\" aria-required=\"true\" aria-invalid=\"false\" placeholder=\"T\u00e9l\u00e9phone\" value=\"\" type=\"tel\" name=\"phone\" \/><\/span><\/span>\n\t\t\t<\/p>\n\t\t<\/div>\n\t\t<div class=\"column-1_2\">\n\t\t\t<p><span class=\"style-line icon-subject\"><span class=\"wpcf7-form-control-wrap\" data-name=\"subject\"><input size=\"40\" maxlength=\"400\" class=\"wpcf7-form-control wpcf7-text wpcf7-validates-as-required\" aria-required=\"true\" aria-invalid=\"false\" placeholder=\"Sujet\" value=\"\" type=\"text\" name=\"subject\" \/><\/span><\/span>\n\t\t\t<\/p>\n\t\t<\/div>\n\t<\/div>\n\t<div class=\"columns_wrap margin-bottom\">\n\t\t<div class=\"column-1_1\">\n\t\t\t<p><span class=\"style-line icon-textarea\"><span class=\"wpcf7-form-control-wrap\" data-name=\"your-message\"><textarea cols=\"40\" rows=\"10\" maxlength=\"2000\" class=\"wpcf7-form-control wpcf7-textarea wpcf7-validates-as-required\" aria-required=\"true\" aria-invalid=\"false\" placeholder=\"Comment pouvons-nous vous aider ? N&#039;h\u00e9sitez pas \u00e0 nous contacter !\" name=\"your-message\"><\/textarea><\/span><\/span>\n\t\t\t<\/p>\n\t\t<\/div>\n\t<\/div>\n<div class=\"wpcf7-turnstile cf-turnstile\" data-sitekey=\"0x4AAAAAAB0XAVz92lw7mzFA\" data-response-field-name=\"_wpcf7_turnstile_response\"><\/div>\n\t<p><span class=\"wpcf7-form-control-wrap\" data-name=\"acceptance\"><span class=\"wpcf7-form-control wpcf7-acceptance\"><span class=\"wpcf7-list-item\"><label><input type=\"checkbox\" name=\"acceptance\" value=\"1\" aria-invalid=\"false\" \/><span class=\"wpcf7-list-item-label\">Je suis d&#039;accord, mes donn\u00e9es sont <a href=\"\/fr\/privacy-policy\/\">collect\u00e9s et stock\u00e9s<\/a>.<\/span><\/label><\/span><\/span><\/span><br \/>\n<input class=\"wpcf7-form-control wpcf7-submit has-spinner\" type=\"submit\" value=\"Nous contacter\" \/>\n\t<\/p>\n<\/div><input type='hidden' class='wpcf7-pum' value='{\"closepopup\":false,\"closedelay\":0,\"openpopup\":false,\"openpopup_id\":0}' \/><div class=\"wpcf7-response-output\" aria-hidden=\"true\"><\/div>\n<input type=\"hidden\" name=\"trp-form-language\" value=\"fr\"\/><\/form>\n<\/div>\n<\/div>\n<h3 data-start=\"66\" data-end=\"99\"><strong data-start=\"70\" data-end=\"97\">Barre d\u2019armature (Rebar)<\/strong><\/h3>\n<h4 data-start=\"100\" data-end=\"117\"><strong data-start=\"100\" data-end=\"117\">Mat\u00e9riau principal<\/strong><\/h4>\n<ul data-start=\"119\" data-end=\"233\">\n<li data-start=\"119\" data-end=\"162\">\n<p data-start=\"121\" data-end=\"162\" class=\"translation-block\"><strong data-start=\"121\" data-end=\"135\">Substrat:<\/strong> Acier au carbone (g\u00e9n\u00e9ralement)<\/p>\n<\/li>\n<li data-start=\"163\" data-end=\"233\">\n<p data-start=\"165\" data-end=\"233\" class=\"translation-block\"><strong data-start=\"165\" data-end=\"175\">Grade:<\/strong> Varie selon les normes (Grade 60 \/ B500b)<\/p>\n<\/li>\n<\/ul>\n<h4 data-start=\"235\" data-end=\"250\"><strong data-start=\"235\" data-end=\"250\">Propri\u00e9t\u00e9s:<\/strong><\/h4>\n<ul data-start=\"252\" data-end=\"658\">\n<li data-start=\"252\" data-end=\"393\">\n<p data-start=\"254\" data-end=\"393\" class=\"translation-block\"><strong data-start=\"254\" data-end=\"267\">R\u00e9sistance:<\/strong> La barre d\u2019armature fournit la solidit\u00e9 structurelle en renfor\u00e7ant le b\u00e9ton, emp\u00eachant les fissures et am\u00e9liorant la r\u00e9sistance \u00e0 la traction.<\/p>\n<\/li>\n<li data-start=\"394\" data-end=\"491\">\n<p data-start=\"396\" data-end=\"491\" class=\"translation-block\"><strong data-start=\"396\" data-end=\"408\">Surface:<\/strong> G\u00e9n\u00e9ralement nervur\u00e9e ou d\u00e9form\u00e9e pour am\u00e9liorer l\u2019adh\u00e9rence avec le b\u00e9ton.<\/p>\n<\/li>\n<li data-start=\"492\" data-end=\"658\">\n<p data-start=\"494\" data-end=\"658\" class=\"translation-block\"><strong data-start=\"494\" data-end=\"519\">R\u00e9sistance \u00e0 la corrosion:<\/strong> Certains types de barres d\u2019armature sont disponibles avec des rev\u00eatements suppl\u00e9mentaires (par ex. \u00e9poxy, galvanis\u00e9) pour renforcer la protection contre la corrosion, notamment dans les environnements difficiles.<\/p>\n<\/li>\n<\/ul>\n<h4 data-start=\"660\" data-end=\"685\"><strong data-start=\"660\" data-end=\"685\">Processus de fabrication<\/strong><\/h4>\n<ol data-start=\"687\" data-end=\"1109\">\n<li data-start=\"687\" data-end=\"769\">\n<p data-start=\"690\" data-end=\"769\" class=\"translation-block\"><strong data-start=\"690\" data-end=\"708\">Fusion de l\u2019acier:<\/strong> L\u2019acier est fondu dans un four \u00e9lectrique \u00e0 arc ou dans un haut fourneau.<\/p>\n<\/li>\n<li data-start=\"770\" data-end=\"889\">\n<p data-start=\"773\" data-end=\"889\" class=\"translation-block\"><strong data-start=\"773\" data-end=\"795\">Coul\u00e9e et laminage:<\/strong> L\u2019acier en fusion est coul\u00e9 en billettes, puis lamin\u00e9 \u00e0 chaud pour former des barres d\u2019armature.<\/p>\n<\/li>\n<li data-start=\"890\" data-end=\"1013\">\n<p data-start=\"893\" data-end=\"1013\" class=\"translation-block\"><strong data-start=\"893\" data-end=\"909\">D\u00e9formation:<\/strong> passage dans des rouleaux pour former les nervures caract\u00e9ristiques de la surface.<\/p>\n<\/li>\n<li data-start=\"1014\" data-end=\"1109\">\n<p data-start=\"1017\" data-end=\"1109\" class=\"translation-block\"><strong data-start=\"1017\" data-end=\"1041\">D\u00e9coupe et emballage:<\/strong> Les barres sont coup\u00e9es aux longueurs requises et emball\u00e9es pour l\u2019exp\u00e9dition.<\/p>\n<\/li>\n<\/ol>\n<h4 data-start=\"1111\" data-end=\"1139\"><strong data-start=\"1111\" data-end=\"1137\">Grades courants de barre d\u2019armature<\/strong><\/h4>\n<div class=\"_tableContainer_1rjym_1\">\n<div class=\"_tableWrapper_1rjym_13 group flex w-fit flex-col-reverse\" tabindex=\"-1\">\n<table class=\"w-fit min-w-(--thread-content-width)\" data-start=\"44\" data-end=\"326\" data-is-last-node=\"\" data-is-only-node=\"\">\n<thead data-start=\"44\" data-end=\"135\">\n<tr data-start=\"44\" data-end=\"135\">\n<th data-start=\"44\" data-end=\"54\" data-col-size=\"sm\">Grade<\/th>\n<th data-start=\"54\" data-end=\"85\" data-col-size=\"sm\">Caract\u00e9ristiques<\/th>\n<th data-start=\"85\" data-end=\"135\" data-col-size=\"md\">Utilisation typique<\/th>\n<\/tr>\n<\/thead>\n<tbody data-start=\"228\" data-end=\"326\" data-is-last-node=\"\">\n<tr data-start=\"228\" data-end=\"326\" data-is-last-node=\"\">\n<td data-start=\"228\" data-end=\"239\" data-col-size=\"sm\">Grade 60 \/ B500b<\/td>\n<td data-start=\"239\" data-end=\"270\" data-col-size=\"sm\">Acier haute r\u00e9sistance<\/td>\n<td data-start=\"270\" data-end=\"326\" data-is-last-node=\"\" data-col-size=\"md\">B\u00e2timents commerciaux, ponts, structures lourdes<\/td>\n<\/tr>\n<\/tbody>\n<\/table>\n<\/div>\n<\/div>\n<h4 data-start=\"1658\" data-end=\"1684\"><strong data-start=\"1658\" data-end=\"1684\"><br \/>\nSp\u00e9cifications typiques<\/strong><\/h4>\n<ul data-start=\"1686\" data-end=\"1933\">\n<li data-start=\"1686\" data-end=\"1759\">\n<p data-start=\"1688\" data-end=\"1759\" class=\"translation-block\"><strong data-start=\"1688\" data-end=\"1714\">Diam\u00e8tre:<\/strong> de 8 mm \u00e0 25 mm (tailles standards couramment utilis\u00e9es)<\/p>\n<\/li>\n<li data-start=\"1760\" data-end=\"1823\">\n<p data-start=\"1762\" data-end=\"1823\" class=\"translation-block\"><strong data-start=\"1762\" data-end=\"1773\">Longueur:<\/strong> g\u00e9n\u00e9ralement de 6 \u00e0 12 m\u00e8tres (selon la commande)<\/p>\n<\/li>\n<li data-start=\"1824\" data-end=\"1879\">\n<p data-start=\"1826\" data-end=\"1879\"><strong data-start=\"1826\" data-end=\"1847\">R\u00e9sistance \u00e0 la traction:<\/strong> 400 \u2013 600 MPa (variable selon la qualit\u00e9)<\/p>\n<\/li>\n<li data-start=\"1880\" data-end=\"1933\">\n<p data-start=\"1882\" data-end=\"1933\"><strong data-start=\"1882\" data-end=\"1901\">Limite d&#039;\u00e9lasticit\u00e9 :<\/strong> 280 \u2013 540 MPa (varie selon la qualit\u00e9)<\/p>\n<\/li>\n<\/ul>\n<h4 data-start=\"1935\" data-end=\"1949\"><strong data-start=\"1935\" data-end=\"1949\">Avantages<\/strong><\/h4>\n<ul data-start=\"1951\" data-end=\"2327\">\n<li data-start=\"1951\" data-end=\"2061\">\n<p data-start=\"1953\" data-end=\"2061\" class=\"translation-block\"><strong data-start=\"1953\" data-end=\"1971\">Haute r\u00e9sistance:<\/strong> Offre un excellent renfort au b\u00e9ton, en augmentant sa r\u00e9sistance \u00e0 la traction et au cisaillement.<\/p>\n<\/li>\n<li data-start=\"2062\" data-end=\"2152\">\n<p data-start=\"2064\" data-end=\"2152\" class=\"translation-block\"><strong data-start=\"2064\" data-end=\"2087\">Excellente adh\u00e9rence:<\/strong> La surface nervur\u00e9e am\u00e9liore le lien entre le b\u00e9ton et la barre.<\/p>\n<\/li>\n<li data-start=\"2153\" data-end=\"2225\">\n<p data-start=\"2155\" data-end=\"2225\" class=\"translation-block\"><strong data-start=\"2155\" data-end=\"2171\">Polyvalence:<\/strong> Adapt\u00e9e \u00e0 une large gamme d\u2019applications structurelles.<\/p>\n<\/li>\n<li data-start=\"2226\" data-end=\"2327\">\n<p data-start=\"2228\" data-end=\"2327\" class=\"translation-block\"><strong data-start=\"2228\" data-end=\"2243\">Durabilit\u00e9:<\/strong> R\u00e9siste fortement aux contraintes m\u00e9caniques et aux impacts, particuli\u00e8rement dans le b\u00e9ton arm\u00e9.<\/p>\n<\/li>\n<\/ul>\n<h4 data-start=\"2329\" data-end=\"2345\"><strong data-start=\"2329\" data-end=\"2345\">Applications<\/strong><\/h4>\n<ul data-start=\"2347\" data-end=\"2596\">\n<li data-start=\"2347\" data-end=\"2417\">\n<p data-start=\"2349\" data-end=\"2417\" class=\"translation-block\"><strong data-start=\"2349\" data-end=\"2366\">Construction:<\/strong> Fondations, poutres, colonnes, dalles et chauss\u00e9es.<\/p>\n<\/li>\n<li data-start=\"2418\" data-end=\"2477\">\n<p data-start=\"2420\" data-end=\"2477\" class=\"translation-block\"><strong data-start=\"2420\" data-end=\"2439\">Infrastructures:<\/strong> Ponts, autoroutes, tunnels et barrages.<\/p>\n<\/li>\n<li data-start=\"2478\" data-end=\"2529\">\n<p data-start=\"2480\" data-end=\"2529\" class=\"translation-block\"><strong data-start=\"2480\" data-end=\"2495\">Industriel:<\/strong> Cuves en b\u00e9ton, conduites et silos.<\/p>\n<\/li>\n<li data-start=\"2530\" data-end=\"2596\">\n<p data-start=\"2532\" data-end=\"2596\" class=\"translation-block\"><strong data-start=\"2532\" data-end=\"2548\">R\u00e9sidentiel:<\/strong> Fondations, dalles de plancher et murs renforc\u00e9s.<\/p>\n<\/li>\n<\/ul>\n<h4><strong>Pourquoi choisir ERAD Steel ?<\/strong><\/h4>\n<ul>\n<li>Qualit\u00e9 fiable et structure en acier robuste.<\/li>\n<li>Livraison rapide et service client professionnel.<\/li>\n<li>Fiabilit\u00e9 reconnue par des clients \u00e0 travers l\u2019Afrique, l\u2019Union europ\u00e9enne et la r\u00e9gion MENA.<\/li>\n<\/ul>\n<h4><strong>\ud83d\udcf2 Int\u00e9ress\u00e9(e) par notre <\/strong><strong data-start=\"260\" data-end=\"325\">Barre d\u2019armature (Rebar) <\/strong><strong data-start=\"70\" data-end=\"97\">(Barre d&#039;armature)<\/strong><strong>?<\/strong><\/h4>\n<p>Discutez directement avec notre \u00e9quipe pour les prix et les d\u00e9tails :<\/p>\n<div class=\"sc_item_button sc_button_wrap\"><a class=\"sc_button sc_button_default sc_button_size_normal sc_button_icon_left\" href=\"#quote\"><span class=\"sc_button_text\"><span class=\"sc_button_title\">Obtenez un devis rapide<\/span><\/span><\/a><\/div>","protected":false},"excerpt":{"rendered":"<p><strong data-start=\"34\" data-end=\"61\">Barre d\u2019armature (Rebar)<\/strong><br data-start=\"61\" data-end=\"64\" \/>La barre d\u2019armature est une barre en acier utilis\u00e9e pour renforcer le b\u00e9ton, am\u00e9liorer sa r\u00e9sistance \u00e0 la traction et pr\u00e9venir les fissures. Fabriqu\u00e9e en acier au carbone avec des nervures en surface pour une meilleure adh\u00e9rence, elle est essentielle dans les fondations, les ponts et autres structures en b\u00e9ton afin d\u2019assurer durabilit\u00e9 et stabilit\u00e9<\/p>\n<div class=\"elementor-element elementor-element-b057435 sc_fly_static elementor-widget elementor-widget-trx_sc_button trx_addons_parallax_layers_inited trx_addons_parallax_blocks_inited\" data-id=\"b057435\" data-element_type=\"widget\" data-widget_type=\"trx_sc_button.default\">\n<div class=\"elementor-widget-container\">\n<div class=\"sc_item_button sc_button_wrap\"><a class=\"sc_button sc_button_default sc_button_size_normal sc_button_icon_left\" href=\"#quote\"><span class=\"sc_button_text\"><span class=\"sc_button_title\">Demander un devis<\/span><\/span><\/a><\/div>\n<\/div>\n<\/div>","protected":false},"featured_media":8537,"template":"","meta":[],"product_brand":[],"product_cat":[184],"product_tag":[],"class_list":{"0":"post-8536","1":"product","2":"type-product","3":"status-publish","4":"has-post-thumbnail","6":"product_cat-construction","7":"en-US","9":"first","10":"instock","11":"shipping-taxable","12":"product-type-simple"},"_links":{"self":[{"href":"https:\/\/eradsteel.com\/fr\/wp-json\/wp\/v2\/product\/8536","targetHints":{"allow":["GET"]}}],"collection":[{"href":"https:\/\/eradsteel.com\/fr\/wp-json\/wp\/v2\/product"}],"about":[{"href":"https:\/\/eradsteel.com\/fr\/wp-json\/wp\/v2\/types\/product"}],"wp:featuredmedia":[{"embeddable":true,"href":"https:\/\/eradsteel.com\/fr\/wp-json\/wp\/v2\/media\/8537"}],"wp:attachment":[{"href":"https:\/\/eradsteel.com\/fr\/wp-json\/wp\/v2\/media?parent=8536"}],"wp:term":[{"taxonomy":"product_brand","embeddable":true,"href":"https:\/\/eradsteel.com\/fr\/wp-json\/wp\/v2\/product_brand?post=8536"},{"taxonomy":"product_cat","embeddable":true,"href":"https:\/\/eradsteel.com\/fr\/wp-json\/wp\/v2\/product_cat?post=8536"},{"taxonomy":"product_tag","embeddable":true,"href":"https:\/\/eradsteel.com\/fr\/wp-json\/wp\/v2\/product_tag?post=8536"}],"curies":[{"name":"wp","href":"https:\/\/api.w.org\/{rel}","templated":true}]}}