{"id":8533,"date":"2025-08-26T08:53:45","date_gmt":"2025-08-26T08:53:45","guid":{"rendered":"https:\/\/eradsteel.com\/?post_type=product&#038;p=8533"},"modified":"2025-12-03T22:36:40","modified_gmt":"2025-12-03T22:36:40","slug":"checker-plate","status":"publish","type":"product","link":"https:\/\/eradsteel.com\/fr\/produit\/checker-plate\/","title":{"rendered":"T\u00f4le stri\u00e9e (Checker Plate)"},"content":{"rendered":"<div style=\"display: none;\">\n<div class=\"wpcf7 no-js\" id=\"wpcf7-f232-o1\" lang=\"en-US\" dir=\"ltr\" data-wpcf7-id=\"232\">\n<div class=\"screen-reader-response\"><p role=\"status\" aria-live=\"polite\" aria-atomic=\"true\"><\/p> <ul><\/ul><\/div>\n<form action=\"\/fr\/wp-json\/wp\/v2\/product\/8533#wpcf7-f232-o1\" method=\"post\" class=\"wpcf7-form init\" aria-label=\"Formulaire de contact\" novalidate=\"novalidate\" data-status=\"init\" data-trp-original-action=\"\/fr\/wp-json\/wp\/v2\/product\/8533#wpcf7-f232-o1\">\n<fieldset class=\"hidden-fields-container\"><input type=\"hidden\" name=\"_wpcf7\" value=\"232\" \/><input type=\"hidden\" name=\"_wpcf7_version\" value=\"6.1.1\" \/><input type=\"hidden\" name=\"_wpcf7_locale\" value=\"en_US\" \/><input type=\"hidden\" name=\"_wpcf7_unit_tag\" value=\"wpcf7-f232-o1\" \/><input type=\"hidden\" name=\"_wpcf7_container_post\" value=\"0\" \/><input type=\"hidden\" name=\"_wpcf7_posted_data_hash\" value=\"\" \/>\n<\/fieldset>\n<div class=\"form-style-3\">\n\t<div class=\"columns_wrap\">\n\t\t<div class=\"column-1_2\">\n\t\t\t<p><span class=\"style-line icon-name\"><span class=\"wpcf7-form-control-wrap\" data-name=\"your-name\"><input size=\"40\" maxlength=\"400\" class=\"wpcf7-form-control wpcf7-text wpcf7-validates-as-required\" aria-required=\"true\" aria-invalid=\"false\" placeholder=\"Nom\" value=\"\" type=\"text\" name=\"your-name\" \/><\/span><\/span>\n\t\t\t<\/p>\n\t\t<\/div>\n\t\t<div class=\"column-1_2\">\n\t\t\t<p><span class=\"style-line icon-email\"><span class=\"wpcf7-form-control-wrap\" data-name=\"your-email\"><input size=\"40\" maxlength=\"400\" class=\"wpcf7-form-control wpcf7-email wpcf7-validates-as-required wpcf7-text wpcf7-validates-as-email\" aria-required=\"true\" aria-invalid=\"false\" placeholder=\"Adresse email\" value=\"\" type=\"email\" name=\"your-email\" \/><\/span><\/span>\n\t\t\t<\/p>\n\t\t<\/div>\n\t<\/div>\n\t<div class=\"columns_wrap\">\n\t\t<div class=\"column-1_2\">\n\t\t\t<p><span class=\"style-line icon-phone\"><span class=\"wpcf7-form-control-wrap\" data-name=\"phone\"><input size=\"40\" maxlength=\"400\" class=\"wpcf7-form-control wpcf7-tel wpcf7-validates-as-required wpcf7-text wpcf7-validates-as-tel\" aria-required=\"true\" aria-invalid=\"false\" placeholder=\"T\u00e9l\u00e9phone\" value=\"\" type=\"tel\" name=\"phone\" \/><\/span><\/span>\n\t\t\t<\/p>\n\t\t<\/div>\n\t\t<div class=\"column-1_2\">\n\t\t\t<p><span class=\"style-line icon-subject\"><span class=\"wpcf7-form-control-wrap\" data-name=\"subject\"><input size=\"40\" maxlength=\"400\" class=\"wpcf7-form-control wpcf7-text wpcf7-validates-as-required\" aria-required=\"true\" aria-invalid=\"false\" placeholder=\"Sujet\" value=\"\" type=\"text\" name=\"subject\" \/><\/span><\/span>\n\t\t\t<\/p>\n\t\t<\/div>\n\t<\/div>\n\t<div class=\"columns_wrap margin-bottom\">\n\t\t<div class=\"column-1_1\">\n\t\t\t<p><span class=\"style-line icon-textarea\"><span class=\"wpcf7-form-control-wrap\" data-name=\"your-message\"><textarea cols=\"40\" rows=\"10\" maxlength=\"2000\" class=\"wpcf7-form-control wpcf7-textarea wpcf7-validates-as-required\" aria-required=\"true\" aria-invalid=\"false\" placeholder=\"Comment pouvons-nous vous aider ? N&#039;h\u00e9sitez pas \u00e0 nous contacter !\" name=\"your-message\"><\/textarea><\/span><\/span>\n\t\t\t<\/p>\n\t\t<\/div>\n\t<\/div>\n<div class=\"wpcf7-turnstile cf-turnstile\" data-sitekey=\"0x4AAAAAAB0XAVz92lw7mzFA\" data-response-field-name=\"_wpcf7_turnstile_response\"><\/div>\n\t<p><span class=\"wpcf7-form-control-wrap\" data-name=\"acceptance\"><span class=\"wpcf7-form-control wpcf7-acceptance\"><span class=\"wpcf7-list-item\"><label><input type=\"checkbox\" name=\"acceptance\" value=\"1\" aria-invalid=\"false\" \/><span class=\"wpcf7-list-item-label\">Je suis d&#039;accord, mes donn\u00e9es sont <a href=\"\/fr\/privacy-policy\/\">collect\u00e9s et stock\u00e9s<\/a>.<\/span><\/label><\/span><\/span><\/span><br \/>\n<input class=\"wpcf7-form-control wpcf7-submit has-spinner\" type=\"submit\" value=\"Nous contacter\" \/>\n\t<\/p>\n<\/div><input type='hidden' class='wpcf7-pum' value='{\"closepopup\":false,\"closedelay\":0,\"openpopup\":false,\"openpopup_id\":0}' \/><div class=\"wpcf7-response-output\" aria-hidden=\"true\"><\/div>\n<input type=\"hidden\" name=\"trp-form-language\" value=\"fr\"\/><\/form>\n<\/div>\n<\/div>\n<h3 data-start=\"104\" data-end=\"157\"><strong data-start=\"108\" data-end=\"155\">T\u00f4le stri\u00e9e (Checker Plate \/ Diamond Plate)<\/strong><\/h3>\n<h4 data-start=\"158\" data-end=\"175\"><strong data-start=\"158\" data-end=\"175\">Mat\u00e9riau principal<\/strong><\/h4>\n<ul data-start=\"177\" data-end=\"338\">\n<li data-start=\"177\" data-end=\"232\">\n<p data-start=\"179\" data-end=\"232\" class=\"translation-block\"><strong data-start=\"179\" data-end=\"193\">Substrat:<\/strong> Acier<\/p>\n<\/li>\n<li data-start=\"233\" data-end=\"338\">\n<p data-start=\"235\" data-end=\"252\"><strong data-start=\"235\" data-end=\"250\">Type d\u2019alliage <\/strong><span style=\"font-size: 1rem; letter-spacing: 0px;\">Acier doux<\/span><\/p>\n<\/li>\n<\/ul>\n<h4 data-start=\"340\" data-end=\"355\"><strong data-start=\"340\" data-end=\"355\">Propri\u00e9t\u00e9s:<\/strong><\/h4>\n<ul data-start=\"357\" data-end=\"829\">\n<li data-start=\"357\" data-end=\"538\">\n<p data-start=\"359\" data-end=\"538\"><strong data-start=\"359\" data-end=\"379\">R\u00e9sistance au glissement :<\/strong> Le motif en relief en losanges ou \u00e0 damier offre une excellente adh\u00e9rence, ce qui le rend id\u00e9al pour les all\u00e9es, les marches d&#039;escalier, les rampes et les sols industriels.<\/p>\n<\/li>\n<li data-start=\"539\" data-end=\"634\">\n<p data-start=\"541\" data-end=\"634\"><strong data-start=\"541\" data-end=\"556\">Durabilit\u00e9:<\/strong> Les plaques \u00e0 damier en acier doux offrent une r\u00e9sistance \u00e9lev\u00e9e et une r\u00e9sistance exceptionnelle aux chocs violents, \u00e0 l&#039;abrasion et \u00e0 l&#039;usure continue.<\/p>\n<\/li>\n<li data-start=\"635\" data-end=\"829\">\n<p data-start=\"637\" data-end=\"829\"><strong data-start=\"637\" data-end=\"662\">R\u00e9sistance \u00e0 la corrosion :<\/strong> Bien que l&#039;acier doux ne soit pas intrins\u00e8quement r\u00e9sistant \u00e0 la corrosion, il peut l&#039;\u00eatre. <strong data-start=\"1003\" data-end=\"1027\">galvanis\u00e9 ou rev\u00eatu<\/strong> pour le prot\u00e9ger de la rouille et de l&#039;humidit\u00e9.<\/p>\n<\/li>\n<\/ul>\n<h4 data-start=\"831\" data-end=\"856\"><strong data-start=\"831\" data-end=\"856\">Processus de fabrication<\/strong><\/h4>\n<ol data-start=\"858\" data-end=\"1381\">\n<li data-start=\"858\" data-end=\"971\">\n<p data-start=\"861\" data-end=\"971\"><strong data-start=\"861\" data-end=\"884\">S\u00e9lection des mat\u00e9riaux :<\/strong> L&#039;acier doux est choisi pour sa r\u00e9sistance, sa formabilit\u00e9 et son rapport co\u00fbt-efficacit\u00e9.<\/p>\n<\/li>\n<li data-start=\"972\" data-end=\"1084\">\n<p data-start=\"975\" data-end=\"1084\"><strong data-start=\"975\" data-end=\"987\">Formation:<\/strong> La t\u00f4le d&#039;acier passe entre des rouleaux qui impriment le motif en relief en losange ou \u00e0 damier.<\/p>\n<\/li>\n<li data-start=\"1085\" data-end=\"1228\">\n<p data-start=\"1088\" data-end=\"1228\"><strong data-start=\"1088\" data-end=\"1112\">D\u00e9coupe et finition :<\/strong> Les feuilles sont coup\u00e9es aux longueurs et largeurs sp\u00e9cifi\u00e9es par le client.<\/p>\n<\/li>\n<li data-start=\"1229\" data-end=\"1381\">\n<p data-start=\"1232\" data-end=\"1381\"><strong data-start=\"1232\" data-end=\"1265\">Traitement de surface (facultatif)\u00a0:<\/strong> Une couche protectrice, telle que <strong data-start=\"1479\" data-end=\"1507\">galvanisation ou rev\u00eatement<\/strong>\u2014peut \u00eatre utilis\u00e9 pour am\u00e9liorer la r\u00e9sistance \u00e0 la corrosion.<\/p>\n<\/li>\n<\/ol>\n<p data-start=\"1383\" data-end=\"1419\"><strong data-start=\"1383\" data-end=\"1417\">Grades courants de t\u00f4le stri\u00e9e<\/strong><\/p>\n<div class=\"_tableContainer_1rjym_1\">\n<div class=\"_tableWrapper_1rjym_13 group flex w-fit flex-col-reverse\" tabindex=\"-1\">\n<table class=\"w-fit min-w-(--thread-content-width)\" data-start=\"48\" data-end=\"456\" data-is-last-node=\"\" data-is-only-node=\"\">\n<thead data-start=\"48\" data-end=\"182\">\n<tr data-start=\"48\" data-end=\"182\">\n<th data-start=\"48\" data-end=\"62\" data-col-size=\"sm\">Mat\u00e9riau<\/th>\n<th data-start=\"62\" data-end=\"132\" data-col-size=\"md\">Caract\u00e9ristiques<\/th>\n<th data-start=\"132\" data-end=\"182\" data-col-size=\"md\">Utilisation typique<\/th>\n<\/tr>\n<\/thead>\n<tbody data-start=\"318\" data-end=\"456\" data-is-last-node=\"\">\n<tr data-start=\"318\" data-end=\"456\" data-is-last-node=\"\">\n<td data-start=\"318\" data-end=\"332\" data-col-size=\"sm\">Acier doux<\/td>\n<td data-start=\"332\" data-end=\"405\" data-col-size=\"md\">Solide, \u00e9conomique, facile \u00e0 souder et \u00e0 travailler<\/td>\n<td data-start=\"405\" data-end=\"456\" data-is-last-node=\"\" data-col-size=\"md\">Rev\u00eatements de sol industriels, plateformes, passerelles, quais de chargement<\/td>\n<\/tr>\n<\/tbody>\n<\/table>\n<\/div>\n<\/div>\n<h4 data-start=\"2133\" data-end=\"2159\"><strong data-start=\"2133\" data-end=\"2159\"><br \/>\nSp\u00e9cifications typiques<\/strong><\/h4>\n<ul data-start=\"2161\" data-end=\"2365\">\n<li data-start=\"2161\" data-end=\"2189\">\n<p data-start=\"2163\" data-end=\"2189\" class=\"translation-block\"><strong data-start=\"2163\" data-end=\"2177\">\u00c9paisseur:<\/strong> 1.5 \u2013 12 mm<\/p>\n<\/li>\n<li data-start=\"2190\" data-end=\"2234\">\n<p data-start=\"2192\" data-end=\"2234\" class=\"translation-block\"><strong data-start=\"2192\" data-end=\"2202\">Largeur:<\/strong> 1000 \u2013 2000 mm (gamme standard)<\/p>\n<\/li>\n<li data-start=\"2235\" data-end=\"2300\">\n<p data-start=\"2237\" data-end=\"2300\" class=\"translation-block\"><strong data-start=\"2237\" data-end=\"2248\">Longueur:<\/strong>Jusqu\u2019\u00e0 6 m\u00e8tres (selon la demande client).<\/p>\n<\/li>\n<li data-start=\"2301\" data-end=\"2365\">\n<p data-start=\"2303\" data-end=\"2365\"><strong data-start=\"2303\" data-end=\"2320\">Type de motif\u00a0:<\/strong> Motifs en losange ou \u00e0 bande de roulement<\/p>\n<\/li>\n<\/ul>\n<h4 data-start=\"2367\" data-end=\"2381\"><strong data-start=\"2367\" data-end=\"2381\">Avantages<\/strong><\/h4>\n<ul data-start=\"2383\" data-end=\"2803\">\n<li data-start=\"2383\" data-end=\"2476\">\n<p data-start=\"2385\" data-end=\"2476\" class=\"translation-block\"><strong data-start=\"2385\" data-end=\"2405\">Antid\u00e9rapant:<\/strong> Le motif en relief assure une excellente adh\u00e9rence et r\u00e9duit les risques de glissade.<\/p>\n<\/li>\n<li data-start=\"2477\" data-end=\"2563\">\n<p data-start=\"2479\" data-end=\"2563\" class=\"translation-block\"><strong data-start=\"2479\" data-end=\"2507\">Solidit\u00e9 et durabilit\u00e9:<\/strong> Offre une protection longue dur\u00e9e contre l\u2019usure et les impacts.<\/p>\n<\/li>\n<li data-start=\"2564\" data-end=\"2707\">\n<p data-start=\"2566\" data-end=\"2707\"><strong data-start=\"2566\" data-end=\"2591\">R\u00e9sistance \u00e0 la corrosion :<\/strong> Ce qui le rend adapt\u00e9 aux environnements ext\u00e9rieurs et \u00e0 forte humidit\u00e9.<\/p>\n<\/li>\n<li data-start=\"2708\" data-end=\"2803\">\n<p data-start=\"2710\" data-end=\"2803\" class=\"translation-block\"><strong data-start=\"2710\" data-end=\"2737\">Polyvalence:<\/strong> Utilisable dans de nombreux secteurs, de la construction au transport.<\/p>\n<\/li>\n<\/ul>\n<h4 data-start=\"2805\" data-end=\"2821\"><strong data-start=\"2805\" data-end=\"2821\">Applications<\/strong><\/h4>\n<ul data-start=\"2823\" data-end=\"3181\">\n<li data-start=\"2823\" data-end=\"2888\">\n<p data-start=\"2825\" data-end=\"2888\" class=\"translation-block\"><strong data-start=\"2825\" data-end=\"2842\">Construction:<\/strong> Passerelles, marches d\u2019escaliers, plateformes et rampes.<\/p>\n<\/li>\n<li data-start=\"2889\" data-end=\"2989\">\n<p data-start=\"2891\" data-end=\"2989\" class=\"translation-block\"><strong data-start=\"2891\" data-end=\"2906\">Industriel:<\/strong> Rev\u00eatement de sol pour zones de machines, entrep\u00f4ts, quais de chargement.<\/p>\n<\/li>\n<li data-start=\"2990\" data-end=\"3097\">\n<p data-start=\"2992\" data-end=\"3097\" class=\"translation-block\"><strong data-start=\"2992\" data-end=\"3021\">Automobile et Transports:<\/strong> Marchepieds, planchers de camions, remorques et v\u00e9hicules.<\/p>\n<\/li>\n<li data-start=\"3098\" data-end=\"3181\">\n<p data-start=\"3100\" data-end=\"3181\" class=\"translation-block\"><strong data-start=\"3100\" data-end=\"3115\">D\u00e9coratif:<\/strong> Am\u00e9nagements int\u00e9rieurs, comptoirs et architecture haut de gamme.<\/p>\n<\/li>\n<\/ul>\n<h4><strong>Pourquoi choisir ERAD Steel ?<\/strong><\/h4>\n<ul>\n<li>Qualit\u00e9 fiable et structure en acier robuste.<\/li>\n<li>Livraison rapide et service client professionnel.<\/li>\n<li>Fiabilit\u00e9 reconnue par des clients \u00e0 travers l\u2019Afrique, l\u2019Union europ\u00e9enne et la r\u00e9gion MENA.<\/li>\n<\/ul>\n<h4><strong>\ud83d\udcf2 Int\u00e9ress\u00e9 par notre C<\/strong><strong data-start=\"260\" data-end=\"325\">Plaque Hecker <\/strong><strong>?<\/strong><\/h4>\n<p>Discutez directement avec notre \u00e9quipe pour les prix et les d\u00e9tails :<\/p>\n<div class=\"sc_item_button sc_button_wrap\"><a class=\"sc_button sc_button_default sc_button_size_normal sc_button_icon_left\" href=\"#quote\"><span class=\"sc_button_text\"><span class=\"sc_button_title\">Obtenez un devis rapide<\/span><\/span><\/a><\/div>","protected":false},"excerpt":{"rendered":"<p><strong>T\u00f4le stri\u00e9e (Checker Plate)<\/strong><br \/>\nPlaque \u00e0 damier \u2014 \u00e9galement connue sous le nom de <strong data-start=\"253\" data-end=\"268\">Plaque de roulement<\/strong> ou <strong data-start=\"272\" data-end=\"289\">Plaque de diamant<\/strong>\u2014 Il s&#039;agit d&#039;une t\u00f4le d&#039;acier doux durable, dot\u00e9e d&#039;un motif en relief con\u00e7u pour am\u00e9liorer l&#039;adh\u00e9rence et r\u00e9sister \u00e0 une usure importante. Elle est largement utilis\u00e9e dans les secteurs de l&#039;industrie, de la construction et des transports.<\/p>\n<div class=\"elementor-element elementor-element-b057435 sc_fly_static elementor-widget elementor-widget-trx_sc_button trx_addons_parallax_layers_inited trx_addons_parallax_blocks_inited\" data-id=\"b057435\" data-element_type=\"widget\" data-widget_type=\"trx_sc_button.default\">\n<div class=\"elementor-widget-container\">\n<div class=\"sc_item_button sc_button_wrap\"><a class=\"sc_button sc_button_default sc_button_size_normal sc_button_icon_left\" href=\"#quote\"><span class=\"sc_button_text\"><span class=\"sc_button_title\">Demander un devis<\/span><\/span><\/a><\/div>\n<\/div>\n<\/div>","protected":false},"featured_media":8534,"template":"","meta":[],"product_brand":[],"product_cat":[187],"product_tag":[],"class_list":{"0":"post-8533","1":"product","2":"type-product","3":"status-publish","4":"has-post-thumbnail","6":"product_cat-steel-sheets-plates","7":"en-US","9":"first","10":"instock","11":"shipping-taxable","12":"product-type-simple"},"_links":{"self":[{"href":"https:\/\/eradsteel.com\/fr\/wp-json\/wp\/v2\/product\/8533","targetHints":{"allow":["GET"]}}],"collection":[{"href":"https:\/\/eradsteel.com\/fr\/wp-json\/wp\/v2\/product"}],"about":[{"href":"https:\/\/eradsteel.com\/fr\/wp-json\/wp\/v2\/types\/product"}],"wp:featuredmedia":[{"embeddable":true,"href":"https:\/\/eradsteel.com\/fr\/wp-json\/wp\/v2\/media\/8534"}],"wp:attachment":[{"href":"https:\/\/eradsteel.com\/fr\/wp-json\/wp\/v2\/media?parent=8533"}],"wp:term":[{"taxonomy":"product_brand","embeddable":true,"href":"https:\/\/eradsteel.com\/fr\/wp-json\/wp\/v2\/product_brand?post=8533"},{"taxonomy":"product_cat","embeddable":true,"href":"https:\/\/eradsteel.com\/fr\/wp-json\/wp\/v2\/product_cat?post=8533"},{"taxonomy":"product_tag","embeddable":true,"href":"https:\/\/eradsteel.com\/fr\/wp-json\/wp\/v2\/product_tag?post=8533"}],"curies":[{"name":"wp","href":"https:\/\/api.w.org\/{rel}","templated":true}]}}