{"id":8531,"date":"2025-08-26T07:15:49","date_gmt":"2025-08-26T07:15:49","guid":{"rendered":"https:\/\/eradsteel.com\/?post_type=product&#038;p=8531"},"modified":"2025-11-19T13:00:16","modified_gmt":"2025-11-19T13:00:16","slug":"hot-rolled-plate","status":"publish","type":"product","link":"https:\/\/eradsteel.com\/fr\/produit\/hot-rolled-plate\/","title":{"rendered":"Plaque Lamin\u00e9e \u00e0 Chaud"},"content":{"rendered":"<div style=\"display: none;\">\n<div class=\"wpcf7 no-js\" id=\"wpcf7-f232-o1\" lang=\"en-US\" dir=\"ltr\" data-wpcf7-id=\"232\">\n<div class=\"screen-reader-response\"><p role=\"status\" aria-live=\"polite\" aria-atomic=\"true\"><\/p> <ul><\/ul><\/div>\n<form action=\"\/fr\/wp-json\/wp\/v2\/product\/8531#wpcf7-f232-o1\" method=\"post\" class=\"wpcf7-form init\" aria-label=\"Formulaire de contact\" novalidate=\"novalidate\" data-status=\"init\" data-trp-original-action=\"\/fr\/wp-json\/wp\/v2\/product\/8531#wpcf7-f232-o1\">\n<fieldset class=\"hidden-fields-container\"><input type=\"hidden\" name=\"_wpcf7\" value=\"232\" \/><input type=\"hidden\" name=\"_wpcf7_version\" value=\"6.1.1\" \/><input type=\"hidden\" name=\"_wpcf7_locale\" value=\"en_US\" \/><input type=\"hidden\" name=\"_wpcf7_unit_tag\" value=\"wpcf7-f232-o1\" \/><input type=\"hidden\" name=\"_wpcf7_container_post\" value=\"0\" \/><input type=\"hidden\" name=\"_wpcf7_posted_data_hash\" value=\"\" \/>\n<\/fieldset>\n<div class=\"form-style-3\">\n\t<div class=\"columns_wrap\">\n\t\t<div class=\"column-1_2\">\n\t\t\t<p><span class=\"style-line icon-name\"><span class=\"wpcf7-form-control-wrap\" data-name=\"your-name\"><input size=\"40\" maxlength=\"400\" class=\"wpcf7-form-control wpcf7-text wpcf7-validates-as-required\" aria-required=\"true\" aria-invalid=\"false\" placeholder=\"Nom\" value=\"\" type=\"text\" name=\"your-name\" \/><\/span><\/span>\n\t\t\t<\/p>\n\t\t<\/div>\n\t\t<div class=\"column-1_2\">\n\t\t\t<p><span class=\"style-line icon-email\"><span class=\"wpcf7-form-control-wrap\" data-name=\"your-email\"><input size=\"40\" maxlength=\"400\" class=\"wpcf7-form-control wpcf7-email wpcf7-validates-as-required wpcf7-text wpcf7-validates-as-email\" aria-required=\"true\" aria-invalid=\"false\" placeholder=\"Adresse email\" value=\"\" type=\"email\" name=\"your-email\" \/><\/span><\/span>\n\t\t\t<\/p>\n\t\t<\/div>\n\t<\/div>\n\t<div class=\"columns_wrap\">\n\t\t<div class=\"column-1_2\">\n\t\t\t<p><span class=\"style-line icon-phone\"><span class=\"wpcf7-form-control-wrap\" data-name=\"phone\"><input size=\"40\" maxlength=\"400\" class=\"wpcf7-form-control wpcf7-tel wpcf7-validates-as-required wpcf7-text wpcf7-validates-as-tel\" aria-required=\"true\" aria-invalid=\"false\" placeholder=\"T\u00e9l\u00e9phone\" value=\"\" type=\"tel\" name=\"phone\" \/><\/span><\/span>\n\t\t\t<\/p>\n\t\t<\/div>\n\t\t<div class=\"column-1_2\">\n\t\t\t<p><span class=\"style-line icon-subject\"><span class=\"wpcf7-form-control-wrap\" data-name=\"subject\"><input size=\"40\" maxlength=\"400\" class=\"wpcf7-form-control wpcf7-text wpcf7-validates-as-required\" aria-required=\"true\" aria-invalid=\"false\" placeholder=\"Sujet\" value=\"\" type=\"text\" name=\"subject\" \/><\/span><\/span>\n\t\t\t<\/p>\n\t\t<\/div>\n\t<\/div>\n\t<div class=\"columns_wrap margin-bottom\">\n\t\t<div class=\"column-1_1\">\n\t\t\t<p><span class=\"style-line icon-textarea\"><span class=\"wpcf7-form-control-wrap\" data-name=\"your-message\"><textarea cols=\"40\" rows=\"10\" maxlength=\"2000\" class=\"wpcf7-form-control wpcf7-textarea wpcf7-validates-as-required\" aria-required=\"true\" aria-invalid=\"false\" placeholder=\"Comment pouvons-nous vous aider ? N&#039;h\u00e9sitez pas \u00e0 nous contacter !\" name=\"your-message\"><\/textarea><\/span><\/span>\n\t\t\t<\/p>\n\t\t<\/div>\n\t<\/div>\n<div class=\"wpcf7-turnstile cf-turnstile\" data-sitekey=\"0x4AAAAAAB0XAVz92lw7mzFA\" data-response-field-name=\"_wpcf7_turnstile_response\"><\/div>\n\t<p><span class=\"wpcf7-form-control-wrap\" data-name=\"acceptance\"><span class=\"wpcf7-form-control wpcf7-acceptance\"><span class=\"wpcf7-list-item\"><label><input type=\"checkbox\" name=\"acceptance\" value=\"1\" aria-invalid=\"false\" \/><span class=\"wpcf7-list-item-label\">Je suis d&#039;accord, mes donn\u00e9es sont <a href=\"\/fr\/privacy-policy\/\">collect\u00e9s et stock\u00e9s<\/a>.<\/span><\/label><\/span><\/span><\/span><br \/>\n<input class=\"wpcf7-form-control wpcf7-submit has-spinner\" type=\"submit\" value=\"Nous contacter\" \/>\n\t<\/p>\n<\/div><input type='hidden' class='wpcf7-pum' value='{\"closepopup\":false,\"closedelay\":0,\"openpopup\":false,\"openpopup_id\":0}' \/><div class=\"wpcf7-response-output\" aria-hidden=\"true\"><\/div>\n<input type=\"hidden\" name=\"trp-form-language\" value=\"fr\"\/><\/form>\n<\/div>\n<\/div>\n<h3 data-start=\"120\" data-end=\"168\"><strong data-start=\"124\" data-end=\"166\">Plaque lamin\u00e9e \u00e0 chaud (plaques en acier au carbone)<\/strong><\/h3>\n<h4 data-start=\"169\" data-end=\"186\"><strong data-start=\"169\" data-end=\"186\">Mat\u00e9riau principal<\/strong><\/h4>\n<ul data-start=\"188\" data-end=\"267\">\n<li data-start=\"188\" data-end=\"219\">\n<p data-start=\"190\" data-end=\"219\"><strong data-start=\"190\" data-end=\"204\">Substrat:<\/strong> Acier au carbone<\/p>\n<\/li>\n<li data-start=\"220\" data-end=\"267\">\n<p data-start=\"222\" data-end=\"267\"><strong data-start=\"222\" data-end=\"237\">Type de plaque:<\/strong> Plaque en acier au carbone lamin\u00e9e \u00e0 chaud<\/p>\n<\/li>\n<\/ul>\n<h4 data-start=\"269\" data-end=\"284\"><strong data-start=\"269\" data-end=\"284\">Propri\u00e9t\u00e9s:<\/strong><\/h4>\n<ul data-start=\"286\" data-end=\"588\">\n<li data-start=\"286\" data-end=\"399\">\n<p data-start=\"288\" data-end=\"399\" class=\"translation-block\"><strong data-start=\"288\" data-end=\"301\">R\u00e9sistance:<\/strong> Les plaques lamin\u00e9es \u00e0 chaud sont reconnues pour leur solidit\u00e9, adapt\u00e9es aux applications structurelles.<\/p>\n<\/li>\n<li data-start=\"400\" data-end=\"504\">\n<p data-start=\"402\" data-end=\"504\" class=\"translation-block\"><strong data-start=\"402\" data-end=\"428\">Proc\u00e9d\u00e9 de fabrication:<\/strong> Plus simple \u00e0 produire que les plaques lamin\u00e9es \u00e0 froid, avec des co\u00fbts de production inf\u00e9rieurs.<\/p>\n<\/li>\n<li data-start=\"505\" data-end=\"588\">\n<p data-start=\"507\" data-end=\"588\" class=\"translation-block\"><strong data-start=\"507\" data-end=\"518\">Finition:<\/strong> Surface g\u00e9n\u00e9ralement rugueuse, avec une apparence \u00e9cailleuse due au processus de refroidissement.<\/p>\n<\/li>\n<\/ul>\n<h4 data-start=\"590\" data-end=\"615\"><strong data-start=\"590\" data-end=\"615\">Processus de fabrication<\/strong><\/h4>\n<ol data-start=\"617\" data-end=\"1089\">\n<li data-start=\"617\" data-end=\"704\">\n<p data-start=\"620\" data-end=\"704\" class=\"translation-block\"><strong data-start=\"620\" data-end=\"632\">Chauffage:<\/strong> L\u2019acier est chauff\u00e9 \u00e0 une temp\u00e9rature sup\u00e9rieure \u00e0 son point de recristallisation.<\/p>\n<\/li>\n<li data-start=\"705\" data-end=\"807\">\n<p data-start=\"708\" data-end=\"807\" class=\"translation-block\"><strong data-start=\"708\" data-end=\"720\">Laminage:<\/strong> L\u2019acier chauff\u00e9 passe entre des cylindres pour obtenir l\u2019\u00e9paisseur et la forme souhait\u00e9es.<\/p>\n<\/li>\n<li data-start=\"808\" data-end=\"895\">\n<p data-start=\"811\" data-end=\"895\" class=\"translation-block\"><strong data-start=\"811\" data-end=\"823\">Refroidissement:<\/strong> La plaque est refroidie \u00e0 l\u2019air libre ou par trempe \u00e0 l\u2019eau.<\/p>\n<\/li>\n<li data-start=\"896\" data-end=\"978\">\n<p data-start=\"899\" data-end=\"978\" class=\"translation-block\"><strong data-start=\"899\" data-end=\"911\">D\u00e9coupe:<\/strong> Apr\u00e8s refroidissement, la plaque est d\u00e9coup\u00e9e selon les dimensions requises.<\/p>\n<\/li>\n<li data-start=\"979\" data-end=\"1089\">\n<p data-start=\"982\" data-end=\"1089\" class=\"translation-block\"><strong data-start=\"982\" data-end=\"996\">Finition:<\/strong> Les bords peuvent \u00eatre \u00e9bavur\u00e9s, et certaines plaques peuvent subir des traitements de surface pour am\u00e9liorer la finition.<\/p>\n<\/li>\n<\/ol>\n<h4 data-start=\"1647\" data-end=\"1673\"><strong data-start=\"1647\" data-end=\"1673\"><br \/>\nSp\u00e9cifications typiques<\/strong><\/h4>\n<ul data-start=\"1675\" data-end=\"1853\">\n<li data-start=\"1675\" data-end=\"1741\">\n<p data-start=\"1677\" data-end=\"1741\" class=\"translation-block\"><strong data-start=\"1677\" data-end=\"1691\">\u00c9paisseur:<\/strong> 3,0 \u2013 100 mm (selon la qualit\u00e9 et l\u2019application)<\/p>\n<\/li>\n<li data-start=\"1742\" data-end=\"1786\">\n<p data-start=\"1744\" data-end=\"1786\" class=\"translation-block\"><strong data-start=\"1744\" data-end=\"1754\">Largeur:<\/strong> 1000 \u2013 2500 mm (gamme standard)<\/p>\n<\/li>\n<li data-start=\"1787\" data-end=\"1853\">\n<p data-start=\"1789\" data-end=\"1853\" class=\"translation-block\"><strong data-start=\"1789\" data-end=\"1800\">Longueur:<\/strong> Jusqu\u2019\u00e0 12 m\u00e8tres (selon les besoins du client)<\/p>\n<\/li>\n<li class=\"translation-block\"><strong data-start=\"1789\" data-end=\"1800\">Grade:<\/strong> ST37 \u2013 ST44<\/li>\n<\/ul>\n<h4 data-start=\"1855\" data-end=\"1869\"><strong data-start=\"1855\" data-end=\"1869\">Avantages<\/strong><\/h4>\n<ul data-start=\"1871\" data-end=\"2198\">\n<li data-start=\"1871\" data-end=\"1947\">\n<p data-start=\"1873\" data-end=\"1947\" class=\"translation-block\"><strong data-start=\"1873\" data-end=\"1892\">\u00c9conomique:<\/strong> Co\u00fbts de production plus bas par rapport aux plaques lamin\u00e9es \u00e0 froid.<\/p>\n<\/li>\n<li data-start=\"1948\" data-end=\"2013\">\n<p data-start=\"1950\" data-end=\"2013\" class=\"translation-block\"><strong data-start=\"1950\" data-end=\"1963\">R\u00e9sistance:<\/strong> Haute r\u00e9sistance adapt\u00e9e aux applications structurelles.<\/p>\n<\/li>\n<li data-start=\"2014\" data-end=\"2096\">\n<p data-start=\"2016\" data-end=\"2096\" class=\"translation-block\"><strong data-start=\"2016\" data-end=\"2032\">Polyvalence:<\/strong> Largement utilis\u00e9e dans divers secteurs gr\u00e2ce \u00e0 sa fiabilit\u00e9.<\/p>\n<\/li>\n<li data-start=\"2097\" data-end=\"2198\">\n<p data-start=\"2099\" data-end=\"2198\" class=\"translation-block\"><strong data-start=\"2099\" data-end=\"2114\">Durabilit\u00e9:<\/strong> R\u00e9sistante \u00e0 l\u2019usure, notamment dans les environnements \u00e0 fort impact et \u00e0 fortes contraintes.<\/p>\n<\/li>\n<\/ul>\n<h4 data-start=\"2200\" data-end=\"2216\"><strong data-start=\"2200\" data-end=\"2216\">Applications<\/strong><\/h4>\n<ul data-start=\"2218\" data-end=\"2540\">\n<li data-start=\"2218\" data-end=\"2301\">\n<p data-start=\"2220\" data-end=\"2301\" class=\"translation-block\"><strong data-start=\"2220\" data-end=\"2237\">Construction:<\/strong> Ponts, navires, b\u00e2timents commerciaux, infrastructures municipales.<\/p>\n<\/li>\n<li data-start=\"2302\" data-end=\"2371\">\n<p data-start=\"2304\" data-end=\"2371\" class=\"translation-block\"><strong data-start=\"2304\" data-end=\"2331\">G\u00e9nie civil et structurel:<\/strong> Supports, fixations, poutres et colonnes.<\/p>\n<\/li>\n<li data-start=\"2372\" data-end=\"2466\">\n<p data-start=\"2374\" data-end=\"2466\" class=\"translation-block\"><strong data-start=\"2374\" data-end=\"2392\">Fabrication:<\/strong>Machines lourdes, r\u00e9servoirs sous pression, cuves et structures industrielles.<\/p>\n<\/li>\n<li data-start=\"2467\" data-end=\"2540\">\n<p data-start=\"2469\" data-end=\"2540\" class=\"translation-block\"><strong data-start=\"2469\" data-end=\"2498\">Automobile et transport:<\/strong> Ch\u00e2ssis de v\u00e9hicules, panneaux de carrosserie, cadres.<\/p>\n<\/li>\n<\/ul>\n<h4><strong>Pourquoi choisir ERAD Steel ?<\/strong><\/h4>\n<ul>\n<li>Qualit\u00e9 fiable et structure en acier robuste.<\/li>\n<li>Livraison rapide et service client professionnel.<\/li>\n<li>Fiabilit\u00e9 reconnue par des clients \u00e0 travers l\u2019Afrique, l\u2019Union europ\u00e9enne et la r\u00e9gion MENA.<\/li>\n<\/ul>\n<h4><strong>\ud83d\udcf2 Int\u00e9ress\u00e9(e) par notre <\/strong><strong data-start=\"260\" data-end=\"325\">Plaque Lamin\u00e9e \u00e0 Chaud<\/strong><strong>?<\/strong><\/h4>\n<p>Discutez directement avec notre \u00e9quipe pour les prix et les d\u00e9tails :<\/p>\n<div class=\"sc_item_button sc_button_wrap\"><a class=\"sc_button sc_button_default sc_button_size_normal sc_button_icon_left\" href=\"#quote\"><span class=\"sc_button_text\"><span class=\"sc_button_title\">Obtenez un devis rapide<\/span><\/span><\/a><\/div>","protected":false},"excerpt":{"rendered":"<p><strong>Plaque Lamin\u00e9e \u00e0 Chaud<\/strong><br \/>\nLes plaques en acier au carbone peuvent \u00eatre divis\u00e9es en plaques en acier au carbone lamin\u00e9es \u00e0 froid et plaques en acier au carbone lamin\u00e9es \u00e0 chaud selon le proc\u00e9d\u00e9 de fabrication.\nLes t\u00f4les lamin\u00e9es \u00e0 chaud sont plus faciles \u00e0 produire que les t\u00f4les lamin\u00e9es \u00e0 froid et leur co\u00fbt est plus bas.<br \/>\nL\u2019exp\u00e9rience internationale montre que les t\u00f4les lamin\u00e9es \u00e0 chaud conviennent parfaitement \u00e0 la fabrication d\u2019acier.<br \/>\nLes plaques en acier au carbone lamin\u00e9es \u00e0 chaud sont largement utilis\u00e9es dans les projets de construction, y compris les ponts, les navires, ainsi que divers b\u00e2timents commerciaux et municipaux.<br \/>\nGr\u00e2ce \u00e0 la r\u00e9sistance offerte par l\u2019acier au carbone, les plaques peuvent \u00eatre utilis\u00e9es pour fabriquer divers supports et fixations faisant partie de la conception structurelle globale.<\/p>\n<div class=\"elementor-element elementor-element-b057435 sc_fly_static elementor-widget elementor-widget-trx_sc_button trx_addons_parallax_layers_inited trx_addons_parallax_blocks_inited\" data-id=\"b057435\" data-element_type=\"widget\" data-widget_type=\"trx_sc_button.default\">\n<div class=\"elementor-widget-container\">\n<div class=\"sc_item_button sc_button_wrap\"><a class=\"sc_button sc_button_default sc_button_size_normal sc_button_icon_left\" href=\"#quote\"><span class=\"sc_button_text\"><span class=\"sc_button_title\">Demander un devis<\/span><\/span><\/a><\/div>\n<\/div>\n<\/div>","protected":false},"featured_media":8532,"template":"","meta":[],"product_brand":[],"product_cat":[187],"product_tag":[],"class_list":{"0":"post-8531","1":"product","2":"type-product","3":"status-publish","4":"has-post-thumbnail","6":"product_cat-steel-sheets-plates","7":"en-US","9":"first","10":"instock","11":"shipping-taxable","12":"product-type-simple"},"_links":{"self":[{"href":"https:\/\/eradsteel.com\/fr\/wp-json\/wp\/v2\/product\/8531","targetHints":{"allow":["GET"]}}],"collection":[{"href":"https:\/\/eradsteel.com\/fr\/wp-json\/wp\/v2\/product"}],"about":[{"href":"https:\/\/eradsteel.com\/fr\/wp-json\/wp\/v2\/types\/product"}],"wp:featuredmedia":[{"embeddable":true,"href":"https:\/\/eradsteel.com\/fr\/wp-json\/wp\/v2\/media\/8532"}],"wp:attachment":[{"href":"https:\/\/eradsteel.com\/fr\/wp-json\/wp\/v2\/media?parent=8531"}],"wp:term":[{"taxonomy":"product_brand","embeddable":true,"href":"https:\/\/eradsteel.com\/fr\/wp-json\/wp\/v2\/product_brand?post=8531"},{"taxonomy":"product_cat","embeddable":true,"href":"https:\/\/eradsteel.com\/fr\/wp-json\/wp\/v2\/product_cat?post=8531"},{"taxonomy":"product_tag","embeddable":true,"href":"https:\/\/eradsteel.com\/fr\/wp-json\/wp\/v2\/product_tag?post=8531"}],"curies":[{"name":"wp","href":"https:\/\/api.w.org\/{rel}","templated":true}]}}