{"id":8529,"date":"2025-11-17T05:56:36","date_gmt":"2025-11-17T05:56:36","guid":{"rendered":"https:\/\/eradsteel.com\/?post_type=product&#038;p=8529"},"modified":"2025-11-19T13:21:55","modified_gmt":"2025-11-19T13:21:55","slug":"galvanized-steel-coil","status":"publish","type":"product","link":"https:\/\/eradsteel.com\/fr\/produit\/galvanized-steel-coil\/","title":{"rendered":"Bobine d&#039;acier galvanis\u00e9"},"content":{"rendered":"<div style=\"display: none;\">\n<div class=\"wpcf7 no-js\" id=\"wpcf7-f232-o1\" lang=\"en-US\" dir=\"ltr\" data-wpcf7-id=\"232\">\n<div class=\"screen-reader-response\"><p role=\"status\" aria-live=\"polite\" aria-atomic=\"true\"><\/p> <ul><\/ul><\/div>\n<form action=\"\/fr\/wp-json\/wp\/v2\/product\/8529#wpcf7-f232-o1\" method=\"post\" class=\"wpcf7-form init\" aria-label=\"Formulaire de contact\" novalidate=\"novalidate\" data-status=\"init\" data-trp-original-action=\"\/fr\/wp-json\/wp\/v2\/product\/8529#wpcf7-f232-o1\">\n<fieldset class=\"hidden-fields-container\"><input type=\"hidden\" name=\"_wpcf7\" value=\"232\" \/><input type=\"hidden\" name=\"_wpcf7_version\" value=\"6.1.1\" \/><input type=\"hidden\" name=\"_wpcf7_locale\" value=\"en_US\" \/><input type=\"hidden\" name=\"_wpcf7_unit_tag\" value=\"wpcf7-f232-o1\" \/><input type=\"hidden\" name=\"_wpcf7_container_post\" value=\"0\" \/><input type=\"hidden\" name=\"_wpcf7_posted_data_hash\" value=\"\" \/>\n<\/fieldset>\n<div class=\"form-style-3\">\n\t<div class=\"columns_wrap\">\n\t\t<div class=\"column-1_2\">\n\t\t\t<p><span class=\"style-line icon-name\"><span class=\"wpcf7-form-control-wrap\" data-name=\"your-name\"><input size=\"40\" maxlength=\"400\" class=\"wpcf7-form-control wpcf7-text wpcf7-validates-as-required\" aria-required=\"true\" aria-invalid=\"false\" placeholder=\"Nom\" value=\"\" type=\"text\" name=\"your-name\" \/><\/span><\/span>\n\t\t\t<\/p>\n\t\t<\/div>\n\t\t<div class=\"column-1_2\">\n\t\t\t<p><span class=\"style-line icon-email\"><span class=\"wpcf7-form-control-wrap\" data-name=\"your-email\"><input size=\"40\" maxlength=\"400\" class=\"wpcf7-form-control wpcf7-email wpcf7-validates-as-required wpcf7-text wpcf7-validates-as-email\" aria-required=\"true\" aria-invalid=\"false\" placeholder=\"Adresse email\" value=\"\" type=\"email\" name=\"your-email\" \/><\/span><\/span>\n\t\t\t<\/p>\n\t\t<\/div>\n\t<\/div>\n\t<div class=\"columns_wrap\">\n\t\t<div class=\"column-1_2\">\n\t\t\t<p><span class=\"style-line icon-phone\"><span class=\"wpcf7-form-control-wrap\" data-name=\"phone\"><input size=\"40\" maxlength=\"400\" class=\"wpcf7-form-control wpcf7-tel wpcf7-validates-as-required wpcf7-text wpcf7-validates-as-tel\" aria-required=\"true\" aria-invalid=\"false\" placeholder=\"T\u00e9l\u00e9phone\" value=\"\" type=\"tel\" name=\"phone\" \/><\/span><\/span>\n\t\t\t<\/p>\n\t\t<\/div>\n\t\t<div class=\"column-1_2\">\n\t\t\t<p><span class=\"style-line icon-subject\"><span class=\"wpcf7-form-control-wrap\" data-name=\"subject\"><input size=\"40\" maxlength=\"400\" class=\"wpcf7-form-control wpcf7-text wpcf7-validates-as-required\" aria-required=\"true\" aria-invalid=\"false\" placeholder=\"Sujet\" value=\"\" type=\"text\" name=\"subject\" \/><\/span><\/span>\n\t\t\t<\/p>\n\t\t<\/div>\n\t<\/div>\n\t<div class=\"columns_wrap margin-bottom\">\n\t\t<div class=\"column-1_1\">\n\t\t\t<p><span class=\"style-line icon-textarea\"><span class=\"wpcf7-form-control-wrap\" data-name=\"your-message\"><textarea cols=\"40\" rows=\"10\" maxlength=\"2000\" class=\"wpcf7-form-control wpcf7-textarea wpcf7-validates-as-required\" aria-required=\"true\" aria-invalid=\"false\" placeholder=\"Comment pouvons-nous vous aider ? N&#039;h\u00e9sitez pas \u00e0 nous contacter !\" name=\"your-message\"><\/textarea><\/span><\/span>\n\t\t\t<\/p>\n\t\t<\/div>\n\t<\/div>\n<div class=\"wpcf7-turnstile cf-turnstile\" data-sitekey=\"0x4AAAAAAB0XAVz92lw7mzFA\" data-response-field-name=\"_wpcf7_turnstile_response\"><\/div>\n\t<p><span class=\"wpcf7-form-control-wrap\" data-name=\"acceptance\"><span class=\"wpcf7-form-control wpcf7-acceptance\"><span class=\"wpcf7-list-item\"><label><input type=\"checkbox\" name=\"acceptance\" value=\"1\" aria-invalid=\"false\" \/><span class=\"wpcf7-list-item-label\">Je suis d&#039;accord, mes donn\u00e9es sont <a href=\"\/fr\/privacy-policy\/\">collect\u00e9s et stock\u00e9s<\/a>.<\/span><\/label><\/span><\/span><\/span><br \/>\n<input class=\"wpcf7-form-control wpcf7-submit has-spinner\" type=\"submit\" value=\"Nous contacter\" \/>\n\t<\/p>\n<\/div><input type='hidden' class='wpcf7-pum' value='{\"closepopup\":false,\"closedelay\":0,\"openpopup\":false,\"openpopup_id\":0}' \/><div class=\"wpcf7-response-output\" aria-hidden=\"true\"><\/div>\n<input type=\"hidden\" name=\"trp-form-language\" value=\"fr\"\/><\/form>\n<\/div>\n<\/div>\n<h1 data-start=\"268\" data-end=\"296\"><strong data-start=\"270\" data-end=\"296\">Bobines d&#039;acier galvanis\u00e9<\/strong><\/h1>\n<p data-start=\"298\" data-end=\"728\"><strong data-start=\"298\" data-end=\"324\">Bobines d&#039;acier galvanis\u00e9<\/strong> Il s&#039;agit de t\u00f4les d&#039;acier au carbone de haute qualit\u00e9, rev\u00eatues d&#039;une couche protectrice de zinc par galvanisation \u00e0 chaud. Apr\u00e8s une pr\u00e9paration de surface compl\u00e8te, l&#039;acier est immerg\u00e9 dans un bain de zinc fondu, ce qui garantit une excellente adh\u00e9rence et un rev\u00eatement uniforme. Cette protection au zinc accro\u00eet consid\u00e9rablement la r\u00e9sistance \u00e0 la corrosion, rendant les bobines id\u00e9ales pour une utilisation durable dans des environnements exigeants.<\/p>\n<p data-start=\"730\" data-end=\"1041\">Ces bobines passent par trois \u00e9tapes principales :<strong data-start=\"768\" data-end=\"826\">pr\u00e9paration de surface, galvanisation et inspection finale<\/strong>\u2014 pour garantir durabilit\u00e9, robustesse et aspect haut de gamme. Les bobines d&#039;acier galvanis\u00e9 sont largement utilis\u00e9es dans les secteurs de la construction, de la fabrication, de l&#039;automobile et de l&#039;agriculture en raison de leur longue dur\u00e9e de vie et de leur fiabilit\u00e9.<\/p>\n<h4 data-start=\"899\" data-end=\"943\"><strong data-start=\"899\" data-end=\"941\">Sp\u00e9cifications des bobines d&#039;acier galvanis\u00e9<\/strong><\/h4>\n<div class=\"_tableContainer_16hzy_1\">\n<table class=\"w-fit min-w-(--thread-content-width)\" data-start=\"944\" data-end=\"1580\">\n<thead data-start=\"944\" data-end=\"980\">\n<tr data-start=\"944\" data-end=\"980\">\n<th data-start=\"944\" data-end=\"969\" data-col-size=\"sm\">Sp\u00e9cification<\/th>\n<th data-start=\"969\" data-end=\"980\" data-col-size=\"md\">D\u00e9tails<\/th>\n<\/tr>\n<\/thead>\n<tbody data-start=\"1018\" data-end=\"1580\">\n<tr data-start=\"1018\" data-end=\"1067\">\n<td data-start=\"1018\" data-end=\"1043\" data-col-size=\"sm\">\u00c9paisseur du produit<\/td>\n<td data-col-size=\"md\" data-start=\"1043\" data-end=\"1067\">0,25 mm \u00e0 4,0 mm<\/td>\n<\/tr>\n<tr data-start=\"1068\" data-end=\"1114\">\n<td data-start=\"1068\" data-end=\"1093\" data-col-size=\"sm\">Largeur de la bobine<\/td>\n<td data-col-size=\"md\" data-start=\"1093\" data-end=\"1114\">600 mm \u00e0 1500 mm<\/td>\n<\/tr>\n<tr data-start=\"1115\" data-end=\"1159\">\n<td data-start=\"1115\" data-end=\"1140\" data-col-size=\"sm\">Diam\u00e8tre int\u00e9rieur bobine<\/td>\n<td data-col-size=\"md\" data-start=\"1140\" data-end=\"1159\">508 mm \/ 610 mm<\/td>\n<\/tr>\n<tr data-start=\"1160\" data-end=\"1241\">\n<td data-start=\"1160\" data-end=\"1185\" data-col-size=\"sm\">Qualit\u00e9 de l\u2019acier<\/td>\n<td data-col-size=\"md\" data-start=\"1185\" data-end=\"1241\">DX51D, DX52D, DX53D ou selon les besoins du client<\/td>\n<\/tr>\n<tr data-start=\"1242\" data-end=\"1282\">\n<td data-start=\"1242\" data-end=\"1267\" data-col-size=\"sm\">Poids du rev\u00eatement zinc<\/td>\n<td data-col-size=\"md\" data-start=\"1267\" data-end=\"1282\">40\u2013275 g\/m\u00b2<\/td>\n<\/tr>\n<tr data-start=\"1283\" data-end=\"1359\">\n<td data-start=\"1283\" data-end=\"1308\" data-col-size=\"sm\">Finition de surface<\/td>\n<td data-start=\"1308\" data-end=\"1359\" data-col-size=\"md\">Aspect fleuri, sans fleurage, ou finition personnalis\u00e9e<\/td>\n<\/tr>\n<tr data-start=\"1360\" data-end=\"1426\">\n<td data-start=\"1360\" data-end=\"1385\" data-col-size=\"sm\">Rev\u00eatements disponibles<\/td>\n<td data-col-size=\"md\" data-start=\"1385\" data-end=\"1426\">Chromat\u00e9s, huil\u00e9s, ou anti-empreintes<\/td>\n<\/tr>\n<tr data-start=\"1427\" data-end=\"1520\">\n<td data-start=\"1427\" data-end=\"1452\" data-col-size=\"sm\">Emballage<\/td>\n<td data-col-size=\"md\" data-start=\"1452\" data-end=\"1520\">Emballage standard d\u2019exportation avec cerclage en acier et protection des bords<\/td>\n<\/tr>\n<tr data-start=\"1521\" data-end=\"1580\">\n<td data-start=\"1521\" data-end=\"1546\" data-col-size=\"sm\">Normes<\/td>\n<td data-col-size=\"md\" data-start=\"1546\" data-end=\"1580\">ASTM, JIS, EN ou selon sp\u00e9cifications<\/td>\n<\/tr>\n<\/tbody>\n<\/table>\n<h4 class=\"_tableWrapper_16hzy_14 group flex w-fit flex-col-reverse\" tabindex=\"-1\"><strong style=\"font-size: 1rem; letter-spacing: 0px;\" data-start=\"1582\" data-end=\"1603\"><br \/>\n<\/strong><strong>Pr\u00e9sentation du produit :<\/strong><\/h4>\n<\/div>\n<ul data-start=\"1606\" data-end=\"1945\">\n<li data-start=\"1606\" data-end=\"1690\">\n<p data-start=\"1608\" data-end=\"1690\"><strong data-start=\"1608\" data-end=\"1622\">Mat\u00e9riel:<\/strong> Acier au carbone de haute qualit\u00e9 rev\u00eatu de zinc par galvanisation \u00e0 chaud.<\/p>\n<\/li>\n<li data-start=\"1691\" data-end=\"1759\">\n<p data-start=\"1693\" data-end=\"1759\" class=\"translation-block\"><strong data-start=\"1693\" data-end=\"1711\">Rev\u00eatement:<\/strong> 40\u2013275 g\/m\u00b2 pour une r\u00e9sistance optimale \u00e0 la corrosion.<\/p>\n<\/li>\n<li data-start=\"1760\" data-end=\"1859\">\n<p data-start=\"1762\" data-end=\"1859\" class=\"translation-block\"><strong data-start=\"1762\" data-end=\"1782\">Options de surface:<\/strong> Aspect fleuri ou sans fleurage, avec finition chromate ou anti-empreinte.<\/p>\n<\/li>\n<li data-start=\"1860\" data-end=\"1945\">\n<p data-start=\"1862\" data-end=\"1945\" class=\"translation-block\"><strong data-start=\"1862\" data-end=\"1879\">Applications:<\/strong> Toitures, bardages, gaines, ossatures, structures ext\u00e9rieures.<\/p>\n<\/li>\n<\/ul>\n<h4 data-start=\"1947\" data-end=\"1966\"><strong data-start=\"1947\" data-end=\"1964\">Points forts :<\/strong><\/h4>\n<ul data-start=\"1967\" data-end=\"2277\">\n<li data-start=\"1967\" data-end=\"2028\">\n<p data-start=\"1969\" data-end=\"2028\">R\u00e9sistance exceptionnelle \u00e0 la corrosion dans divers environnements.<\/p>\n<\/li>\n<li data-start=\"2029\" data-end=\"2090\">\n<p data-start=\"2031\" data-end=\"2090\">Adh\u00e9rence optimale entre le rev\u00eatement de zinc et le substrat en acier.<\/p>\n<\/li>\n<li data-start=\"2091\" data-end=\"2138\">\n<p data-start=\"2093\" data-end=\"2138\">Dur\u00e9e de vie prolong\u00e9e avec un entretien minimal.<\/p>\n<\/li>\n<li data-start=\"2139\" data-end=\"2211\">\n<p data-start=\"2141\" data-end=\"2211\">Finition lisse et esth\u00e9tique adapt\u00e9e aux applications visibles.<\/p>\n<\/li>\n<li data-start=\"2139\" data-end=\"2211\">Plusieurs qualit\u00e9s, rev\u00eatements et finitions disponibles.<\/li>\n<\/ul>\n<h4 data-start=\"2279\" data-end=\"2298\"><strong data-start=\"2279\" data-end=\"2296\">Applications :<\/strong><\/h4>\n<ul data-start=\"2299\" data-end=\"2507\">\n<li data-start=\"2299\" data-end=\"2356\">\n<p data-start=\"2301\" data-end=\"2356\">Construction et b\u00e2timent (toitures, bardages, pannes).<\/p>\n<\/li>\n<li data-start=\"2357\" data-end=\"2394\">\n<p data-start=\"2359\" data-end=\"2394\">Pi\u00e8ces automobiles et panneaux de carrosserie.<\/p>\n<\/li>\n<li data-start=\"2395\" data-end=\"2428\">\n<p data-start=\"2397\" data-end=\"2428\">Bo\u00eetiers d\u2019\u00e9quipements \u00e9lectriques.<\/p>\n<\/li>\n<li data-start=\"2429\" data-end=\"2466\">\n<p data-start=\"2431\" data-end=\"2466\">Stockage agricole et cl\u00f4tures.<\/p>\n<\/li>\n<li data-start=\"2467\" data-end=\"2507\">\n<p data-start=\"2469\" data-end=\"2507\">Fabrication industrielle et gaines de ventilation.<\/p>\n<\/li>\n<\/ul>\n<h4 data-start=\"2509\" data-end=\"2532\"><strong data-start=\"2509\" data-end=\"2530\">Options disponibles :<\/strong><\/h4>\n<ul data-start=\"2533\" data-end=\"2677\">\n<li data-start=\"2533\" data-end=\"2572\">\n<p data-start=\"2535\" data-end=\"2572\">Dimensions et poids de bobines personnalis\u00e9s.<\/p>\n<\/li>\n<li data-start=\"2573\" data-end=\"2620\">\n<p data-start=\"2575\" data-end=\"2620\">Rev\u00eatement color\u00e9 galvanis\u00e9 (PPGI) sur demande.<\/p>\n<\/li>\n<li data-start=\"2621\" data-end=\"2677\">\n<p data-start=\"2623\" data-end=\"2677\">Services de refendage, d\u00e9coupe \u00e0 longueur et \u00e9bavurage des bords.<\/p>\n<\/li>\n<\/ul>\n<h4><strong>Pourquoi choisir ERAD Steel ?<\/strong><\/h4>\n<ul>\n<li>Qualit\u00e9 fiable et structure en acier robuste.<\/li>\n<li>Livraison rapide et service client professionnel.<\/li>\n<li>Fiabilit\u00e9 reconnue par des clients \u00e0 travers l\u2019Afrique, l\u2019Union europ\u00e9enne et la r\u00e9gion MENA.<\/li>\n<\/ul>\n<h4><strong>\ud83d\udcf2 Int\u00e9ress\u00e9(e) par notre <\/strong><strong data-start=\"270\" data-end=\"296\">Bobines d&#039;acier galvanis\u00e9 <\/strong><strong>?<\/strong><\/h4>\n<p>Discutez directement avec notre \u00e9quipe pour les prix et les d\u00e9tails :<\/p>\n<div class=\"sc_item_button sc_button_wrap\"><a class=\"sc_button sc_button_default sc_button_size_normal sc_button_icon_left\" href=\"#quote\"><span class=\"sc_button_text\"><span class=\"sc_button_title\">Obtenez un devis rapide<\/span><\/span><\/a><\/div>","protected":false},"excerpt":{"rendered":"<p><strong>Bobine d&#039;acier galvanis\u00e9<\/strong><br \/>\nLa galvanisation des bobines d&#039;acier est un proc\u00e9d\u00e9 qui consiste \u00e0 rev\u00eatir l&#039;acier fabriqu\u00e9 en l&#039;immergeant dans un bain de zinc fondu.<br \/>\nCe processus comprend trois \u00e9tapes fondamentales : la pr\u00e9paration de surface, la galvanisation et l\u2019inspection.<\/p>\n<div class=\"elementor-element elementor-element-b057435 sc_fly_static elementor-widget elementor-widget-trx_sc_button trx_addons_parallax_layers_inited trx_addons_parallax_blocks_inited\" data-id=\"b057435\" data-element_type=\"widget\" data-widget_type=\"trx_sc_button.default\">\n<div class=\"elementor-widget-container\">\n<div class=\"sc_item_button sc_button_wrap\"><a class=\"sc_button sc_button_default sc_button_size_normal sc_button_icon_left\" href=\"#quote\"><span class=\"sc_button_text\"><span class=\"sc_button_title\">Demander un devis<\/span><\/span><\/a><\/div>\n<\/div>\n<\/div>","protected":false},"featured_media":9367,"template":"","meta":[],"product_brand":[],"product_cat":[185],"product_tag":[],"class_list":{"0":"post-8529","1":"product","2":"type-product","3":"status-publish","4":"has-post-thumbnail","6":"product_cat-steel-coils","7":"en-US","9":"first","10":"instock","11":"shipping-taxable","12":"product-type-simple"},"_links":{"self":[{"href":"https:\/\/eradsteel.com\/fr\/wp-json\/wp\/v2\/product\/8529","targetHints":{"allow":["GET"]}}],"collection":[{"href":"https:\/\/eradsteel.com\/fr\/wp-json\/wp\/v2\/product"}],"about":[{"href":"https:\/\/eradsteel.com\/fr\/wp-json\/wp\/v2\/types\/product"}],"wp:featuredmedia":[{"embeddable":true,"href":"https:\/\/eradsteel.com\/fr\/wp-json\/wp\/v2\/media\/9367"}],"wp:attachment":[{"href":"https:\/\/eradsteel.com\/fr\/wp-json\/wp\/v2\/media?parent=8529"}],"wp:term":[{"taxonomy":"product_brand","embeddable":true,"href":"https:\/\/eradsteel.com\/fr\/wp-json\/wp\/v2\/product_brand?post=8529"},{"taxonomy":"product_cat","embeddable":true,"href":"https:\/\/eradsteel.com\/fr\/wp-json\/wp\/v2\/product_cat?post=8529"},{"taxonomy":"product_tag","embeddable":true,"href":"https:\/\/eradsteel.com\/fr\/wp-json\/wp\/v2\/product_tag?post=8529"}],"curies":[{"name":"wp","href":"https:\/\/api.w.org\/{rel}","templated":true}]}}