{"id":8527,"date":"2025-08-26T05:51:33","date_gmt":"2025-08-26T05:51:33","guid":{"rendered":"https:\/\/eradsteel.com\/?post_type=product&#038;p=8527"},"modified":"2025-11-20T08:31:29","modified_gmt":"2025-11-20T08:31:29","slug":"cold-rolled-coils","status":"publish","type":"product","link":"https:\/\/eradsteel.com\/fr\/produit\/cold-rolled-coils\/","title":{"rendered":"Bobines lamin\u00e9es \u00e0 froid"},"content":{"rendered":"<div style=\"display: none;\">\n<div class=\"wpcf7 no-js\" id=\"wpcf7-f232-o1\" lang=\"en-US\" dir=\"ltr\" data-wpcf7-id=\"232\">\n<div class=\"screen-reader-response\"><p role=\"status\" aria-live=\"polite\" aria-atomic=\"true\"><\/p> <ul><\/ul><\/div>\n<form action=\"\/fr\/wp-json\/wp\/v2\/product\/8527#wpcf7-f232-o1\" method=\"post\" class=\"wpcf7-form init\" aria-label=\"Formulaire de contact\" novalidate=\"novalidate\" data-status=\"init\" data-trp-original-action=\"\/fr\/wp-json\/wp\/v2\/product\/8527#wpcf7-f232-o1\">\n<fieldset class=\"hidden-fields-container\"><input type=\"hidden\" name=\"_wpcf7\" value=\"232\" \/><input type=\"hidden\" name=\"_wpcf7_version\" value=\"6.1.1\" \/><input type=\"hidden\" name=\"_wpcf7_locale\" value=\"en_US\" \/><input type=\"hidden\" name=\"_wpcf7_unit_tag\" value=\"wpcf7-f232-o1\" \/><input type=\"hidden\" name=\"_wpcf7_container_post\" value=\"0\" \/><input type=\"hidden\" name=\"_wpcf7_posted_data_hash\" value=\"\" \/>\n<\/fieldset>\n<div class=\"form-style-3\">\n\t<div class=\"columns_wrap\">\n\t\t<div class=\"column-1_2\">\n\t\t\t<p><span class=\"style-line icon-name\"><span class=\"wpcf7-form-control-wrap\" data-name=\"your-name\"><input size=\"40\" maxlength=\"400\" class=\"wpcf7-form-control wpcf7-text wpcf7-validates-as-required\" aria-required=\"true\" aria-invalid=\"false\" placeholder=\"Nom\" value=\"\" type=\"text\" name=\"your-name\" \/><\/span><\/span>\n\t\t\t<\/p>\n\t\t<\/div>\n\t\t<div class=\"column-1_2\">\n\t\t\t<p><span class=\"style-line icon-email\"><span class=\"wpcf7-form-control-wrap\" data-name=\"your-email\"><input size=\"40\" maxlength=\"400\" class=\"wpcf7-form-control wpcf7-email wpcf7-validates-as-required wpcf7-text wpcf7-validates-as-email\" aria-required=\"true\" aria-invalid=\"false\" placeholder=\"Adresse email\" value=\"\" type=\"email\" name=\"your-email\" \/><\/span><\/span>\n\t\t\t<\/p>\n\t\t<\/div>\n\t<\/div>\n\t<div class=\"columns_wrap\">\n\t\t<div class=\"column-1_2\">\n\t\t\t<p><span class=\"style-line icon-phone\"><span class=\"wpcf7-form-control-wrap\" data-name=\"phone\"><input size=\"40\" maxlength=\"400\" class=\"wpcf7-form-control wpcf7-tel wpcf7-validates-as-required wpcf7-text wpcf7-validates-as-tel\" aria-required=\"true\" aria-invalid=\"false\" placeholder=\"T\u00e9l\u00e9phone\" value=\"\" type=\"tel\" name=\"phone\" \/><\/span><\/span>\n\t\t\t<\/p>\n\t\t<\/div>\n\t\t<div class=\"column-1_2\">\n\t\t\t<p><span class=\"style-line icon-subject\"><span class=\"wpcf7-form-control-wrap\" data-name=\"subject\"><input size=\"40\" maxlength=\"400\" class=\"wpcf7-form-control wpcf7-text wpcf7-validates-as-required\" aria-required=\"true\" aria-invalid=\"false\" placeholder=\"Sujet\" value=\"\" type=\"text\" name=\"subject\" \/><\/span><\/span>\n\t\t\t<\/p>\n\t\t<\/div>\n\t<\/div>\n\t<div class=\"columns_wrap margin-bottom\">\n\t\t<div class=\"column-1_1\">\n\t\t\t<p><span class=\"style-line icon-textarea\"><span class=\"wpcf7-form-control-wrap\" data-name=\"your-message\"><textarea cols=\"40\" rows=\"10\" maxlength=\"2000\" class=\"wpcf7-form-control wpcf7-textarea wpcf7-validates-as-required\" aria-required=\"true\" aria-invalid=\"false\" placeholder=\"Comment pouvons-nous vous aider ? N&#039;h\u00e9sitez pas \u00e0 nous contacter !\" name=\"your-message\"><\/textarea><\/span><\/span>\n\t\t\t<\/p>\n\t\t<\/div>\n\t<\/div>\n<div class=\"wpcf7-turnstile cf-turnstile\" data-sitekey=\"0x4AAAAAAB0XAVz92lw7mzFA\" data-response-field-name=\"_wpcf7_turnstile_response\"><\/div>\n\t<p><span class=\"wpcf7-form-control-wrap\" data-name=\"acceptance\"><span class=\"wpcf7-form-control wpcf7-acceptance\"><span class=\"wpcf7-list-item\"><label><input type=\"checkbox\" name=\"acceptance\" value=\"1\" aria-invalid=\"false\" \/><span class=\"wpcf7-list-item-label\">Je suis d&#039;accord, mes donn\u00e9es sont <a href=\"\/fr\/privacy-policy\/\">collect\u00e9s et stock\u00e9s<\/a>.<\/span><\/label><\/span><\/span><\/span><br \/>\n<input class=\"wpcf7-form-control wpcf7-submit has-spinner\" type=\"submit\" value=\"Nous contacter\" \/>\n\t<\/p>\n<\/div><input type='hidden' class='wpcf7-pum' value='{\"closepopup\":false,\"closedelay\":0,\"openpopup\":false,\"openpopup_id\":0}' \/><div class=\"wpcf7-response-output\" aria-hidden=\"true\"><\/div>\n<input type=\"hidden\" name=\"trp-form-language\" value=\"fr\"\/><\/form>\n<\/div>\n<\/div>\n<h3 data-start=\"165\" data-end=\"187\"><strong>Bobines lamin\u00e9es \u00e0 froid<\/strong><\/h3>\n<p data-start=\"189\" data-end=\"548\"><strong data-start=\"189\" data-end=\"226\">Les bobines lamin\u00e9es \u00e0 froid d\u2019Erad Steel<\/strong> Il s&#039;agit d&#039;acier de haute qualit\u00e9 ayant subi un laminage \u00e0 froid suppl\u00e9mentaire apr\u00e8s le laminage \u00e0 chaud. Ce proc\u00e9d\u00e9 r\u00e9duit l&#039;\u00e9paisseur de l&#039;acier et lui permet de refroidir naturellement \u00e0 temp\u00e9rature ambiante, ce qui donne un produit pr\u00e9sentant un \u00e9tat de surface exceptionnel, une r\u00e9sistance \u00e0 la traction \u00e9lev\u00e9e et des tol\u00e9rances dimensionnelles pr\u00e9cises.<\/p>\n<p data-start=\"550\" data-end=\"838\">Les bobines lamin\u00e9es \u00e0 froid sont id\u00e9ales pour les applications n\u00e9cessitant une excellente formabilit\u00e9, une grande r\u00e9sistance et une surface lisse adapt\u00e9e aux proc\u00e9d\u00e9s de finition ult\u00e9rieurs tels que la peinture, le rev\u00eatement ou la galvanisation. Elles sont largement utilis\u00e9es dans les secteurs de la fabrication, de la construction, de l\u2019automobile et de la production d\u2019appareils \u00e9lectrom\u00e9nagers.<\/p>\n<h4 data-start=\"845\" data-end=\"882\"><strong>Sp\u00e9cifications des bobines lamin\u00e9es \u00e0 froid<\/strong><\/h4>\n<div class=\"_tableContainer_16hzy_1\">\n<div class=\"_tableWrapper_16hzy_14 group flex w-fit flex-col-reverse\" tabindex=\"-1\">\n<table class=\"w-fit min-w-(--thread-content-width)\" data-start=\"884\" data-end=\"1518\">\n<thead data-start=\"884\" data-end=\"926\">\n<tr data-start=\"884\" data-end=\"926\">\n<th data-start=\"884\" data-end=\"911\" data-col-size=\"sm\"><strong data-start=\"886\" data-end=\"903\">Sp\u00e9cification<\/strong><\/th>\n<th data-start=\"911\" data-end=\"926\" data-col-size=\"md\"><strong data-start=\"913\" data-end=\"924\">D\u00e9tails<\/strong><\/th>\n<\/tr>\n<\/thead>\n<tbody data-start=\"971\" data-end=\"1518\">\n<tr data-start=\"971\" data-end=\"1021\">\n<td data-start=\"971\" data-end=\"999\" data-col-size=\"sm\">\u00c9paisseur du produit<\/td>\n<td data-col-size=\"md\" data-start=\"999\" data-end=\"1021\">0,25 mm \u00e0 3 mm<\/td>\n<\/tr>\n<tr data-start=\"1022\" data-end=\"1071\">\n<td data-start=\"1022\" data-end=\"1050\" data-col-size=\"sm\">Largeur de la bobine<\/td>\n<td data-col-size=\"md\" data-start=\"1050\" data-end=\"1071\">600 mm \u00e0 1500 mm<\/td>\n<\/tr>\n<tr data-start=\"1072\" data-end=\"1119\">\n<td data-start=\"1072\" data-end=\"1100\" data-col-size=\"sm\">Diam\u00e8tre int\u00e9rieur bobine<\/td>\n<td data-col-size=\"md\" data-start=\"1100\" data-end=\"1119\">508 mm \/ 610 mm<\/td>\n<\/tr>\n<tr data-start=\"1120\" data-end=\"1201\">\n<td data-start=\"1120\" data-end=\"1148\" data-col-size=\"sm\">Qualit\u00e9 de l\u2019acier<\/td>\n<td data-col-size=\"md\" data-start=\"1148\" data-end=\"1201\">SPCC, SPCD, SPCE, ou selon les besoins du client<\/td>\n<\/tr>\n<tr data-start=\"1202\" data-end=\"1245\">\n<td data-start=\"1202\" data-end=\"1230\" data-col-size=\"sm\">R\u00e9sistance \u00e0 la traction<\/td>\n<td data-start=\"1230\" data-end=\"1245\" data-col-size=\"md\">270\u2013410 MPa<\/td>\n<\/tr>\n<tr data-start=\"1246\" data-end=\"1309\">\n<td data-start=\"1246\" data-end=\"1274\" data-col-size=\"sm\">Finition de surface<\/td>\n<td data-start=\"1274\" data-end=\"1309\" data-col-size=\"md\">Brillante, mate, ou finition personnalis\u00e9e<\/td>\n<\/tr>\n<tr data-start=\"1310\" data-end=\"1358\">\n<td data-start=\"1310\" data-end=\"1338\" data-col-size=\"sm\">Rev\u00eatements disponibles<\/td>\n<td data-col-size=\"md\" data-start=\"1338\" data-end=\"1358\">Huil\u00e9 ou non huil\u00e9<\/td>\n<\/tr>\n<tr data-start=\"1359\" data-end=\"1455\">\n<td data-start=\"1359\" data-end=\"1387\" data-col-size=\"sm\">Emballage<\/td>\n<td data-col-size=\"md\" data-start=\"1387\" data-end=\"1455\">Emballage standard d\u2019exportation avec cerclage en acier et protection des bords<\/td>\n<\/tr>\n<tr data-start=\"1456\" data-end=\"1518\">\n<td data-start=\"1456\" data-end=\"1484\" data-col-size=\"sm\">Normes<\/td>\n<td data-col-size=\"md\" data-start=\"1484\" data-end=\"1518\">ASTM, JIS, EN ou selon sp\u00e9cifications<\/td>\n<\/tr>\n<\/tbody>\n<\/table>\n<h4 data-start=\"1894\" data-end=\"1911\"><strong>Pr\u00e9sentation du produit :<\/strong><\/h4>\n<\/div>\n<\/div>\n<ul data-start=\"1547\" data-end=\"1887\">\n<li data-start=\"1547\" data-end=\"1624\">\n<p data-start=\"1549\" data-end=\"1624\" class=\"translation-block\"><strong data-start=\"1549\" data-end=\"1563\">Mat\u00e9riaux:<\/strong> Acier au carbone de qualit\u00e9 sup\u00e9rieure, trait\u00e9 par laminage \u00e0 froid.<\/p>\n<\/li>\n<li data-start=\"1625\" data-end=\"1666\">\n<p data-start=\"1627\" data-end=\"1666\" class=\"translation-block\"><strong data-start=\"1627\" data-end=\"1647\">Plage d\u2019\u00e9paisseur:<\/strong>0,25 mm \u00e0 3 mm.<\/p>\n<\/li>\n<li data-start=\"1667\" data-end=\"1706\">\n<p data-start=\"1669\" data-end=\"1706\" class=\"translation-block\"><strong data-start=\"1669\" data-end=\"1685\">Plage de largeur:<\/strong>600 mm \u00e0 1500 mm.<\/p>\n<\/li>\n<li data-start=\"1707\" data-end=\"1798\">\n<p data-start=\"1709\" data-end=\"1798\" class=\"translation-block\"><strong data-start=\"1709\" data-end=\"1726\">Applications:<\/strong>Adapt\u00e9 \u00e0 l\u2019emboutissage profond, au pliage et aux op\u00e9rations de formage de pr\u00e9cision.<\/p>\n<\/li>\n<li data-start=\"1799\" data-end=\"1887\">\n<p data-start=\"1801\" data-end=\"1887\" class=\"translation-block\"><strong data-start=\"1801\" data-end=\"1821\">Options de surface:<\/strong> Brillante ou mate, avec huilage optionnel pour la protection contre la corrosion.<\/p>\n<\/li>\n<\/ul>\n<h4 data-start=\"1894\" data-end=\"1911\"><strong>Points forts :<\/strong><\/h4>\n<ul data-start=\"1912\" data-end=\"2228\">\n<li data-start=\"1912\" data-end=\"1959\">\n<p data-start=\"1914\" data-end=\"1959\">Pr\u00e9cision dimensionnelle et plan\u00e9it\u00e9 sup\u00e9rieures.<\/p>\n<\/li>\n<li data-start=\"1960\" data-end=\"2048\">\n<p data-start=\"1962\" data-end=\"2048\">R\u00e9sistance \u00e9lev\u00e9e \u00e0 la traction avec faible flexibilit\u00e9, id\u00e9ale pour un usage structurel et industriel.<\/p>\n<\/li>\n<li data-start=\"2049\" data-end=\"2109\">\n<p data-start=\"2051\" data-end=\"2109\">Finition de surface lisse adapt\u00e9e \u00e0 la peinture et au rev\u00eatement.<\/p>\n<\/li>\n<li data-start=\"2110\" data-end=\"2163\">\n<p data-start=\"2112\" data-end=\"2163\">Propri\u00e9t\u00e9s m\u00e9caniques constantes sur l\u2019ensemble de la bobine.<\/p>\n<\/li>\n<li data-start=\"2164\" data-end=\"2228\">\n<p data-start=\"2166\" data-end=\"2228\">Disponible en plusieurs qualit\u00e9s pour r\u00e9pondre aux besoins sp\u00e9cifiques de l\u2019industrie.<\/p>\n<\/li>\n<\/ul>\n<h4 data-start=\"2235\" data-end=\"2252\"><strong>Applications :<\/strong><\/h4>\n<ul data-start=\"2253\" data-end=\"2453\">\n<li data-start=\"2253\" data-end=\"2290\">\n<p data-start=\"2255\" data-end=\"2290\">Panneaux et pi\u00e8ces de carrosserie automobile.<\/p>\n<\/li>\n<li data-start=\"2291\" data-end=\"2329\">\n<p data-start=\"2293\" data-end=\"2329\">Appareils \u00e9lectriques et bo\u00eetiers.<\/p>\n<\/li>\n<li data-start=\"2330\" data-end=\"2365\">\n<p data-start=\"2332\" data-end=\"2365\">Mobilier et syst\u00e8mes d\u2019\u00e9tag\u00e8res.<\/p>\n<\/li>\n<li data-start=\"2366\" data-end=\"2401\">\n<p data-start=\"2368\" data-end=\"2401\">Conteneurs m\u00e9talliques et emballages.<\/p>\n<\/li>\n<li data-start=\"2402\" data-end=\"2453\">\n<p data-start=\"2404\" data-end=\"2453\">Composants de construction et finitions int\u00e9rieures.<\/p>\n<\/li>\n<\/ul>\n<h4 data-start=\"2460\" data-end=\"2481\"><strong>Options disponibles :<\/strong><\/h4>\n<ul data-start=\"2482\" data-end=\"2613\">\n<li data-start=\"2482\" data-end=\"2517\">\n<p data-start=\"2484\" data-end=\"2517\">Largeurs et poids de bobines personnalis\u00e9s.<\/p>\n<\/li>\n<li data-start=\"2518\" data-end=\"2572\">\n<p data-start=\"2520\" data-end=\"2572\">Stratification par film de protection pour la surface.<\/p>\n<\/li>\n<li data-start=\"2573\" data-end=\"2613\">\n<p data-start=\"2575\" data-end=\"2613\">Services de d\u00e9coupe des bords et de refendage.<\/p>\n<\/li>\n<\/ul>\n<h4><strong>Pourquoi choisir ERAD Steel ?<\/strong><\/h4>\n<ul>\n<li>Qualit\u00e9 fiable et structure en acier robuste.<\/li>\n<li>Livraison rapide et service client professionnel.<\/li>\n<li>Fiabilit\u00e9 reconnue par des clients \u00e0 travers l\u2019Afrique, l\u2019Union europ\u00e9enne et la r\u00e9gion MENA.<\/li>\n<\/ul>\n<h4><strong>\ud83d\udcf2 Int\u00e9ress\u00e9(e) par notre <\/strong><strong data-start=\"270\" data-end=\"296\">Bobines lamin\u00e9es \u00e0 froid<\/strong> <strong>?<\/strong><\/h4>\n<p>Discutez directement avec notre \u00e9quipe pour les prix et les d\u00e9tails :<\/p>\n<div class=\"sc_item_button sc_button_wrap\"><a class=\"sc_button sc_button_default sc_button_size_normal sc_button_icon_left\" href=\"#quote\"><span class=\"sc_button_text\"><span class=\"sc_button_title\">Obtenez un devis rapide<\/span><\/span><\/a><\/div>","protected":false},"excerpt":{"rendered":"<p><strong>Acier lamin\u00e9 \u00e0 froid,<\/strong>Les bobines sont essentiellement des t\u00f4les d&#039;acier lamin\u00e9es \u00e0 chaud qui subissent un traitement suppl\u00e9mentaire appel\u00e9 laminage \u00e0 froid. Ce proc\u00e9d\u00e9 consiste \u00e0 r\u00e9duire l&#039;\u00e9paisseur de la bobine d&#039;acier et \u00e0 la laisser refroidir \u00e0 temp\u00e9rature ambiante.<br \/>\nLes propri\u00e9t\u00e9s de ce produit incluent une faible flexibilit\u00e9 et une r\u00e9sistance \u00e9lev\u00e9e \u00e0 la traction.<\/p>\n<div class=\"elementor-element elementor-element-b057435 sc_fly_static elementor-widget elementor-widget-trx_sc_button trx_addons_parallax_layers_inited trx_addons_parallax_blocks_inited\" data-id=\"b057435\" data-element_type=\"widget\" data-widget_type=\"trx_sc_button.default\">\n<div class=\"elementor-widget-container\">\n<div class=\"sc_item_button sc_button_wrap\"><a class=\"sc_button sc_button_default sc_button_size_normal sc_button_icon_left\" href=\"#quote\"><span class=\"sc_button_text\"><span class=\"sc_button_title\">Demander un devis<\/span><\/span><\/a><\/div>\n<\/div>\n<\/div>","protected":false},"featured_media":9343,"template":"","meta":[],"product_brand":[],"product_cat":[185],"product_tag":[],"class_list":{"0":"post-8527","1":"product","2":"type-product","3":"status-publish","4":"has-post-thumbnail","6":"product_cat-steel-coils","7":"en-US","9":"first","10":"instock","11":"shipping-taxable","12":"product-type-simple"},"_links":{"self":[{"href":"https:\/\/eradsteel.com\/fr\/wp-json\/wp\/v2\/product\/8527","targetHints":{"allow":["GET"]}}],"collection":[{"href":"https:\/\/eradsteel.com\/fr\/wp-json\/wp\/v2\/product"}],"about":[{"href":"https:\/\/eradsteel.com\/fr\/wp-json\/wp\/v2\/types\/product"}],"wp:featuredmedia":[{"embeddable":true,"href":"https:\/\/eradsteel.com\/fr\/wp-json\/wp\/v2\/media\/9343"}],"wp:attachment":[{"href":"https:\/\/eradsteel.com\/fr\/wp-json\/wp\/v2\/media?parent=8527"}],"wp:term":[{"taxonomy":"product_brand","embeddable":true,"href":"https:\/\/eradsteel.com\/fr\/wp-json\/wp\/v2\/product_brand?post=8527"},{"taxonomy":"product_cat","embeddable":true,"href":"https:\/\/eradsteel.com\/fr\/wp-json\/wp\/v2\/product_cat?post=8527"},{"taxonomy":"product_tag","embeddable":true,"href":"https:\/\/eradsteel.com\/fr\/wp-json\/wp\/v2\/product_tag?post=8527"}],"curies":[{"name":"wp","href":"https:\/\/api.w.org\/{rel}","templated":true}]}}