{"id":8525,"date":"2025-08-26T05:47:50","date_gmt":"2025-08-26T05:47:50","guid":{"rendered":"https:\/\/eradsteel.com\/?post_type=product&#038;p=8525"},"modified":"2025-12-05T20:29:38","modified_gmt":"2025-12-05T20:29:38","slug":"hot-rolled-coils","status":"publish","type":"product","link":"https:\/\/eradsteel.com\/fr\/produit\/hot-rolled-coils\/","title":{"rendered":"Bobines lamin\u00e9es \u00e0 chaud"},"content":{"rendered":"<div style=\"display: none;\">\n<div class=\"wpcf7 no-js\" id=\"wpcf7-f232-o1\" lang=\"en-US\" dir=\"ltr\" data-wpcf7-id=\"232\">\n<div class=\"screen-reader-response\"><p role=\"status\" aria-live=\"polite\" aria-atomic=\"true\"><\/p> <ul><\/ul><\/div>\n<form action=\"\/fr\/wp-json\/wp\/v2\/product\/8525#wpcf7-f232-o1\" method=\"post\" class=\"wpcf7-form init\" aria-label=\"Formulaire de contact\" novalidate=\"novalidate\" data-status=\"init\" data-trp-original-action=\"\/fr\/wp-json\/wp\/v2\/product\/8525#wpcf7-f232-o1\">\n<fieldset class=\"hidden-fields-container\"><input type=\"hidden\" name=\"_wpcf7\" value=\"232\" \/><input type=\"hidden\" name=\"_wpcf7_version\" value=\"6.1.1\" \/><input type=\"hidden\" name=\"_wpcf7_locale\" value=\"en_US\" \/><input type=\"hidden\" name=\"_wpcf7_unit_tag\" value=\"wpcf7-f232-o1\" \/><input type=\"hidden\" name=\"_wpcf7_container_post\" value=\"0\" \/><input type=\"hidden\" name=\"_wpcf7_posted_data_hash\" value=\"\" \/>\n<\/fieldset>\n<div class=\"form-style-3\">\n\t<div class=\"columns_wrap\">\n\t\t<div class=\"column-1_2\">\n\t\t\t<p><span class=\"style-line icon-name\"><span class=\"wpcf7-form-control-wrap\" data-name=\"your-name\"><input size=\"40\" maxlength=\"400\" class=\"wpcf7-form-control wpcf7-text wpcf7-validates-as-required\" aria-required=\"true\" aria-invalid=\"false\" placeholder=\"Nom\" value=\"\" type=\"text\" name=\"your-name\" \/><\/span><\/span>\n\t\t\t<\/p>\n\t\t<\/div>\n\t\t<div class=\"column-1_2\">\n\t\t\t<p><span class=\"style-line icon-email\"><span class=\"wpcf7-form-control-wrap\" data-name=\"your-email\"><input size=\"40\" maxlength=\"400\" class=\"wpcf7-form-control wpcf7-email wpcf7-validates-as-required wpcf7-text wpcf7-validates-as-email\" aria-required=\"true\" aria-invalid=\"false\" placeholder=\"Adresse email\" value=\"\" type=\"email\" name=\"your-email\" \/><\/span><\/span>\n\t\t\t<\/p>\n\t\t<\/div>\n\t<\/div>\n\t<div class=\"columns_wrap\">\n\t\t<div class=\"column-1_2\">\n\t\t\t<p><span class=\"style-line icon-phone\"><span class=\"wpcf7-form-control-wrap\" data-name=\"phone\"><input size=\"40\" maxlength=\"400\" class=\"wpcf7-form-control wpcf7-tel wpcf7-validates-as-required wpcf7-text wpcf7-validates-as-tel\" aria-required=\"true\" aria-invalid=\"false\" placeholder=\"T\u00e9l\u00e9phone\" value=\"\" type=\"tel\" name=\"phone\" \/><\/span><\/span>\n\t\t\t<\/p>\n\t\t<\/div>\n\t\t<div class=\"column-1_2\">\n\t\t\t<p><span class=\"style-line icon-subject\"><span class=\"wpcf7-form-control-wrap\" data-name=\"subject\"><input size=\"40\" maxlength=\"400\" class=\"wpcf7-form-control wpcf7-text wpcf7-validates-as-required\" aria-required=\"true\" aria-invalid=\"false\" placeholder=\"Sujet\" value=\"\" type=\"text\" name=\"subject\" \/><\/span><\/span>\n\t\t\t<\/p>\n\t\t<\/div>\n\t<\/div>\n\t<div class=\"columns_wrap margin-bottom\">\n\t\t<div class=\"column-1_1\">\n\t\t\t<p><span class=\"style-line icon-textarea\"><span class=\"wpcf7-form-control-wrap\" data-name=\"your-message\"><textarea cols=\"40\" rows=\"10\" maxlength=\"2000\" class=\"wpcf7-form-control wpcf7-textarea wpcf7-validates-as-required\" aria-required=\"true\" aria-invalid=\"false\" placeholder=\"Comment pouvons-nous vous aider ? N&#039;h\u00e9sitez pas \u00e0 nous contacter !\" name=\"your-message\"><\/textarea><\/span><\/span>\n\t\t\t<\/p>\n\t\t<\/div>\n\t<\/div>\n<div class=\"wpcf7-turnstile cf-turnstile\" data-sitekey=\"0x4AAAAAAB0XAVz92lw7mzFA\" data-response-field-name=\"_wpcf7_turnstile_response\"><\/div>\n\t<p><span class=\"wpcf7-form-control-wrap\" data-name=\"acceptance\"><span class=\"wpcf7-form-control wpcf7-acceptance\"><span class=\"wpcf7-list-item\"><label><input type=\"checkbox\" name=\"acceptance\" value=\"1\" aria-invalid=\"false\" \/><span class=\"wpcf7-list-item-label\">Je suis d&#039;accord, mes donn\u00e9es sont <a href=\"\/fr\/privacy-policy\/\">collect\u00e9s et stock\u00e9s<\/a>.<\/span><\/label><\/span><\/span><\/span><br \/>\n<input class=\"wpcf7-form-control wpcf7-submit has-spinner\" type=\"submit\" value=\"Nous contacter\" \/>\n\t<\/p>\n<\/div><input type='hidden' class='wpcf7-pum' value='{\"closepopup\":false,\"closedelay\":0,\"openpopup\":false,\"openpopup_id\":0}' \/><div class=\"wpcf7-response-output\" aria-hidden=\"true\"><\/div>\n<input type=\"hidden\" name=\"trp-form-language\" value=\"fr\"\/><\/form>\n<\/div>\n<\/div>\n<h2 data-start=\"182\" data-end=\"205\"><strong data-start=\"185\" data-end=\"205\">Bobines lamin\u00e9es \u00e0 chaud<\/strong><\/h2>\n<p data-start=\"534\" data-end=\"872\"><strong>Bobines lamin\u00e9es \u00e0 chaud d&#039;Erad Steel <\/strong>Reconnus pour leur formabilit\u00e9, leur soudabilit\u00e9 et leur r\u00e9sistance exceptionnelles, les aciers sont un mat\u00e9riau de choix pour les composants structuraux, la fabrication et les projets de construction. Ils servent de mati\u00e8re premi\u00e8re \u00e0 de nombreux produits sid\u00e9rurgiques transform\u00e9s, tels que les bobines lamin\u00e9es \u00e0 froid, les t\u00f4les galvanis\u00e9es et les profil\u00e9s d&#039;acier de construction.<\/p>\n<h3 data-start=\"1542\" data-end=\"1566\"><strong data-start=\"1546\" data-end=\"1566\">Pr\u00e9sentation du produit<\/strong><\/h3>\n<ul data-start=\"1567\" data-end=\"1802\">\n<li data-start=\"1567\" data-end=\"1641\">\n<p data-start=\"1569\" data-end=\"1641\" class=\"translation-block\"><strong data-start=\"1569\" data-end=\"1581\">Mat\u00e9riau<\/strong>:Acier doux, acier alli\u00e9 ou aciers de construction.<\/p>\n<\/li>\n<li data-start=\"1642\" data-end=\"1720\">\n<p data-start=\"1644\" data-end=\"1720\" class=\"translation-block\"><strong data-start=\"1644\" data-end=\"1666\">Proc\u00e9d\u00e9 de production<\/strong>: Laminage \u00e0 chaud au-dessus de 927 \u00b0C (1 700 \u00b0F).<\/p>\n<\/li>\n<li data-start=\"1721\" data-end=\"1802\">\n<p data-start=\"1723\" data-end=\"1802\"><strong data-start=\"1723\" data-end=\"1741\">Options personnalis\u00e9es<\/strong>La largeur, l&#039;\u00e9paisseur et le poids de la bobine peuvent \u00eatre adapt\u00e9s \u00e0 vos besoins sp\u00e9cifiques.<\/p>\n<\/li>\n<\/ul>\n<h3 data-start=\"879\" data-end=\"917\"><strong data-start=\"883\" data-end=\"917\">Sp\u00e9cifications des bobines lamin\u00e9es \u00e0 chaud<\/strong><\/h3>\n<div class=\"_tableContainer_16hzy_1\">\n<div class=\"_tableWrapper_16hzy_14 group flex w-fit flex-col-reverse\" tabindex=\"-1\">\n<table class=\"w-fit min-w-(--thread-content-width)\" style=\"height: 476px;\" width=\"511\" data-start=\"919\" data-end=\"1535\">\n<thead data-start=\"919\" data-end=\"960\">\n<tr data-start=\"919\" data-end=\"960\">\n<th data-start=\"919\" data-end=\"945\" data-col-size=\"sm\"><strong data-start=\"921\" data-end=\"938\">Sp\u00e9cification<\/strong><\/th>\n<th data-start=\"945\" data-end=\"960\" data-col-size=\"md\"><strong data-start=\"947\" data-end=\"958\">D\u00e9tails<\/strong><\/th>\n<\/tr>\n<\/thead>\n<tbody data-start=\"1004\" data-end=\"1535\">\n<tr data-start=\"1004\" data-end=\"1060\">\n<td data-start=\"1004\" data-end=\"1031\" data-col-size=\"sm\">\u00c9paisseur du produit<\/td>\n<td data-col-size=\"md\" data-start=\"1031\" data-end=\"1060\">Typiquement de 1,2 mm \u00e0 25 mm<\/td>\n<\/tr>\n<tr data-start=\"1061\" data-end=\"1110\">\n<td data-start=\"1061\" data-end=\"1088\" data-col-size=\"sm\">Largeur du produit<\/td>\n<td data-col-size=\"md\" data-start=\"1088\" data-end=\"1110\">600 mm \u00e0 2 000 mm<\/td>\n<\/tr>\n<tr data-start=\"1111\" data-end=\"1162\">\n<td data-start=\"1111\" data-end=\"1138\" data-col-size=\"sm\">Poids de la bobine<\/td>\n<td data-col-size=\"md\" data-start=\"1138\" data-end=\"1162\">Jusqu\u2019\u00e0 25 tonnes m\u00e9triques<\/td>\n<\/tr>\n<tr data-start=\"1163\" data-end=\"1237\">\n<td data-start=\"1163\" data-end=\"1190\" data-col-size=\"sm\">Qualit\u00e9 de l\u2019acier<\/td>\n<td data-col-size=\"md\" data-start=\"1190\" data-end=\"1237\">Qualit\u00e9s courantes : S235JR, S275JR<\/td>\n<\/tr>\n<tr data-start=\"1238\" data-end=\"1295\">\n<td data-start=\"1238\" data-end=\"1265\" data-col-size=\"sm\">\u00c9tat de surface<\/td>\n<td data-col-size=\"md\" data-start=\"1265\" data-end=\"1295\">Finition brute, avec calamine<\/td>\n<\/tr>\n<tr data-start=\"1296\" data-end=\"1360\">\n<td data-start=\"1296\" data-end=\"1323\" data-col-size=\"sm\">Normes<\/td>\n<td data-col-size=\"md\" data-start=\"1323\" data-end=\"1360\">Selon normes EN, ASTM ou JIS<\/td>\n<\/tr>\n<tr data-start=\"1361\" data-end=\"1417\">\n<td data-start=\"1361\" data-end=\"1388\" data-col-size=\"sm\">\u00c9tat des bords<\/td>\n<td data-col-size=\"md\" data-start=\"1388\" data-end=\"1417\">Bords bruts ou cisaill\u00e9s<\/td>\n<\/tr>\n<tr data-start=\"1418\" data-end=\"1473\">\n<td data-start=\"1418\" data-end=\"1445\" data-col-size=\"sm\">Formes disponibles<\/td>\n<td data-col-size=\"md\" data-start=\"1445\" data-end=\"1473\">Bobines, t\u00f4les ou plaques<\/td>\n<\/tr>\n<tr data-start=\"1474\" data-end=\"1535\">\n<td data-start=\"1474\" data-end=\"1501\" data-col-size=\"sm\">\u00c9tat de livraison<\/td>\n<td data-col-size=\"md\" data-start=\"1501\" data-end=\"1535\">Lamin\u00e9 brut ou d\u00e9cap\u00e9 et huil\u00e9<\/td>\n<\/tr>\n<\/tbody>\n<\/table>\n<\/div>\n<\/div>\n<h3 data-start=\"1809\" data-end=\"1829\"><strong data-start=\"1813\" data-end=\"1829\">Points forts<\/strong><\/h3>\n<ul data-start=\"1830\" data-end=\"2036\">\n<li data-start=\"1830\" data-end=\"1860\">\n<p data-start=\"1832\" data-end=\"1860\">Grande r\u00e9sistance et durabilit\u00e9.<\/p>\n<\/li>\n<li data-start=\"1861\" data-end=\"1897\">\n<p data-start=\"1863\" data-end=\"1897\">Bonne soudabilit\u00e9 et usinabilit\u00e9.<\/p>\n<\/li>\n<li data-start=\"1898\" data-end=\"1944\">\n<p data-start=\"1900\" data-end=\"1944\">Solution \u00e9conomique pour la production \u00e0 grande \u00e9chelle.<\/p>\n<\/li>\n<li data-start=\"1945\" data-end=\"1987\">\n<p data-start=\"1947\" data-end=\"1987\">Large gamme de dimensions et de nuances disponibles.<\/p>\n<\/li>\n<li data-start=\"1988\" data-end=\"2036\">\n<p data-start=\"1990\" data-end=\"2036\">Mati\u00e8re premi\u00e8re pour le laminage \u00e0 froid et la galvanisation.<\/p>\n<\/li>\n<\/ul>\n<h3 data-start=\"2043\" data-end=\"2063\"><strong data-start=\"2047\" data-end=\"2063\">Applications<\/strong><\/h3>\n<ul data-start=\"2064\" data-end=\"2284\">\n<li data-start=\"2064\" data-end=\"2104\">\n<p data-start=\"2066\" data-end=\"2104\">Poutres, profil\u00e9s en U et corni\u00e8res structurelles.<\/p>\n<\/li>\n<li data-start=\"2105\" data-end=\"2134\">\n<p data-start=\"2107\" data-end=\"2134\">Ch\u00e2ssis et pi\u00e8ces automobiles.<\/p>\n<\/li>\n<li data-start=\"2135\" data-end=\"2173\">\n<p data-start=\"2137\" data-end=\"2173\">Construction navale et ponts.<\/p>\n<\/li>\n<li data-start=\"2174\" data-end=\"2215\">\n<p data-start=\"2176\" data-end=\"2215\">Fabrication g\u00e9n\u00e9rale et machines lourdes.<\/p>\n<\/li>\n<li data-start=\"2216\" data-end=\"2246\">\n<p data-start=\"2218\" data-end=\"2246\">R\u00e9servoirs de stockage et conteneurs.<\/p>\n<\/li>\n<li data-start=\"2247\" data-end=\"2284\">\n<p data-start=\"2249\" data-end=\"2284\">Base pour la production de bobines lamin\u00e9es \u00e0 froid.<\/p>\n<\/li>\n<\/ul>\n<h3 data-start=\"2291\" data-end=\"2315\"><strong data-start=\"2295\" data-end=\"2315\">Options disponibles<\/strong><\/h3>\n<ul data-start=\"2316\" data-end=\"2449\">\n<li data-start=\"2316\" data-end=\"2377\">\n<p data-start=\"2318\" data-end=\"2377\">Finition d\u00e9cap\u00e9e et huil\u00e9e (P&amp;O) pour une meilleure qualit\u00e9 de surface.<\/p>\n<\/li>\n<li data-start=\"2378\" data-end=\"2419\">\n<p data-start=\"2380\" data-end=\"2419\">Cisaillage des bords pour un contr\u00f4le pr\u00e9cis de la largeur.<\/p>\n<\/li>\n<li data-start=\"2420\" data-end=\"2449\">\n<p data-start=\"2422\" data-end=\"2449\">Emballage personnalis\u00e9 pour l\u2019exportation.<\/p>\n<\/li>\n<\/ul>\n<h4><strong>Pourquoi choisir ERAD Steel ?<\/strong><\/h4>\n<ul>\n<li>Qualit\u00e9 fiable et structure en acier robuste.<\/li>\n<li>Livraison rapide et service client professionnel.<\/li>\n<li>Fiabilit\u00e9 reconnue par des clients \u00e0 travers l\u2019Afrique, l\u2019Union europ\u00e9enne et la r\u00e9gion MENA.<\/li>\n<\/ul>\n<h4><strong>\ud83d\udcf2 Int\u00e9ress\u00e9(e) par notre <\/strong><strong data-start=\"260\" data-end=\"325\">Bobines lamin\u00e9es \u00e0 chaud <\/strong><strong>?<\/strong><\/h4>\n<p>Discutez directement avec notre \u00e9quipe pour les prix et les d\u00e9tails :<\/p>\n<div class=\"sc_item_button sc_button_wrap\"><a class=\"sc_button sc_button_default sc_button_size_normal sc_button_icon_left\" href=\"#quote\"><span class=\"sc_button_text\"><span class=\"sc_button_title\">Obtenez un devis rapide<\/span><\/span><\/a><\/div>","protected":false},"excerpt":{"rendered":"<p><strong>Bobines lamin\u00e9es \u00e0 chaud<\/strong><br \/>\nLes bobines lamin\u00e9es \u00e0 chaud sont un produit en acier polyvalent et durable, fabriqu\u00e9 par un processus de laminage \u00e0 haute temp\u00e9rature. L\u2019acier est chauff\u00e9 au-dessus de sa temp\u00e9rature de recristallisation puis lamin\u00e9 en bobines, ce qui le rend adapt\u00e9 \u00e0 un large \u00e9ventail d\u2019applications industrielles o\u00f9 la finition de surface n\u2019est pas le crit\u00e8re principal.<\/p>\n<div class=\"elementor-element elementor-element-b057435 sc_fly_static elementor-widget elementor-widget-trx_sc_button trx_addons_parallax_layers_inited trx_addons_parallax_blocks_inited\" data-id=\"b057435\" data-element_type=\"widget\" data-widget_type=\"trx_sc_button.default\">\n<div class=\"elementor-widget-container\">\n<div class=\"sc_item_button sc_button_wrap\"><a class=\"sc_button sc_button_default sc_button_size_normal sc_button_icon_left\" href=\"#quote\"><span class=\"sc_button_text\"><span class=\"sc_button_title\">Demander un devis<\/span><\/span><\/a><\/div>\n<\/div>\n<\/div>","protected":false},"featured_media":9358,"template":"","meta":[],"product_brand":[],"product_cat":[185],"product_tag":[],"class_list":{"0":"post-8525","1":"product","2":"type-product","3":"status-publish","4":"has-post-thumbnail","6":"product_cat-steel-coils","7":"en-US","9":"first","10":"instock","11":"shipping-taxable","12":"product-type-simple"},"_links":{"self":[{"href":"https:\/\/eradsteel.com\/fr\/wp-json\/wp\/v2\/product\/8525","targetHints":{"allow":["GET"]}}],"collection":[{"href":"https:\/\/eradsteel.com\/fr\/wp-json\/wp\/v2\/product"}],"about":[{"href":"https:\/\/eradsteel.com\/fr\/wp-json\/wp\/v2\/types\/product"}],"wp:featuredmedia":[{"embeddable":true,"href":"https:\/\/eradsteel.com\/fr\/wp-json\/wp\/v2\/media\/9358"}],"wp:attachment":[{"href":"https:\/\/eradsteel.com\/fr\/wp-json\/wp\/v2\/media?parent=8525"}],"wp:term":[{"taxonomy":"product_brand","embeddable":true,"href":"https:\/\/eradsteel.com\/fr\/wp-json\/wp\/v2\/product_brand?post=8525"},{"taxonomy":"product_cat","embeddable":true,"href":"https:\/\/eradsteel.com\/fr\/wp-json\/wp\/v2\/product_cat?post=8525"},{"taxonomy":"product_tag","embeddable":true,"href":"https:\/\/eradsteel.com\/fr\/wp-json\/wp\/v2\/product_tag?post=8525"}],"curies":[{"name":"wp","href":"https:\/\/api.w.org\/{rel}","templated":true}]}}