{"id":8523,"date":"2025-08-26T05:30:44","date_gmt":"2025-08-26T05:30:44","guid":{"rendered":"https:\/\/eradsteel.com\/?post_type=product&#038;p=8523"},"modified":"2025-11-19T13:12:27","modified_gmt":"2025-11-19T13:12:27","slug":"ppgi-coils","status":"publish","type":"product","link":"https:\/\/eradsteel.com\/fr\/produit\/ppgi-coils\/","title":{"rendered":"Bobines PPGI"},"content":{"rendered":"<div style=\"display: none;\">\n<div class=\"wpcf7 no-js\" id=\"wpcf7-f232-o1\" lang=\"en-US\" dir=\"ltr\" data-wpcf7-id=\"232\">\n<div class=\"screen-reader-response\"><p role=\"status\" aria-live=\"polite\" aria-atomic=\"true\"><\/p> <ul><\/ul><\/div>\n<form action=\"\/fr\/wp-json\/wp\/v2\/product\/8523#wpcf7-f232-o1\" method=\"post\" class=\"wpcf7-form init\" aria-label=\"Formulaire de contact\" novalidate=\"novalidate\" data-status=\"init\" data-trp-original-action=\"\/fr\/wp-json\/wp\/v2\/product\/8523#wpcf7-f232-o1\">\n<fieldset class=\"hidden-fields-container\"><input type=\"hidden\" name=\"_wpcf7\" value=\"232\" \/><input type=\"hidden\" name=\"_wpcf7_version\" value=\"6.1.1\" \/><input type=\"hidden\" name=\"_wpcf7_locale\" value=\"en_US\" \/><input type=\"hidden\" name=\"_wpcf7_unit_tag\" value=\"wpcf7-f232-o1\" \/><input type=\"hidden\" name=\"_wpcf7_container_post\" value=\"0\" \/><input type=\"hidden\" name=\"_wpcf7_posted_data_hash\" value=\"\" \/>\n<\/fieldset>\n<div class=\"form-style-3\">\n\t<div class=\"columns_wrap\">\n\t\t<div class=\"column-1_2\">\n\t\t\t<p><span class=\"style-line icon-name\"><span class=\"wpcf7-form-control-wrap\" data-name=\"your-name\"><input size=\"40\" maxlength=\"400\" class=\"wpcf7-form-control wpcf7-text wpcf7-validates-as-required\" aria-required=\"true\" aria-invalid=\"false\" placeholder=\"Nom\" value=\"\" type=\"text\" name=\"your-name\" \/><\/span><\/span>\n\t\t\t<\/p>\n\t\t<\/div>\n\t\t<div class=\"column-1_2\">\n\t\t\t<p><span class=\"style-line icon-email\"><span class=\"wpcf7-form-control-wrap\" data-name=\"your-email\"><input size=\"40\" maxlength=\"400\" class=\"wpcf7-form-control wpcf7-email wpcf7-validates-as-required wpcf7-text wpcf7-validates-as-email\" aria-required=\"true\" aria-invalid=\"false\" placeholder=\"Adresse email\" value=\"\" type=\"email\" name=\"your-email\" \/><\/span><\/span>\n\t\t\t<\/p>\n\t\t<\/div>\n\t<\/div>\n\t<div class=\"columns_wrap\">\n\t\t<div class=\"column-1_2\">\n\t\t\t<p><span class=\"style-line icon-phone\"><span class=\"wpcf7-form-control-wrap\" data-name=\"phone\"><input size=\"40\" maxlength=\"400\" class=\"wpcf7-form-control wpcf7-tel wpcf7-validates-as-required wpcf7-text wpcf7-validates-as-tel\" aria-required=\"true\" aria-invalid=\"false\" placeholder=\"T\u00e9l\u00e9phone\" value=\"\" type=\"tel\" name=\"phone\" \/><\/span><\/span>\n\t\t\t<\/p>\n\t\t<\/div>\n\t\t<div class=\"column-1_2\">\n\t\t\t<p><span class=\"style-line icon-subject\"><span class=\"wpcf7-form-control-wrap\" data-name=\"subject\"><input size=\"40\" maxlength=\"400\" class=\"wpcf7-form-control wpcf7-text wpcf7-validates-as-required\" aria-required=\"true\" aria-invalid=\"false\" placeholder=\"Sujet\" value=\"\" type=\"text\" name=\"subject\" \/><\/span><\/span>\n\t\t\t<\/p>\n\t\t<\/div>\n\t<\/div>\n\t<div class=\"columns_wrap margin-bottom\">\n\t\t<div class=\"column-1_1\">\n\t\t\t<p><span class=\"style-line icon-textarea\"><span class=\"wpcf7-form-control-wrap\" data-name=\"your-message\"><textarea cols=\"40\" rows=\"10\" maxlength=\"2000\" class=\"wpcf7-form-control wpcf7-textarea wpcf7-validates-as-required\" aria-required=\"true\" aria-invalid=\"false\" placeholder=\"Comment pouvons-nous vous aider ? N&#039;h\u00e9sitez pas \u00e0 nous contacter !\" name=\"your-message\"><\/textarea><\/span><\/span>\n\t\t\t<\/p>\n\t\t<\/div>\n\t<\/div>\n<div class=\"wpcf7-turnstile cf-turnstile\" data-sitekey=\"0x4AAAAAAB0XAVz92lw7mzFA\" data-response-field-name=\"_wpcf7_turnstile_response\"><\/div>\n\t<p><span class=\"wpcf7-form-control-wrap\" data-name=\"acceptance\"><span class=\"wpcf7-form-control wpcf7-acceptance\"><span class=\"wpcf7-list-item\"><label><input type=\"checkbox\" name=\"acceptance\" value=\"1\" aria-invalid=\"false\" \/><span class=\"wpcf7-list-item-label\">Je suis d&#039;accord, mes donn\u00e9es sont <a href=\"\/fr\/privacy-policy\/\">collect\u00e9s et stock\u00e9s<\/a>.<\/span><\/label><\/span><\/span><\/span><br \/>\n<input class=\"wpcf7-form-control wpcf7-submit has-spinner\" type=\"submit\" value=\"Nous contacter\" \/>\n\t<\/p>\n<\/div><input type='hidden' class='wpcf7-pum' value='{\"closepopup\":false,\"closedelay\":0,\"openpopup\":false,\"openpopup_id\":0}' \/><div class=\"wpcf7-response-output\" aria-hidden=\"true\"><\/div>\n<input type=\"hidden\" name=\"trp-form-language\" value=\"fr\"\/><\/form>\n<\/div>\n<\/div>\n<h2 data-start=\"134\" data-end=\"187\"><strong data-start=\"137\" data-end=\"187\">Bobines PPGI (bobines en fer galvanis\u00e9 pr\u00e9peint)<\/strong><\/h2>\n<h4 data-start=\"189\" data-end=\"213\"><strong data-start=\"193\" data-end=\"213\">\u00a0Mat\u00e9riau principal<\/strong><\/h4>\n<ul data-start=\"214\" data-end=\"483\">\n<li data-start=\"214\" data-end=\"261\">\n<p data-start=\"216\" data-end=\"261\" class=\"translation-block\"><strong data-start=\"216\" data-end=\"230\">Substrat:<\/strong>Acier galvanis\u00e9 \u00e0 chaud (HDG)<\/p>\n<\/li>\n<li data-start=\"262\" data-end=\"347\">\n<p data-start=\"264\" data-end=\"347\" class=\"translation-block\"><strong data-start=\"264\" data-end=\"288\">Couche de galvanisation:<\/strong> G\u00e9n\u00e9ralement zinc (Z) ou alliage zinc-aluminium (Galvalume, AZ).<\/p>\n<\/li>\n<li data-start=\"348\" data-end=\"483\">\n<p data-start=\"350\" data-end=\"483\" class=\"translation-block\"><strong data-start=\"350\" data-end=\"379\">Objectif de la galvanisation:<\/strong> Fournir une r\u00e9sistance \u00e0 la corrosion par protection sacrificielle \u2014 la couche de zinc se corrode \u00e0 la place de l\u2019acier.<\/p>\n<\/li>\n<\/ul>\n<h4 data-start=\"490\" data-end=\"516\"><strong data-start=\"494\" data-end=\"516\">Proc\u00e9d\u00e9 de rev\u00eatement<\/strong><\/h4>\n<p data-start=\"517\" data-end=\"589\" class=\"translation-block\">Le processus est g\u00e9n\u00e9ralement r\u00e9alis\u00e9 sur une ligne continue de rev\u00eatement de bobines (CCL) :<\/p>\n<ol data-start=\"590\" data-end=\"1074\">\n<li data-start=\"590\" data-end=\"693\">\n<p data-start=\"593\" data-end=\"693\" class=\"translation-block\"><strong data-start=\"593\" data-end=\"617\">Pr\u00e9paration de surface:<\/strong> Nettoyage, d\u00e9graissage et traitement chimique pour assurer l\u2019adh\u00e9rence du rev\u00eatement.<\/p>\n<\/li>\n<li data-start=\"694\" data-end=\"770\">\n<p data-start=\"697\" data-end=\"770\" class=\"translation-block\"><strong data-start=\"697\" data-end=\"720\">Application de l\u2019appr\u00eat:<\/strong> Une ou deux faces re\u00e7oivent une couche primaire.<\/p>\n<\/li>\n<li data-start=\"771\" data-end=\"903\">\n<p data-start=\"774\" data-end=\"903\" class=\"translation-block\"><strong data-start=\"774\" data-end=\"798\">Application de la couche de finition:<\/strong> Utilisation de polyester, SMP (polyester modifi\u00e9 au silicone), PVDF, polyur\u00e9thane ou autres peintures sp\u00e9cialis\u00e9es.<\/p>\n<\/li>\n<li data-start=\"904\" data-end=\"981\">\n<p data-start=\"907\" data-end=\"981\" class=\"translation-block\"><strong data-start=\"907\" data-end=\"928\">Cuisson et refroidissement:<\/strong> Chaque couche est cuite au four, puis refroidie.<\/p>\n<\/li>\n<li data-start=\"982\" data-end=\"1074\">\n<p data-start=\"985\" data-end=\"1074\" class=\"translation-block\"><strong data-start=\"985\" data-end=\"999\">Finition:<\/strong> Les bobines sont rembobin\u00e9es et peuvent recevoir un film protecteur pour le transport.<\/p>\n<\/li>\n<\/ol>\n<h4 data-start=\"1081\" data-end=\"1112\"><strong data-start=\"1085\" data-end=\"1112\">Types de rev\u00eatements courants<\/strong><\/h4>\n<div class=\"_tableContainer_16hzy_1\">\n<div class=\"_tableWrapper_16hzy_14 group flex w-fit flex-col-reverse\" tabindex=\"-1\">\n<table class=\"w-fit min-w-(--thread-content-width)\" data-start=\"1113\" data-end=\"1708\">\n<thead data-start=\"1113\" data-end=\"1176\">\n<tr data-start=\"1113\" data-end=\"1176\">\n<th data-start=\"1113\" data-end=\"1142\" data-col-size=\"sm\"><strong data-start=\"1115\" data-end=\"1131\">Type de rev\u00eatement<\/strong><\/th>\n<th data-start=\"1142\" data-end=\"1157\" data-col-size=\"md\"><strong data-start=\"1144\" data-end=\"1156\">Caract\u00e9ristiques<\/strong><\/th>\n<th data-start=\"1157\" data-end=\"1176\" data-col-size=\"sm\"><strong data-start=\"1159\" data-end=\"1174\">Utilisation typique<\/strong><\/th>\n<\/tr>\n<\/thead>\n<tbody data-start=\"1241\" data-end=\"1708\">\n<tr data-start=\"1241\" data-end=\"1359\">\n<td data-start=\"1241\" data-end=\"1270\" data-col-size=\"sm\"><strong data-start=\"1243\" data-end=\"1261\">Polyester (PE)<\/strong><\/td>\n<td data-col-size=\"md\" data-start=\"1270\" data-end=\"1322\">\u00c9conomique, large gamme de couleurs, durabilit\u00e9 mod\u00e9r\u00e9e<\/td>\n<td data-col-size=\"sm\" data-start=\"1322\" data-end=\"1359\">Toitures, murs, panneaux d\u00e9coratifs<\/td>\n<\/tr>\n<tr data-start=\"1360\" data-end=\"1469\">\n<td data-start=\"1360\" data-end=\"1400\" data-col-size=\"sm\"><strong data-start=\"1362\" data-end=\"1399\">Polyester modifi\u00e9 au silicone (SMP)<\/strong><\/td>\n<td data-col-size=\"md\" data-start=\"1400\" data-end=\"1441\">Meilleure r\u00e9sistance aux UV et au farinage<\/td>\n<td data-col-size=\"sm\" data-start=\"1441\" data-end=\"1469\">Panneaux ext\u00e9rieurs de b\u00e2timents<\/td>\n<\/tr>\n<tr data-start=\"1470\" data-end=\"1592\">\n<td data-start=\"1470\" data-end=\"1507\" data-col-size=\"sm\"><strong data-start=\"1472\" data-end=\"1506\">PVDF (polyfluorure de vinylid\u00e8ne)<\/strong><\/td>\n<td data-col-size=\"md\" data-start=\"1507\" data-end=\"1557\">Excellente r\u00e9sistance aux intemp\u00e9ries, UV et corrosion<\/td>\n<td data-col-size=\"sm\" data-start=\"1557\" data-end=\"1592\">Projets architecturaux haut de gamme<\/td>\n<\/tr>\n<tr data-start=\"1593\" data-end=\"1708\">\n<td data-start=\"1593\" data-end=\"1631\" data-col-size=\"sm\"><strong data-start=\"1595\" data-end=\"1630\">Polyester haute durabilit\u00e9 (HDP)<\/strong><\/td>\n<td data-col-size=\"md\" data-start=\"1631\" data-end=\"1671\">Longue dur\u00e9e de vie, bonnes propri\u00e9t\u00e9s m\u00e9caniques<\/td>\n<td data-col-size=\"sm\" data-start=\"1671\" data-end=\"1708\">Toitures industrielles, zones c\u00f4ti\u00e8res<\/td>\n<\/tr>\n<\/tbody>\n<\/table>\n<\/div>\n<\/div>\n<h4 data-start=\"1715\" data-end=\"1748\"><strong data-start=\"1719\" data-end=\"1748\">Sp\u00e9cifications typiques<\/strong><\/h4>\n<ul data-start=\"1749\" data-end=\"1977\">\n<li data-start=\"1749\" data-end=\"1779\">\n<p data-start=\"1751\" data-end=\"1779\"><strong data-start=\"1751\" data-end=\"1765\">\u00c9paisseur<\/strong> 0,15 \u2013 1,2 mm<\/p>\n<\/li>\n<li data-start=\"1780\" data-end=\"1806\">\n<p data-start=\"1782\" data-end=\"1806\"><strong data-start=\"1782\" data-end=\"1792\">Largeur<\/strong> 600 \u2013 1250 mm<\/p>\n<\/li>\n<li data-start=\"1807\" data-end=\"1943\">\n<p data-start=\"1809\" data-end=\"1832\"><strong data-start=\"1809\" data-end=\"1831\">\u00c9paisseur du rev\u00eatement :<\/strong><\/p>\n<ul data-start=\"1835\" data-end=\"1943\">\n<li data-start=\"1835\" data-end=\"1889\">\n<p data-start=\"1837\" data-end=\"1889\">Couche de zinc : 60\u2013275 g\/m\u00b2 (par face, total deux faces)<\/p>\n<\/li>\n<li data-start=\"1892\" data-end=\"1943\">\n<p data-start=\"1894\" data-end=\"1943\">Couche de peinture : 5\u201320 \u03bcm (appr\u00eat), 15\u201325 \u03bcm (couche de finition)<\/p>\n<\/li>\n<\/ul>\n<\/li>\n<li data-start=\"1944\" data-end=\"1977\">\n<p data-start=\"1946\" data-end=\"1977\"><strong data-start=\"1946\" data-end=\"1957\">Couleurs:<\/strong> Nuancier RAL ou personnalis\u00e9es<\/p>\n<\/li>\n<\/ul>\n<h4 data-start=\"1984\" data-end=\"2005\"><strong data-start=\"1988\" data-end=\"2005\">Avantages<\/strong><\/h4>\n<ul data-start=\"2006\" data-end=\"2265\">\n<li data-start=\"2006\" data-end=\"2076\">\n<p data-start=\"2008\" data-end=\"2076\">Longue dur\u00e9e de vie gr\u00e2ce \u00e0 la protection combin\u00e9e du zinc et de la peinture. <strong data-start=\"2042\" data-end=\"2050\">zinc<\/strong> et <strong data-start=\"2055\" data-end=\"2064\">peinture<\/strong> protection.<\/p>\n<\/li>\n<li data-start=\"2077\" data-end=\"2126\">\n<p data-start=\"2079\" data-end=\"2126\">Finition esth\u00e9tique \u2014 large gamme de couleurs et de brillances.<\/p>\n<\/li>\n<li data-start=\"2127\" data-end=\"2159\">\n<p data-start=\"2129\" data-end=\"2159\">Facile \u00e0 transporter et \u00e0 installer.<\/p>\n<\/li>\n<li data-start=\"2160\" data-end=\"2218\">\n<p data-start=\"2162\" data-end=\"2218\">Bonne formabilit\u00e9 pour le pliage, le pressage ou le profilage.<\/p>\n<\/li>\n<li data-start=\"2219\" data-end=\"2265\">\n<p data-start=\"2221\" data-end=\"2265\">Rev\u00eatements respectueux de l\u2019environnement disponibles.<\/p>\n<\/li>\n<\/ul>\n<h4 data-start=\"2272\" data-end=\"2295\"><strong data-start=\"2276\" data-end=\"2295\">Applications<\/strong><\/h4>\n<ul data-start=\"2296\" data-end=\"2613\">\n<li data-start=\"2296\" data-end=\"2374\">\n<p data-start=\"2298\" data-end=\"2374\" class=\"translation-block\"><strong data-start=\"2298\" data-end=\"2315\">Construction:<\/strong> Panneaux de toiture, bardages, portes de garage, plafonds.<\/p>\n<\/li>\n<li data-start=\"2375\" data-end=\"2464\">\n<p data-start=\"2377\" data-end=\"2464\" class=\"translation-block\"><strong data-start=\"2377\" data-end=\"2397\">\u00c9lectrom\u00e9nager:<\/strong> Refrigerator backs, washing machine bodies, microwave oven panels.<\/p>\n<\/li>\n<li data-start=\"2465\" data-end=\"2501\">\n<p data-start=\"2467\" data-end=\"2501\" class=\"translation-block\"><strong data-start=\"2467\" data-end=\"2481\">Mobilier:<\/strong> Armoires, \u00e9tag\u00e8res.<\/p>\n<\/li>\n<li data-start=\"2502\" data-end=\"2555\">\n<p data-start=\"2504\" data-end=\"2555\" class=\"translation-block\"><strong data-start=\"2504\" data-end=\"2518\">Transport:<\/strong> Conteneurs maritimes, panneaux de v\u00e9hicules.<\/p>\n<\/li>\n<li data-start=\"2556\" data-end=\"2613\">\n<p data-start=\"2558\" data-end=\"2613\" class=\"translation-block\"><strong data-start=\"2558\" data-end=\"2573\">Industrie:<\/strong> Silos agricoles, chambres froides.<\/p>\n<\/li>\n<\/ul>\n<h4><strong>Pourquoi choisir ERAD Steel ?<\/strong><\/h4>\n<ul>\n<li>Qualit\u00e9 fiable et structure en acier robuste.<\/li>\n<li>Livraison rapide et service client professionnel.<\/li>\n<li>Fiabilit\u00e9 reconnue par des clients \u00e0 travers l\u2019Afrique, l\u2019Union europ\u00e9enne et la r\u00e9gion MENA.<\/li>\n<\/ul>\n<h4><strong>\ud83d\udcf2 Int\u00e9ress\u00e9(e) par notre <\/strong><strong data-start=\"260\" data-end=\"325\">Bobines PPGI <\/strong><strong>?<\/strong><\/h4>\n<p>Discutez directement avec notre \u00e9quipe pour les prix et les d\u00e9tails :<\/p>\n<div class=\"sc_item_button sc_button_wrap\"><a class=\"sc_button sc_button_default sc_button_size_normal sc_button_icon_left\" href=\"#quote\"><span class=\"sc_button_text\"><span class=\"sc_button_title\">Obtenez un devis rapide<\/span><\/span><\/a><\/div>","protected":false},"excerpt":{"rendered":"<h6 data-start=\"126\" data-end=\"176\">Bobines PPGI<\/h6>\n<p class=\"\" data-start=\"102\" data-end=\"426\">Le PPGI, ou acier galvanis\u00e9 pr\u00e9laqu\u00e9, est un type d\u2019acier galvanis\u00e9 pr\u00e9peint, \u00e9galement appel\u00e9 acier pr\u00e9rev\u00eatu ou acier rev\u00eatu de couleur.<br \/>\nEn utilisant la bobine d\u2019acier galvanis\u00e9 \u00e0 chaud comme substrat, le PPGI est obtenu en passant d\u2019abord par un pr\u00e9traitement de surface, puis par l\u2019application d\u2019une ou plusieurs couches de peinture liquide par proc\u00e9d\u00e9 de rev\u00eatement en continu (roll coating), et enfin par cuisson et refroidissement.<br \/>\nLes rev\u00eatements utilis\u00e9s incluent le polyester, le polyester modifi\u00e9 au silicone, les rev\u00eatements haute durabilit\u00e9, la r\u00e9sistance \u00e0 la corrosion et la formabilit\u00e9.<\/p>\n<div class=\"elementor-element elementor-element-b057435 sc_fly_static elementor-widget elementor-widget-trx_sc_button trx_addons_parallax_layers_inited trx_addons_parallax_blocks_inited\" data-id=\"b057435\" data-element_type=\"widget\" data-widget_type=\"trx_sc_button.default\">\n<div class=\"elementor-widget-container\">\n<div class=\"sc_item_button sc_button_wrap\"><a class=\"sc_button sc_button_default sc_button_size_normal sc_button_icon_left\" href=\"#quote\"><span class=\"sc_button_text\"><span class=\"sc_button_title\">Demander un devis<\/span><\/span><\/a><\/div>\n<\/div>\n<\/div>","protected":false},"featured_media":8524,"template":"","meta":[],"product_brand":[],"product_cat":[185],"product_tag":[],"class_list":{"0":"post-8523","1":"product","2":"type-product","3":"status-publish","4":"has-post-thumbnail","6":"product_cat-steel-coils","7":"en-US","9":"first","10":"instock","11":"shipping-taxable","12":"product-type-simple"},"_links":{"self":[{"href":"https:\/\/eradsteel.com\/fr\/wp-json\/wp\/v2\/product\/8523","targetHints":{"allow":["GET"]}}],"collection":[{"href":"https:\/\/eradsteel.com\/fr\/wp-json\/wp\/v2\/product"}],"about":[{"href":"https:\/\/eradsteel.com\/fr\/wp-json\/wp\/v2\/types\/product"}],"wp:featuredmedia":[{"embeddable":true,"href":"https:\/\/eradsteel.com\/fr\/wp-json\/wp\/v2\/media\/8524"}],"wp:attachment":[{"href":"https:\/\/eradsteel.com\/fr\/wp-json\/wp\/v2\/media?parent=8523"}],"wp:term":[{"taxonomy":"product_brand","embeddable":true,"href":"https:\/\/eradsteel.com\/fr\/wp-json\/wp\/v2\/product_brand?post=8523"},{"taxonomy":"product_cat","embeddable":true,"href":"https:\/\/eradsteel.com\/fr\/wp-json\/wp\/v2\/product_cat?post=8523"},{"taxonomy":"product_tag","embeddable":true,"href":"https:\/\/eradsteel.com\/fr\/wp-json\/wp\/v2\/product_tag?post=8523"}],"curies":[{"name":"wp","href":"https:\/\/api.w.org\/{rel}","templated":true}]}}