{"id":7181,"date":"2025-11-19T10:22:39","date_gmt":"2025-11-19T10:22:39","guid":{"rendered":"https:\/\/eradsteel.tyzra.com\/?post_type=product&#038;p=7181"},"modified":"2025-12-01T09:47:39","modified_gmt":"2025-12-01T09:47:39","slug":"single-panel","status":"publish","type":"product","link":"https:\/\/eradsteel.com\/fr\/produit\/single-panel\/","title":{"rendered":"Panneau Simple"},"content":{"rendered":"<h3 data-start=\"126\" data-end=\"176\"><strong>Panneau Simple \u2013 T\u00f4le d\u2019Acier pour Toiture et Bardage Mural<\/strong><\/h3>\n<p>&nbsp;<\/p>\n<p class=\"\" data-start=\"102\" data-end=\"426\"><strong data-start=\"102\" data-end=\"131\">Le Panneau Simple d\u2019ERAD Steel<\/strong> est une t\u00f4le d\u2019acier l\u00e9g\u00e8re et r\u00e9sistante, con\u00e7ue pour les applications de toiture et de bardage dans les b\u00e2timents industriels, commerciaux et agricoles. Fabriqu\u00e9 \u00e0 partir d\u2019acier galvanis\u00e9 ou pr\u00e9laqu\u00e9 de haute qualit\u00e9, il offre une solution \u00e9conomique pour couvrir de grandes surfaces rapidement et efficacement.<\/p>\n<p class=\"\" data-start=\"428\" data-end=\"833\">Contrairement aux panneaux sandwich isol\u00e9s, le Panneau Simple est constitu\u00e9 d\u2019une seule couche d\u2019acier profil\u00e9, ce qui le rend id\u00e9al pour les structures o\u00f9 l\u2019isolation n\u2019est pas n\u00e9cessaire ou lorsque la ventilation et la circulation d\u2019air sont privil\u00e9gi\u00e9es. On le retrouve fr\u00e9quemment dans les entrep\u00f4ts, usines, hangars, abris de voiture et murs de cl\u00f4ture\u2014garantissant une performance fiable et une protection durable, soutenues par l\u2019expertise d\u2019ERAD Steel en solutions sid\u00e9rurgiques.<\/p>\n<h4 data-start=\"113\" data-end=\"145\"><strong>Caract\u00e9ristiques techniques du Panneau Simple:<\/strong><\/h4>\n<p>&nbsp;<\/p>\n<div class=\"pointer-events-none relative left-[50%]! flex w-[100cqw] translate-x-[-50%] justify-center *:pointer-events-auto\">\n<div class=\"tableContainer horzScrollShadows\">\n<table class=\"min-w-full\" data-start=\"147\" data-end=\"1195\">\n<thead data-start=\"147\" data-end=\"233\">\n<tr data-start=\"147\" data-end=\"233\">\n<th data-start=\"147\" data-end=\"177\"><strong data-start=\"149\" data-end=\"166\">Sp\u00e9cification<\/strong><\/th>\n<th data-start=\"177\" data-end=\"233\"><strong data-start=\"179\" data-end=\"190\">D\u00e9tails<\/strong><\/th>\n<\/tr>\n<\/thead>\n<tbody data-start=\"321\" data-end=\"1195\">\n<tr data-start=\"321\" data-end=\"407\">\n<td class=\"max-w-[calc(var(--thread-content-max-width)*2\/3)]\" style=\"text-align: center;\" data-start=\"321\" data-end=\"352\"><strong data-start=\"323\" data-end=\"344\">\u00c9paisseur du produit<\/strong><\/td>\n<td class=\"max-w-[calc(var(--thread-content-max-width)*2\/3)]\" style=\"text-align: center;\" data-start=\"352\" data-end=\"407\">PUR de 0,25 mm \u00e0 0,40 mm, 1 cm et 4 cm<\/td>\n<\/tr>\n<tr data-start=\"408\" data-end=\"494\">\n<td class=\"max-w-[calc(var(--thread-content-max-width)*2\/3)]\" style=\"text-align: center;\" data-start=\"408\" data-end=\"439\"><strong data-start=\"410\" data-end=\"428\">Longueur du produit<\/strong><\/td>\n<td class=\"max-w-[calc(var(--thread-content-max-width)*2\/3)]\" style=\"text-align: center;\" data-start=\"439\" data-end=\"494\">1 m \u00e0 12,5 m<\/td>\n<\/tr>\n<tr data-start=\"495\" data-end=\"581\">\n<td class=\"max-w-[calc(var(--thread-content-max-width)*2\/3)]\" style=\"text-align: center;\" data-start=\"495\" data-end=\"526\"><strong data-start=\"497\" data-end=\"514\">Largeur du produit<\/strong><\/td>\n<td class=\"max-w-[calc(var(--thread-content-max-width)*2\/3)]\" style=\"text-align: center;\" data-start=\"526\" data-end=\"581\">Fermeture du filet : 870 mm + surpliage : 60 mm<\/td>\n<\/tr>\n<tr data-start=\"582\" data-end=\"669\">\n<td class=\"max-w-[calc(var(--thread-content-max-width)*2\/3)]\" style=\"text-align: center;\" data-start=\"582\" data-end=\"613\"><strong data-start=\"584\" data-end=\"599\">Classe d\u2019acier<\/strong><\/td>\n<td class=\"max-w-[calc(var(--thread-content-max-width)*2\/3)]\" style=\"text-align: center;\" data-start=\"613\" data-end=\"669\">PPGI-DX51D<\/td>\n<\/tr>\n<tr data-start=\"670\" data-end=\"757\">\n<td class=\"max-w-[calc(var(--thread-content-max-width)*2\/3)]\" style=\"text-align: center;\" data-start=\"670\" data-end=\"701\"><strong data-start=\"672\" data-end=\"696\">Densit\u00e9 du polyur\u00e9thane<\/strong><\/td>\n<td class=\"max-w-[calc(var(--thread-content-max-width)*2\/3)]\" style=\"text-align: center;\" data-start=\"701\" data-end=\"757\">40 kg\/m\u00b3<\/td>\n<\/tr>\n<tr data-start=\"758\" data-end=\"845\">\n<td class=\"max-w-[calc(var(--thread-content-max-width)*2\/3)]\" style=\"text-align: center;\" data-start=\"758\" data-end=\"789\"><strong data-start=\"760\" data-end=\"783\">Poids du polyur\u00e9thane<\/strong><\/td>\n<td class=\"max-w-[calc(var(--thread-content-max-width)*2\/3)]\" style=\"text-align: center;\" data-start=\"789\" data-end=\"845\">500 g\/m\u00b2<\/td>\n<\/tr>\n<tr data-start=\"846\" data-end=\"933\">\n<td class=\"max-w-[calc(var(--thread-content-max-width)*2\/3)]\" style=\"text-align: center;\" data-start=\"846\" data-end=\"877\"><strong data-start=\"848\" data-end=\"865\">Rev\u00eatement int\u00e9rieur<\/strong><\/td>\n<td class=\"max-w-[calc(var(--thread-content-max-width)*2\/3)] min-w-[calc(var(--thread-content-max-width)\/3)]\" style=\"text-align: center;\" data-start=\"877\" data-end=\"933\">Film PE blanc 50 microns, feuille d&#039;aluminium (FSK718B)<\/td>\n<\/tr>\n<tr data-start=\"934\" data-end=\"1021\">\n<td class=\"max-w-[calc(var(--thread-content-max-width)*2\/3)]\" style=\"text-align: center;\" data-start=\"934\" data-end=\"965\"><strong data-start=\"936\" data-end=\"963\">\u00c9paisseur du film aluminium<\/strong><\/td>\n<td class=\"max-w-[calc(var(--thread-content-max-width)*2\/3)]\" style=\"text-align: center;\" data-start=\"965\" data-end=\"1021\">0,15 mm<\/td>\n<\/tr>\n<tr data-start=\"1022\" data-end=\"1108\">\n<td class=\"max-w-[calc(var(--thread-content-max-width)*2\/3)]\" style=\"text-align: center;\" data-start=\"1022\" data-end=\"1053\"><strong data-start=\"1024\" data-end=\"1044\">Couleurs disponibles<\/strong><\/td>\n<td class=\"max-w-[calc(var(--thread-content-max-width)*2\/3)] min-w-[calc(var(--thread-content-max-width)\/3)]\" style=\"text-align: center;\" data-start=\"1053\" data-end=\"1108\">RAL 9002, RAL 3020, RAL 9017, RAL 7016, RAL 8023<\/td>\n<\/tr>\n<tr data-start=\"1109\" data-end=\"1195\">\n<td class=\"max-w-[calc(var(--thread-content-max-width)*2\/3)]\" style=\"text-align: center;\" data-start=\"1109\" data-end=\"1140\"><strong data-start=\"1111\" data-end=\"1134\">Options suppl\u00e9mentaires<\/strong><\/td>\n<td class=\"max-w-[calc(var(--thread-content-max-width)*2\/3)] min-w-[calc(var(--thread-content-max-width)\/3)]\" style=\"text-align: center;\" data-start=\"1140\" data-end=\"1195\">Film polyur\u00e9thane, feuille d\u2019aluminium gaufr\u00e9e<\/td>\n<\/tr>\n<\/tbody>\n<\/table>\n<\/div>\n<\/div>\n<p>&nbsp;<\/p>\n<h4 data-start=\"1197\" data-end=\"1218\"><strong>Pr\u00e9sentation du produit :<\/strong><\/h4>\n<ul>\n<li data-start=\"1221\" data-end=\"1309\"><strong data-start=\"1221\" data-end=\"1234\">Mat\u00e9riaux<\/strong>: Polyur\u00e9thane avec rev\u00eatement ext\u00e9rieur en t\u00f4le d\u2019acier, disponible en plusieurs coloris.<\/li>\n<li data-start=\"1312\" data-end=\"1355\"><strong data-start=\"1312\" data-end=\"1331\">\u00c9paisseur<\/strong>: Couche d&#039;acier de 0,25 mm \u00e0 0,40 mm et \u00e9paisseur totale de 1 cm ou 4 cm.<\/li>\n<li data-start=\"1358\" data-end=\"1421\"><strong data-start=\"1358\" data-end=\"1375\">Longueurs personnalis\u00e9es<\/strong>: D\u00e9coupe possible entre 1 m et 12,5 m.<\/li>\n<li data-start=\"1424\" data-end=\"1543\"><strong data-start=\"1424\" data-end=\"1437\">Utilisation id\u00e9ale<\/strong>: Toiture et bardage mural adapt\u00e9s aux b\u00e2timents industriels, commerciaux et agricoles.<\/li>\n<\/ul>\n<h4 data-start=\"810\" data-end=\"823\"><strong>Points forts :<\/strong><\/h4>\n<ul>\n<li data-start=\"827\" data-end=\"890\">Fabriqu\u00e9 en acier galvanis\u00e9 ou pr\u00e9laqu\u00e9 r\u00e9sistant \u00e0 la corrosion<\/li>\n<li data-start=\"893\" data-end=\"970\">Disponible dans une vari\u00e9t\u00e9 de profils et d&#039;\u00e9paisseurs (g\u00e9n\u00e9ralement de 0,25 mm \u00e0 0,40 mm)<\/li>\n<li data-start=\"973\" data-end=\"1006\">L\u00e9ger et facile \u00e0 installer<\/li>\n<li data-start=\"1009\" data-end=\"1048\">Compatible avec les syst\u00e8mes de charpentes m\u00e9talliques<\/li>\n<li data-start=\"1051\" data-end=\"1088\">Longueurs personnalis\u00e9es disponibles sur demande<\/li>\n<\/ul>\n<h4 data-start=\"1090\" data-end=\"1103\"><strong>Applications :<\/strong><\/h4>\n<ul data-start=\"1105\" data-end=\"1274\">\n<li class=\"\" data-start=\"1105\" data-end=\"1169\">\n<p class=\"\" data-start=\"1107\" data-end=\"1169\">Toitures et bardages pour b\u00e2timents industriels et agricoles<\/p>\n<\/li>\n<li class=\"\" data-start=\"1170\" data-end=\"1206\">\n<p class=\"\" data-start=\"1172\" data-end=\"1206\">Cloisons int\u00e9rieures et plafonds<\/p>\n<\/li>\n<li class=\"\" data-start=\"1207\" data-end=\"1241\">\n<p class=\"\" data-start=\"1209\" data-end=\"1241\">Structures temporaires et abris<\/p>\n<\/li>\n<li class=\"\" data-start=\"1242\" data-end=\"1274\">\n<p class=\"\" data-start=\"1244\" data-end=\"1274\">Cl\u00f4tures et murs de protection<\/p>\n<\/li>\n<\/ul>\n<h4 data-start=\"1276\" data-end=\"1293\"><strong>Options disponibles :<\/strong><\/h4>\n<ul data-start=\"1295\" data-end=\"1414\">\n<li class=\"\" data-start=\"1295\" data-end=\"1336\">\n<p class=\"\" data-start=\"1297\" data-end=\"1336\">Rev\u00eatement anti-condensation (sur demande)<\/p>\n<\/li>\n<li class=\"\" data-start=\"1337\" data-end=\"1378\">\n<p class=\"\" data-start=\"1339\" data-end=\"1378\">Options de couleur pour l\u2019esth\u00e9tique ext\u00e9rieure<\/p>\n<\/li>\n<li class=\"\" data-start=\"1379\" data-end=\"1414\">\n<p class=\"\" data-start=\"1381\" data-end=\"1414\">Solins et accessoires assortis<\/p>\n<\/li>\n<\/ul>\n<h4><strong>Pourquoi choisir ERAD Steel ?<\/strong><\/h4>\n<ul>\n<li>Qualit\u00e9 fiable et structure en acier robuste.<\/li>\n<li>Livraison rapide et service client professionnel.<\/li>\n<li>Fiabilit\u00e9 reconnue par des clients \u00e0 travers l\u2019Afrique, l\u2019Union europ\u00e9enne et la r\u00e9gion MENA.<\/li>\n<\/ul>\n<h4><strong>\ud83d\udcf2 Int\u00e9ress\u00e9(e) par notre <\/strong><strong data-start=\"260\" data-end=\"325\">S<\/strong><strong>panneau unique <\/strong><strong>?<\/strong><\/h4>\n<p>Discutez directement avec notre \u00e9quipe pour les prix et les d\u00e9tails :<\/p>\n<div class=\"sc_item_button sc_button_wrap\"><a class=\"sc_button sc_button_default sc_button_size_normal sc_button_icon_left\" href=\"#quote\"><span class=\"sc_button_text\"><span class=\"sc_button_title\">Obtenez un devis rapide<\/span><\/span><\/a><\/div>\n<div style=\"display: none;\">\n<div class=\"wpcf7 no-js\" id=\"wpcf7-f232-o1\" lang=\"en-US\" dir=\"ltr\" data-wpcf7-id=\"232\">\n<div class=\"screen-reader-response\"><p role=\"status\" aria-live=\"polite\" aria-atomic=\"true\"><\/p> <ul><\/ul><\/div>\n<form action=\"\/fr\/wp-json\/wp\/v2\/product\/7181#wpcf7-f232-o1\" method=\"post\" class=\"wpcf7-form init\" aria-label=\"Formulaire de contact\" novalidate=\"novalidate\" data-status=\"init\" data-trp-original-action=\"\/fr\/wp-json\/wp\/v2\/product\/7181#wpcf7-f232-o1\">\n<fieldset class=\"hidden-fields-container\"><input type=\"hidden\" name=\"_wpcf7\" value=\"232\" \/><input type=\"hidden\" name=\"_wpcf7_version\" value=\"6.1.1\" \/><input type=\"hidden\" name=\"_wpcf7_locale\" value=\"en_US\" \/><input type=\"hidden\" name=\"_wpcf7_unit_tag\" value=\"wpcf7-f232-o1\" \/><input type=\"hidden\" name=\"_wpcf7_container_post\" value=\"0\" \/><input type=\"hidden\" name=\"_wpcf7_posted_data_hash\" value=\"\" \/>\n<\/fieldset>\n<div class=\"form-style-3\">\n\t<div class=\"columns_wrap\">\n\t\t<div class=\"column-1_2\">\n\t\t\t<p><span class=\"style-line icon-name\"><span class=\"wpcf7-form-control-wrap\" data-name=\"your-name\"><input size=\"40\" maxlength=\"400\" class=\"wpcf7-form-control wpcf7-text wpcf7-validates-as-required\" aria-required=\"true\" aria-invalid=\"false\" placeholder=\"Nom\" value=\"\" type=\"text\" name=\"your-name\" \/><\/span><\/span>\n\t\t\t<\/p>\n\t\t<\/div>\n\t\t<div class=\"column-1_2\">\n\t\t\t<p><span class=\"style-line icon-email\"><span class=\"wpcf7-form-control-wrap\" data-name=\"your-email\"><input size=\"40\" maxlength=\"400\" class=\"wpcf7-form-control wpcf7-email wpcf7-validates-as-required wpcf7-text wpcf7-validates-as-email\" aria-required=\"true\" aria-invalid=\"false\" placeholder=\"Adresse email\" value=\"\" type=\"email\" name=\"your-email\" \/><\/span><\/span>\n\t\t\t<\/p>\n\t\t<\/div>\n\t<\/div>\n\t<div class=\"columns_wrap\">\n\t\t<div class=\"column-1_2\">\n\t\t\t<p><span class=\"style-line icon-phone\"><span class=\"wpcf7-form-control-wrap\" data-name=\"phone\"><input size=\"40\" maxlength=\"400\" class=\"wpcf7-form-control wpcf7-tel wpcf7-validates-as-required wpcf7-text wpcf7-validates-as-tel\" aria-required=\"true\" aria-invalid=\"false\" placeholder=\"T\u00e9l\u00e9phone\" value=\"\" type=\"tel\" name=\"phone\" \/><\/span><\/span>\n\t\t\t<\/p>\n\t\t<\/div>\n\t\t<div class=\"column-1_2\">\n\t\t\t<p><span class=\"style-line icon-subject\"><span class=\"wpcf7-form-control-wrap\" data-name=\"subject\"><input size=\"40\" maxlength=\"400\" class=\"wpcf7-form-control wpcf7-text wpcf7-validates-as-required\" aria-required=\"true\" aria-invalid=\"false\" placeholder=\"Sujet\" value=\"\" type=\"text\" name=\"subject\" \/><\/span><\/span>\n\t\t\t<\/p>\n\t\t<\/div>\n\t<\/div>\n\t<div class=\"columns_wrap margin-bottom\">\n\t\t<div class=\"column-1_1\">\n\t\t\t<p><span class=\"style-line icon-textarea\"><span class=\"wpcf7-form-control-wrap\" data-name=\"your-message\"><textarea cols=\"40\" rows=\"10\" maxlength=\"2000\" class=\"wpcf7-form-control wpcf7-textarea wpcf7-validates-as-required\" aria-required=\"true\" aria-invalid=\"false\" placeholder=\"Comment pouvons-nous vous aider ? N&#039;h\u00e9sitez pas \u00e0 nous contacter !\" name=\"your-message\"><\/textarea><\/span><\/span>\n\t\t\t<\/p>\n\t\t<\/div>\n\t<\/div>\n<div class=\"wpcf7-turnstile cf-turnstile\" data-sitekey=\"0x4AAAAAAB0XAVz92lw7mzFA\" data-response-field-name=\"_wpcf7_turnstile_response\"><\/div>\n\t<p><span class=\"wpcf7-form-control-wrap\" data-name=\"acceptance\"><span class=\"wpcf7-form-control wpcf7-acceptance\"><span class=\"wpcf7-list-item\"><label><input type=\"checkbox\" name=\"acceptance\" value=\"1\" aria-invalid=\"false\" \/><span class=\"wpcf7-list-item-label\">Je suis d&#039;accord, mes donn\u00e9es sont <a href=\"\/fr\/privacy-policy\/\">collect\u00e9s et stock\u00e9s<\/a>.<\/span><\/label><\/span><\/span><\/span><br \/>\n<input class=\"wpcf7-form-control wpcf7-submit has-spinner\" type=\"submit\" value=\"Nous contacter\" \/>\n\t<\/p>\n<\/div><input type='hidden' class='wpcf7-pum' value='{\"closepopup\":false,\"closedelay\":0,\"openpopup\":false,\"openpopup_id\":0}' \/><div class=\"wpcf7-response-output\" aria-hidden=\"true\"><\/div>\n<input type=\"hidden\" name=\"trp-form-language\" value=\"fr\"\/><\/form>\n<\/div>\n<\/div>","protected":false},"excerpt":{"rendered":"<h4 data-start=\"126\" data-end=\"176\"><strong>T\u00f4le d\u2019Acier pour Toiture et Bardage Mural<\/strong><\/h4>\n<h3 data-start=\"178\" data-end=\"513\"><span style=\"font-size: 1rem; letter-spacing: 0px;\">Le Panneau Simple est une t\u00f4le d\u2019acier durable et \u00e9conomique, id\u00e9ale pour les toitures et le bardage mural des b\u00e2timents industriels et commerciaux. Fabriqu\u00e9 en acier galvanis\u00e9 ou pr\u00e9laqu\u00e9, il convient parfaitement aux structures ne n\u00e9cessitant pas d\u2019isolation, offrant une couverture rapide, une bonne ventilation et une excellente r\u00e9sistance aux intemp\u00e9ries.<\/span><\/h3>\n<div class=\"elementor-element elementor-element-b057435 sc_fly_static elementor-widget elementor-widget-trx_sc_button trx_addons_parallax_layers_inited trx_addons_parallax_blocks_inited\" data-id=\"b057435\" data-element_type=\"widget\" data-widget_type=\"trx_sc_button.default\">\n<div class=\"elementor-widget-container\">\n<div class=\"sc_item_button sc_button_wrap\"><a class=\"sc_button sc_button_default sc_button_size_normal sc_button_icon_left\" style=\"margin-bottom: 15px;\" href=\"https:\/\/eradsteel.com\/wp-content\/uploads\/Single Panel.pdf\" target=\"_blank\" rel=\"noopener\"><span class=\"sc_button_text\"><span class=\"sc_button_title\">T\u00e9l\u00e9charger PDF<\/span><\/span><\/a><\/div>\n<div class=\"sc_item_button sc_button_wrap\"><a class=\"sc_button sc_button_default sc_button_size_normal sc_button_icon_left\" href=\"#quote\"><span class=\"sc_button_text\"><span class=\"sc_button_title\">Demander un devis<\/span><\/span><\/a><\/div>\n<\/div>\n<\/div>","protected":false},"featured_media":9469,"template":"","meta":[],"product_brand":[],"product_cat":[183],"product_tag":[],"class_list":{"0":"post-7181","1":"product","2":"type-product","3":"status-publish","4":"has-post-thumbnail","6":"product_cat-pref-solution","7":"en-US","9":"first","10":"instock","11":"shipping-taxable","12":"product-type-simple"},"_links":{"self":[{"href":"https:\/\/eradsteel.com\/fr\/wp-json\/wp\/v2\/product\/7181","targetHints":{"allow":["GET"]}}],"collection":[{"href":"https:\/\/eradsteel.com\/fr\/wp-json\/wp\/v2\/product"}],"about":[{"href":"https:\/\/eradsteel.com\/fr\/wp-json\/wp\/v2\/types\/product"}],"wp:featuredmedia":[{"embeddable":true,"href":"https:\/\/eradsteel.com\/fr\/wp-json\/wp\/v2\/media\/9469"}],"wp:attachment":[{"href":"https:\/\/eradsteel.com\/fr\/wp-json\/wp\/v2\/media?parent=7181"}],"wp:term":[{"taxonomy":"product_brand","embeddable":true,"href":"https:\/\/eradsteel.com\/fr\/wp-json\/wp\/v2\/product_brand?post=7181"},{"taxonomy":"product_cat","embeddable":true,"href":"https:\/\/eradsteel.com\/fr\/wp-json\/wp\/v2\/product_cat?post=7181"},{"taxonomy":"product_tag","embeddable":true,"href":"https:\/\/eradsteel.com\/fr\/wp-json\/wp\/v2\/product_tag?post=7181"}],"curies":[{"name":"wp","href":"https:\/\/api.w.org\/{rel}","templated":true}]}}