{"id":6450,"date":"2025-08-08T09:13:34","date_gmt":"2025-08-08T09:13:34","guid":{"rendered":"https:\/\/eradsteel.tyzra.com\/?post_type=product&#038;p=6450"},"modified":"2025-11-20T08:04:11","modified_gmt":"2025-11-20T08:04:11","slug":"circular-pipes","status":"publish","type":"product","link":"https:\/\/eradsteel.com\/fr\/produit\/circular-pipes\/","title":{"rendered":"Section creuse circulaire"},"content":{"rendered":"<div style=\"display: none;\">\n<div class=\"wpcf7 no-js\" id=\"wpcf7-f232-o1\" lang=\"en-US\" dir=\"ltr\" data-wpcf7-id=\"232\">\n<div class=\"screen-reader-response\"><p role=\"status\" aria-live=\"polite\" aria-atomic=\"true\"><\/p> <ul><\/ul><\/div>\n<form action=\"\/fr\/wp-json\/wp\/v2\/product\/6450#wpcf7-f232-o1\" method=\"post\" class=\"wpcf7-form init\" aria-label=\"Formulaire de contact\" novalidate=\"novalidate\" data-status=\"init\" data-trp-original-action=\"\/fr\/wp-json\/wp\/v2\/product\/6450#wpcf7-f232-o1\">\n<fieldset class=\"hidden-fields-container\"><input type=\"hidden\" name=\"_wpcf7\" value=\"232\" \/><input type=\"hidden\" name=\"_wpcf7_version\" value=\"6.1.1\" \/><input type=\"hidden\" name=\"_wpcf7_locale\" value=\"en_US\" \/><input type=\"hidden\" name=\"_wpcf7_unit_tag\" value=\"wpcf7-f232-o1\" \/><input type=\"hidden\" name=\"_wpcf7_container_post\" value=\"0\" \/><input type=\"hidden\" name=\"_wpcf7_posted_data_hash\" value=\"\" \/>\n<\/fieldset>\n<div class=\"form-style-3\">\n\t<div class=\"columns_wrap\">\n\t\t<div class=\"column-1_2\">\n\t\t\t<p><span class=\"style-line icon-name\"><span class=\"wpcf7-form-control-wrap\" data-name=\"your-name\"><input size=\"40\" maxlength=\"400\" class=\"wpcf7-form-control wpcf7-text wpcf7-validates-as-required\" aria-required=\"true\" aria-invalid=\"false\" placeholder=\"Nom\" value=\"\" type=\"text\" name=\"your-name\" \/><\/span><\/span>\n\t\t\t<\/p>\n\t\t<\/div>\n\t\t<div class=\"column-1_2\">\n\t\t\t<p><span class=\"style-line icon-email\"><span class=\"wpcf7-form-control-wrap\" data-name=\"your-email\"><input size=\"40\" maxlength=\"400\" class=\"wpcf7-form-control wpcf7-email wpcf7-validates-as-required wpcf7-text wpcf7-validates-as-email\" aria-required=\"true\" aria-invalid=\"false\" placeholder=\"Adresse email\" value=\"\" type=\"email\" name=\"your-email\" \/><\/span><\/span>\n\t\t\t<\/p>\n\t\t<\/div>\n\t<\/div>\n\t<div class=\"columns_wrap\">\n\t\t<div class=\"column-1_2\">\n\t\t\t<p><span class=\"style-line icon-phone\"><span class=\"wpcf7-form-control-wrap\" data-name=\"phone\"><input size=\"40\" maxlength=\"400\" class=\"wpcf7-form-control wpcf7-tel wpcf7-validates-as-required wpcf7-text wpcf7-validates-as-tel\" aria-required=\"true\" aria-invalid=\"false\" placeholder=\"T\u00e9l\u00e9phone\" value=\"\" type=\"tel\" name=\"phone\" \/><\/span><\/span>\n\t\t\t<\/p>\n\t\t<\/div>\n\t\t<div class=\"column-1_2\">\n\t\t\t<p><span class=\"style-line icon-subject\"><span class=\"wpcf7-form-control-wrap\" data-name=\"subject\"><input size=\"40\" maxlength=\"400\" class=\"wpcf7-form-control wpcf7-text wpcf7-validates-as-required\" aria-required=\"true\" aria-invalid=\"false\" placeholder=\"Sujet\" value=\"\" type=\"text\" name=\"subject\" \/><\/span><\/span>\n\t\t\t<\/p>\n\t\t<\/div>\n\t<\/div>\n\t<div class=\"columns_wrap margin-bottom\">\n\t\t<div class=\"column-1_1\">\n\t\t\t<p><span class=\"style-line icon-textarea\"><span class=\"wpcf7-form-control-wrap\" data-name=\"your-message\"><textarea cols=\"40\" rows=\"10\" maxlength=\"2000\" class=\"wpcf7-form-control wpcf7-textarea wpcf7-validates-as-required\" aria-required=\"true\" aria-invalid=\"false\" placeholder=\"Comment pouvons-nous vous aider ? N&#039;h\u00e9sitez pas \u00e0 nous contacter !\" name=\"your-message\"><\/textarea><\/span><\/span>\n\t\t\t<\/p>\n\t\t<\/div>\n\t<\/div>\n<div class=\"wpcf7-turnstile cf-turnstile\" data-sitekey=\"0x4AAAAAAB0XAVz92lw7mzFA\" data-response-field-name=\"_wpcf7_turnstile_response\"><\/div>\n\t<p><span class=\"wpcf7-form-control-wrap\" data-name=\"acceptance\"><span class=\"wpcf7-form-control wpcf7-acceptance\"><span class=\"wpcf7-list-item\"><label><input type=\"checkbox\" name=\"acceptance\" value=\"1\" aria-invalid=\"false\" \/><span class=\"wpcf7-list-item-label\">Je suis d&#039;accord, mes donn\u00e9es sont <a href=\"\/fr\/privacy-policy\/\">collect\u00e9s et stock\u00e9s<\/a>.<\/span><\/label><\/span><\/span><\/span><br \/>\n<input class=\"wpcf7-form-control wpcf7-submit has-spinner\" type=\"submit\" value=\"Nous contacter\" \/>\n\t<\/p>\n<\/div><input type='hidden' class='wpcf7-pum' value='{\"closepopup\":false,\"closedelay\":0,\"openpopup\":false,\"openpopup_id\":0}' \/><div class=\"wpcf7-response-output\" aria-hidden=\"true\"><\/div>\n<input type=\"hidden\" name=\"trp-form-language\" value=\"fr\"\/><\/form>\n<\/div>\n<\/div>\n<h3 class=\"\" data-start=\"135\" data-end=\"161\"><strong>Profil\u00e9 creux circulaire (CHS)<\/strong><\/h3>\n<p data-start=\"163\" data-end=\"452\">Sections tubulaires creuses \u2014 \u00e9galement connues sous le nom de <strong data-start=\"445\" data-end=\"479\">Profil\u00e9s creux circulaires (CHS)<\/strong>Les tubes en acier ronds sont largement utilis\u00e9s dans les applications structurelles, m\u00e9caniques et architecturales. Leur forme circulaire uniforme leur conf\u00e8re une excellente r\u00e9sistance \u00e0 la torsion, \u00e0 la flexion et aux chocs, ce qui en fait un mat\u00e9riau de choix pour les structures porteuses.<br \/>\n\u00c0 <strong data-start=\"738\" data-end=\"752\">Acier ERAD<\/strong>Nos tubes CHS sont fabriqu\u00e9s avec pr\u00e9cision et une grande exactitude dimensionnelle, ce qui les rend adapt\u00e9s au soudage, \u00e0 la d\u00e9coupe et aux applications \u00e0 forte charge.<\/p>\n<h5 data-start=\"163\" data-end=\"452\"><strong data-start=\"898\" data-end=\"914\">Points forts<\/strong><\/h5>\n<ul data-start=\"916\" data-end=\"1170\">\n<li data-start=\"916\" data-end=\"967\">\n<p data-start=\"918\" data-end=\"967\">Haute r\u00e9sistance aux contraintes de flexion et de torsion<\/p>\n<\/li>\n<li data-start=\"968\" data-end=\"1029\">\n<p data-start=\"970\" data-end=\"1029\">Surface circulaire lisse pour une fabrication et un soudage propres.<\/p>\n<\/li>\n<li data-start=\"1030\" data-end=\"1066\">\n<p data-start=\"1032\" data-end=\"1066\">L\u00e9ger par rapport \u00e0 sa force<\/p>\n<\/li>\n<li data-start=\"1067\" data-end=\"1119\">\n<p data-start=\"1069\" data-end=\"1119\">Disponible en <strong data-start=\"1082\" data-end=\"1091\">noir<\/strong> ou <strong data-start=\"1095\" data-end=\"1117\">galvanis\u00e9 \u00e0 chaud<\/strong><\/p>\n<\/li>\n<\/ul>\n<h5 data-start=\"1177\" data-end=\"1197\"><strong data-start=\"1181\" data-end=\"1197\">Applications<\/strong><\/h5>\n<ul data-start=\"1199\" data-end=\"1426\">\n<li data-start=\"1199\" data-end=\"1231\">\n<p data-start=\"1201\" data-end=\"1231\">Colonnes et fermes de charpente<\/p>\n<\/li>\n<li data-start=\"1232\" data-end=\"1255\">\n<p data-start=\"1234\" data-end=\"1255\">Syst\u00e8mes d&#039;\u00e9chafaudage<\/p>\n<\/li>\n<li data-start=\"1256\" data-end=\"1292\">\n<p data-start=\"1258\" data-end=\"1292\">Cadres m\u00e9caniques et automobiles<\/p>\n<\/li>\n<li data-start=\"1293\" data-end=\"1312\">\n<p data-start=\"1295\" data-end=\"1312\">Cl\u00f4tures et portails<\/p>\n<\/li>\n<li data-start=\"1313\" data-end=\"1328\">\n<p data-start=\"1315\" data-end=\"1328\">serres<\/p>\n<\/li>\n<li data-start=\"1329\" data-end=\"1378\">\n<p data-start=\"1331\" data-end=\"1378\">Transport de fluides pour les syst\u00e8mes basse pression<\/p>\n<\/li>\n<li data-start=\"1379\" data-end=\"1426\">\n<p data-start=\"1381\" data-end=\"1426\">Structures architecturales et cadres ext\u00e9rieurs<\/p>\n<\/li>\n<\/ul>\n<h3 class=\"\" data-start=\"113\" data-end=\"145\"><strong>Sp\u00e9cifications des sections creuses des tubes\u00a0:<\/strong><\/h3>\n<p>&nbsp;<\/p>\n<table class=\"min-w-full\" data-start=\"213\" data-end=\"1743\">\n<thead data-start=\"213\" data-end=\"327\">\n<tr data-start=\"213\" data-end=\"327\">\n<th style=\"text-align: center;\" data-start=\"213\" data-end=\"234\">Taille du tube (pouces)<\/th>\n<th style=\"text-align: center;\" data-start=\"256\" data-end=\"279\">\u00c9paisseur (mm)<\/th>\n<th style=\"text-align: center;\" data-start=\"279\" data-end=\"301\">Longueur standard (m)<\/th>\n<th style=\"text-align: center;\" data-start=\"301\" data-end=\"327\">Finition disponible<\/th>\n<\/tr>\n<\/thead>\n<tbody data-start=\"446\" data-end=\"1743\">\n<tr data-start=\"446\" data-end=\"563\">\n<td class=\"max-w-[calc(var(--thread-content-max-width)*2\/3)]\" style=\"text-align: center;\" data-start=\"446\" data-end=\"467\">0.50<\/td>\n<td class=\"max-w-[calc(var(--thread-content-max-width)*2\/3)]\" style=\"text-align: center;\" data-start=\"489\" data-end=\"514\">1.2 \u2013 2.0<\/td>\n<td class=\"max-w-[calc(var(--thread-content-max-width)*2\/3)]\" style=\"text-align: center;\" data-start=\"514\" data-end=\"537\">6<\/td>\n<td class=\"max-w-[calc(var(--thread-content-max-width)*2\/3)]\" data-start=\"537\" data-end=\"563\">Noir \/ Galvanis\u00e9<\/td>\n<\/tr>\n<tr data-start=\"564\" data-end=\"681\">\n<td class=\"max-w-[calc(var(--thread-content-max-width)*2\/3)]\" style=\"text-align: center;\" data-start=\"564\" data-end=\"585\">0.75<\/td>\n<td class=\"max-w-[calc(var(--thread-content-max-width)*2\/3)]\" style=\"text-align: center;\" data-start=\"607\" data-end=\"632\">1.2 \u2013 2.3<\/td>\n<td class=\"max-w-[calc(var(--thread-content-max-width)*2\/3)]\" style=\"text-align: center;\" data-start=\"632\" data-end=\"655\">6<\/td>\n<td class=\"max-w-[calc(var(--thread-content-max-width)*2\/3)]\" data-start=\"655\" data-end=\"681\">Noir \/ Galvanis\u00e9<\/td>\n<\/tr>\n<tr data-start=\"682\" data-end=\"799\">\n<td class=\"max-w-[calc(var(--thread-content-max-width)*2\/3)]\" style=\"text-align: center;\" data-start=\"682\" data-end=\"703\">1.00<\/td>\n<td class=\"max-w-[calc(var(--thread-content-max-width)*2\/3)]\" style=\"text-align: center;\" data-start=\"725\" data-end=\"750\">1,5 \u2013 2,5<\/td>\n<td class=\"max-w-[calc(var(--thread-content-max-width)*2\/3)]\" style=\"text-align: center;\" data-start=\"750\" data-end=\"773\">6<\/td>\n<td class=\"max-w-[calc(var(--thread-content-max-width)*2\/3)]\" data-start=\"773\" data-end=\"799\">Noir \/ Galvanis\u00e9<\/td>\n<\/tr>\n<tr data-start=\"800\" data-end=\"917\">\n<td class=\"max-w-[calc(var(--thread-content-max-width)*2\/3)]\" style=\"text-align: center;\" data-start=\"800\" data-end=\"821\">1.25<\/td>\n<td class=\"max-w-[calc(var(--thread-content-max-width)*2\/3)]\" style=\"text-align: center;\" data-start=\"843\" data-end=\"868\">1,5 \u2013 2,5<\/td>\n<td class=\"max-w-[calc(var(--thread-content-max-width)*2\/3)]\" style=\"text-align: center;\" data-start=\"868\" data-end=\"891\">6<\/td>\n<td class=\"max-w-[calc(var(--thread-content-max-width)*2\/3)]\" data-start=\"891\" data-end=\"917\">Noir \/ Galvanis\u00e9<\/td>\n<\/tr>\n<tr data-start=\"918\" data-end=\"1035\">\n<td class=\"max-w-[calc(var(--thread-content-max-width)*2\/3)]\" style=\"text-align: center;\" data-start=\"918\" data-end=\"939\">1.50<\/td>\n<td class=\"max-w-[calc(var(--thread-content-max-width)*2\/3)]\" style=\"text-align: center;\" data-start=\"961\" data-end=\"986\">1,5 \u2013 2,5<\/td>\n<td class=\"max-w-[calc(var(--thread-content-max-width)*2\/3)]\" style=\"text-align: center;\" data-start=\"986\" data-end=\"1009\">6<\/td>\n<td class=\"max-w-[calc(var(--thread-content-max-width)*2\/3)]\" data-start=\"1009\" data-end=\"1035\">Noir \/ Galvanis\u00e9<\/td>\n<\/tr>\n<tr data-start=\"1036\" data-end=\"1153\">\n<td class=\"max-w-[calc(var(--thread-content-max-width)*2\/3)]\" style=\"text-align: center;\" data-start=\"1036\" data-end=\"1057\">2.00<\/td>\n<td class=\"max-w-[calc(var(--thread-content-max-width)*2\/3)]\" style=\"text-align: center;\" data-start=\"1079\" data-end=\"1104\">1,5 \u2013 2,5<\/td>\n<td class=\"max-w-[calc(var(--thread-content-max-width)*2\/3)]\" style=\"text-align: center;\" data-start=\"1104\" data-end=\"1127\">6<\/td>\n<td class=\"max-w-[calc(var(--thread-content-max-width)*2\/3)]\" data-start=\"1127\" data-end=\"1153\">Noir \/ Galvanis\u00e9<\/td>\n<\/tr>\n<tr data-start=\"1154\" data-end=\"1271\">\n<td class=\"max-w-[calc(var(--thread-content-max-width)*2\/3)]\" style=\"text-align: center;\" data-start=\"1154\" data-end=\"1175\">3.00<\/td>\n<td class=\"max-w-[calc(var(--thread-content-max-width)*2\/3)]\" style=\"text-align: center;\" data-start=\"1197\" data-end=\"1222\">2.0 \u2013 3.0<\/td>\n<td class=\"max-w-[calc(var(--thread-content-max-width)*2\/3)]\" style=\"text-align: center;\" data-start=\"1222\" data-end=\"1245\">6<\/td>\n<td class=\"max-w-[calc(var(--thread-content-max-width)*2\/3)]\" data-start=\"1245\" data-end=\"1271\">Noir \/ Galvanis\u00e9<\/td>\n<\/tr>\n<tr data-start=\"1272\" data-end=\"1389\">\n<td class=\"max-w-[calc(var(--thread-content-max-width)*2\/3)]\" style=\"text-align: center;\" data-start=\"1272\" data-end=\"1293\">5.00<\/td>\n<td class=\"max-w-[calc(var(--thread-content-max-width)*2\/3)]\" style=\"text-align: center;\" data-start=\"1315\" data-end=\"1340\">3.0 \u2013 4.0<\/td>\n<td class=\"max-w-[calc(var(--thread-content-max-width)*2\/3)]\" style=\"text-align: center;\" data-start=\"1340\" data-end=\"1363\">6<\/td>\n<td class=\"max-w-[calc(var(--thread-content-max-width)*2\/3)]\" data-start=\"1363\" data-end=\"1389\">Noir \/ Galvanis\u00e9<\/td>\n<\/tr>\n<tr data-start=\"1390\" data-end=\"1507\">\n<td class=\"max-w-[calc(var(--thread-content-max-width)*2\/3)]\" style=\"text-align: center;\" data-start=\"1390\" data-end=\"1411\">6.00<\/td>\n<td class=\"max-w-[calc(var(--thread-content-max-width)*2\/3)]\" style=\"text-align: center;\" data-start=\"1433\" data-end=\"1458\">3.0 \u2013 4.0<\/td>\n<td class=\"max-w-[calc(var(--thread-content-max-width)*2\/3)]\" style=\"text-align: center;\" data-start=\"1458\" data-end=\"1481\">6<\/td>\n<td class=\"max-w-[calc(var(--thread-content-max-width)*2\/3)]\" data-start=\"1481\" data-end=\"1507\">Noir \/ Galvanis\u00e9<\/td>\n<\/tr>\n<tr data-start=\"1508\" data-end=\"1625\">\n<td class=\"max-w-[calc(var(--thread-content-max-width)*2\/3)]\" style=\"text-align: center;\" data-start=\"1508\" data-end=\"1529\">8.00<\/td>\n<td class=\"max-w-[calc(var(--thread-content-max-width)*2\/3)]\" style=\"text-align: center;\" data-start=\"1551\" data-end=\"1576\">3,0 \u2013 4,5<\/td>\n<td class=\"max-w-[calc(var(--thread-content-max-width)*2\/3)]\" style=\"text-align: center;\" data-start=\"1576\" data-end=\"1599\">6<\/td>\n<td class=\"max-w-[calc(var(--thread-content-max-width)*2\/3)]\" data-start=\"1599\" data-end=\"1625\">Noir \/ Galvanis\u00e9<\/td>\n<\/tr>\n<tr data-start=\"1626\" data-end=\"1743\">\n<td class=\"max-w-[calc(var(--thread-content-max-width)*2\/3)]\" style=\"text-align: center;\" data-start=\"1626\" data-end=\"1647\">10.00<\/td>\n<td class=\"max-w-[calc(var(--thread-content-max-width)*2\/3)]\" style=\"text-align: center;\" data-start=\"1669\" data-end=\"1694\">4,0 \u2013 4,5<\/td>\n<td class=\"max-w-[calc(var(--thread-content-max-width)*2\/3)]\" style=\"text-align: center;\" data-start=\"1694\" data-end=\"1717\">6<\/td>\n<td class=\"max-w-[calc(var(--thread-content-max-width)*2\/3)]\" data-start=\"1717\" data-end=\"1743\">Noir \/ Galvanis\u00e9<\/td>\n<\/tr>\n<\/tbody>\n<\/table>\n<h4 data-start=\"1197\" data-end=\"1218\"><strong>Pr\u00e9sentation du produit :<\/strong><\/h4>\n<ul>\n<li data-start=\"454\" data-end=\"683\">Tailles disponibles : de 0,5\u2033 \u00e0 10\u2033<\/li>\n<li data-start=\"454\" data-end=\"683\">\u00c9paisseur : de 1,2 mm \u00e0 4,5 mm<\/li>\n<li data-start=\"454\" data-end=\"683\">Finition : Galvanisation \u00e0 chaud ou noir brut<\/li>\n<li data-start=\"454\" data-end=\"683\">Utilisation : Conduites d\u2019eau, structures de support, cl\u00f4tures, et autres applications diverses<\/li>\n<\/ul>\n<h4><strong>Pourquoi choisir ERAD Steel ?<\/strong><\/h4>\n<ul>\n<li>Qualit\u00e9 fiable et structure en acier robuste.<\/li>\n<li>Livraison rapide et service client professionnel.<\/li>\n<li>Fiabilit\u00e9 reconnue par des clients \u00e0 travers l\u2019Afrique, l\u2019Union europ\u00e9enne et la r\u00e9gion MENA.<\/li>\n<\/ul>\n<h5><strong>\ud83d\udcf2 Int\u00e9ress\u00e9(e) par notre <\/strong><strong>Circulaire <\/strong><strong>section creuse<\/strong><strong>?<\/strong><\/h5>\n<p style=\"text-align: left;\">Discutez directement avec notre \u00e9quipe pour les prix et les d\u00e9tails :<\/p>\n<p style=\"text-align: left;\"><a class=\"sc_button sc_button_default sc_button_size_normal sc_button_icon_left\" href=\"#quote\"><span class=\"sc_button_text\"><span class=\"sc_button_title\">Obtenez un devis rapide<\/span><\/span><\/a><\/p>\n<p>&nbsp;<\/p>\n<div class=\"erad-gallery-header\" style=\"text-align: center;\">\n<h4><\/h4>\n<\/div>","protected":false},"excerpt":{"rendered":"<p class=\"\" data-start=\"163\" data-end=\"452\"><strong>ERAD STEEL<\/strong> Nous fabriquons des tubes en acier de haute qualit\u00e9, adapt\u00e9s \u00e0 une vaste gamme d&#039;applications structurelles et industrielles. Nos tubes offrent une excellente r\u00e9sistance, une protection contre la corrosion et une grande pr\u00e9cision dimensionnelle, ce qui les rend id\u00e9aux pour la construction, les \u00e9chafaudages et les structures industrielles.<\/p>\n<div class=\"elementor-element elementor-element-b057435 sc_fly_static elementor-widget elementor-widget-trx_sc_button trx_addons_parallax_layers_inited trx_addons_parallax_blocks_inited\" data-id=\"b057435\" data-element_type=\"widget\" data-widget_type=\"trx_sc_button.default\">\n<div class=\"elementor-widget-container\">\n<div class=\"sc_item_button sc_button_wrap\"><a class=\"sc_button sc_button_default sc_button_size_normal sc_button_icon_left\" href=\"#quote\"><span class=\"sc_button_text\"><span class=\"sc_button_title\">Demander un devis<\/span><\/span><\/a><\/div>\n<\/div>\n<\/div>","protected":false},"featured_media":9411,"template":"","meta":[],"product_brand":[],"product_cat":[189],"product_tag":[],"class_list":{"0":"post-6450","1":"product","2":"type-product","3":"status-publish","4":"has-post-thumbnail","6":"product_cat-hollow-sections","7":"en-US","9":"first","10":"instock","11":"shipping-taxable","12":"product-type-simple"},"_links":{"self":[{"href":"https:\/\/eradsteel.com\/fr\/wp-json\/wp\/v2\/product\/6450","targetHints":{"allow":["GET"]}}],"collection":[{"href":"https:\/\/eradsteel.com\/fr\/wp-json\/wp\/v2\/product"}],"about":[{"href":"https:\/\/eradsteel.com\/fr\/wp-json\/wp\/v2\/types\/product"}],"wp:featuredmedia":[{"embeddable":true,"href":"https:\/\/eradsteel.com\/fr\/wp-json\/wp\/v2\/media\/9411"}],"wp:attachment":[{"href":"https:\/\/eradsteel.com\/fr\/wp-json\/wp\/v2\/media?parent=6450"}],"wp:term":[{"taxonomy":"product_brand","embeddable":true,"href":"https:\/\/eradsteel.com\/fr\/wp-json\/wp\/v2\/product_brand?post=6450"},{"taxonomy":"product_cat","embeddable":true,"href":"https:\/\/eradsteel.com\/fr\/wp-json\/wp\/v2\/product_cat?post=6450"},{"taxonomy":"product_tag","embeddable":true,"href":"https:\/\/eradsteel.com\/fr\/wp-json\/wp\/v2\/product_tag?post=6450"}],"curies":[{"name":"wp","href":"https:\/\/api.w.org\/{rel}","templated":true}]}}