{"id":1019,"date":"2024-08-26T09:11:12","date_gmt":"2024-08-26T09:11:12","guid":{"rendered":"https:\/\/eradsteel.tyzra.com\/?post_type=product&#038;p=1019"},"modified":"2025-11-19T13:19:34","modified_gmt":"2025-11-19T13:19:34","slug":"hollow-square-section","status":"publish","type":"product","link":"https:\/\/eradsteel.com\/fr\/produit\/hollow-square-section\/","title":{"rendered":"Section creuse carr\u00e9e"},"content":{"rendered":"<h3 data-start=\"257\" data-end=\"325\"><strong data-start=\"260\" data-end=\"325\">Profil\u00e9 creux carr\u00e9 (SHS)<\/strong><\/h3>\n<p>Acier haute r\u00e9sistance pour la construction moderne<\/p>\n<p data-start=\"2777\" data-end=\"3063\">Sections creuses carr\u00e9es \u2014 commun\u00e9ment appel\u00e9es <strong data-start=\"2816\" data-end=\"2835\">tubes en acier SHS<\/strong>\u2014 sont r\u00e9put\u00e9es pour leur \u00e9quilibre g\u00e9om\u00e9trique, leur r\u00e9sistance uniforme et leur esth\u00e9tique moderne. Leur forme carr\u00e9e facilite le soudage et les rend id\u00e9ales pour les projets structurels et architecturaux exigeant des lignes \u00e9pur\u00e9es et sym\u00e9triques.<\/p>\n<p data-start=\"3065\" data-end=\"3179\">ERAD Steel fournit des tubes SHS d&#039;une excellente pr\u00e9cision dimensionnelle, aux surfaces lisses et \u00e0 l&#039;\u00e9paisseur de paroi constante.<\/p>\n<h3 data-start=\"3186\" data-end=\"3206\"><strong data-start=\"3190\" data-end=\"3206\">Points forts<\/strong><\/h3>\n<ul data-start=\"3208\" data-end=\"3436\">\n<li data-start=\"3208\" data-end=\"3244\">\n<p data-start=\"3210\" data-end=\"3244\">Force uniforme de tous c\u00f4t\u00e9s<\/p>\n<\/li>\n<li data-start=\"3245\" data-end=\"3292\">\n<p data-start=\"3247\" data-end=\"3292\">Un style \u00e9pur\u00e9 pour les designs architecturaux modernes<\/p>\n<\/li>\n<li data-start=\"3293\" data-end=\"3336\">\n<p data-start=\"3295\" data-end=\"3336\">Excellente soudabilit\u00e9 et facilit\u00e9 de fabrication<\/p>\n<\/li>\n<li data-start=\"3337\" data-end=\"3385\">\n<p data-start=\"3339\" data-end=\"3385\">Disponible en plusieurs options d&#039;\u00e9paisseur de paroi<\/p>\n<\/li>\n<li data-start=\"3386\" data-end=\"3436\">\n<p data-start=\"3388\" data-end=\"3436\">Fourni en <strong data-start=\"3400\" data-end=\"3409\">noir<\/strong> ou <strong data-start=\"3413\" data-end=\"3427\">galvanis\u00e9<\/strong> finition<\/p>\n<\/li>\n<\/ul>\n<h3 data-start=\"3443\" data-end=\"3463\"><strong data-start=\"3447\" data-end=\"3463\">Applications<\/strong><\/h3>\n<ul data-start=\"3465\" data-end=\"3689\">\n<li data-start=\"3465\" data-end=\"3497\">\n<p data-start=\"3467\" data-end=\"3497\">Supports et cadres structuraux<\/p>\n<\/li>\n<li data-start=\"3498\" data-end=\"3518\">\n<p data-start=\"3500\" data-end=\"3518\">Colonnes de b\u00e2timent<\/p>\n<\/li>\n<li data-start=\"3519\" data-end=\"3558\">\n<p data-start=\"3521\" data-end=\"3558\">Garde-corps et cloisons architecturales<\/p>\n<\/li>\n<li data-start=\"3559\" data-end=\"3586\">\n<p data-start=\"3561\" data-end=\"3586\">fabrication de meubles<\/p>\n<\/li>\n<li data-start=\"3587\" data-end=\"3614\">\n<p data-start=\"3589\" data-end=\"3614\">fabrications industrielles<\/p>\n<\/li>\n<li data-start=\"3615\" data-end=\"3660\">\n<p data-start=\"3617\" data-end=\"3660\">Remorques, carrosseries et ch\u00e2ssis de machines<\/p>\n<\/li>\n<li data-start=\"3661\" data-end=\"3689\">\n<p data-start=\"3663\" data-end=\"3689\">Barri\u00e8res et cl\u00f4tures de s\u00e9curit\u00e9<\/p>\n<\/li>\n<\/ul>\n<h3 class=\"\" data-start=\"941\" data-end=\"974\"><strong data-start=\"948\" data-end=\"974\">Sp\u00e9cifications du produit<\/strong><\/h3>\n<p class=\"\" data-start=\"976\" data-end=\"1139\">Nos sections creuses en acier sont disponibles dans un large \u00e9ventail de dimensions et de finitions.<\/p>\n<table>\n<thead>\n<tr>\n<th>Taille (mm)<\/th>\n<th>\u00c9paisseur (mm)<\/th>\n<th>Longueur (m)<\/th>\n<th>Finition<\/th>\n<\/tr>\n<\/thead>\n<tbody>\n<tr>\n<td>20 \u00d7 20<\/td>\n<td>1.2 \u2013 2.0<\/td>\n<td>6<\/td>\n<td>Noir \/ Galvanis\u00e9<\/td>\n<\/tr>\n<tr>\n<td>25 \u00d7 25<\/td>\n<td>1.2 \u2013 2.0<\/td>\n<td>6<\/td>\n<td>Noir \/ Galvanis\u00e9<\/td>\n<\/tr>\n<tr>\n<td>30 \u00d7 30<\/td>\n<td>1,5 \u2013 2,5<\/td>\n<td>6<\/td>\n<td>Noir \/ Galvanis\u00e9<\/td>\n<\/tr>\n<tr>\n<td>40 \u00d7 40<\/td>\n<td>1,5 \u2013 3,0<\/td>\n<td>6<\/td>\n<td>Noir \/ Galvanis\u00e9<\/td>\n<\/tr>\n<tr>\n<td>50 \u00d7 50<\/td>\n<td>2.0 \u2013 3.0<\/td>\n<td>6<\/td>\n<td>Noir \/ Galvanis\u00e9<\/td>\n<\/tr>\n<tr>\n<td>60 \u00d7 60<\/td>\n<td>2,0 \u2013 3,5<\/td>\n<td>6<\/td>\n<td>Noir \/ Galvanis\u00e9<\/td>\n<\/tr>\n<tr>\n<td>80 \u00d7 80<\/td>\n<td>3.0 \u2013 4.0<\/td>\n<td>6<\/td>\n<td>Noir \/ Galvanis\u00e9<\/td>\n<\/tr>\n<tr>\n<td>100 \u00d7 100<\/td>\n<td>3.0 \u2013 5.0<\/td>\n<td>6<\/td>\n<td>Noir \/ Galvanis\u00e9<\/td>\n<\/tr>\n<\/tbody>\n<\/table>\n<h4 data-start=\"1197\" data-end=\"1218\"><strong>Pr\u00e9sentation du produit :<\/strong><\/h4>\n<ul>\n<li><strong data-start=\"4400\" data-end=\"4410\">Tailles :<\/strong> 20\u00d720 mm \u00e0 100\u00d7100 mm<\/li>\n<li><strong data-start=\"4436\" data-end=\"4450\">\u00c9paisseur<\/strong> 1,2 mm \u2013 5,0 mm<\/li>\n<li><strong data-start=\"4469\" data-end=\"4489\">Longueur standard :<\/strong> 6 m<\/li>\n<li><strong data-start=\"4495\" data-end=\"4514\">Options de finition :<\/strong> Noir \/ Galvanis\u00e9<\/li>\n<\/ul>\n<h4 data-start=\"2368\" data-end=\"2391\"><strong data-start=\"2375\" data-end=\"2391\">Applications :<\/strong><\/h4>\n<ul data-start=\"2392\" data-end=\"2824\">\n<li class=\"\" data-start=\"2392\" data-end=\"2489\"><strong data-start=\"2394\" data-end=\"2415\">Charpentes m\u00e9talliques<\/strong> - Poutres, colonnes et structures porteuses pour b\u00e2timents r\u00e9sidentiels et commerciaux.<\/li>\n<li class=\"translation-block\" data-start=\"2490\" data-end=\"2571\"><strong data-start=\"2492\" data-end=\"2507\">\u00c9chafaudages<\/strong> \u2013Structures solides et faciles \u00e0 assembler pour la s\u00e9curit\u00e9 des chantiers.<\/li>\n<li class=\"\" data-start=\"2572\" data-end=\"2657\"><strong data-start=\"2574\" data-end=\"2593\">Mobilier m\u00e9tallique<\/strong> \u2013 Cadres pour meubles modernes, rayonnages et syst\u00e8mes de stockage.<\/li>\n<li class=\"\" data-start=\"2658\" data-end=\"2748\"><strong data-start=\"2660\" data-end=\"2682\">Cl\u00f4tures &amp; garde-corps<\/strong> \u2013 Robustesse et esth\u00e9tique pour des solutions de protection durables.<\/li>\n<li class=\"\" data-start=\"2749\" data-end=\"2824\"><strong data-start=\"2751\" data-end=\"2775\">Architecture<\/strong> \u2013 Utilis\u00e9es dans les fa\u00e7ades, la signal\u00e9tique et les ouvrages m\u00e9talliques sur mesure.<\/li>\n<\/ul>\n<h4><strong>Pourquoi choisir ERAD Steel ?<\/strong><\/h4>\n<ul>\n<li>Qualit\u00e9 fiable et structure en acier robuste.<\/li>\n<li>Livraison rapide et service client professionnel.<\/li>\n<li>Fiabilit\u00e9 reconnue par des clients \u00e0 travers l\u2019Afrique, l\u2019Union europ\u00e9enne et la r\u00e9gion MENA.<\/li>\n<\/ul>\n<h4><strong>\ud83d\udcf2 Int\u00e9ress\u00e9(e) par notre <\/strong><strong data-start=\"260\" data-end=\"325\">Section creuse carr\u00e9e<\/strong><strong>?<\/strong><\/h4>\n<p>Discutez directement avec notre \u00e9quipe pour les prix et les d\u00e9tails :<\/p>\n<div class=\"sc_item_button sc_button_wrap\"><a class=\"sc_button sc_button_default sc_button_size_normal sc_button_icon_left\" href=\"#quote\"><span class=\"sc_button_text\"><span class=\"sc_button_title\">Obtenez un devis rapide<\/span><\/span><\/a><\/div>\n<div style=\"display: none;\">\n<div class=\"wpcf7 no-js\" id=\"wpcf7-f232-o1\" lang=\"en-US\" dir=\"ltr\" data-wpcf7-id=\"232\">\n<div class=\"screen-reader-response\"><p role=\"status\" aria-live=\"polite\" aria-atomic=\"true\"><\/p> <ul><\/ul><\/div>\n<form action=\"\/fr\/wp-json\/wp\/v2\/product\/1019#wpcf7-f232-o1\" method=\"post\" class=\"wpcf7-form init\" aria-label=\"Formulaire de contact\" novalidate=\"novalidate\" data-status=\"init\" data-trp-original-action=\"\/fr\/wp-json\/wp\/v2\/product\/1019#wpcf7-f232-o1\">\n<fieldset class=\"hidden-fields-container\"><input type=\"hidden\" name=\"_wpcf7\" value=\"232\" \/><input type=\"hidden\" name=\"_wpcf7_version\" value=\"6.1.1\" \/><input type=\"hidden\" name=\"_wpcf7_locale\" value=\"en_US\" \/><input type=\"hidden\" name=\"_wpcf7_unit_tag\" value=\"wpcf7-f232-o1\" \/><input type=\"hidden\" name=\"_wpcf7_container_post\" value=\"0\" \/><input type=\"hidden\" name=\"_wpcf7_posted_data_hash\" value=\"\" \/>\n<\/fieldset>\n<div class=\"form-style-3\">\n\t<div class=\"columns_wrap\">\n\t\t<div class=\"column-1_2\">\n\t\t\t<p><span class=\"style-line icon-name\"><span class=\"wpcf7-form-control-wrap\" data-name=\"your-name\"><input size=\"40\" maxlength=\"400\" class=\"wpcf7-form-control wpcf7-text wpcf7-validates-as-required\" aria-required=\"true\" aria-invalid=\"false\" placeholder=\"Nom\" value=\"\" type=\"text\" name=\"your-name\" \/><\/span><\/span>\n\t\t\t<\/p>\n\t\t<\/div>\n\t\t<div class=\"column-1_2\">\n\t\t\t<p><span class=\"style-line icon-email\"><span class=\"wpcf7-form-control-wrap\" data-name=\"your-email\"><input size=\"40\" maxlength=\"400\" class=\"wpcf7-form-control wpcf7-email wpcf7-validates-as-required wpcf7-text wpcf7-validates-as-email\" aria-required=\"true\" aria-invalid=\"false\" placeholder=\"Adresse email\" value=\"\" type=\"email\" name=\"your-email\" \/><\/span><\/span>\n\t\t\t<\/p>\n\t\t<\/div>\n\t<\/div>\n\t<div class=\"columns_wrap\">\n\t\t<div class=\"column-1_2\">\n\t\t\t<p><span class=\"style-line icon-phone\"><span class=\"wpcf7-form-control-wrap\" data-name=\"phone\"><input size=\"40\" maxlength=\"400\" class=\"wpcf7-form-control wpcf7-tel wpcf7-validates-as-required wpcf7-text wpcf7-validates-as-tel\" aria-required=\"true\" aria-invalid=\"false\" placeholder=\"T\u00e9l\u00e9phone\" value=\"\" type=\"tel\" name=\"phone\" \/><\/span><\/span>\n\t\t\t<\/p>\n\t\t<\/div>\n\t\t<div class=\"column-1_2\">\n\t\t\t<p><span class=\"style-line icon-subject\"><span class=\"wpcf7-form-control-wrap\" data-name=\"subject\"><input size=\"40\" maxlength=\"400\" class=\"wpcf7-form-control wpcf7-text wpcf7-validates-as-required\" aria-required=\"true\" aria-invalid=\"false\" placeholder=\"Sujet\" value=\"\" type=\"text\" name=\"subject\" \/><\/span><\/span>\n\t\t\t<\/p>\n\t\t<\/div>\n\t<\/div>\n\t<div class=\"columns_wrap margin-bottom\">\n\t\t<div class=\"column-1_1\">\n\t\t\t<p><span class=\"style-line icon-textarea\"><span class=\"wpcf7-form-control-wrap\" data-name=\"your-message\"><textarea cols=\"40\" rows=\"10\" maxlength=\"2000\" class=\"wpcf7-form-control wpcf7-textarea wpcf7-validates-as-required\" aria-required=\"true\" aria-invalid=\"false\" placeholder=\"Comment pouvons-nous vous aider ? N&#039;h\u00e9sitez pas \u00e0 nous contacter !\" name=\"your-message\"><\/textarea><\/span><\/span>\n\t\t\t<\/p>\n\t\t<\/div>\n\t<\/div>\n<div class=\"wpcf7-turnstile cf-turnstile\" data-sitekey=\"0x4AAAAAAB0XAVz92lw7mzFA\" data-response-field-name=\"_wpcf7_turnstile_response\"><\/div>\n\t<p><span class=\"wpcf7-form-control-wrap\" data-name=\"acceptance\"><span class=\"wpcf7-form-control wpcf7-acceptance\"><span class=\"wpcf7-list-item\"><label><input type=\"checkbox\" name=\"acceptance\" value=\"1\" aria-invalid=\"false\" \/><span class=\"wpcf7-list-item-label\">Je suis d&#039;accord, mes donn\u00e9es sont <a href=\"\/fr\/privacy-policy\/\">collect\u00e9s et stock\u00e9s<\/a>.<\/span><\/label><\/span><\/span><\/span><br \/>\n<input class=\"wpcf7-form-control wpcf7-submit has-spinner\" type=\"submit\" value=\"Nous contacter\" \/>\n\t<\/p>\n<\/div><input type='hidden' class='wpcf7-pum' value='{\"closepopup\":false,\"closedelay\":0,\"openpopup\":false,\"openpopup_id\":0}' \/><div class=\"wpcf7-response-output\" aria-hidden=\"true\"><\/div>\n<input type=\"hidden\" name=\"trp-form-language\" value=\"fr\"\/><\/form>\n<\/div>\n<\/div>","protected":false},"excerpt":{"rendered":"<h3 data-start=\"257\" data-end=\"325\"><strong data-start=\"260\" data-end=\"325\">Acier haute r\u00e9sistance pour la construction moderne<\/strong><\/h3>\n<p class=\"\" data-start=\"188\" data-end=\"521\"><strong>ERAD STEEL<\/strong> propose une large gamme de sections creuses de haute qualit\u00e9 \u2013 carr\u00e9es, rectangulaires et circulaires \u2013 con\u00e7ues pour r\u00e9pondre aux exigences des projets de construction et de structures. Fabriqu\u00e9es avec pr\u00e9cision pour offrir solidit\u00e9, durabilit\u00e9 et polyvalence, nos sections creuses sont le choix id\u00e9al pour les applications commerciales, industrielles et architecturales.<\/p>\n<div class=\"elementor-element elementor-element-b057435 sc_fly_static elementor-widget elementor-widget-trx_sc_button trx_addons_parallax_layers_inited trx_addons_parallax_blocks_inited\" data-id=\"b057435\" data-element_type=\"widget\" data-widget_type=\"trx_sc_button.default\">\n<div class=\"elementor-widget-container\">\n<div class=\"sc_item_button sc_button_wrap\"><a class=\"sc_button sc_button_default sc_button_size_normal sc_button_icon_left\" href=\"#quote\"><span class=\"sc_button_text\"><span class=\"sc_button_title\">Demander un devis<\/span><\/span><\/a><\/div>\n<\/div>\n<\/div>","protected":false},"featured_media":9453,"template":"","meta":[],"product_brand":[],"product_cat":[189],"product_tag":[],"class_list":{"0":"post-1019","1":"product","2":"type-product","3":"status-publish","4":"has-post-thumbnail","6":"product_cat-hollow-sections","7":"en-US","9":"first","10":"instock","11":"shipping-taxable","12":"product-type-simple"},"_links":{"self":[{"href":"https:\/\/eradsteel.com\/fr\/wp-json\/wp\/v2\/product\/1019","targetHints":{"allow":["GET"]}}],"collection":[{"href":"https:\/\/eradsteel.com\/fr\/wp-json\/wp\/v2\/product"}],"about":[{"href":"https:\/\/eradsteel.com\/fr\/wp-json\/wp\/v2\/types\/product"}],"wp:featuredmedia":[{"embeddable":true,"href":"https:\/\/eradsteel.com\/fr\/wp-json\/wp\/v2\/media\/9453"}],"wp:attachment":[{"href":"https:\/\/eradsteel.com\/fr\/wp-json\/wp\/v2\/media?parent=1019"}],"wp:term":[{"taxonomy":"product_brand","embeddable":true,"href":"https:\/\/eradsteel.com\/fr\/wp-json\/wp\/v2\/product_brand?post=1019"},{"taxonomy":"product_cat","embeddable":true,"href":"https:\/\/eradsteel.com\/fr\/wp-json\/wp\/v2\/product_cat?post=1019"},{"taxonomy":"product_tag","embeddable":true,"href":"https:\/\/eradsteel.com\/fr\/wp-json\/wp\/v2\/product_tag?post=1019"}],"curies":[{"name":"wp","href":"https:\/\/api.w.org\/{rel}","templated":true}]}}